{"id":19330,"date":"2020-12-04T16:17:35","date_gmt":"2021-02-23T22:06:45","guid":{"rendered":"https:\/\/superpunch.com\/shop\/bobines-magnetiques-blanc-style-m-grosse-magna-glide\/"},"modified":"2025-10-21T15:03:00","modified_gmt":"2025-10-21T19:03:00","slug":"magnetic-core-style-m-big-magna-glide","status":"publish","type":"product","link":"https:\/\/superpunch.com\/fr\/produit\/magnetic-core-style-m-big-magna-glide\/","title":{"rendered":"Bobines Magn\u00e9tiques BLANCHES Style M (GROSSE) Magna Glide"},"content":{"rendered":"<p>BLANC et NOIR STYLE M, pour grosses bobines uniquement! \u00ab\u00a0L&rsquo;authentique, l&rsquo;original et m\u00eame la seule avec le brevet qui peut se vanter d&rsquo;\u00eatre la meilleure bobine de la plan\u00e8te.\u00a0\u00bb Fabriqu\u00e9 aux \u00c9tats-Unis.<br \/>\n100 bobines par bo\u00eete, 230 verges par bobine.<br \/>\nGrosseur: Tex 12, Polyester.<\/p>\n<ul>\n<li>Les bobines Style M s&rsquo;adaptent g\u00e9n\u00e9ralement aux anciennes machines \u00e0 broder industrielles. Veuillez vous assurer que c&rsquo;est celui que vous voulez et non le style L.<\/li>\n<li>Produit brevet\u00e9 qui permet d&rsquo;obtenir une tension uniforme in\u00e9gal\u00e9e.<\/li>\n<li>Cette bobine va coudre uniform\u00e9ment jusqu&rsquo;au bout, sans gaspillage.<\/li>\n<li>Certains bobines caisses contiennent un ressort de jeu dans le bas du bo\u00eetier, veuillez le retirer avant.<\/li>\n<\/ul>\n<div class=\"\" data-richtextify-editable=\"true\">\n<h4><img decoding=\"async\" class=\"alignnone wp-image-19165 size-full\" src=\"https:\/\/superpunch.com\/wp-content\/uploads\/2020\/10\/alert.png\" alt=\"\" width=\"66\" height=\"60\" \/>SI VOUS POSS\u00c9DEZ UNE PLUS PETITE MACHINE DOMESTIQUE ET AVEZ BESOIN D&rsquo;UNE BOBINE PR\u00c9-ENFIL\u00c9E DE CLASSE 15-A, VEUILLEZ VISITER:<\/h4>\n<h4><\/h4>\n<\/div>\n<p><a href=\"https:\/\/monfil.ca\/product-category\/embroidery\/bobbin-thread\/class-15a-domestic-machines\/\"><span style=\"color: #c31717;\"><u>https:\/\/monfil.ca\/product-category\/embroidery\/bobbin-thread\/class-15a-domestic-machines\/<\/u><\/span><\/a><\/p>\n<p><iframe src=\"https:\/\/www.youtube.com\/embed\/qia38cmQ62k\" width=\"420\" height=\"315\" allowfullscreen=\"allowfullscreen\"><br \/>\n<\/iframe><\/p>\n<p><\/iframe><br \/>\n<iframe src=\"https:\/\/www.youtube.com\/embed\/RuZ6Dt42zac\" width=\"420\" height=\"315\" allowfullscreen=\"allowfullscreen\"><br \/>\n<\/iframe><\/p>\n","protected":false},"excerpt":{"rendered":"<h1><span style=\"color: #c31717;\"><strong>\u21d2Style M\u21d0<\/strong><\/span><\/h1>\n<ul>\n<li>Les bobines Style M s&rsquo;adaptent g\u00e9n\u00e9ralement aux anciennes machines \u00e0 broder industrielles. Veuillez vous assurer que c&rsquo;est celui que vous voulez et non le style L.<\/li>\n<li>100 bobines par boite, 230 verges par bobine.<\/li>\n<li>Grosseur: Tex 12, Polyester.<\/li>\n<\/ul>\n<p>Les bobines de style M sont g\u00e9n\u00e9ralement utilis\u00e9es sur les machines commerciales de taille moyenne et grande pour coudre des tissus \u00e9pais, des toiles, des tissus d&rsquo;ameublement et du cuir. Ils mesurent 0,435 pouces (1,105 cm) de haut et 1,023 pouces (2,598 cm) de diam\u00e8tre.<\/p>\n<p><img decoding=\"async\" class=\"alignnone wp-image-9188\" src=\"https:\/\/superpunch.com\/wp-content\/uploads\/2020\/10\/made_in_usa.png\" alt=\"\" width=\"60\" height=\"43\" \/><\/p>\n","protected":false},"featured_media":19163,"comment_status":"open","ping_status":"closed","template":"","meta":{"site-sidebar-layout":"default","site-content-layout":"default","ast-site-content-layout":"default","site-content-style":"default","site-sidebar-style":"default","ast-global-header-display":"","ast-banner-title-visibility":"","ast-main-header-display":"","ast-hfb-above-header-display":"","ast-hfb-below-header-display":"","ast-hfb-mobile-header-display":"","site-post-title":"","ast-breadcrumbs-content":"","ast-featured-img":"","footer-sml-layout":"","ast-disable-related-posts":"","theme-transparent-header-meta":"default","adv-header-id-meta":"","stick-header-meta":"","header-above-stick-meta":"","header-main-stick-meta":"","header-below-stick-meta":"","astra-migrate-meta-layouts":"default","ast-page-background-enabled":"default","ast-page-background-meta":{"desktop":{"background-color":"","background-image":"","background-repeat":"repeat","background-position":"center center","background-size":"auto","background-attachment":"scroll","background-type":"","background-media":"","overlay-type":"","overlay-color":"","overlay-opacity":"","overlay-gradient":""},"tablet":{"background-color":"","background-image":"","background-repeat":"repeat","background-position":"center center","background-size":"auto","background-attachment":"scroll","background-type":"","background-media":"","overlay-type":"","overlay-color":"","overlay-opacity":"","overlay-gradient":""},"mobile":{"background-color":"","background-image":"","background-repeat":"repeat","background-position":"center center","background-size":"auto","background-attachment":"scroll","background-type":"","background-media":"","overlay-type":"","overlay-color":"","overlay-opacity":"","overlay-gradient":""}},"ast-content-background-meta":{"desktop":{"background-color":"var(--ast-global-color-5)","background-image":"","background-repeat":"repeat","background-position":"center center","background-size":"auto","background-attachment":"scroll","background-type":"","background-media":"","overlay-type":"","overlay-color":"","overlay-opacity":"","overlay-gradient":""},"tablet":{"background-color":"var(--ast-global-color-5)","background-image":"","background-repeat":"repeat","background-position":"center center","background-size":"auto","background-attachment":"scroll","background-type":"","background-media":"","overlay-type":"","overlay-color":"","overlay-opacity":"","overlay-gradient":""},"mobile":{"background-color":"var(--ast-global-color-5)","background-image":"","background-repeat":"repeat","background-position":"center center","background-size":"auto","background-attachment":"scroll","background-type":"","background-media":"","overlay-type":"","overlay-color":"","overlay-opacity":"","overlay-gradient":""}}},"product_brand":[],"product_cat":[2210,2211],"product_tag":[],"class_list":{"0":"post-19330","1":"product","2":"type-product","3":"status-publish","4":"has-post-thumbnail","6":"product_cat-fil-a-bobine","7":"product_cat-magnetique-magna-glide","8":"desktop-align-center","9":"tablet-align-center","10":"mobile-align-center","12":"first","13":"instock","14":"taxable","15":"shipping-taxable","16":"purchasable","17":"product-type-variable"},"yoast_head":"<!-- This site is optimized with the Yoast SEO plugin v27.3 - https:\/\/yoast.com\/product\/yoast-seo-wordpress\/ -->\n<title>Bobines Magn\u00e9tiques BLANCHES Style M (GROSSE) Magna Glide - Superpunch<\/title>\n<meta name=\"robots\" content=\"index, follow, max-snippet:-1, max-image-preview:large, max-video-preview:-1\" \/>\n<link rel=\"canonical\" href=\"https:\/\/superpunch.com\/fr\/produit\/magnetic-core-style-m-big-magna-glide\/\" \/>\n<meta property=\"og:locale\" content=\"fr_CA\" \/>\n<meta property=\"og:type\" content=\"article\" \/>\n<meta property=\"og:title\" content=\"Bobines Magn\u00e9tiques BLANCHES Style M (GROSSE) Magna Glide - Superpunch\" \/>\n<meta property=\"og:description\" content=\"\u21d2Style M\u21d0   Les bobines Style M s&#039;adaptent g\u00e9n\u00e9ralement aux anciennes machines \u00e0 broder industrielles. Veuillez vous assurer que c&#039;est celui que vous voulez et non le style L.  100 bobines par boite, 230 verges par bobine.  Grosseur: Tex 12, Polyester.  Les bobines de style M sont g\u00e9n\u00e9ralement utilis\u00e9es sur les machines commerciales de taille moyenne et grande pour coudre des tissus \u00e9pais, des toiles, des tissus d&#039;ameublement et du cuir. Ils mesurent 0,435 pouces (1,105 cm) de haut et 1,023 pouces (2,598 cm) de diam\u00e8tre.\" \/>\n<meta property=\"og:url\" content=\"https:\/\/superpunch.com\/fr\/produit\/magnetic-core-style-m-big-magna-glide\/\" \/>\n<meta property=\"og:site_name\" content=\"Superpunch\" \/>\n<meta property=\"article:publisher\" content=\"https:\/\/www.facebook.com\/Superpunchembroiderybroderie\" \/>\n<meta property=\"article:modified_time\" content=\"2025-10-21T19:03:00+00:00\" \/>\n<meta name=\"twitter:card\" content=\"summary_large_image\" \/>\n<meta name=\"twitter:site\" content=\"@superpunchemb\" \/>\n<meta name=\"twitter:label1\" content=\"Estimation du temps de lecture\" \/>\n\t<meta name=\"twitter:data1\" content=\"1 minute\" \/>\n<script type=\"application\/ld+json\" class=\"yoast-schema-graph\">{\"@context\":\"https:\\\/\\\/schema.org\",\"@graph\":[{\"@type\":\"WebPage\",\"@id\":\"https:\\\/\\\/superpunch.com\\\/fr\\\/produit\\\/magnetic-core-style-m-big-magna-glide\\\/\",\"url\":\"https:\\\/\\\/superpunch.com\\\/fr\\\/produit\\\/magnetic-core-style-m-big-magna-glide\\\/\",\"name\":\"Bobines Magn\u00e9tiques BLANCHES Style M (GROSSE) Magna Glide - Superpunch\",\"isPartOf\":{\"@id\":\"https:\\\/\\\/superpunch.com\\\/fr\\\/#website\"},\"primaryImageOfPage\":{\"@id\":\"https:\\\/\\\/superpunch.com\\\/fr\\\/produit\\\/magnetic-core-style-m-big-magna-glide\\\/#primaryimage\"},\"image\":{\"@id\":\"https:\\\/\\\/superpunch.com\\\/fr\\\/produit\\\/magnetic-core-style-m-big-magna-glide\\\/#primaryimage\"},\"thumbnailUrl\":\"https:\\\/\\\/superpunch.com\\\/wp-content\\\/uploads\\\/2020\\\/12\\\/magnetic-style-m-embroidery-machine-thread-pre-wound_parent_with_text.jpg\",\"datePublished\":\"2021-02-23T22:06:45+00:00\",\"dateModified\":\"2025-10-21T19:03:00+00:00\",\"breadcrumb\":{\"@id\":\"https:\\\/\\\/superpunch.com\\\/fr\\\/produit\\\/magnetic-core-style-m-big-magna-glide\\\/#breadcrumb\"},\"inLanguage\":\"fr-CA\",\"potentialAction\":[{\"@type\":\"ReadAction\",\"target\":[\"https:\\\/\\\/superpunch.com\\\/fr\\\/produit\\\/magnetic-core-style-m-big-magna-glide\\\/\"]}]},{\"@type\":\"ImageObject\",\"inLanguage\":\"fr-CA\",\"@id\":\"https:\\\/\\\/superpunch.com\\\/fr\\\/produit\\\/magnetic-core-style-m-big-magna-glide\\\/#primaryimage\",\"url\":\"https:\\\/\\\/superpunch.com\\\/wp-content\\\/uploads\\\/2020\\\/12\\\/magnetic-style-m-embroidery-machine-thread-pre-wound_parent_with_text.jpg\",\"contentUrl\":\"https:\\\/\\\/superpunch.com\\\/wp-content\\\/uploads\\\/2020\\\/12\\\/magnetic-style-m-embroidery-machine-thread-pre-wound_parent_with_text.jpg\",\"width\":600,\"height\":600},{\"@type\":\"BreadcrumbList\",\"@id\":\"https:\\\/\\\/superpunch.com\\\/fr\\\/produit\\\/magnetic-core-style-m-big-magna-glide\\\/#breadcrumb\",\"itemListElement\":[{\"@type\":\"ListItem\",\"position\":1,\"name\":\"Home\",\"item\":\"https:\\\/\\\/superpunch.com\\\/fr\\\/\"},{\"@type\":\"ListItem\",\"position\":2,\"name\":\"Shop\",\"item\":\"https:\\\/\\\/superpunch.com\\\/fr\\\/shop\\\/\"},{\"@type\":\"ListItem\",\"position\":3,\"name\":\"Bobines Magn\u00e9tiques BLANCHES Style M (GROSSE) Magna Glide\"}]},{\"@type\":\"WebSite\",\"@id\":\"https:\\\/\\\/superpunch.com\\\/fr\\\/#website\",\"url\":\"https:\\\/\\\/superpunch.com\\\/fr\\\/\",\"name\":\"Superpunch\",\"description\":\"Superpunch - Embroidery Digitizing, Thread, Machines, Stabilizers And Supplies\",\"publisher\":{\"@id\":\"https:\\\/\\\/superpunch.com\\\/fr\\\/#organization\"},\"potentialAction\":[{\"@type\":\"SearchAction\",\"target\":{\"@type\":\"EntryPoint\",\"urlTemplate\":\"https:\\\/\\\/superpunch.com\\\/fr\\\/?s={search_term_string}\"},\"query-input\":{\"@type\":\"PropertyValueSpecification\",\"valueRequired\":true,\"valueName\":\"search_term_string\"}}],\"inLanguage\":\"fr-CA\"},{\"@type\":\"Organization\",\"@id\":\"https:\\\/\\\/superpunch.com\\\/fr\\\/#organization\",\"name\":\"Superpunch\",\"url\":\"https:\\\/\\\/superpunch.com\\\/fr\\\/\",\"logo\":{\"@type\":\"ImageObject\",\"inLanguage\":\"fr-CA\",\"@id\":\"https:\\\/\\\/superpunch.com\\\/fr\\\/#\\\/schema\\\/logo\\\/image\\\/\",\"url\":\"https:\\\/\\\/superpunch.com\\\/wp-content\\\/uploads\\\/2022\\\/12\\\/superpunch_complet_new_site_on_black-2022.jpg\",\"contentUrl\":\"https:\\\/\\\/superpunch.com\\\/wp-content\\\/uploads\\\/2022\\\/12\\\/superpunch_complet_new_site_on_black-2022.jpg\",\"width\":600,\"height\":174,\"caption\":\"Superpunch\"},\"image\":{\"@id\":\"https:\\\/\\\/superpunch.com\\\/fr\\\/#\\\/schema\\\/logo\\\/image\\\/\"},\"sameAs\":[\"https:\\\/\\\/www.facebook.com\\\/Superpunchembroiderybroderie\",\"https:\\\/\\\/x.com\\\/superpunchemb\",\"https:\\\/\\\/www.instagram.com\\\/superpunchbrand?igsh=YW8xa2ZyZmxkdGNv\",\"https:\\\/\\\/www.youtube.com\\\/channel\\\/UCgt7yq4-pFJgeI_03psdGPQ\",\"https:\\\/\\\/www.pinterest.ca\\\/superpunchemb\"]}]}<\/script>\n<!-- \/ Yoast SEO plugin. -->","yoast_head_json":{"title":"Bobines Magn\u00e9tiques BLANCHES Style M (GROSSE) Magna Glide - Superpunch","robots":{"index":"index","follow":"follow","max-snippet":"max-snippet:-1","max-image-preview":"max-image-preview:large","max-video-preview":"max-video-preview:-1"},"canonical":"https:\/\/superpunch.com\/fr\/produit\/magnetic-core-style-m-big-magna-glide\/","og_locale":"fr_CA","og_type":"article","og_title":"Bobines Magn\u00e9tiques BLANCHES Style M (GROSSE) Magna Glide - Superpunch","og_description":"\u21d2Style M\u21d0   Les bobines Style M s'adaptent g\u00e9n\u00e9ralement aux anciennes machines \u00e0 broder industrielles. Veuillez vous assurer que c'est celui que vous voulez et non le style L.  100 bobines par boite, 230 verges par bobine.  Grosseur: Tex 12, Polyester.  Les bobines de style M sont g\u00e9n\u00e9ralement utilis\u00e9es sur les machines commerciales de taille moyenne et grande pour coudre des tissus \u00e9pais, des toiles, des tissus d'ameublement et du cuir. Ils mesurent 0,435 pouces (1,105 cm) de haut et 1,023 pouces (2,598 cm) de diam\u00e8tre.","og_url":"https:\/\/superpunch.com\/fr\/produit\/magnetic-core-style-m-big-magna-glide\/","og_site_name":"Superpunch","article_publisher":"https:\/\/www.facebook.com\/Superpunchembroiderybroderie","article_modified_time":"2025-10-21T19:03:00+00:00","twitter_card":"summary_large_image","twitter_site":"@superpunchemb","twitter_misc":{"Estimation du temps de lecture":"1 minute"},"schema":{"@context":"https:\/\/schema.org","@graph":[{"@type":"WebPage","@id":"https:\/\/superpunch.com\/fr\/produit\/magnetic-core-style-m-big-magna-glide\/","url":"https:\/\/superpunch.com\/fr\/produit\/magnetic-core-style-m-big-magna-glide\/","name":"Bobines Magn\u00e9tiques BLANCHES Style M (GROSSE) Magna Glide - Superpunch","isPartOf":{"@id":"https:\/\/superpunch.com\/fr\/#website"},"primaryImageOfPage":{"@id":"https:\/\/superpunch.com\/fr\/produit\/magnetic-core-style-m-big-magna-glide\/#primaryimage"},"image":{"@id":"https:\/\/superpunch.com\/fr\/produit\/magnetic-core-style-m-big-magna-glide\/#primaryimage"},"thumbnailUrl":"https:\/\/superpunch.com\/wp-content\/uploads\/2020\/12\/magnetic-style-m-embroidery-machine-thread-pre-wound_parent_with_text.jpg","datePublished":"2021-02-23T22:06:45+00:00","dateModified":"2025-10-21T19:03:00+00:00","breadcrumb":{"@id":"https:\/\/superpunch.com\/fr\/produit\/magnetic-core-style-m-big-magna-glide\/#breadcrumb"},"inLanguage":"fr-CA","potentialAction":[{"@type":"ReadAction","target":["https:\/\/superpunch.com\/fr\/produit\/magnetic-core-style-m-big-magna-glide\/"]}]},{"@type":"ImageObject","inLanguage":"fr-CA","@id":"https:\/\/superpunch.com\/fr\/produit\/magnetic-core-style-m-big-magna-glide\/#primaryimage","url":"https:\/\/superpunch.com\/wp-content\/uploads\/2020\/12\/magnetic-style-m-embroidery-machine-thread-pre-wound_parent_with_text.jpg","contentUrl":"https:\/\/superpunch.com\/wp-content\/uploads\/2020\/12\/magnetic-style-m-embroidery-machine-thread-pre-wound_parent_with_text.jpg","width":600,"height":600},{"@type":"BreadcrumbList","@id":"https:\/\/superpunch.com\/fr\/produit\/magnetic-core-style-m-big-magna-glide\/#breadcrumb","itemListElement":[{"@type":"ListItem","position":1,"name":"Home","item":"https:\/\/superpunch.com\/fr\/"},{"@type":"ListItem","position":2,"name":"Shop","item":"https:\/\/superpunch.com\/fr\/shop\/"},{"@type":"ListItem","position":3,"name":"Bobines Magn\u00e9tiques BLANCHES Style M (GROSSE) Magna Glide"}]},{"@type":"WebSite","@id":"https:\/\/superpunch.com\/fr\/#website","url":"https:\/\/superpunch.com\/fr\/","name":"Superpunch","description":"Superpunch - Embroidery Digitizing, Thread, Machines, Stabilizers And Supplies","publisher":{"@id":"https:\/\/superpunch.com\/fr\/#organization"},"potentialAction":[{"@type":"SearchAction","target":{"@type":"EntryPoint","urlTemplate":"https:\/\/superpunch.com\/fr\/?s={search_term_string}"},"query-input":{"@type":"PropertyValueSpecification","valueRequired":true,"valueName":"search_term_string"}}],"inLanguage":"fr-CA"},{"@type":"Organization","@id":"https:\/\/superpunch.com\/fr\/#organization","name":"Superpunch","url":"https:\/\/superpunch.com\/fr\/","logo":{"@type":"ImageObject","inLanguage":"fr-CA","@id":"https:\/\/superpunch.com\/fr\/#\/schema\/logo\/image\/","url":"https:\/\/superpunch.com\/wp-content\/uploads\/2022\/12\/superpunch_complet_new_site_on_black-2022.jpg","contentUrl":"https:\/\/superpunch.com\/wp-content\/uploads\/2022\/12\/superpunch_complet_new_site_on_black-2022.jpg","width":600,"height":174,"caption":"Superpunch"},"image":{"@id":"https:\/\/superpunch.com\/fr\/#\/schema\/logo\/image\/"},"sameAs":["https:\/\/www.facebook.com\/Superpunchembroiderybroderie","https:\/\/x.com\/superpunchemb","https:\/\/www.instagram.com\/superpunchbrand?igsh=YW8xa2ZyZmxkdGNv","https:\/\/www.youtube.com\/channel\/UCgt7yq4-pFJgeI_03psdGPQ","https:\/\/www.pinterest.ca\/superpunchemb"]}]}},"_links":{"self":[{"href":"https:\/\/superpunch.com\/fr\/wp-json\/wp\/v2\/product\/19330","targetHints":{"allow":["GET"]}}],"collection":[{"href":"https:\/\/superpunch.com\/fr\/wp-json\/wp\/v2\/product"}],"about":[{"href":"https:\/\/superpunch.com\/fr\/wp-json\/wp\/v2\/types\/product"}],"replies":[{"embeddable":true,"href":"https:\/\/superpunch.com\/fr\/wp-json\/wp\/v2\/comments?post=19330"}],"wp:featuredmedia":[{"embeddable":true,"href":"https:\/\/superpunch.com\/fr\/wp-json\/wp\/v2\/media\/19163"}],"wp:attachment":[{"href":"https:\/\/superpunch.com\/fr\/wp-json\/wp\/v2\/media?parent=19330"}],"wp:term":[{"taxonomy":"product_brand","embeddable":true,"href":"https:\/\/superpunch.com\/fr\/wp-json\/wp\/v2\/product_brand?post=19330"},{"taxonomy":"product_cat","embeddable":true,"href":"https:\/\/superpunch.com\/fr\/wp-json\/wp\/v2\/product_cat?post=19330"},{"taxonomy":"product_tag","embeddable":true,"href":"https:\/\/superpunch.com\/fr\/wp-json\/wp\/v2\/product_tag?post=19330"}],"curies":[{"name":"wp","href":"https:\/\/api.w.org\/{rel}","templated":true}]}}