{"id":19669,"date":"2020-10-14T20:18:28","date_gmt":"2021-02-26T17:49:58","guid":{"rendered":"https:\/\/superpunch.com\/shop\/foam-mousse-3d-a-broderie-epaisseur-3-mm\/"},"modified":"2026-04-06T13:46:46","modified_gmt":"2026-04-06T17:46:46","slug":"foam-mousse-3d-a-broderie-epaisseur-3-mm","status":"publish","type":"product","link":"https:\/\/superpunch.com\/fr\/produit\/foam-mousse-3d-a-broderie-epaisseur-3-mm\/","title":{"rendered":"Foam (Mousse) 3D \u00e0 Broderie &#8211; \u00c9paisseur 3 mm"},"content":{"rendered":"<div class=\"\" style=\"position: relative;\" data-richtextify-editable=\"true\">\n<h2><strong>Foam (Mousse) 3D \u00e0 Broderie &#8211; \u00c9paisseur 3 mm:<\/strong><\/h2>\n<p>Grandeur: 67 cm x 49 cm par feuille. Voici le <strong>foam (mousse)<\/strong> \u00e0 broderie pour cr\u00e9er du relief en 3 dimensions. Elle est parfaite avec son \u00e9paisseur de <strong>3 mm<\/strong>. Le plus gros format de foam (mousse) sur le march\u00e9! 13 couleurs diff\u00e9rentes en vente.<\/p>\n<\/div>\n","protected":false},"excerpt":{"rendered":"<div class=\"\" style=\"position: relative;\" data-richtextify-editable=\"true\">\n<ul>\n<li>Grandeur: 67 cm x 49 cm par feuille.<\/li>\n<li>Voici le <strong>foam 3D (mousse)<\/strong> de <strong>3 mm<\/strong> \u00e0 broderie pour cr\u00e9er du relief en 3 dimensions.<\/li>\n<li>Le plus gros format de foam (mousse) sur le march\u00e9!<\/li>\n<li>Sp\u00e9cialement con\u00e7u pour la broderie. Pas trop \u00e9pais, pas trop mince, juste parfait.<\/li>\n<li>Le prix est pour le foam seulement. Si vous avez besoin d&rsquo;acheter le fil, rendez-vous sur la page du <a href=\"https:\/\/superpunch.com\/fr\/shop\/fil-a-broder-superb-5000m\/\">fil SuperB<\/a> ou sur la <a href=\"https:\/\/superpunch.com\/shop\/fil-a-broder-en-polyester-de-madeira\/\">page Madeira<\/a> et ajoutez-le \u00e0 votre panier apr\u00e8s.<\/li>\n<\/ul>\n<\/div>\n","protected":false},"featured_media":19536,"comment_status":"closed","ping_status":"closed","template":"","meta":{"site-sidebar-layout":"default","site-content-layout":"default","ast-site-content-layout":"default","site-content-style":"default","site-sidebar-style":"default","ast-global-header-display":"","ast-banner-title-visibility":"","ast-main-header-display":"","ast-hfb-above-header-display":"","ast-hfb-below-header-display":"","ast-hfb-mobile-header-display":"","site-post-title":"","ast-breadcrumbs-content":"","ast-featured-img":"","footer-sml-layout":"","ast-disable-related-posts":"","theme-transparent-header-meta":"default","adv-header-id-meta":"","stick-header-meta":"","header-above-stick-meta":"","header-main-stick-meta":"","header-below-stick-meta":"","astra-migrate-meta-layouts":"default","ast-page-background-enabled":"default","ast-page-background-meta":{"desktop":{"background-color":"","background-image":"","background-repeat":"repeat","background-position":"center center","background-size":"auto","background-attachment":"scroll","background-type":"","background-media":"","overlay-type":"","overlay-color":"","overlay-opacity":"","overlay-gradient":""},"tablet":{"background-color":"","background-image":"","background-repeat":"repeat","background-position":"center center","background-size":"auto","background-attachment":"scroll","background-type":"","background-media":"","overlay-type":"","overlay-color":"","overlay-opacity":"","overlay-gradient":""},"mobile":{"background-color":"","background-image":"","background-repeat":"repeat","background-position":"center center","background-size":"auto","background-attachment":"scroll","background-type":"","background-media":"","overlay-type":"","overlay-color":"","overlay-opacity":"","overlay-gradient":""}},"ast-content-background-meta":{"desktop":{"background-color":"var(--ast-global-color-5)","background-image":"","background-repeat":"repeat","background-position":"center center","background-size":"auto","background-attachment":"scroll","background-type":"","background-media":"","overlay-type":"","overlay-color":"","overlay-opacity":"","overlay-gradient":""},"tablet":{"background-color":"var(--ast-global-color-5)","background-image":"","background-repeat":"repeat","background-position":"center center","background-size":"auto","background-attachment":"scroll","background-type":"","background-media":"","overlay-type":"","overlay-color":"","overlay-opacity":"","overlay-gradient":""},"mobile":{"background-color":"var(--ast-global-color-5)","background-image":"","background-repeat":"repeat","background-position":"center center","background-size":"auto","background-attachment":"scroll","background-type":"","background-media":"","overlay-type":"","overlay-color":"","overlay-opacity":"","overlay-gradient":""}}},"product_brand":[],"product_cat":[2227,2226],"product_tag":[],"class_list":{"0":"post-19669","1":"product","2":"type-product","3":"status-publish","4":"has-post-thumbnail","6":"product_cat-3d-foam-fr","7":"product_cat-fournitures","8":"desktop-align-center","9":"tablet-align-center","10":"mobile-align-center","12":"first","13":"instock","14":"taxable","15":"shipping-taxable","16":"purchasable","17":"product-type-variable"},"yoast_head":"<!-- This site is optimized with the Yoast SEO plugin v27.3 - https:\/\/yoast.com\/product\/yoast-seo-wordpress\/ -->\n<title>Foam (Mousse) 3D \u00e0 Broderie - \u00c9paisseur 3 mm - Superpunch<\/title>\n<meta name=\"robots\" content=\"index, follow, max-snippet:-1, max-image-preview:large, max-video-preview:-1\" \/>\n<link rel=\"canonical\" href=\"https:\/\/superpunch.com\/fr\/produit\/foam-mousse-3d-a-broderie-epaisseur-3-mm\/\" \/>\n<meta property=\"og:locale\" content=\"fr_CA\" \/>\n<meta property=\"og:type\" content=\"article\" \/>\n<meta property=\"og:title\" content=\"Foam (Mousse) 3D \u00e0 Broderie - \u00c9paisseur 3 mm - Superpunch\" \/>\n<meta property=\"og:description\" content=\"Grandeur: 67 cm x 49 cm par feuille.  Voici le foam 3D (mousse) de 3 mm \u00e0 broderie pour cr\u00e9er du relief en 3 dimensions.  Le plus gros format de foam (mousse) sur le march\u00e9!  Sp\u00e9cialement con\u00e7u pour la broderie. Pas trop \u00e9pais, pas trop mince, juste parfait.  Le prix est pour le foam seulement. Si vous avez besoin d&#039;acheter le fil, rendez-vous sur la page du fil SuperB ou sur la page Madeira et ajoutez-le \u00e0 votre panier apr\u00e8s.\" \/>\n<meta property=\"og:url\" content=\"https:\/\/superpunch.com\/fr\/produit\/foam-mousse-3d-a-broderie-epaisseur-3-mm\/\" \/>\n<meta property=\"og:site_name\" content=\"Superpunch\" \/>\n<meta property=\"article:publisher\" content=\"https:\/\/www.facebook.com\/Superpunchembroiderybroderie\" \/>\n<meta property=\"article:modified_time\" content=\"2026-04-06T17:46:46+00:00\" \/>\n<meta name=\"twitter:card\" content=\"summary_large_image\" \/>\n<meta name=\"twitter:site\" content=\"@superpunchemb\" \/>\n<script type=\"application\/ld+json\" class=\"yoast-schema-graph\">{\"@context\":\"https:\\\/\\\/schema.org\",\"@graph\":[{\"@type\":\"WebPage\",\"@id\":\"https:\\\/\\\/superpunch.com\\\/fr\\\/produit\\\/foam-mousse-3d-a-broderie-epaisseur-3-mm\\\/\",\"url\":\"https:\\\/\\\/superpunch.com\\\/fr\\\/produit\\\/foam-mousse-3d-a-broderie-epaisseur-3-mm\\\/\",\"name\":\"Foam (Mousse) 3D \u00e0 Broderie - \u00c9paisseur 3 mm - Superpunch\",\"isPartOf\":{\"@id\":\"https:\\\/\\\/superpunch.com\\\/fr\\\/#website\"},\"primaryImageOfPage\":{\"@id\":\"https:\\\/\\\/superpunch.com\\\/fr\\\/produit\\\/foam-mousse-3d-a-broderie-epaisseur-3-mm\\\/#primaryimage\"},\"image\":{\"@id\":\"https:\\\/\\\/superpunch.com\\\/fr\\\/produit\\\/foam-mousse-3d-a-broderie-epaisseur-3-mm\\\/#primaryimage\"},\"thumbnailUrl\":\"https:\\\/\\\/superpunch.com\\\/wp-content\\\/uploads\\\/2021\\\/02\\\/3d-foam-category.jpg\",\"datePublished\":\"2021-02-26T17:49:58+00:00\",\"dateModified\":\"2026-04-06T17:46:46+00:00\",\"breadcrumb\":{\"@id\":\"https:\\\/\\\/superpunch.com\\\/fr\\\/produit\\\/foam-mousse-3d-a-broderie-epaisseur-3-mm\\\/#breadcrumb\"},\"inLanguage\":\"fr-CA\",\"potentialAction\":[{\"@type\":\"ReadAction\",\"target\":[\"https:\\\/\\\/superpunch.com\\\/fr\\\/produit\\\/foam-mousse-3d-a-broderie-epaisseur-3-mm\\\/\"]}]},{\"@type\":\"ImageObject\",\"inLanguage\":\"fr-CA\",\"@id\":\"https:\\\/\\\/superpunch.com\\\/fr\\\/produit\\\/foam-mousse-3d-a-broderie-epaisseur-3-mm\\\/#primaryimage\",\"url\":\"https:\\\/\\\/superpunch.com\\\/wp-content\\\/uploads\\\/2021\\\/02\\\/3d-foam-category.jpg\",\"contentUrl\":\"https:\\\/\\\/superpunch.com\\\/wp-content\\\/uploads\\\/2021\\\/02\\\/3d-foam-category.jpg\",\"width\":600,\"height\":600},{\"@type\":\"BreadcrumbList\",\"@id\":\"https:\\\/\\\/superpunch.com\\\/fr\\\/produit\\\/foam-mousse-3d-a-broderie-epaisseur-3-mm\\\/#breadcrumb\",\"itemListElement\":[{\"@type\":\"ListItem\",\"position\":1,\"name\":\"Home\",\"item\":\"https:\\\/\\\/superpunch.com\\\/fr\\\/\"},{\"@type\":\"ListItem\",\"position\":2,\"name\":\"Shop\",\"item\":\"https:\\\/\\\/superpunch.com\\\/fr\\\/shop\\\/\"},{\"@type\":\"ListItem\",\"position\":3,\"name\":\"Foam (Mousse) 3D \u00e0 Broderie &#8211; \u00c9paisseur 3 mm\"}]},{\"@type\":\"WebSite\",\"@id\":\"https:\\\/\\\/superpunch.com\\\/fr\\\/#website\",\"url\":\"https:\\\/\\\/superpunch.com\\\/fr\\\/\",\"name\":\"Superpunch\",\"description\":\"Superpunch - Embroidery Digitizing, Thread, Machines, Stabilizers And Supplies\",\"publisher\":{\"@id\":\"https:\\\/\\\/superpunch.com\\\/fr\\\/#organization\"},\"potentialAction\":[{\"@type\":\"SearchAction\",\"target\":{\"@type\":\"EntryPoint\",\"urlTemplate\":\"https:\\\/\\\/superpunch.com\\\/fr\\\/?s={search_term_string}\"},\"query-input\":{\"@type\":\"PropertyValueSpecification\",\"valueRequired\":true,\"valueName\":\"search_term_string\"}}],\"inLanguage\":\"fr-CA\"},{\"@type\":\"Organization\",\"@id\":\"https:\\\/\\\/superpunch.com\\\/fr\\\/#organization\",\"name\":\"Superpunch\",\"url\":\"https:\\\/\\\/superpunch.com\\\/fr\\\/\",\"logo\":{\"@type\":\"ImageObject\",\"inLanguage\":\"fr-CA\",\"@id\":\"https:\\\/\\\/superpunch.com\\\/fr\\\/#\\\/schema\\\/logo\\\/image\\\/\",\"url\":\"https:\\\/\\\/superpunch.com\\\/wp-content\\\/uploads\\\/2022\\\/12\\\/superpunch_complet_new_site_on_black-2022.jpg\",\"contentUrl\":\"https:\\\/\\\/superpunch.com\\\/wp-content\\\/uploads\\\/2022\\\/12\\\/superpunch_complet_new_site_on_black-2022.jpg\",\"width\":600,\"height\":174,\"caption\":\"Superpunch\"},\"image\":{\"@id\":\"https:\\\/\\\/superpunch.com\\\/fr\\\/#\\\/schema\\\/logo\\\/image\\\/\"},\"sameAs\":[\"https:\\\/\\\/www.facebook.com\\\/Superpunchembroiderybroderie\",\"https:\\\/\\\/x.com\\\/superpunchemb\",\"https:\\\/\\\/www.instagram.com\\\/superpunchbrand?igsh=YW8xa2ZyZmxkdGNv\",\"https:\\\/\\\/www.youtube.com\\\/channel\\\/UCgt7yq4-pFJgeI_03psdGPQ\",\"https:\\\/\\\/www.pinterest.ca\\\/superpunchemb\"]}]}<\/script>\n<!-- \/ Yoast SEO plugin. -->","yoast_head_json":{"title":"Foam (Mousse) 3D \u00e0 Broderie - \u00c9paisseur 3 mm - Superpunch","robots":{"index":"index","follow":"follow","max-snippet":"max-snippet:-1","max-image-preview":"max-image-preview:large","max-video-preview":"max-video-preview:-1"},"canonical":"https:\/\/superpunch.com\/fr\/produit\/foam-mousse-3d-a-broderie-epaisseur-3-mm\/","og_locale":"fr_CA","og_type":"article","og_title":"Foam (Mousse) 3D \u00e0 Broderie - \u00c9paisseur 3 mm - Superpunch","og_description":"Grandeur: 67 cm x 49 cm par feuille.  Voici le foam 3D (mousse) de 3 mm \u00e0 broderie pour cr\u00e9er du relief en 3 dimensions.  Le plus gros format de foam (mousse) sur le march\u00e9!  Sp\u00e9cialement con\u00e7u pour la broderie. Pas trop \u00e9pais, pas trop mince, juste parfait.  Le prix est pour le foam seulement. Si vous avez besoin d'acheter le fil, rendez-vous sur la page du fil SuperB ou sur la page Madeira et ajoutez-le \u00e0 votre panier apr\u00e8s.","og_url":"https:\/\/superpunch.com\/fr\/produit\/foam-mousse-3d-a-broderie-epaisseur-3-mm\/","og_site_name":"Superpunch","article_publisher":"https:\/\/www.facebook.com\/Superpunchembroiderybroderie","article_modified_time":"2026-04-06T17:46:46+00:00","twitter_card":"summary_large_image","twitter_site":"@superpunchemb","schema":{"@context":"https:\/\/schema.org","@graph":[{"@type":"WebPage","@id":"https:\/\/superpunch.com\/fr\/produit\/foam-mousse-3d-a-broderie-epaisseur-3-mm\/","url":"https:\/\/superpunch.com\/fr\/produit\/foam-mousse-3d-a-broderie-epaisseur-3-mm\/","name":"Foam (Mousse) 3D \u00e0 Broderie - \u00c9paisseur 3 mm - Superpunch","isPartOf":{"@id":"https:\/\/superpunch.com\/fr\/#website"},"primaryImageOfPage":{"@id":"https:\/\/superpunch.com\/fr\/produit\/foam-mousse-3d-a-broderie-epaisseur-3-mm\/#primaryimage"},"image":{"@id":"https:\/\/superpunch.com\/fr\/produit\/foam-mousse-3d-a-broderie-epaisseur-3-mm\/#primaryimage"},"thumbnailUrl":"https:\/\/superpunch.com\/wp-content\/uploads\/2021\/02\/3d-foam-category.jpg","datePublished":"2021-02-26T17:49:58+00:00","dateModified":"2026-04-06T17:46:46+00:00","breadcrumb":{"@id":"https:\/\/superpunch.com\/fr\/produit\/foam-mousse-3d-a-broderie-epaisseur-3-mm\/#breadcrumb"},"inLanguage":"fr-CA","potentialAction":[{"@type":"ReadAction","target":["https:\/\/superpunch.com\/fr\/produit\/foam-mousse-3d-a-broderie-epaisseur-3-mm\/"]}]},{"@type":"ImageObject","inLanguage":"fr-CA","@id":"https:\/\/superpunch.com\/fr\/produit\/foam-mousse-3d-a-broderie-epaisseur-3-mm\/#primaryimage","url":"https:\/\/superpunch.com\/wp-content\/uploads\/2021\/02\/3d-foam-category.jpg","contentUrl":"https:\/\/superpunch.com\/wp-content\/uploads\/2021\/02\/3d-foam-category.jpg","width":600,"height":600},{"@type":"BreadcrumbList","@id":"https:\/\/superpunch.com\/fr\/produit\/foam-mousse-3d-a-broderie-epaisseur-3-mm\/#breadcrumb","itemListElement":[{"@type":"ListItem","position":1,"name":"Home","item":"https:\/\/superpunch.com\/fr\/"},{"@type":"ListItem","position":2,"name":"Shop","item":"https:\/\/superpunch.com\/fr\/shop\/"},{"@type":"ListItem","position":3,"name":"Foam (Mousse) 3D \u00e0 Broderie &#8211; \u00c9paisseur 3 mm"}]},{"@type":"WebSite","@id":"https:\/\/superpunch.com\/fr\/#website","url":"https:\/\/superpunch.com\/fr\/","name":"Superpunch","description":"Superpunch - Embroidery Digitizing, Thread, Machines, Stabilizers And Supplies","publisher":{"@id":"https:\/\/superpunch.com\/fr\/#organization"},"potentialAction":[{"@type":"SearchAction","target":{"@type":"EntryPoint","urlTemplate":"https:\/\/superpunch.com\/fr\/?s={search_term_string}"},"query-input":{"@type":"PropertyValueSpecification","valueRequired":true,"valueName":"search_term_string"}}],"inLanguage":"fr-CA"},{"@type":"Organization","@id":"https:\/\/superpunch.com\/fr\/#organization","name":"Superpunch","url":"https:\/\/superpunch.com\/fr\/","logo":{"@type":"ImageObject","inLanguage":"fr-CA","@id":"https:\/\/superpunch.com\/fr\/#\/schema\/logo\/image\/","url":"https:\/\/superpunch.com\/wp-content\/uploads\/2022\/12\/superpunch_complet_new_site_on_black-2022.jpg","contentUrl":"https:\/\/superpunch.com\/wp-content\/uploads\/2022\/12\/superpunch_complet_new_site_on_black-2022.jpg","width":600,"height":174,"caption":"Superpunch"},"image":{"@id":"https:\/\/superpunch.com\/fr\/#\/schema\/logo\/image\/"},"sameAs":["https:\/\/www.facebook.com\/Superpunchembroiderybroderie","https:\/\/x.com\/superpunchemb","https:\/\/www.instagram.com\/superpunchbrand?igsh=YW8xa2ZyZmxkdGNv","https:\/\/www.youtube.com\/channel\/UCgt7yq4-pFJgeI_03psdGPQ","https:\/\/www.pinterest.ca\/superpunchemb"]}]}},"_links":{"self":[{"href":"https:\/\/superpunch.com\/fr\/wp-json\/wp\/v2\/product\/19669","targetHints":{"allow":["GET"]}}],"collection":[{"href":"https:\/\/superpunch.com\/fr\/wp-json\/wp\/v2\/product"}],"about":[{"href":"https:\/\/superpunch.com\/fr\/wp-json\/wp\/v2\/types\/product"}],"replies":[{"embeddable":true,"href":"https:\/\/superpunch.com\/fr\/wp-json\/wp\/v2\/comments?post=19669"}],"wp:featuredmedia":[{"embeddable":true,"href":"https:\/\/superpunch.com\/fr\/wp-json\/wp\/v2\/media\/19536"}],"wp:attachment":[{"href":"https:\/\/superpunch.com\/fr\/wp-json\/wp\/v2\/media?parent=19669"}],"wp:term":[{"taxonomy":"product_brand","embeddable":true,"href":"https:\/\/superpunch.com\/fr\/wp-json\/wp\/v2\/product_brand?post=19669"},{"taxonomy":"product_cat","embeddable":true,"href":"https:\/\/superpunch.com\/fr\/wp-json\/wp\/v2\/product_cat?post=19669"},{"taxonomy":"product_tag","embeddable":true,"href":"https:\/\/superpunch.com\/fr\/wp-json\/wp\/v2\/product_tag?post=19669"}],"curies":[{"name":"wp","href":"https:\/\/api.w.org\/{rel}","templated":true}]}}