{"id":19819,"date":"2021-01-29T16:44:10","date_gmt":"2021-01-29T21:44:10","guid":{"rendered":"https:\/\/superpunch.com\/shop\/ruban-a-broder-double-face-1-x-36-verges\/"},"modified":"2024-12-06T23:27:19","modified_gmt":"2024-12-07T04:27:19","slug":"ruban-a-broder-double-face-1-x-36-verges","status":"publish","type":"product","link":"https:\/\/superpunch.com\/fr\/produit\/ruban-a-broder-double-face-1-x-36-verges\/","title":{"rendered":"Ruban \u00e0 broder double face 1&Prime; x 36 verges"},"content":{"rendered":"<p>Il est utilis\u00e9 pour maintenir l\u2019entoilage en place pendant la pose dans le cerceau. Ce ruban de haute qualit\u00e9 a un adh\u00e9sif acrylique \u00e0 haute r\u00e9sistance pour fixer l\u2019entoilage et le tissu et une adh\u00e9rence instantan\u00e9e \u00e9lev\u00e9e permettant de multiples utilisations.<\/p>\n<p>Le ruban adh\u00e9sif double face est \u00e9galement une solution parfaite pour les articles qui ne peuvent pas \u00eatre mis dans un cerceau ou dont les pi\u00e8ces doivent \u00eatre tenues \u00e0 l\u2019\u00e9cart. Entourez simplement un morceau d\u2019entoilage et utilisez le ruban adh\u00e9sif pour attacher le tissu \u00e0 l\u2019entoilage. Contrairement \u00e0 l\u2019utilisation d\u2019un entoilage adh\u00e9sif, le ruban adh\u00e9sif double face maintient le tissu sur les c\u00f4t\u00e9s de sorte que l\u2019aiguille ne pique pas \u00e0 travers la colle, emp\u00eachant ainsi l\u2019aiguille de se gommer.<br \/>\n\u00c9galement parfait pour retenir l\u2019exc\u00e9dent de tissu afin qu\u2019il ne g\u00eane pas lors de la broderie.<\/p>\n","protected":false},"excerpt":{"rendered":"<p>Il est utilis\u00e9 pour maintenir l\u2019entoilage en place pendant la pose dans le cerceau. Ce ruban de haute qualit\u00e9 a un adh\u00e9sif acrylique \u00e0 haute r\u00e9sistance pour fixer l\u2019entoilage et le tissu et une adh\u00e9rence instantan\u00e9e \u00e9lev\u00e9e permettant de multiples utilisations.<\/p>\n<p>Le ruban adh\u00e9sif double face est \u00e9galement une solution parfaite pour les articles qui ne peuvent pas \u00eatre mis dans un cerceau ou dont les pi\u00e8ces doivent \u00eatre tenues \u00e0 l\u2019\u00e9cart. Entourez simplement un morceau d\u2019entoilage et utilisez le ruban adh\u00e9sif pour attacher le tissu \u00e0 l\u2019entoilage. Contrairement \u00e0 l\u2019utilisation d\u2019un entoilage adh\u00e9sif, le ruban adh\u00e9sif double face maintient le tissu sur les c\u00f4t\u00e9s de sorte que l\u2019aiguille ne pique pas \u00e0 travers la colle, emp\u00eachant ainsi l\u2019aiguille de se gommer.<br \/>\n\u00c9galement parfait pour retenir l\u2019exc\u00e9dent de tissu afin qu\u2019il ne g\u00eane pas lors de la broderie.<\/p>\n","protected":false},"featured_media":18976,"comment_status":"open","ping_status":"closed","template":"","meta":{"site-sidebar-layout":"default","site-content-layout":"default","ast-site-content-layout":"default","site-content-style":"default","site-sidebar-style":"default","ast-global-header-display":"","ast-banner-title-visibility":"","ast-main-header-display":"","ast-hfb-above-header-display":"","ast-hfb-below-header-display":"","ast-hfb-mobile-header-display":"","site-post-title":"","ast-breadcrumbs-content":"","ast-featured-img":"","footer-sml-layout":"","ast-disable-related-posts":"","theme-transparent-header-meta":"default","adv-header-id-meta":"","stick-header-meta":"","header-above-stick-meta":"","header-main-stick-meta":"","header-below-stick-meta":"","astra-migrate-meta-layouts":"default","ast-page-background-enabled":"default","ast-page-background-meta":{"desktop":{"background-color":"","background-image":"","background-repeat":"repeat","background-position":"center center","background-size":"auto","background-attachment":"scroll","background-type":"","background-media":"","overlay-type":"","overlay-color":"","overlay-opacity":"","overlay-gradient":""},"tablet":{"background-color":"","background-image":"","background-repeat":"repeat","background-position":"center center","background-size":"auto","background-attachment":"scroll","background-type":"","background-media":"","overlay-type":"","overlay-color":"","overlay-opacity":"","overlay-gradient":""},"mobile":{"background-color":"","background-image":"","background-repeat":"repeat","background-position":"center center","background-size":"auto","background-attachment":"scroll","background-type":"","background-media":"","overlay-type":"","overlay-color":"","overlay-opacity":"","overlay-gradient":""}},"ast-content-background-meta":{"desktop":{"background-color":"var(--ast-global-color-5)","background-image":"","background-repeat":"repeat","background-position":"center center","background-size":"auto","background-attachment":"scroll","background-type":"","background-media":"","overlay-type":"","overlay-color":"","overlay-opacity":"","overlay-gradient":""},"tablet":{"background-color":"var(--ast-global-color-5)","background-image":"","background-repeat":"repeat","background-position":"center center","background-size":"auto","background-attachment":"scroll","background-type":"","background-media":"","overlay-type":"","overlay-color":"","overlay-opacity":"","overlay-gradient":""},"mobile":{"background-color":"var(--ast-global-color-5)","background-image":"","background-repeat":"repeat","background-position":"center center","background-size":"auto","background-attachment":"scroll","background-type":"","background-media":"","overlay-type":"","overlay-color":"","overlay-opacity":"","overlay-gradient":""}}},"product_brand":[],"product_cat":[2230],"product_tag":[],"class_list":{"0":"post-19819","1":"product","2":"type-product","3":"status-publish","4":"has-post-thumbnail","6":"product_cat-autre","7":"desktop-align-center","8":"tablet-align-center","9":"mobile-align-center","11":"first","12":"instock","13":"taxable","14":"shipping-taxable","15":"purchasable","16":"product-type-simple"},"yoast_head":"<!-- This site is optimized with the Yoast SEO plugin v27.3 - https:\/\/yoast.com\/product\/yoast-seo-wordpress\/ -->\n<title>Ruban \u00e0 broder double face 1&quot; x 36 verges - Superpunch<\/title>\n<meta name=\"robots\" content=\"index, follow, max-snippet:-1, max-image-preview:large, max-video-preview:-1\" \/>\n<link rel=\"canonical\" href=\"https:\/\/superpunch.com\/fr\/produit\/ruban-a-broder-double-face-1-x-36-verges\/\" \/>\n<meta property=\"og:locale\" content=\"fr_CA\" \/>\n<meta property=\"og:type\" content=\"article\" \/>\n<meta property=\"og:title\" content=\"Ruban \u00e0 broder double face 1&quot; x 36 verges - Superpunch\" \/>\n<meta property=\"og:description\" content=\"Il est utilis\u00e9 pour maintenir l\u2019entoilage en place pendant la pose dans le cerceau. Ce ruban de haute qualit\u00e9 a un adh\u00e9sif acrylique \u00e0 haute r\u00e9sistance pour fixer l\u2019entoilage et le tissu et une adh\u00e9rence instantan\u00e9e \u00e9lev\u00e9e permettant de multiples utilisations. Le ruban adh\u00e9sif double face est \u00e9galement une solution parfaite pour les articles qui ne peuvent pas \u00eatre mis dans un cerceau ou dont les pi\u00e8ces doivent \u00eatre tenues \u00e0 l\u2019\u00e9cart. Entourez simplement un morceau d\u2019entoilage et utilisez le ruban adh\u00e9sif pour attacher le tissu \u00e0 l\u2019entoilage. Contrairement \u00e0 l\u2019utilisation d\u2019un entoilage adh\u00e9sif, le ruban adh\u00e9sif double face maintient le tissu sur les c\u00f4t\u00e9s de sorte que l\u2019aiguille ne pique pas \u00e0 travers la colle, emp\u00eachant ainsi l\u2019aiguille de se gommer. \u00c9galement parfait pour retenir l\u2019exc\u00e9dent de tissu afin qu\u2019il ne g\u00eane pas lors de la broderie.\" \/>\n<meta property=\"og:url\" content=\"https:\/\/superpunch.com\/fr\/produit\/ruban-a-broder-double-face-1-x-36-verges\/\" \/>\n<meta property=\"og:site_name\" content=\"Superpunch\" \/>\n<meta property=\"article:publisher\" content=\"https:\/\/www.facebook.com\/Superpunchembroiderybroderie\" \/>\n<meta property=\"article:modified_time\" content=\"2024-12-07T04:27:19+00:00\" \/>\n<meta name=\"twitter:card\" content=\"summary_large_image\" \/>\n<meta name=\"twitter:site\" content=\"@superpunchemb\" \/>\n<meta name=\"twitter:label1\" content=\"Estimation du temps de lecture\" \/>\n\t<meta name=\"twitter:data1\" content=\"1 minute\" \/>\n<script type=\"application\/ld+json\" class=\"yoast-schema-graph\">{\"@context\":\"https:\\\/\\\/schema.org\",\"@graph\":[{\"@type\":\"WebPage\",\"@id\":\"https:\\\/\\\/superpunch.com\\\/fr\\\/produit\\\/ruban-a-broder-double-face-1-x-36-verges\\\/\",\"url\":\"https:\\\/\\\/superpunch.com\\\/fr\\\/produit\\\/ruban-a-broder-double-face-1-x-36-verges\\\/\",\"name\":\"Ruban \u00e0 broder double face 1\\\" x 36 verges - Superpunch\",\"isPartOf\":{\"@id\":\"https:\\\/\\\/superpunch.com\\\/fr\\\/#website\"},\"primaryImageOfPage\":{\"@id\":\"https:\\\/\\\/superpunch.com\\\/fr\\\/produit\\\/ruban-a-broder-double-face-1-x-36-verges\\\/#primaryimage\"},\"image\":{\"@id\":\"https:\\\/\\\/superpunch.com\\\/fr\\\/produit\\\/ruban-a-broder-double-face-1-x-36-verges\\\/#primaryimage\"},\"thumbnailUrl\":\"https:\\\/\\\/superpunch.com\\\/wp-content\\\/uploads\\\/2021\\\/01\\\/BT-89543-double-sided-embroidery-tape.jpg\",\"datePublished\":\"2021-01-29T21:44:10+00:00\",\"dateModified\":\"2024-12-07T04:27:19+00:00\",\"breadcrumb\":{\"@id\":\"https:\\\/\\\/superpunch.com\\\/fr\\\/produit\\\/ruban-a-broder-double-face-1-x-36-verges\\\/#breadcrumb\"},\"inLanguage\":\"fr-CA\",\"potentialAction\":[{\"@type\":\"ReadAction\",\"target\":[\"https:\\\/\\\/superpunch.com\\\/fr\\\/produit\\\/ruban-a-broder-double-face-1-x-36-verges\\\/\"]}]},{\"@type\":\"ImageObject\",\"inLanguage\":\"fr-CA\",\"@id\":\"https:\\\/\\\/superpunch.com\\\/fr\\\/produit\\\/ruban-a-broder-double-face-1-x-36-verges\\\/#primaryimage\",\"url\":\"https:\\\/\\\/superpunch.com\\\/wp-content\\\/uploads\\\/2021\\\/01\\\/BT-89543-double-sided-embroidery-tape.jpg\",\"contentUrl\":\"https:\\\/\\\/superpunch.com\\\/wp-content\\\/uploads\\\/2021\\\/01\\\/BT-89543-double-sided-embroidery-tape.jpg\",\"width\":600,\"height\":600},{\"@type\":\"BreadcrumbList\",\"@id\":\"https:\\\/\\\/superpunch.com\\\/fr\\\/produit\\\/ruban-a-broder-double-face-1-x-36-verges\\\/#breadcrumb\",\"itemListElement\":[{\"@type\":\"ListItem\",\"position\":1,\"name\":\"Home\",\"item\":\"https:\\\/\\\/superpunch.com\\\/fr\\\/\"},{\"@type\":\"ListItem\",\"position\":2,\"name\":\"Shop\",\"item\":\"https:\\\/\\\/superpunch.com\\\/fr\\\/shop\\\/\"},{\"@type\":\"ListItem\",\"position\":3,\"name\":\"Ruban \u00e0 broder double face 1&Prime; x 36 verges\"}]},{\"@type\":\"WebSite\",\"@id\":\"https:\\\/\\\/superpunch.com\\\/fr\\\/#website\",\"url\":\"https:\\\/\\\/superpunch.com\\\/fr\\\/\",\"name\":\"Superpunch\",\"description\":\"Superpunch - Embroidery Digitizing, Thread, Machines, Stabilizers And Supplies\",\"publisher\":{\"@id\":\"https:\\\/\\\/superpunch.com\\\/fr\\\/#organization\"},\"potentialAction\":[{\"@type\":\"SearchAction\",\"target\":{\"@type\":\"EntryPoint\",\"urlTemplate\":\"https:\\\/\\\/superpunch.com\\\/fr\\\/?s={search_term_string}\"},\"query-input\":{\"@type\":\"PropertyValueSpecification\",\"valueRequired\":true,\"valueName\":\"search_term_string\"}}],\"inLanguage\":\"fr-CA\"},{\"@type\":\"Organization\",\"@id\":\"https:\\\/\\\/superpunch.com\\\/fr\\\/#organization\",\"name\":\"Superpunch\",\"url\":\"https:\\\/\\\/superpunch.com\\\/fr\\\/\",\"logo\":{\"@type\":\"ImageObject\",\"inLanguage\":\"fr-CA\",\"@id\":\"https:\\\/\\\/superpunch.com\\\/fr\\\/#\\\/schema\\\/logo\\\/image\\\/\",\"url\":\"https:\\\/\\\/superpunch.com\\\/wp-content\\\/uploads\\\/2022\\\/12\\\/superpunch_complet_new_site_on_black-2022.jpg\",\"contentUrl\":\"https:\\\/\\\/superpunch.com\\\/wp-content\\\/uploads\\\/2022\\\/12\\\/superpunch_complet_new_site_on_black-2022.jpg\",\"width\":600,\"height\":174,\"caption\":\"Superpunch\"},\"image\":{\"@id\":\"https:\\\/\\\/superpunch.com\\\/fr\\\/#\\\/schema\\\/logo\\\/image\\\/\"},\"sameAs\":[\"https:\\\/\\\/www.facebook.com\\\/Superpunchembroiderybroderie\",\"https:\\\/\\\/x.com\\\/superpunchemb\",\"https:\\\/\\\/www.instagram.com\\\/superpunchbrand?igsh=YW8xa2ZyZmxkdGNv\",\"https:\\\/\\\/www.youtube.com\\\/channel\\\/UCgt7yq4-pFJgeI_03psdGPQ\",\"https:\\\/\\\/www.pinterest.ca\\\/superpunchemb\"]}]}<\/script>\n<!-- \/ Yoast SEO plugin. -->","yoast_head_json":{"title":"Ruban \u00e0 broder double face 1\" x 36 verges - Superpunch","robots":{"index":"index","follow":"follow","max-snippet":"max-snippet:-1","max-image-preview":"max-image-preview:large","max-video-preview":"max-video-preview:-1"},"canonical":"https:\/\/superpunch.com\/fr\/produit\/ruban-a-broder-double-face-1-x-36-verges\/","og_locale":"fr_CA","og_type":"article","og_title":"Ruban \u00e0 broder double face 1\" x 36 verges - Superpunch","og_description":"Il est utilis\u00e9 pour maintenir l\u2019entoilage en place pendant la pose dans le cerceau. Ce ruban de haute qualit\u00e9 a un adh\u00e9sif acrylique \u00e0 haute r\u00e9sistance pour fixer l\u2019entoilage et le tissu et une adh\u00e9rence instantan\u00e9e \u00e9lev\u00e9e permettant de multiples utilisations. Le ruban adh\u00e9sif double face est \u00e9galement une solution parfaite pour les articles qui ne peuvent pas \u00eatre mis dans un cerceau ou dont les pi\u00e8ces doivent \u00eatre tenues \u00e0 l\u2019\u00e9cart. Entourez simplement un morceau d\u2019entoilage et utilisez le ruban adh\u00e9sif pour attacher le tissu \u00e0 l\u2019entoilage. Contrairement \u00e0 l\u2019utilisation d\u2019un entoilage adh\u00e9sif, le ruban adh\u00e9sif double face maintient le tissu sur les c\u00f4t\u00e9s de sorte que l\u2019aiguille ne pique pas \u00e0 travers la colle, emp\u00eachant ainsi l\u2019aiguille de se gommer. \u00c9galement parfait pour retenir l\u2019exc\u00e9dent de tissu afin qu\u2019il ne g\u00eane pas lors de la broderie.","og_url":"https:\/\/superpunch.com\/fr\/produit\/ruban-a-broder-double-face-1-x-36-verges\/","og_site_name":"Superpunch","article_publisher":"https:\/\/www.facebook.com\/Superpunchembroiderybroderie","article_modified_time":"2024-12-07T04:27:19+00:00","twitter_card":"summary_large_image","twitter_site":"@superpunchemb","twitter_misc":{"Estimation du temps de lecture":"1 minute"},"schema":{"@context":"https:\/\/schema.org","@graph":[{"@type":"WebPage","@id":"https:\/\/superpunch.com\/fr\/produit\/ruban-a-broder-double-face-1-x-36-verges\/","url":"https:\/\/superpunch.com\/fr\/produit\/ruban-a-broder-double-face-1-x-36-verges\/","name":"Ruban \u00e0 broder double face 1\" x 36 verges - Superpunch","isPartOf":{"@id":"https:\/\/superpunch.com\/fr\/#website"},"primaryImageOfPage":{"@id":"https:\/\/superpunch.com\/fr\/produit\/ruban-a-broder-double-face-1-x-36-verges\/#primaryimage"},"image":{"@id":"https:\/\/superpunch.com\/fr\/produit\/ruban-a-broder-double-face-1-x-36-verges\/#primaryimage"},"thumbnailUrl":"https:\/\/superpunch.com\/wp-content\/uploads\/2021\/01\/BT-89543-double-sided-embroidery-tape.jpg","datePublished":"2021-01-29T21:44:10+00:00","dateModified":"2024-12-07T04:27:19+00:00","breadcrumb":{"@id":"https:\/\/superpunch.com\/fr\/produit\/ruban-a-broder-double-face-1-x-36-verges\/#breadcrumb"},"inLanguage":"fr-CA","potentialAction":[{"@type":"ReadAction","target":["https:\/\/superpunch.com\/fr\/produit\/ruban-a-broder-double-face-1-x-36-verges\/"]}]},{"@type":"ImageObject","inLanguage":"fr-CA","@id":"https:\/\/superpunch.com\/fr\/produit\/ruban-a-broder-double-face-1-x-36-verges\/#primaryimage","url":"https:\/\/superpunch.com\/wp-content\/uploads\/2021\/01\/BT-89543-double-sided-embroidery-tape.jpg","contentUrl":"https:\/\/superpunch.com\/wp-content\/uploads\/2021\/01\/BT-89543-double-sided-embroidery-tape.jpg","width":600,"height":600},{"@type":"BreadcrumbList","@id":"https:\/\/superpunch.com\/fr\/produit\/ruban-a-broder-double-face-1-x-36-verges\/#breadcrumb","itemListElement":[{"@type":"ListItem","position":1,"name":"Home","item":"https:\/\/superpunch.com\/fr\/"},{"@type":"ListItem","position":2,"name":"Shop","item":"https:\/\/superpunch.com\/fr\/shop\/"},{"@type":"ListItem","position":3,"name":"Ruban \u00e0 broder double face 1&Prime; x 36 verges"}]},{"@type":"WebSite","@id":"https:\/\/superpunch.com\/fr\/#website","url":"https:\/\/superpunch.com\/fr\/","name":"Superpunch","description":"Superpunch - Embroidery Digitizing, Thread, Machines, Stabilizers And Supplies","publisher":{"@id":"https:\/\/superpunch.com\/fr\/#organization"},"potentialAction":[{"@type":"SearchAction","target":{"@type":"EntryPoint","urlTemplate":"https:\/\/superpunch.com\/fr\/?s={search_term_string}"},"query-input":{"@type":"PropertyValueSpecification","valueRequired":true,"valueName":"search_term_string"}}],"inLanguage":"fr-CA"},{"@type":"Organization","@id":"https:\/\/superpunch.com\/fr\/#organization","name":"Superpunch","url":"https:\/\/superpunch.com\/fr\/","logo":{"@type":"ImageObject","inLanguage":"fr-CA","@id":"https:\/\/superpunch.com\/fr\/#\/schema\/logo\/image\/","url":"https:\/\/superpunch.com\/wp-content\/uploads\/2022\/12\/superpunch_complet_new_site_on_black-2022.jpg","contentUrl":"https:\/\/superpunch.com\/wp-content\/uploads\/2022\/12\/superpunch_complet_new_site_on_black-2022.jpg","width":600,"height":174,"caption":"Superpunch"},"image":{"@id":"https:\/\/superpunch.com\/fr\/#\/schema\/logo\/image\/"},"sameAs":["https:\/\/www.facebook.com\/Superpunchembroiderybroderie","https:\/\/x.com\/superpunchemb","https:\/\/www.instagram.com\/superpunchbrand?igsh=YW8xa2ZyZmxkdGNv","https:\/\/www.youtube.com\/channel\/UCgt7yq4-pFJgeI_03psdGPQ","https:\/\/www.pinterest.ca\/superpunchemb"]}]}},"_links":{"self":[{"href":"https:\/\/superpunch.com\/fr\/wp-json\/wp\/v2\/product\/19819","targetHints":{"allow":["GET"]}}],"collection":[{"href":"https:\/\/superpunch.com\/fr\/wp-json\/wp\/v2\/product"}],"about":[{"href":"https:\/\/superpunch.com\/fr\/wp-json\/wp\/v2\/types\/product"}],"replies":[{"embeddable":true,"href":"https:\/\/superpunch.com\/fr\/wp-json\/wp\/v2\/comments?post=19819"}],"wp:featuredmedia":[{"embeddable":true,"href":"https:\/\/superpunch.com\/fr\/wp-json\/wp\/v2\/media\/18976"}],"wp:attachment":[{"href":"https:\/\/superpunch.com\/fr\/wp-json\/wp\/v2\/media?parent=19819"}],"wp:term":[{"taxonomy":"product_brand","embeddable":true,"href":"https:\/\/superpunch.com\/fr\/wp-json\/wp\/v2\/product_brand?post=19819"},{"taxonomy":"product_cat","embeddable":true,"href":"https:\/\/superpunch.com\/fr\/wp-json\/wp\/v2\/product_cat?post=19819"},{"taxonomy":"product_tag","embeddable":true,"href":"https:\/\/superpunch.com\/fr\/wp-json\/wp\/v2\/product_tag?post=19819"}],"curies":[{"name":"wp","href":"https:\/\/api.w.org\/{rel}","templated":true}]}}