{"id":19873,"date":"2021-01-15T13:03:58","date_gmt":"2021-03-02T21:01:42","guid":{"rendered":"https:\/\/superpunch.com\/shop\/elastique-en-caoutchouc-pour-masques-covid-19-50-verges\/"},"modified":"2021-08-25T14:55:34","modified_gmt":"2021-08-25T18:55:34","slug":"rubber-elastic-for-covid-19-mask","status":"publish","type":"product","link":"https:\/\/superpunch.com\/fr\/produit\/rubber-elastic-for-covid-19-mask\/","title":{"rendered":"\u00c9lastique en CAOUTCHOUC pour masques Covid-19 50 verges"},"content":{"rendered":"<p>NOTEZ BIEN SVP: Cet \u00e9lastique est fabriqu\u00e9 en caoutchouc comme on l&rsquo;affiche si bien. Quelques clients l&rsquo;adorent tandis que d&rsquo;autres le trouvent trop caoutchout\u00e9 et n&rsquo;aime pas la senteur ni la sensation. Si celui ci n&rsquo;est pas fait pour vous, allez voir notre autre vrai de vrai \u00e9lastique fabriqu\u00e9 de 80% nylon et 20% spandex. SVP faites le bon choix pour vous.<\/p>\n<p>Nous ne vendons pas ces produits en rouleaux. Nous coupons des longueurs de 50 verges que nous mettons dans des petits sacs. Ainsi, nous pouvons fournir et faire plaisir \u00e0 un plus grand nombre de couturi\u00e8res qui veulent fabriquer leur propres masques. De plus, nous avons aussi ce que les autres fournisseurs n&rsquo;ont pas: de l&rsquo;inventaire et un service rapide!<\/p>\n<p>&nbsp;<\/p>\n","protected":false},"excerpt":{"rendered":"<ul>\n<li>NOTEZ BIEN SVP: Cet \u00e9lastique est fabriqu\u00e9 en caoutchouc comme on l&rsquo;affiche si bien. Quelques clients l&rsquo;adorent tandis que d&rsquo;autres le trouvent trop caoutchout\u00e9 et n&rsquo;aime pas la senteur ni la sensation. Si celui ci n&rsquo;est pas fait pour vous, allez voir notre autre vrai de vrai \u00e9lastique fabriqu\u00e9 de 80% nylon et 20% spandex. SVP faites le bon choix pour vous.<\/li>\n<li>Nous ne vendons pas ces produits en rouleaux. Nous coupons des longueurs de 50 verges que nous mettons dans des petits sacs. Ainsi, nous pouvons fournir et faire plaisir \u00e0 un plus grand nombre de couturi\u00e8res qui veulent fabriquer leur propres masques. De plus, nous avons aussi ce que les autres fournisseurs n&rsquo;ont pas: de l&rsquo;inventaire et un service rapide!<\/li>\n<\/ul>\n","protected":false},"featured_media":18843,"comment_status":"open","ping_status":"closed","template":"","meta":{"site-sidebar-layout":"default","site-content-layout":"default","ast-site-content-layout":"default","site-content-style":"default","site-sidebar-style":"default","ast-global-header-display":"","ast-banner-title-visibility":"","ast-main-header-display":"","ast-hfb-above-header-display":"","ast-hfb-below-header-display":"","ast-hfb-mobile-header-display":"","site-post-title":"","ast-breadcrumbs-content":"","ast-featured-img":"","footer-sml-layout":"","ast-disable-related-posts":"","theme-transparent-header-meta":"default","adv-header-id-meta":"","stick-header-meta":"","header-above-stick-meta":"","header-main-stick-meta":"","header-below-stick-meta":"","astra-migrate-meta-layouts":"default","ast-page-background-enabled":"default","ast-page-background-meta":{"desktop":{"background-color":"","background-image":"","background-repeat":"repeat","background-position":"center center","background-size":"auto","background-attachment":"scroll","background-type":"","background-media":"","overlay-type":"","overlay-color":"","overlay-opacity":"","overlay-gradient":""},"tablet":{"background-color":"","background-image":"","background-repeat":"repeat","background-position":"center center","background-size":"auto","background-attachment":"scroll","background-type":"","background-media":"","overlay-type":"","overlay-color":"","overlay-opacity":"","overlay-gradient":""},"mobile":{"background-color":"","background-image":"","background-repeat":"repeat","background-position":"center center","background-size":"auto","background-attachment":"scroll","background-type":"","background-media":"","overlay-type":"","overlay-color":"","overlay-opacity":"","overlay-gradient":""}},"ast-content-background-meta":{"desktop":{"background-color":"var(--ast-global-color-5)","background-image":"","background-repeat":"repeat","background-position":"center center","background-size":"auto","background-attachment":"scroll","background-type":"","background-media":"","overlay-type":"","overlay-color":"","overlay-opacity":"","overlay-gradient":""},"tablet":{"background-color":"var(--ast-global-color-5)","background-image":"","background-repeat":"repeat","background-position":"center center","background-size":"auto","background-attachment":"scroll","background-type":"","background-media":"","overlay-type":"","overlay-color":"","overlay-opacity":"","overlay-gradient":""},"mobile":{"background-color":"var(--ast-global-color-5)","background-image":"","background-repeat":"repeat","background-position":"center center","background-size":"auto","background-attachment":"scroll","background-type":"","background-media":"","overlay-type":"","overlay-color":"","overlay-opacity":"","overlay-gradient":""}}},"product_brand":[],"product_cat":[2236],"product_tag":[],"class_list":{"0":"post-19873","1":"product","2":"type-product","3":"status-publish","4":"has-post-thumbnail","6":"product_cat-elastiques","7":"desktop-align-center","8":"tablet-align-center","9":"mobile-align-center","11":"first","12":"outofstock","13":"sale","14":"taxable","15":"shipping-taxable","16":"purchasable","17":"product-type-variable"},"yoast_head":"<!-- This site is optimized with the Yoast SEO plugin v27.5 - https:\/\/yoast.com\/product\/yoast-seo-wordpress\/ -->\n<title>\u00c9lastique en CAOUTCHOUC pour masques Covid-19 50 verges - Superpunch<\/title>\n<meta name=\"robots\" content=\"index, follow, max-snippet:-1, max-image-preview:large, max-video-preview:-1\" \/>\n<link rel=\"canonical\" href=\"https:\/\/superpunch.com\/fr\/produit\/rubber-elastic-for-covid-19-mask\/\" \/>\n<meta property=\"og:locale\" content=\"fr_CA\" \/>\n<meta property=\"og:type\" content=\"article\" \/>\n<meta property=\"og:title\" content=\"\u00c9lastique en CAOUTCHOUC pour masques Covid-19 50 verges - Superpunch\" \/>\n<meta property=\"og:description\" content=\"NOTEZ BIEN SVP: Cet \u00e9lastique est fabriqu\u00e9 en caoutchouc comme on l&#039;affiche si bien. Quelques clients l&#039;adorent tandis que d&#039;autres le trouvent trop caoutchout\u00e9 et n&#039;aime pas la senteur ni la sensation. Si celui ci n&#039;est pas fait pour vous, allez voir notre autre vrai de vrai \u00e9lastique fabriqu\u00e9 de 80% nylon et 20% spandex. SVP faites le bon choix pour vous.  Nous ne vendons pas ces produits en rouleaux. Nous coupons des longueurs de 50 verges que nous mettons dans des petits sacs. Ainsi, nous pouvons fournir et faire plaisir \u00e0 un plus grand nombre de couturi\u00e8res qui veulent fabriquer leur propres masques. De plus, nous avons aussi ce que les autres fournisseurs n&#039;ont pas: de l&#039;inventaire et un service rapide!\" \/>\n<meta property=\"og:url\" content=\"https:\/\/superpunch.com\/fr\/produit\/rubber-elastic-for-covid-19-mask\/\" \/>\n<meta property=\"og:site_name\" content=\"Superpunch\" \/>\n<meta property=\"article:publisher\" content=\"https:\/\/www.facebook.com\/Superpunchembroiderybroderie\" \/>\n<meta property=\"article:modified_time\" content=\"2021-08-25T18:55:34+00:00\" \/>\n<meta name=\"twitter:card\" content=\"summary_large_image\" \/>\n<meta name=\"twitter:site\" content=\"@superpunchemb\" \/>\n<meta name=\"twitter:label1\" content=\"Estimation du temps de lecture\" \/>\n\t<meta name=\"twitter:data1\" content=\"1 minute\" \/>\n<script type=\"application\/ld+json\" class=\"yoast-schema-graph\">{\"@context\":\"https:\\\/\\\/schema.org\",\"@graph\":[{\"@type\":\"WebPage\",\"@id\":\"https:\\\/\\\/superpunch.com\\\/fr\\\/produit\\\/rubber-elastic-for-covid-19-mask\\\/\",\"url\":\"https:\\\/\\\/superpunch.com\\\/fr\\\/produit\\\/rubber-elastic-for-covid-19-mask\\\/\",\"name\":\"\u00c9lastique en CAOUTCHOUC pour masques Covid-19 50 verges - Superpunch\",\"isPartOf\":{\"@id\":\"https:\\\/\\\/superpunch.com\\\/fr\\\/#website\"},\"primaryImageOfPage\":{\"@id\":\"https:\\\/\\\/superpunch.com\\\/fr\\\/produit\\\/rubber-elastic-for-covid-19-mask\\\/#primaryimage\"},\"image\":{\"@id\":\"https:\\\/\\\/superpunch.com\\\/fr\\\/produit\\\/rubber-elastic-for-covid-19-mask\\\/#primaryimage\"},\"thumbnailUrl\":\"https:\\\/\\\/superpunch.com\\\/wp-content\\\/uploads\\\/2021\\\/01\\\/elastic_rubber_white_and_black.jpg\",\"datePublished\":\"2021-03-02T21:01:42+00:00\",\"dateModified\":\"2021-08-25T18:55:34+00:00\",\"breadcrumb\":{\"@id\":\"https:\\\/\\\/superpunch.com\\\/fr\\\/produit\\\/rubber-elastic-for-covid-19-mask\\\/#breadcrumb\"},\"inLanguage\":\"fr-CA\",\"potentialAction\":[{\"@type\":\"ReadAction\",\"target\":[\"https:\\\/\\\/superpunch.com\\\/fr\\\/produit\\\/rubber-elastic-for-covid-19-mask\\\/\"]}]},{\"@type\":\"ImageObject\",\"inLanguage\":\"fr-CA\",\"@id\":\"https:\\\/\\\/superpunch.com\\\/fr\\\/produit\\\/rubber-elastic-for-covid-19-mask\\\/#primaryimage\",\"url\":\"https:\\\/\\\/superpunch.com\\\/wp-content\\\/uploads\\\/2021\\\/01\\\/elastic_rubber_white_and_black.jpg\",\"contentUrl\":\"https:\\\/\\\/superpunch.com\\\/wp-content\\\/uploads\\\/2021\\\/01\\\/elastic_rubber_white_and_black.jpg\",\"width\":800,\"height\":800},{\"@type\":\"BreadcrumbList\",\"@id\":\"https:\\\/\\\/superpunch.com\\\/fr\\\/produit\\\/rubber-elastic-for-covid-19-mask\\\/#breadcrumb\",\"itemListElement\":[{\"@type\":\"ListItem\",\"position\":1,\"name\":\"Home\",\"item\":\"https:\\\/\\\/superpunch.com\\\/fr\\\/\"},{\"@type\":\"ListItem\",\"position\":2,\"name\":\"Shop\",\"item\":\"https:\\\/\\\/superpunch.com\\\/fr\\\/shop\\\/\"},{\"@type\":\"ListItem\",\"position\":3,\"name\":\"\u00c9lastique en CAOUTCHOUC pour masques Covid-19 50 verges\"}]},{\"@type\":\"WebSite\",\"@id\":\"https:\\\/\\\/superpunch.com\\\/fr\\\/#website\",\"url\":\"https:\\\/\\\/superpunch.com\\\/fr\\\/\",\"name\":\"Superpunch\",\"description\":\"Superpunch - Embroidery Digitizing, Thread, Machines, Stabilizers And Supplies\",\"publisher\":{\"@id\":\"https:\\\/\\\/superpunch.com\\\/fr\\\/#organization\"},\"potentialAction\":[{\"@type\":\"SearchAction\",\"target\":{\"@type\":\"EntryPoint\",\"urlTemplate\":\"https:\\\/\\\/superpunch.com\\\/fr\\\/?s={search_term_string}\"},\"query-input\":{\"@type\":\"PropertyValueSpecification\",\"valueRequired\":true,\"valueName\":\"search_term_string\"}}],\"inLanguage\":\"fr-CA\"},{\"@type\":\"Organization\",\"@id\":\"https:\\\/\\\/superpunch.com\\\/fr\\\/#organization\",\"name\":\"Superpunch\",\"url\":\"https:\\\/\\\/superpunch.com\\\/fr\\\/\",\"logo\":{\"@type\":\"ImageObject\",\"inLanguage\":\"fr-CA\",\"@id\":\"https:\\\/\\\/superpunch.com\\\/fr\\\/#\\\/schema\\\/logo\\\/image\\\/\",\"url\":\"https:\\\/\\\/superpunch.com\\\/wp-content\\\/uploads\\\/2022\\\/12\\\/superpunch_complet_new_site_on_black-2022.jpg\",\"contentUrl\":\"https:\\\/\\\/superpunch.com\\\/wp-content\\\/uploads\\\/2022\\\/12\\\/superpunch_complet_new_site_on_black-2022.jpg\",\"width\":600,\"height\":174,\"caption\":\"Superpunch\"},\"image\":{\"@id\":\"https:\\\/\\\/superpunch.com\\\/fr\\\/#\\\/schema\\\/logo\\\/image\\\/\"},\"sameAs\":[\"https:\\\/\\\/www.facebook.com\\\/Superpunchembroiderybroderie\",\"https:\\\/\\\/x.com\\\/superpunchemb\",\"https:\\\/\\\/www.instagram.com\\\/superpunchbrand?igsh=YW8xa2ZyZmxkdGNv\",\"https:\\\/\\\/www.youtube.com\\\/channel\\\/UCgt7yq4-pFJgeI_03psdGPQ\",\"https:\\\/\\\/www.pinterest.ca\\\/superpunchemb\"]}]}<\/script>\n<!-- \/ Yoast SEO plugin. -->","yoast_head_json":{"title":"\u00c9lastique en CAOUTCHOUC pour masques Covid-19 50 verges - Superpunch","robots":{"index":"index","follow":"follow","max-snippet":"max-snippet:-1","max-image-preview":"max-image-preview:large","max-video-preview":"max-video-preview:-1"},"canonical":"https:\/\/superpunch.com\/fr\/produit\/rubber-elastic-for-covid-19-mask\/","og_locale":"fr_CA","og_type":"article","og_title":"\u00c9lastique en CAOUTCHOUC pour masques Covid-19 50 verges - Superpunch","og_description":"NOTEZ BIEN SVP: Cet \u00e9lastique est fabriqu\u00e9 en caoutchouc comme on l'affiche si bien. Quelques clients l'adorent tandis que d'autres le trouvent trop caoutchout\u00e9 et n'aime pas la senteur ni la sensation. Si celui ci n'est pas fait pour vous, allez voir notre autre vrai de vrai \u00e9lastique fabriqu\u00e9 de 80% nylon et 20% spandex. SVP faites le bon choix pour vous.  Nous ne vendons pas ces produits en rouleaux. Nous coupons des longueurs de 50 verges que nous mettons dans des petits sacs. Ainsi, nous pouvons fournir et faire plaisir \u00e0 un plus grand nombre de couturi\u00e8res qui veulent fabriquer leur propres masques. De plus, nous avons aussi ce que les autres fournisseurs n'ont pas: de l'inventaire et un service rapide!","og_url":"https:\/\/superpunch.com\/fr\/produit\/rubber-elastic-for-covid-19-mask\/","og_site_name":"Superpunch","article_publisher":"https:\/\/www.facebook.com\/Superpunchembroiderybroderie","article_modified_time":"2021-08-25T18:55:34+00:00","twitter_card":"summary_large_image","twitter_site":"@superpunchemb","twitter_misc":{"Estimation du temps de lecture":"1 minute"},"schema":{"@context":"https:\/\/schema.org","@graph":[{"@type":"WebPage","@id":"https:\/\/superpunch.com\/fr\/produit\/rubber-elastic-for-covid-19-mask\/","url":"https:\/\/superpunch.com\/fr\/produit\/rubber-elastic-for-covid-19-mask\/","name":"\u00c9lastique en CAOUTCHOUC pour masques Covid-19 50 verges - Superpunch","isPartOf":{"@id":"https:\/\/superpunch.com\/fr\/#website"},"primaryImageOfPage":{"@id":"https:\/\/superpunch.com\/fr\/produit\/rubber-elastic-for-covid-19-mask\/#primaryimage"},"image":{"@id":"https:\/\/superpunch.com\/fr\/produit\/rubber-elastic-for-covid-19-mask\/#primaryimage"},"thumbnailUrl":"https:\/\/superpunch.com\/wp-content\/uploads\/2021\/01\/elastic_rubber_white_and_black.jpg","datePublished":"2021-03-02T21:01:42+00:00","dateModified":"2021-08-25T18:55:34+00:00","breadcrumb":{"@id":"https:\/\/superpunch.com\/fr\/produit\/rubber-elastic-for-covid-19-mask\/#breadcrumb"},"inLanguage":"fr-CA","potentialAction":[{"@type":"ReadAction","target":["https:\/\/superpunch.com\/fr\/produit\/rubber-elastic-for-covid-19-mask\/"]}]},{"@type":"ImageObject","inLanguage":"fr-CA","@id":"https:\/\/superpunch.com\/fr\/produit\/rubber-elastic-for-covid-19-mask\/#primaryimage","url":"https:\/\/superpunch.com\/wp-content\/uploads\/2021\/01\/elastic_rubber_white_and_black.jpg","contentUrl":"https:\/\/superpunch.com\/wp-content\/uploads\/2021\/01\/elastic_rubber_white_and_black.jpg","width":800,"height":800},{"@type":"BreadcrumbList","@id":"https:\/\/superpunch.com\/fr\/produit\/rubber-elastic-for-covid-19-mask\/#breadcrumb","itemListElement":[{"@type":"ListItem","position":1,"name":"Home","item":"https:\/\/superpunch.com\/fr\/"},{"@type":"ListItem","position":2,"name":"Shop","item":"https:\/\/superpunch.com\/fr\/shop\/"},{"@type":"ListItem","position":3,"name":"\u00c9lastique en CAOUTCHOUC pour masques Covid-19 50 verges"}]},{"@type":"WebSite","@id":"https:\/\/superpunch.com\/fr\/#website","url":"https:\/\/superpunch.com\/fr\/","name":"Superpunch","description":"Superpunch - Embroidery Digitizing, Thread, Machines, Stabilizers And Supplies","publisher":{"@id":"https:\/\/superpunch.com\/fr\/#organization"},"potentialAction":[{"@type":"SearchAction","target":{"@type":"EntryPoint","urlTemplate":"https:\/\/superpunch.com\/fr\/?s={search_term_string}"},"query-input":{"@type":"PropertyValueSpecification","valueRequired":true,"valueName":"search_term_string"}}],"inLanguage":"fr-CA"},{"@type":"Organization","@id":"https:\/\/superpunch.com\/fr\/#organization","name":"Superpunch","url":"https:\/\/superpunch.com\/fr\/","logo":{"@type":"ImageObject","inLanguage":"fr-CA","@id":"https:\/\/superpunch.com\/fr\/#\/schema\/logo\/image\/","url":"https:\/\/superpunch.com\/wp-content\/uploads\/2022\/12\/superpunch_complet_new_site_on_black-2022.jpg","contentUrl":"https:\/\/superpunch.com\/wp-content\/uploads\/2022\/12\/superpunch_complet_new_site_on_black-2022.jpg","width":600,"height":174,"caption":"Superpunch"},"image":{"@id":"https:\/\/superpunch.com\/fr\/#\/schema\/logo\/image\/"},"sameAs":["https:\/\/www.facebook.com\/Superpunchembroiderybroderie","https:\/\/x.com\/superpunchemb","https:\/\/www.instagram.com\/superpunchbrand?igsh=YW8xa2ZyZmxkdGNv","https:\/\/www.youtube.com\/channel\/UCgt7yq4-pFJgeI_03psdGPQ","https:\/\/www.pinterest.ca\/superpunchemb"]}]}},"_links":{"self":[{"href":"https:\/\/superpunch.com\/fr\/wp-json\/wp\/v2\/product\/19873","targetHints":{"allow":["GET"]}}],"collection":[{"href":"https:\/\/superpunch.com\/fr\/wp-json\/wp\/v2\/product"}],"about":[{"href":"https:\/\/superpunch.com\/fr\/wp-json\/wp\/v2\/types\/product"}],"replies":[{"embeddable":true,"href":"https:\/\/superpunch.com\/fr\/wp-json\/wp\/v2\/comments?post=19873"}],"wp:featuredmedia":[{"embeddable":true,"href":"https:\/\/superpunch.com\/fr\/wp-json\/wp\/v2\/media\/18843"}],"wp:attachment":[{"href":"https:\/\/superpunch.com\/fr\/wp-json\/wp\/v2\/media?parent=19873"}],"wp:term":[{"taxonomy":"product_brand","embeddable":true,"href":"https:\/\/superpunch.com\/fr\/wp-json\/wp\/v2\/product_brand?post=19873"},{"taxonomy":"product_cat","embeddable":true,"href":"https:\/\/superpunch.com\/fr\/wp-json\/wp\/v2\/product_cat?post=19873"},{"taxonomy":"product_tag","embeddable":true,"href":"https:\/\/superpunch.com\/fr\/wp-json\/wp\/v2\/product_tag?post=19873"}],"curies":[{"name":"wp","href":"https:\/\/api.w.org\/{rel}","templated":true}]}}