{"id":19880,"date":"2021-01-15T12:44:55","date_gmt":"2021-03-02T21:13:17","guid":{"rendered":"https:\/\/superpunch.com\/shop\/le-vrai-de-vrai-elastique-pour-masques-80-nylon-20-spandex\/"},"modified":"2021-04-21T11:40:46","modified_gmt":"2021-04-21T15:40:46","slug":"the-real-elastic-for-masks-80-nylon-20-spandex-2","status":"publish","type":"product","link":"https:\/\/superpunch.com\/fr\/produit\/the-real-elastic-for-masks-80-nylon-20-spandex-2\/","title":{"rendered":"Le vrai de vrai \u00e9lastique pour masques &#8211; 80% nylon &#8211; 20% spandex"},"content":{"rendered":"<p>20% spandex &#8211; 80% nylon. The real deal!<br \/>\nDoux pour la peau.<\/p>\n<p>NOTEZ BIEN: Nous ne vendons pas ces produits en rouleaux. Nous coupons des longueurs de 5 et 50 verges que nous mettons dans des petits sacs, que nous exp\u00e9dions \u00e0 bas prix. Ainsi, nous pouvons fournir et faire plaisir \u00e0 un plus grand nombre de couturi\u00e8res qui veulent fabriquer leur propres masques. De plus, nous avons aussi ce que les autres fournisseurs n&rsquo;ont pas: de l&rsquo;inventaire et un service rapide!<\/p>\n<p>Regarder le vid\u00e9o pour voir l&rsquo;\u00e9lasticit\u00e9.<\/p>\n<p><a href=\"https:\/\/youtu.be\/hYtdzFKOCB0\">https:\/\/youtu.be\/hYtdzFKOCB0<\/a><\/p>\n<p><a href=\"https:\/\/youtu.be\/aNRFyyVn7Lw\">https:\/\/youtu.be\/aNRFyyVn7Lw<\/a><\/p>\n<p>&nbsp;<\/p>\n","protected":false},"excerpt":{"rendered":"<ul>\n<li>20% spandex &#8211; 80% nylon. _ Regardez la vid\u00e9o ci-dessous!<\/li>\n<li>Doux pour la peau.<\/li>\n<li>NOTEZ BIEN: Nous ne vendons pas ces produits en rouleaux. Nous coupons des longueurs de 5 et 50 verges que nous mettons dans des petits sacs, que nous exp\u00e9dions \u00e0 bas prix. Ainsi, nous pouvons fournir et faire plaisir \u00e0 un plus grand nombre de couturi\u00e8res qui veulent fabriquer leur propres masques. De plus, nous avons aussi ce que les autres fournisseurs n&rsquo;ont pas: de l&rsquo;inventaire et un service rapide!<\/li>\n<li>Regarder le vid\u00e9o pour voir l&rsquo;\u00e9lasticit\u00e9.<\/li>\n<\/ul>\n","protected":false},"featured_media":18836,"comment_status":"open","ping_status":"closed","template":"","meta":{"site-sidebar-layout":"default","site-content-layout":"default","ast-site-content-layout":"default","site-content-style":"default","site-sidebar-style":"default","ast-global-header-display":"","ast-banner-title-visibility":"","ast-main-header-display":"","ast-hfb-above-header-display":"","ast-hfb-below-header-display":"","ast-hfb-mobile-header-display":"","site-post-title":"","ast-breadcrumbs-content":"","ast-featured-img":"","footer-sml-layout":"","ast-disable-related-posts":"","theme-transparent-header-meta":"default","adv-header-id-meta":"","stick-header-meta":"","header-above-stick-meta":"","header-main-stick-meta":"","header-below-stick-meta":"","astra-migrate-meta-layouts":"default","ast-page-background-enabled":"default","ast-page-background-meta":{"desktop":{"background-color":"","background-image":"","background-repeat":"repeat","background-position":"center center","background-size":"auto","background-attachment":"scroll","background-type":"","background-media":"","overlay-type":"","overlay-color":"","overlay-opacity":"","overlay-gradient":""},"tablet":{"background-color":"","background-image":"","background-repeat":"repeat","background-position":"center center","background-size":"auto","background-attachment":"scroll","background-type":"","background-media":"","overlay-type":"","overlay-color":"","overlay-opacity":"","overlay-gradient":""},"mobile":{"background-color":"","background-image":"","background-repeat":"repeat","background-position":"center center","background-size":"auto","background-attachment":"scroll","background-type":"","background-media":"","overlay-type":"","overlay-color":"","overlay-opacity":"","overlay-gradient":""}},"ast-content-background-meta":{"desktop":{"background-color":"var(--ast-global-color-5)","background-image":"","background-repeat":"repeat","background-position":"center center","background-size":"auto","background-attachment":"scroll","background-type":"","background-media":"","overlay-type":"","overlay-color":"","overlay-opacity":"","overlay-gradient":""},"tablet":{"background-color":"var(--ast-global-color-5)","background-image":"","background-repeat":"repeat","background-position":"center center","background-size":"auto","background-attachment":"scroll","background-type":"","background-media":"","overlay-type":"","overlay-color":"","overlay-opacity":"","overlay-gradient":""},"mobile":{"background-color":"var(--ast-global-color-5)","background-image":"","background-repeat":"repeat","background-position":"center center","background-size":"auto","background-attachment":"scroll","background-type":"","background-media":"","overlay-type":"","overlay-color":"","overlay-opacity":"","overlay-gradient":""}}},"product_brand":[],"product_cat":[2239,2236],"product_tag":[],"class_list":{"0":"post-19880","1":"product","2":"type-product","3":"status-publish","4":"has-post-thumbnail","6":"product_cat-covid-19-fr","7":"product_cat-elastiques","8":"desktop-align-center","9":"tablet-align-center","10":"mobile-align-center","12":"first","13":"outofstock","14":"sale","15":"taxable","16":"shipping-taxable","17":"purchasable","18":"product-type-variable"},"yoast_head":"<!-- This site is optimized with the Yoast SEO plugin v27.5 - https:\/\/yoast.com\/product\/yoast-seo-wordpress\/ -->\n<title>Le vrai de vrai \u00e9lastique pour masques - 80% nylon - 20% spandex - Superpunch<\/title>\n<meta name=\"robots\" content=\"index, follow, max-snippet:-1, max-image-preview:large, max-video-preview:-1\" \/>\n<link rel=\"canonical\" href=\"https:\/\/superpunch.com\/fr\/produit\/the-real-elastic-for-masks-80-nylon-20-spandex-2\/\" \/>\n<meta property=\"og:locale\" content=\"fr_CA\" \/>\n<meta property=\"og:type\" content=\"article\" \/>\n<meta property=\"og:title\" content=\"Le vrai de vrai \u00e9lastique pour masques - 80% nylon - 20% spandex - Superpunch\" \/>\n<meta property=\"og:description\" content=\"20% spandex - 80% nylon. _ Regardez la vid\u00e9o ci-dessous!  Doux pour la peau.  NOTEZ BIEN: Nous ne vendons pas ces produits en rouleaux. Nous coupons des longueurs de 5 et 50 verges que nous mettons dans des petits sacs, que nous exp\u00e9dions \u00e0 bas prix. Ainsi, nous pouvons fournir et faire plaisir \u00e0 un plus grand nombre de couturi\u00e8res qui veulent fabriquer leur propres masques. De plus, nous avons aussi ce que les autres fournisseurs n&#039;ont pas: de l&#039;inventaire et un service rapide!  Regarder le vid\u00e9o pour voir l&#039;\u00e9lasticit\u00e9.\" \/>\n<meta property=\"og:url\" content=\"https:\/\/superpunch.com\/fr\/produit\/the-real-elastic-for-masks-80-nylon-20-spandex-2\/\" \/>\n<meta property=\"og:site_name\" content=\"Superpunch\" \/>\n<meta property=\"article:publisher\" content=\"https:\/\/www.facebook.com\/Superpunchembroiderybroderie\" \/>\n<meta property=\"article:modified_time\" content=\"2021-04-21T15:40:46+00:00\" \/>\n<meta name=\"twitter:card\" content=\"summary_large_image\" \/>\n<meta name=\"twitter:site\" content=\"@superpunchemb\" \/>\n<meta name=\"twitter:label1\" content=\"Estimation du temps de lecture\" \/>\n\t<meta name=\"twitter:data1\" content=\"1 minute\" \/>\n<script type=\"application\/ld+json\" class=\"yoast-schema-graph\">{\"@context\":\"https:\\\/\\\/schema.org\",\"@graph\":[{\"@type\":\"WebPage\",\"@id\":\"https:\\\/\\\/superpunch.com\\\/fr\\\/produit\\\/the-real-elastic-for-masks-80-nylon-20-spandex-2\\\/\",\"url\":\"https:\\\/\\\/superpunch.com\\\/fr\\\/produit\\\/the-real-elastic-for-masks-80-nylon-20-spandex-2\\\/\",\"name\":\"Le vrai de vrai \u00e9lastique pour masques - 80% nylon - 20% spandex - Superpunch\",\"isPartOf\":{\"@id\":\"https:\\\/\\\/superpunch.com\\\/fr\\\/#website\"},\"primaryImageOfPage\":{\"@id\":\"https:\\\/\\\/superpunch.com\\\/fr\\\/produit\\\/the-real-elastic-for-masks-80-nylon-20-spandex-2\\\/#primaryimage\"},\"image\":{\"@id\":\"https:\\\/\\\/superpunch.com\\\/fr\\\/produit\\\/the-real-elastic-for-masks-80-nylon-20-spandex-2\\\/#primaryimage\"},\"thumbnailUrl\":\"https:\\\/\\\/superpunch.com\\\/wp-content\\\/uploads\\\/2021\\\/01\\\/b01c94db-5b88-4807-b38c-7f012892ea52_1.6758f89e9a20682f5be10f698ae6acbe.jpg\",\"datePublished\":\"2021-03-02T21:13:17+00:00\",\"dateModified\":\"2021-04-21T15:40:46+00:00\",\"breadcrumb\":{\"@id\":\"https:\\\/\\\/superpunch.com\\\/fr\\\/produit\\\/the-real-elastic-for-masks-80-nylon-20-spandex-2\\\/#breadcrumb\"},\"inLanguage\":\"fr-CA\",\"potentialAction\":[{\"@type\":\"ReadAction\",\"target\":[\"https:\\\/\\\/superpunch.com\\\/fr\\\/produit\\\/the-real-elastic-for-masks-80-nylon-20-spandex-2\\\/\"]}]},{\"@type\":\"ImageObject\",\"inLanguage\":\"fr-CA\",\"@id\":\"https:\\\/\\\/superpunch.com\\\/fr\\\/produit\\\/the-real-elastic-for-masks-80-nylon-20-spandex-2\\\/#primaryimage\",\"url\":\"https:\\\/\\\/superpunch.com\\\/wp-content\\\/uploads\\\/2021\\\/01\\\/b01c94db-5b88-4807-b38c-7f012892ea52_1.6758f89e9a20682f5be10f698ae6acbe.jpg\",\"contentUrl\":\"https:\\\/\\\/superpunch.com\\\/wp-content\\\/uploads\\\/2021\\\/01\\\/b01c94db-5b88-4807-b38c-7f012892ea52_1.6758f89e9a20682f5be10f698ae6acbe.jpg\",\"width\":450,\"height\":450},{\"@type\":\"BreadcrumbList\",\"@id\":\"https:\\\/\\\/superpunch.com\\\/fr\\\/produit\\\/the-real-elastic-for-masks-80-nylon-20-spandex-2\\\/#breadcrumb\",\"itemListElement\":[{\"@type\":\"ListItem\",\"position\":1,\"name\":\"Home\",\"item\":\"https:\\\/\\\/superpunch.com\\\/fr\\\/\"},{\"@type\":\"ListItem\",\"position\":2,\"name\":\"Shop\",\"item\":\"https:\\\/\\\/superpunch.com\\\/fr\\\/shop\\\/\"},{\"@type\":\"ListItem\",\"position\":3,\"name\":\"Le vrai de vrai \u00e9lastique pour masques &#8211; 80% nylon &#8211; 20% spandex\"}]},{\"@type\":\"WebSite\",\"@id\":\"https:\\\/\\\/superpunch.com\\\/fr\\\/#website\",\"url\":\"https:\\\/\\\/superpunch.com\\\/fr\\\/\",\"name\":\"Superpunch\",\"description\":\"Superpunch - Embroidery Digitizing, Thread, Machines, Stabilizers And Supplies\",\"publisher\":{\"@id\":\"https:\\\/\\\/superpunch.com\\\/fr\\\/#organization\"},\"potentialAction\":[{\"@type\":\"SearchAction\",\"target\":{\"@type\":\"EntryPoint\",\"urlTemplate\":\"https:\\\/\\\/superpunch.com\\\/fr\\\/?s={search_term_string}\"},\"query-input\":{\"@type\":\"PropertyValueSpecification\",\"valueRequired\":true,\"valueName\":\"search_term_string\"}}],\"inLanguage\":\"fr-CA\"},{\"@type\":\"Organization\",\"@id\":\"https:\\\/\\\/superpunch.com\\\/fr\\\/#organization\",\"name\":\"Superpunch\",\"url\":\"https:\\\/\\\/superpunch.com\\\/fr\\\/\",\"logo\":{\"@type\":\"ImageObject\",\"inLanguage\":\"fr-CA\",\"@id\":\"https:\\\/\\\/superpunch.com\\\/fr\\\/#\\\/schema\\\/logo\\\/image\\\/\",\"url\":\"https:\\\/\\\/superpunch.com\\\/wp-content\\\/uploads\\\/2022\\\/12\\\/superpunch_complet_new_site_on_black-2022.jpg\",\"contentUrl\":\"https:\\\/\\\/superpunch.com\\\/wp-content\\\/uploads\\\/2022\\\/12\\\/superpunch_complet_new_site_on_black-2022.jpg\",\"width\":600,\"height\":174,\"caption\":\"Superpunch\"},\"image\":{\"@id\":\"https:\\\/\\\/superpunch.com\\\/fr\\\/#\\\/schema\\\/logo\\\/image\\\/\"},\"sameAs\":[\"https:\\\/\\\/www.facebook.com\\\/Superpunchembroiderybroderie\",\"https:\\\/\\\/x.com\\\/superpunchemb\",\"https:\\\/\\\/www.instagram.com\\\/superpunchbrand?igsh=YW8xa2ZyZmxkdGNv\",\"https:\\\/\\\/www.youtube.com\\\/channel\\\/UCgt7yq4-pFJgeI_03psdGPQ\",\"https:\\\/\\\/www.pinterest.ca\\\/superpunchemb\"]}]}<\/script>\n<!-- \/ Yoast SEO plugin. -->","yoast_head_json":{"title":"Le vrai de vrai \u00e9lastique pour masques - 80% nylon - 20% spandex - Superpunch","robots":{"index":"index","follow":"follow","max-snippet":"max-snippet:-1","max-image-preview":"max-image-preview:large","max-video-preview":"max-video-preview:-1"},"canonical":"https:\/\/superpunch.com\/fr\/produit\/the-real-elastic-for-masks-80-nylon-20-spandex-2\/","og_locale":"fr_CA","og_type":"article","og_title":"Le vrai de vrai \u00e9lastique pour masques - 80% nylon - 20% spandex - Superpunch","og_description":"20% spandex - 80% nylon. _ Regardez la vid\u00e9o ci-dessous!  Doux pour la peau.  NOTEZ BIEN: Nous ne vendons pas ces produits en rouleaux. Nous coupons des longueurs de 5 et 50 verges que nous mettons dans des petits sacs, que nous exp\u00e9dions \u00e0 bas prix. Ainsi, nous pouvons fournir et faire plaisir \u00e0 un plus grand nombre de couturi\u00e8res qui veulent fabriquer leur propres masques. De plus, nous avons aussi ce que les autres fournisseurs n'ont pas: de l'inventaire et un service rapide!  Regarder le vid\u00e9o pour voir l'\u00e9lasticit\u00e9.","og_url":"https:\/\/superpunch.com\/fr\/produit\/the-real-elastic-for-masks-80-nylon-20-spandex-2\/","og_site_name":"Superpunch","article_publisher":"https:\/\/www.facebook.com\/Superpunchembroiderybroderie","article_modified_time":"2021-04-21T15:40:46+00:00","twitter_card":"summary_large_image","twitter_site":"@superpunchemb","twitter_misc":{"Estimation du temps de lecture":"1 minute"},"schema":{"@context":"https:\/\/schema.org","@graph":[{"@type":"WebPage","@id":"https:\/\/superpunch.com\/fr\/produit\/the-real-elastic-for-masks-80-nylon-20-spandex-2\/","url":"https:\/\/superpunch.com\/fr\/produit\/the-real-elastic-for-masks-80-nylon-20-spandex-2\/","name":"Le vrai de vrai \u00e9lastique pour masques - 80% nylon - 20% spandex - Superpunch","isPartOf":{"@id":"https:\/\/superpunch.com\/fr\/#website"},"primaryImageOfPage":{"@id":"https:\/\/superpunch.com\/fr\/produit\/the-real-elastic-for-masks-80-nylon-20-spandex-2\/#primaryimage"},"image":{"@id":"https:\/\/superpunch.com\/fr\/produit\/the-real-elastic-for-masks-80-nylon-20-spandex-2\/#primaryimage"},"thumbnailUrl":"https:\/\/superpunch.com\/wp-content\/uploads\/2021\/01\/b01c94db-5b88-4807-b38c-7f012892ea52_1.6758f89e9a20682f5be10f698ae6acbe.jpg","datePublished":"2021-03-02T21:13:17+00:00","dateModified":"2021-04-21T15:40:46+00:00","breadcrumb":{"@id":"https:\/\/superpunch.com\/fr\/produit\/the-real-elastic-for-masks-80-nylon-20-spandex-2\/#breadcrumb"},"inLanguage":"fr-CA","potentialAction":[{"@type":"ReadAction","target":["https:\/\/superpunch.com\/fr\/produit\/the-real-elastic-for-masks-80-nylon-20-spandex-2\/"]}]},{"@type":"ImageObject","inLanguage":"fr-CA","@id":"https:\/\/superpunch.com\/fr\/produit\/the-real-elastic-for-masks-80-nylon-20-spandex-2\/#primaryimage","url":"https:\/\/superpunch.com\/wp-content\/uploads\/2021\/01\/b01c94db-5b88-4807-b38c-7f012892ea52_1.6758f89e9a20682f5be10f698ae6acbe.jpg","contentUrl":"https:\/\/superpunch.com\/wp-content\/uploads\/2021\/01\/b01c94db-5b88-4807-b38c-7f012892ea52_1.6758f89e9a20682f5be10f698ae6acbe.jpg","width":450,"height":450},{"@type":"BreadcrumbList","@id":"https:\/\/superpunch.com\/fr\/produit\/the-real-elastic-for-masks-80-nylon-20-spandex-2\/#breadcrumb","itemListElement":[{"@type":"ListItem","position":1,"name":"Home","item":"https:\/\/superpunch.com\/fr\/"},{"@type":"ListItem","position":2,"name":"Shop","item":"https:\/\/superpunch.com\/fr\/shop\/"},{"@type":"ListItem","position":3,"name":"Le vrai de vrai \u00e9lastique pour masques &#8211; 80% nylon &#8211; 20% spandex"}]},{"@type":"WebSite","@id":"https:\/\/superpunch.com\/fr\/#website","url":"https:\/\/superpunch.com\/fr\/","name":"Superpunch","description":"Superpunch - Embroidery Digitizing, Thread, Machines, Stabilizers And Supplies","publisher":{"@id":"https:\/\/superpunch.com\/fr\/#organization"},"potentialAction":[{"@type":"SearchAction","target":{"@type":"EntryPoint","urlTemplate":"https:\/\/superpunch.com\/fr\/?s={search_term_string}"},"query-input":{"@type":"PropertyValueSpecification","valueRequired":true,"valueName":"search_term_string"}}],"inLanguage":"fr-CA"},{"@type":"Organization","@id":"https:\/\/superpunch.com\/fr\/#organization","name":"Superpunch","url":"https:\/\/superpunch.com\/fr\/","logo":{"@type":"ImageObject","inLanguage":"fr-CA","@id":"https:\/\/superpunch.com\/fr\/#\/schema\/logo\/image\/","url":"https:\/\/superpunch.com\/wp-content\/uploads\/2022\/12\/superpunch_complet_new_site_on_black-2022.jpg","contentUrl":"https:\/\/superpunch.com\/wp-content\/uploads\/2022\/12\/superpunch_complet_new_site_on_black-2022.jpg","width":600,"height":174,"caption":"Superpunch"},"image":{"@id":"https:\/\/superpunch.com\/fr\/#\/schema\/logo\/image\/"},"sameAs":["https:\/\/www.facebook.com\/Superpunchembroiderybroderie","https:\/\/x.com\/superpunchemb","https:\/\/www.instagram.com\/superpunchbrand?igsh=YW8xa2ZyZmxkdGNv","https:\/\/www.youtube.com\/channel\/UCgt7yq4-pFJgeI_03psdGPQ","https:\/\/www.pinterest.ca\/superpunchemb"]}]}},"_links":{"self":[{"href":"https:\/\/superpunch.com\/fr\/wp-json\/wp\/v2\/product\/19880","targetHints":{"allow":["GET"]}}],"collection":[{"href":"https:\/\/superpunch.com\/fr\/wp-json\/wp\/v2\/product"}],"about":[{"href":"https:\/\/superpunch.com\/fr\/wp-json\/wp\/v2\/types\/product"}],"replies":[{"embeddable":true,"href":"https:\/\/superpunch.com\/fr\/wp-json\/wp\/v2\/comments?post=19880"}],"wp:featuredmedia":[{"embeddable":true,"href":"https:\/\/superpunch.com\/fr\/wp-json\/wp\/v2\/media\/18836"}],"wp:attachment":[{"href":"https:\/\/superpunch.com\/fr\/wp-json\/wp\/v2\/media?parent=19880"}],"wp:term":[{"taxonomy":"product_brand","embeddable":true,"href":"https:\/\/superpunch.com\/fr\/wp-json\/wp\/v2\/product_brand?post=19880"},{"taxonomy":"product_cat","embeddable":true,"href":"https:\/\/superpunch.com\/fr\/wp-json\/wp\/v2\/product_cat?post=19880"},{"taxonomy":"product_tag","embeddable":true,"href":"https:\/\/superpunch.com\/fr\/wp-json\/wp\/v2\/product_tag?post=19880"}],"curies":[{"name":"wp","href":"https:\/\/api.w.org\/{rel}","templated":true}]}}