{"id":19894,"date":"2021-01-08T10:57:39","date_gmt":"2021-01-08T15:57:39","guid":{"rendered":"https:\/\/superpunch.com\/shop\/fil-a-broder-en-polyester-de-madeira\/"},"modified":"2026-04-15T20:05:53","modified_gmt":"2026-04-16T00:05:53","slug":"fil-a-broder-en-polyester-de-madeira","status":"publish","type":"product","link":"https:\/\/superpunch.com\/fr\/produit\/fil-a-broder-en-polyester-de-madeira\/","title":{"rendered":"Fil \u00e0 broder en polyester de Madeira"},"content":{"rendered":"<p>Grandeur 40 &#8211; 5000 m\u00e8tres<\/p>\n<p>Madeira, le meilleur fil \u00e0 broder au monde, point final.<br \/>\n<img fetchpriority=\"high\" decoding=\"async\" class=\"wp-image-31323 size-full alignright\" src=\"https:\/\/superpunch.com\/wp-content\/uploads\/2021\/01\/madeira-again-1.jpg\" alt=\"\" width=\"600\" height=\"450\" \/><\/p>\n<div id=\"boxuppertextbig\"><strong>\u00c0 propos du fil Madeira:<\/strong><\/div>\n<div id=\"aboutus\">\n<p>Que pouvez-vous dire d&rsquo;un membre de votre famille? Faites attention \u00e0 ce que vous pourriez dire\u2026 non? Enfin, pas tout \u00e0 fait. Mot pour mot, dans le monde r\u00e9el, la r\u00e9ponse \u00e0 cette question peut prendre une toute nouvelle vie, mais dans le monde de la broderie chez Superpunch, le type de fil qu&rsquo;un brodeur utilise pour ex\u00e9cuter son m\u00e9tier est un peu comme cr\u00e9er votre propre famille. A chacun le sien, en effet, mais la qualit\u00e9 a un prix, nous le savons tous, ou devons-nous?<\/p>\n<p>Fabriqu\u00e9 en Allemagne <img decoding=\"async\" class=\"alignnone wp-image-18645\" src=\"https:\/\/superpunch.com\/wp-content\/uploads\/2021\/01\/germany-flag.jpg\" alt=\"\" width=\"30\" height=\"18\" srcset=\"https:\/\/superpunch.com\/wp-content\/uploads\/2021\/01\/germany-flag.jpg 500w, https:\/\/superpunch.com\/wp-content\/uploads\/2021\/01\/germany-flag-416x251.jpg 416w\" sizes=\"(max-width: 30px) 100vw, 30px\" \/> Le fil Madeira existe depuis pr\u00e8s de 100 ans et sa r\u00e9putation en tant que fournisseur de produits de qualit\u00e9 et de bonheur parmi les brodeurs est incomparable. Vendre des produits \u00e0 un prix plus \u00e9lev\u00e9 par rapport aux imitations \u00e9mergentes peut sembler un exploit impossible \u00e0 r\u00e9aliser dans le monde d&rsquo;aujourd&rsquo;hui, mais la puissance de Madeira r\u00e9side dans sa rentabilit\u00e9 et sa qualit\u00e9, point final. Veuillez comprendre que vous ne trouverez pas d&rsquo;\u00e9tiquette de prix accrocheur, ni de vente 2 pour 1. Votre machine \u00e0 broder va coudre encore et encore, sans boucles, Happy ou pas. Ce classique Polyneon est fabriqu\u00e9 avec un enroulement constant, une teinture pr\u00e9cise et des couleurs pures sur un menu de 400 nuances. Madeira fera de vous un meilleur brodeur, car en termes simples, c&rsquo;est le meilleur fil \u00e0 broder au monde et un fil qui casse est un de trop. De plus, Superpunch am\u00e9liorera vos r\u00e9sultats avec son service Web interactif, son interface facile \u00e0 utiliser sur le r\u00e9seau, ses produits exclusifs et sa num\u00e9risation \u00abFait au Canada\u00bb pour une exp\u00e9rience innovante encore plus compl\u00e8te.<\/p>\n<p>En 1988, le fondateur de Superpunch, Jean \u00ab\u00a0Johnny\u00a0\u00bb Larochelle, a cousu ses premiers points avec du fil de Madeira et n&rsquo;a jamais regard\u00e9 en arri\u00e8re. \u00c0 l&rsquo;\u00e9poque et encore aujourd&rsquo;hui, la diff\u00e9rence de co\u00fbt du fil n&rsquo;est pas le facteur le plus crucial lors de l&rsquo;ex\u00e9cution d&rsquo;une production. Puis en 1998, Superpunch a commenc\u00e9 \u00e0 vendre des machines \u00e0 broder et a toujours r\u00e9f\u00e9r\u00e9 ses nouveaux brodeurs \u00e0 Madeira en toute confiance. Pourquoi se contenter de moins?<\/p>\n<p>Comme vous pouvez le voir, il est facile de comprendre pourquoi Madeira fait partie de la famille Superpunch, depuis le premier jour.<br \/>\n<img decoding=\"async\" class=\"alignleft wp-image-31319 size-full\" src=\"https:\/\/superpunch.com\/wp-content\/uploads\/2021\/01\/madeira.jpg\" alt=\"\" width=\"600\" height=\"450\" \/><\/p>\n<\/div>\n","protected":false},"excerpt":{"rendered":"<ul>\n<li>Grandeur 40 wt. Polyneon<\/li>\n<li>5000 m\u00e8tres<\/li>\n<li>Fil \u00e0 broder en polyester<\/li>\n<li>Fabriqu\u00e9 en Allemagne<\/li>\n<li>Madeira, le meilleur fil \u00e0 broder au monde, point final.<\/li>\n<li>361 couleurs disponibles<\/li>\n<\/ul>\n","protected":false},"featured_media":18432,"comment_status":"open","ping_status":"closed","template":"","meta":{"site-sidebar-layout":"default","site-content-layout":"default","ast-site-content-layout":"default","site-content-style":"default","site-sidebar-style":"default","ast-global-header-display":"","ast-banner-title-visibility":"","ast-main-header-display":"","ast-hfb-above-header-display":"","ast-hfb-below-header-display":"","ast-hfb-mobile-header-display":"","site-post-title":"","ast-breadcrumbs-content":"","ast-featured-img":"","footer-sml-layout":"","ast-disable-related-posts":"","theme-transparent-header-meta":"default","adv-header-id-meta":"","stick-header-meta":"","header-above-stick-meta":"","header-main-stick-meta":"","header-below-stick-meta":"","astra-migrate-meta-layouts":"default","ast-page-background-enabled":"default","ast-page-background-meta":{"desktop":{"background-color":"","background-image":"","background-repeat":"repeat","background-position":"center center","background-size":"auto","background-attachment":"scroll","background-type":"","background-media":"","overlay-type":"","overlay-color":"","overlay-opacity":"","overlay-gradient":""},"tablet":{"background-color":"","background-image":"","background-repeat":"repeat","background-position":"center center","background-size":"auto","background-attachment":"scroll","background-type":"","background-media":"","overlay-type":"","overlay-color":"","overlay-opacity":"","overlay-gradient":""},"mobile":{"background-color":"","background-image":"","background-repeat":"repeat","background-position":"center center","background-size":"auto","background-attachment":"scroll","background-type":"","background-media":"","overlay-type":"","overlay-color":"","overlay-opacity":"","overlay-gradient":""}},"ast-content-background-meta":{"desktop":{"background-color":"var(--ast-global-color-5)","background-image":"","background-repeat":"repeat","background-position":"center center","background-size":"auto","background-attachment":"scroll","background-type":"","background-media":"","overlay-type":"","overlay-color":"","overlay-opacity":"","overlay-gradient":""},"tablet":{"background-color":"var(--ast-global-color-5)","background-image":"","background-repeat":"repeat","background-position":"center center","background-size":"auto","background-attachment":"scroll","background-type":"","background-media":"","overlay-type":"","overlay-color":"","overlay-opacity":"","overlay-gradient":""},"mobile":{"background-color":"var(--ast-global-color-5)","background-image":"","background-repeat":"repeat","background-position":"center center","background-size":"auto","background-attachment":"scroll","background-type":"","background-media":"","overlay-type":"","overlay-color":"","overlay-opacity":"","overlay-gradient":""}}},"product_brand":[],"product_cat":[2241],"product_tag":[],"class_list":{"0":"post-19894","1":"product","2":"type-product","3":"status-publish","4":"has-post-thumbnail","6":"product_cat-fil","7":"desktop-align-center","8":"tablet-align-center","9":"mobile-align-center","11":"first","12":"instock","13":"taxable","14":"shipping-taxable","15":"purchasable","16":"product-type-variable"},"yoast_head":"<!-- This site is optimized with the Yoast SEO plugin v27.3 - https:\/\/yoast.com\/product\/yoast-seo-wordpress\/ -->\n<title>Fil \u00e0 broder en polyester de Madeira - Superpunch<\/title>\n<meta name=\"robots\" content=\"index, follow, max-snippet:-1, max-image-preview:large, max-video-preview:-1\" \/>\n<link rel=\"canonical\" href=\"https:\/\/superpunch.com\/fr\/produit\/fil-a-broder-en-polyester-de-madeira\/\" \/>\n<meta property=\"og:locale\" content=\"fr_CA\" \/>\n<meta property=\"og:type\" content=\"article\" \/>\n<meta property=\"og:title\" content=\"Fil \u00e0 broder en polyester de Madeira - Superpunch\" \/>\n<meta property=\"og:description\" content=\"Grandeur 40 wt. Polyneon  5000 m\u00e8tres  Fil \u00e0 broder en polyester  Fabriqu\u00e9 en Allemagne  Madeira, le meilleur fil \u00e0 broder au monde, point final.  361 couleurs disponibles\" \/>\n<meta property=\"og:url\" content=\"https:\/\/superpunch.com\/fr\/produit\/fil-a-broder-en-polyester-de-madeira\/\" \/>\n<meta property=\"og:site_name\" content=\"Superpunch\" \/>\n<meta property=\"article:publisher\" content=\"https:\/\/www.facebook.com\/Superpunchembroiderybroderie\" \/>\n<meta property=\"article:modified_time\" content=\"2026-04-16T00:05:53+00:00\" \/>\n<meta name=\"twitter:card\" content=\"summary_large_image\" \/>\n<meta name=\"twitter:site\" content=\"@superpunchemb\" \/>\n<meta name=\"twitter:label1\" content=\"Estimation du temps de lecture\" \/>\n\t<meta name=\"twitter:data1\" content=\"2 minutes\" \/>\n<script type=\"application\/ld+json\" class=\"yoast-schema-graph\">{\"@context\":\"https:\\\/\\\/schema.org\",\"@graph\":[{\"@type\":\"WebPage\",\"@id\":\"https:\\\/\\\/superpunch.com\\\/fr\\\/produit\\\/fil-a-broder-en-polyester-de-madeira\\\/\",\"url\":\"https:\\\/\\\/superpunch.com\\\/fr\\\/produit\\\/fil-a-broder-en-polyester-de-madeira\\\/\",\"name\":\"Fil \u00e0 broder en polyester de Madeira - Superpunch\",\"isPartOf\":{\"@id\":\"https:\\\/\\\/superpunch.com\\\/fr\\\/#website\"},\"primaryImageOfPage\":{\"@id\":\"https:\\\/\\\/superpunch.com\\\/fr\\\/produit\\\/fil-a-broder-en-polyester-de-madeira\\\/#primaryimage\"},\"image\":{\"@id\":\"https:\\\/\\\/superpunch.com\\\/fr\\\/produit\\\/fil-a-broder-en-polyester-de-madeira\\\/#primaryimage\"},\"thumbnailUrl\":\"https:\\\/\\\/superpunch.com\\\/wp-content\\\/uploads\\\/2021\\\/01\\\/madeira_color_chart.jpg\",\"datePublished\":\"2021-01-08T15:57:39+00:00\",\"dateModified\":\"2026-04-16T00:05:53+00:00\",\"breadcrumb\":{\"@id\":\"https:\\\/\\\/superpunch.com\\\/fr\\\/produit\\\/fil-a-broder-en-polyester-de-madeira\\\/#breadcrumb\"},\"inLanguage\":\"fr-CA\",\"potentialAction\":[{\"@type\":\"ReadAction\",\"target\":[\"https:\\\/\\\/superpunch.com\\\/fr\\\/produit\\\/fil-a-broder-en-polyester-de-madeira\\\/\"]}]},{\"@type\":\"ImageObject\",\"inLanguage\":\"fr-CA\",\"@id\":\"https:\\\/\\\/superpunch.com\\\/fr\\\/produit\\\/fil-a-broder-en-polyester-de-madeira\\\/#primaryimage\",\"url\":\"https:\\\/\\\/superpunch.com\\\/wp-content\\\/uploads\\\/2021\\\/01\\\/madeira_color_chart.jpg\",\"contentUrl\":\"https:\\\/\\\/superpunch.com\\\/wp-content\\\/uploads\\\/2021\\\/01\\\/madeira_color_chart.jpg\",\"width\":600,\"height\":600},{\"@type\":\"BreadcrumbList\",\"@id\":\"https:\\\/\\\/superpunch.com\\\/fr\\\/produit\\\/fil-a-broder-en-polyester-de-madeira\\\/#breadcrumb\",\"itemListElement\":[{\"@type\":\"ListItem\",\"position\":1,\"name\":\"Home\",\"item\":\"https:\\\/\\\/superpunch.com\\\/fr\\\/\"},{\"@type\":\"ListItem\",\"position\":2,\"name\":\"Shop\",\"item\":\"https:\\\/\\\/superpunch.com\\\/fr\\\/shop\\\/\"},{\"@type\":\"ListItem\",\"position\":3,\"name\":\"Fil \u00e0 broder en polyester de Madeira\"}]},{\"@type\":\"WebSite\",\"@id\":\"https:\\\/\\\/superpunch.com\\\/fr\\\/#website\",\"url\":\"https:\\\/\\\/superpunch.com\\\/fr\\\/\",\"name\":\"Superpunch\",\"description\":\"Superpunch - Embroidery Digitizing, Thread, Machines, Stabilizers And Supplies\",\"publisher\":{\"@id\":\"https:\\\/\\\/superpunch.com\\\/fr\\\/#organization\"},\"potentialAction\":[{\"@type\":\"SearchAction\",\"target\":{\"@type\":\"EntryPoint\",\"urlTemplate\":\"https:\\\/\\\/superpunch.com\\\/fr\\\/?s={search_term_string}\"},\"query-input\":{\"@type\":\"PropertyValueSpecification\",\"valueRequired\":true,\"valueName\":\"search_term_string\"}}],\"inLanguage\":\"fr-CA\"},{\"@type\":\"Organization\",\"@id\":\"https:\\\/\\\/superpunch.com\\\/fr\\\/#organization\",\"name\":\"Superpunch\",\"url\":\"https:\\\/\\\/superpunch.com\\\/fr\\\/\",\"logo\":{\"@type\":\"ImageObject\",\"inLanguage\":\"fr-CA\",\"@id\":\"https:\\\/\\\/superpunch.com\\\/fr\\\/#\\\/schema\\\/logo\\\/image\\\/\",\"url\":\"https:\\\/\\\/superpunch.com\\\/wp-content\\\/uploads\\\/2022\\\/12\\\/superpunch_complet_new_site_on_black-2022.jpg\",\"contentUrl\":\"https:\\\/\\\/superpunch.com\\\/wp-content\\\/uploads\\\/2022\\\/12\\\/superpunch_complet_new_site_on_black-2022.jpg\",\"width\":600,\"height\":174,\"caption\":\"Superpunch\"},\"image\":{\"@id\":\"https:\\\/\\\/superpunch.com\\\/fr\\\/#\\\/schema\\\/logo\\\/image\\\/\"},\"sameAs\":[\"https:\\\/\\\/www.facebook.com\\\/Superpunchembroiderybroderie\",\"https:\\\/\\\/x.com\\\/superpunchemb\",\"https:\\\/\\\/www.instagram.com\\\/superpunchbrand?igsh=YW8xa2ZyZmxkdGNv\",\"https:\\\/\\\/www.youtube.com\\\/channel\\\/UCgt7yq4-pFJgeI_03psdGPQ\",\"https:\\\/\\\/www.pinterest.ca\\\/superpunchemb\"]}]}<\/script>\n<!-- \/ Yoast SEO plugin. -->","yoast_head_json":{"title":"Fil \u00e0 broder en polyester de Madeira - Superpunch","robots":{"index":"index","follow":"follow","max-snippet":"max-snippet:-1","max-image-preview":"max-image-preview:large","max-video-preview":"max-video-preview:-1"},"canonical":"https:\/\/superpunch.com\/fr\/produit\/fil-a-broder-en-polyester-de-madeira\/","og_locale":"fr_CA","og_type":"article","og_title":"Fil \u00e0 broder en polyester de Madeira - Superpunch","og_description":"Grandeur 40 wt. Polyneon  5000 m\u00e8tres  Fil \u00e0 broder en polyester  Fabriqu\u00e9 en Allemagne  Madeira, le meilleur fil \u00e0 broder au monde, point final.  361 couleurs disponibles","og_url":"https:\/\/superpunch.com\/fr\/produit\/fil-a-broder-en-polyester-de-madeira\/","og_site_name":"Superpunch","article_publisher":"https:\/\/www.facebook.com\/Superpunchembroiderybroderie","article_modified_time":"2026-04-16T00:05:53+00:00","twitter_card":"summary_large_image","twitter_site":"@superpunchemb","twitter_misc":{"Estimation du temps de lecture":"2 minutes"},"schema":{"@context":"https:\/\/schema.org","@graph":[{"@type":"WebPage","@id":"https:\/\/superpunch.com\/fr\/produit\/fil-a-broder-en-polyester-de-madeira\/","url":"https:\/\/superpunch.com\/fr\/produit\/fil-a-broder-en-polyester-de-madeira\/","name":"Fil \u00e0 broder en polyester de Madeira - Superpunch","isPartOf":{"@id":"https:\/\/superpunch.com\/fr\/#website"},"primaryImageOfPage":{"@id":"https:\/\/superpunch.com\/fr\/produit\/fil-a-broder-en-polyester-de-madeira\/#primaryimage"},"image":{"@id":"https:\/\/superpunch.com\/fr\/produit\/fil-a-broder-en-polyester-de-madeira\/#primaryimage"},"thumbnailUrl":"https:\/\/superpunch.com\/wp-content\/uploads\/2021\/01\/madeira_color_chart.jpg","datePublished":"2021-01-08T15:57:39+00:00","dateModified":"2026-04-16T00:05:53+00:00","breadcrumb":{"@id":"https:\/\/superpunch.com\/fr\/produit\/fil-a-broder-en-polyester-de-madeira\/#breadcrumb"},"inLanguage":"fr-CA","potentialAction":[{"@type":"ReadAction","target":["https:\/\/superpunch.com\/fr\/produit\/fil-a-broder-en-polyester-de-madeira\/"]}]},{"@type":"ImageObject","inLanguage":"fr-CA","@id":"https:\/\/superpunch.com\/fr\/produit\/fil-a-broder-en-polyester-de-madeira\/#primaryimage","url":"https:\/\/superpunch.com\/wp-content\/uploads\/2021\/01\/madeira_color_chart.jpg","contentUrl":"https:\/\/superpunch.com\/wp-content\/uploads\/2021\/01\/madeira_color_chart.jpg","width":600,"height":600},{"@type":"BreadcrumbList","@id":"https:\/\/superpunch.com\/fr\/produit\/fil-a-broder-en-polyester-de-madeira\/#breadcrumb","itemListElement":[{"@type":"ListItem","position":1,"name":"Home","item":"https:\/\/superpunch.com\/fr\/"},{"@type":"ListItem","position":2,"name":"Shop","item":"https:\/\/superpunch.com\/fr\/shop\/"},{"@type":"ListItem","position":3,"name":"Fil \u00e0 broder en polyester de Madeira"}]},{"@type":"WebSite","@id":"https:\/\/superpunch.com\/fr\/#website","url":"https:\/\/superpunch.com\/fr\/","name":"Superpunch","description":"Superpunch - Embroidery Digitizing, Thread, Machines, Stabilizers And Supplies","publisher":{"@id":"https:\/\/superpunch.com\/fr\/#organization"},"potentialAction":[{"@type":"SearchAction","target":{"@type":"EntryPoint","urlTemplate":"https:\/\/superpunch.com\/fr\/?s={search_term_string}"},"query-input":{"@type":"PropertyValueSpecification","valueRequired":true,"valueName":"search_term_string"}}],"inLanguage":"fr-CA"},{"@type":"Organization","@id":"https:\/\/superpunch.com\/fr\/#organization","name":"Superpunch","url":"https:\/\/superpunch.com\/fr\/","logo":{"@type":"ImageObject","inLanguage":"fr-CA","@id":"https:\/\/superpunch.com\/fr\/#\/schema\/logo\/image\/","url":"https:\/\/superpunch.com\/wp-content\/uploads\/2022\/12\/superpunch_complet_new_site_on_black-2022.jpg","contentUrl":"https:\/\/superpunch.com\/wp-content\/uploads\/2022\/12\/superpunch_complet_new_site_on_black-2022.jpg","width":600,"height":174,"caption":"Superpunch"},"image":{"@id":"https:\/\/superpunch.com\/fr\/#\/schema\/logo\/image\/"},"sameAs":["https:\/\/www.facebook.com\/Superpunchembroiderybroderie","https:\/\/x.com\/superpunchemb","https:\/\/www.instagram.com\/superpunchbrand?igsh=YW8xa2ZyZmxkdGNv","https:\/\/www.youtube.com\/channel\/UCgt7yq4-pFJgeI_03psdGPQ","https:\/\/www.pinterest.ca\/superpunchemb"]}]}},"_links":{"self":[{"href":"https:\/\/superpunch.com\/fr\/wp-json\/wp\/v2\/product\/19894","targetHints":{"allow":["GET"]}}],"collection":[{"href":"https:\/\/superpunch.com\/fr\/wp-json\/wp\/v2\/product"}],"about":[{"href":"https:\/\/superpunch.com\/fr\/wp-json\/wp\/v2\/types\/product"}],"replies":[{"embeddable":true,"href":"https:\/\/superpunch.com\/fr\/wp-json\/wp\/v2\/comments?post=19894"}],"wp:featuredmedia":[{"embeddable":true,"href":"https:\/\/superpunch.com\/fr\/wp-json\/wp\/v2\/media\/18432"}],"wp:attachment":[{"href":"https:\/\/superpunch.com\/fr\/wp-json\/wp\/v2\/media?parent=19894"}],"wp:term":[{"taxonomy":"product_brand","embeddable":true,"href":"https:\/\/superpunch.com\/fr\/wp-json\/wp\/v2\/product_brand?post=19894"},{"taxonomy":"product_cat","embeddable":true,"href":"https:\/\/superpunch.com\/fr\/wp-json\/wp\/v2\/product_cat?post=19894"},{"taxonomy":"product_tag","embeddable":true,"href":"https:\/\/superpunch.com\/fr\/wp-json\/wp\/v2\/product_tag?post=19894"}],"curies":[{"name":"wp","href":"https:\/\/api.w.org\/{rel}","templated":true}]}}