{"id":20264,"date":"2020-12-04T16:29:54","date_gmt":"2020-12-04T21:29:54","guid":{"rendered":"https:\/\/superpunch.com\/shop\/fil-resistant-au-feu\/"},"modified":"2026-02-02T08:40:51","modified_gmt":"2026-02-02T13:40:51","slug":"fil-resistant-au-feu","status":"publish","type":"product","link":"https:\/\/superpunch.com\/fr\/produit\/fil-resistant-au-feu\/","title":{"rendered":"Fil r\u00e9sistant au Feu"},"content":{"rendered":"<p>Fil de broderie Protek Fireshield\u00ae Nomex\u00ae<\/p>\n<p>R\u00e9sistance sup\u00e9rieure, aptitude \u00e0 la couture exceptionnelle, service irr\u00e9prochable.<\/p>\n<p>Les fils de broderie Protek Fireshield\u00ae (Tex 27) sont compos\u00e9s \u00e0 100% de fibres de Nomex\u00ae. Bobines de 1 500 verges.<\/p>\n<p>https:\/\/youtu.be\/1NvtftvcQWU<\/p>\n","protected":false},"excerpt":{"rendered":"<ul>\n<li>Bobines de 1 500 verges.<\/li>\n<li>R\u00e9sistance sup\u00e9rieure, aptitude \u00e0 la couture exceptionnelle, service irr\u00e9prochable.<\/li>\n<li>Les fils de broderie Protek Fireshield\u00ae (Tex 27) sont compos\u00e9s \u00e0 100% de fibres de Nomex\u00ae.<\/li>\n<\/ul>\n<p><img decoding=\"async\" class=\"alignnone wp-image-9188\" src=\"https:\/\/superpunch.com\/wp-content\/uploads\/2021\/03\/made_in_usa_FR.jpg\" alt=\"\" width=\"60\" height=\"43\"><\/p>\n","protected":false},"featured_media":18117,"comment_status":"open","ping_status":"closed","template":"","meta":{"site-sidebar-layout":"default","site-content-layout":"default","ast-site-content-layout":"default","site-content-style":"default","site-sidebar-style":"default","ast-global-header-display":"","ast-banner-title-visibility":"","ast-main-header-display":"","ast-hfb-above-header-display":"","ast-hfb-below-header-display":"","ast-hfb-mobile-header-display":"","site-post-title":"","ast-breadcrumbs-content":"","ast-featured-img":"","footer-sml-layout":"","ast-disable-related-posts":"","theme-transparent-header-meta":"default","adv-header-id-meta":"","stick-header-meta":"","header-above-stick-meta":"","header-main-stick-meta":"","header-below-stick-meta":"","astra-migrate-meta-layouts":"default","ast-page-background-enabled":"default","ast-page-background-meta":{"desktop":{"background-color":"","background-image":"","background-repeat":"repeat","background-position":"center center","background-size":"auto","background-attachment":"scroll","background-type":"","background-media":"","overlay-type":"","overlay-color":"","overlay-opacity":"","overlay-gradient":""},"tablet":{"background-color":"","background-image":"","background-repeat":"repeat","background-position":"center center","background-size":"auto","background-attachment":"scroll","background-type":"","background-media":"","overlay-type":"","overlay-color":"","overlay-opacity":"","overlay-gradient":""},"mobile":{"background-color":"","background-image":"","background-repeat":"repeat","background-position":"center center","background-size":"auto","background-attachment":"scroll","background-type":"","background-media":"","overlay-type":"","overlay-color":"","overlay-opacity":"","overlay-gradient":""}},"ast-content-background-meta":{"desktop":{"background-color":"var(--ast-global-color-5)","background-image":"","background-repeat":"repeat","background-position":"center center","background-size":"auto","background-attachment":"scroll","background-type":"","background-media":"","overlay-type":"","overlay-color":"","overlay-opacity":"","overlay-gradient":""},"tablet":{"background-color":"var(--ast-global-color-5)","background-image":"","background-repeat":"repeat","background-position":"center center","background-size":"auto","background-attachment":"scroll","background-type":"","background-media":"","overlay-type":"","overlay-color":"","overlay-opacity":"","overlay-gradient":""},"mobile":{"background-color":"var(--ast-global-color-5)","background-image":"","background-repeat":"repeat","background-position":"center center","background-size":"auto","background-attachment":"scroll","background-type":"","background-media":"","overlay-type":"","overlay-color":"","overlay-opacity":"","overlay-gradient":""}}},"product_brand":[],"product_cat":[2241],"product_tag":[],"class_list":{"0":"post-20264","1":"product","2":"type-product","3":"status-publish","4":"has-post-thumbnail","6":"product_cat-fil","7":"desktop-align-center","8":"tablet-align-center","9":"mobile-align-center","11":"first","12":"instock","13":"taxable","14":"shipping-taxable","15":"purchasable","16":"product-type-variable"},"yoast_head":"<!-- This site is optimized with the Yoast SEO plugin v27.2 - https:\/\/yoast.com\/product\/yoast-seo-wordpress\/ -->\n<title>Fil r\u00e9sistant au Feu - Superpunch<\/title>\n<meta name=\"robots\" content=\"index, follow, max-snippet:-1, max-image-preview:large, max-video-preview:-1\" \/>\n<link rel=\"canonical\" href=\"https:\/\/superpunch.com\/fr\/produit\/fil-resistant-au-feu\/\" \/>\n<meta property=\"og:locale\" content=\"fr_CA\" \/>\n<meta property=\"og:type\" content=\"article\" \/>\n<meta property=\"og:title\" content=\"Fil r\u00e9sistant au Feu - Superpunch\" \/>\n<meta property=\"og:description\" content=\"Bobines de 1 500 verges.  R\u00e9sistance sup\u00e9rieure, aptitude \u00e0 la couture exceptionnelle, service irr\u00e9prochable.  Les fils de broderie Protek Fireshield\u00ae (Tex 27) sont compos\u00e9s \u00e0 100% de fibres de Nomex\u00ae.\" \/>\n<meta property=\"og:url\" content=\"https:\/\/superpunch.com\/fr\/produit\/fil-resistant-au-feu\/\" \/>\n<meta property=\"og:site_name\" content=\"Superpunch\" \/>\n<meta property=\"article:publisher\" content=\"https:\/\/www.facebook.com\/Superpunchembroiderybroderie\" \/>\n<meta property=\"article:modified_time\" content=\"2026-02-02T13:40:51+00:00\" \/>\n<meta property=\"og:image\" content=\"https:\/\/superpunch.com\/wp-content\/uploads\/2020\/12\/FIRE-LOGO-embroidery-thread-.jpg\" \/>\n\t<meta property=\"og:image:width\" content=\"600\" \/>\n\t<meta property=\"og:image:height\" content=\"601\" \/>\n\t<meta property=\"og:image:type\" content=\"image\/jpeg\" \/>\n<meta name=\"twitter:card\" content=\"summary_large_image\" \/>\n<meta name=\"twitter:site\" content=\"@superpunchemb\" \/>\n<script type=\"application\/ld+json\" class=\"yoast-schema-graph\">{\"@context\":\"https:\/\/schema.org\",\"@graph\":[{\"@type\":\"WebPage\",\"@id\":\"https:\/\/superpunch.com\/fr\/produit\/fil-resistant-au-feu\/\",\"url\":\"https:\/\/superpunch.com\/fr\/produit\/fil-resistant-au-feu\/\",\"name\":\"Fil r\u00e9sistant au Feu - Superpunch\",\"isPartOf\":{\"@id\":\"https:\/\/superpunch.com\/fr\/#website\"},\"primaryImageOfPage\":{\"@id\":\"https:\/\/superpunch.com\/fr\/produit\/fil-resistant-au-feu\/#primaryimage\"},\"image\":{\"@id\":\"https:\/\/superpunch.com\/fr\/produit\/fil-resistant-au-feu\/#primaryimage\"},\"thumbnailUrl\":\"https:\/\/superpunch.com\/wp-content\/uploads\/2020\/12\/FIRE-LOGO-embroidery-thread-.jpg\",\"datePublished\":\"2020-12-04T21:29:54+00:00\",\"dateModified\":\"2026-02-02T13:40:51+00:00\",\"breadcrumb\":{\"@id\":\"https:\/\/superpunch.com\/fr\/produit\/fil-resistant-au-feu\/#breadcrumb\"},\"inLanguage\":\"fr-CA\",\"potentialAction\":[{\"@type\":\"ReadAction\",\"target\":[\"https:\/\/superpunch.com\/fr\/produit\/fil-resistant-au-feu\/\"]}]},{\"@type\":\"ImageObject\",\"inLanguage\":\"fr-CA\",\"@id\":\"https:\/\/superpunch.com\/fr\/produit\/fil-resistant-au-feu\/#primaryimage\",\"url\":\"https:\/\/superpunch.com\/wp-content\/uploads\/2020\/12\/FIRE-LOGO-embroidery-thread-.jpg\",\"contentUrl\":\"https:\/\/superpunch.com\/wp-content\/uploads\/2020\/12\/FIRE-LOGO-embroidery-thread-.jpg\",\"width\":600,\"height\":601},{\"@type\":\"BreadcrumbList\",\"@id\":\"https:\/\/superpunch.com\/fr\/produit\/fil-resistant-au-feu\/#breadcrumb\",\"itemListElement\":[{\"@type\":\"ListItem\",\"position\":1,\"name\":\"Home\",\"item\":\"https:\/\/superpunch.com\/fr\/\"},{\"@type\":\"ListItem\",\"position\":2,\"name\":\"Shop\",\"item\":\"https:\/\/superpunch.com\/fr\/shop\/\"},{\"@type\":\"ListItem\",\"position\":3,\"name\":\"Fil r\u00e9sistant au Feu\"}]},{\"@type\":\"WebSite\",\"@id\":\"https:\/\/superpunch.com\/fr\/#website\",\"url\":\"https:\/\/superpunch.com\/fr\/\",\"name\":\"Superpunch\",\"description\":\"Superpunch - Embroidery Digitizing, Thread, Machines, Stabilizers And Supplies\",\"publisher\":{\"@id\":\"https:\/\/superpunch.com\/fr\/#organization\"},\"potentialAction\":[{\"@type\":\"SearchAction\",\"target\":{\"@type\":\"EntryPoint\",\"urlTemplate\":\"https:\/\/superpunch.com\/fr\/?s={search_term_string}\"},\"query-input\":{\"@type\":\"PropertyValueSpecification\",\"valueRequired\":true,\"valueName\":\"search_term_string\"}}],\"inLanguage\":\"fr-CA\"},{\"@type\":\"Organization\",\"@id\":\"https:\/\/superpunch.com\/fr\/#organization\",\"name\":\"Superpunch\",\"url\":\"https:\/\/superpunch.com\/fr\/\",\"logo\":{\"@type\":\"ImageObject\",\"inLanguage\":\"fr-CA\",\"@id\":\"https:\/\/superpunch.com\/fr\/#\/schema\/logo\/image\/\",\"url\":\"https:\/\/superpunch.com\/wp-content\/uploads\/2022\/12\/superpunch_complet_new_site_on_black-2022.jpg\",\"contentUrl\":\"https:\/\/superpunch.com\/wp-content\/uploads\/2022\/12\/superpunch_complet_new_site_on_black-2022.jpg\",\"width\":600,\"height\":174,\"caption\":\"Superpunch\"},\"image\":{\"@id\":\"https:\/\/superpunch.com\/fr\/#\/schema\/logo\/image\/\"},\"sameAs\":[\"https:\/\/www.facebook.com\/Superpunchembroiderybroderie\",\"https:\/\/x.com\/superpunchemb\",\"https:\/\/www.instagram.com\/superpunchbrand?igsh=YW8xa2ZyZmxkdGNv\",\"https:\/\/www.youtube.com\/channel\/UCgt7yq4-pFJgeI_03psdGPQ\",\"https:\/\/www.pinterest.ca\/superpunchemb\"]}]}<\/script>\n<!-- \/ Yoast SEO plugin. -->","yoast_head_json":{"title":"Fil r\u00e9sistant au Feu - Superpunch","robots":{"index":"index","follow":"follow","max-snippet":"max-snippet:-1","max-image-preview":"max-image-preview:large","max-video-preview":"max-video-preview:-1"},"canonical":"https:\/\/superpunch.com\/fr\/produit\/fil-resistant-au-feu\/","og_locale":"fr_CA","og_type":"article","og_title":"Fil r\u00e9sistant au Feu - Superpunch","og_description":"Bobines de 1 500 verges.  R\u00e9sistance sup\u00e9rieure, aptitude \u00e0 la couture exceptionnelle, service irr\u00e9prochable.  Les fils de broderie Protek Fireshield\u00ae (Tex 27) sont compos\u00e9s \u00e0 100% de fibres de Nomex\u00ae.","og_url":"https:\/\/superpunch.com\/fr\/produit\/fil-resistant-au-feu\/","og_site_name":"Superpunch","article_publisher":"https:\/\/www.facebook.com\/Superpunchembroiderybroderie","article_modified_time":"2026-02-02T13:40:51+00:00","og_image":[{"width":600,"height":601,"url":"https:\/\/superpunch.com\/wp-content\/uploads\/2020\/12\/FIRE-LOGO-embroidery-thread-.jpg","type":"image\/jpeg"}],"twitter_card":"summary_large_image","twitter_site":"@superpunchemb","schema":{"@context":"https:\/\/schema.org","@graph":[{"@type":"WebPage","@id":"https:\/\/superpunch.com\/fr\/produit\/fil-resistant-au-feu\/","url":"https:\/\/superpunch.com\/fr\/produit\/fil-resistant-au-feu\/","name":"Fil r\u00e9sistant au Feu - Superpunch","isPartOf":{"@id":"https:\/\/superpunch.com\/fr\/#website"},"primaryImageOfPage":{"@id":"https:\/\/superpunch.com\/fr\/produit\/fil-resistant-au-feu\/#primaryimage"},"image":{"@id":"https:\/\/superpunch.com\/fr\/produit\/fil-resistant-au-feu\/#primaryimage"},"thumbnailUrl":"https:\/\/superpunch.com\/wp-content\/uploads\/2020\/12\/FIRE-LOGO-embroidery-thread-.jpg","datePublished":"2020-12-04T21:29:54+00:00","dateModified":"2026-02-02T13:40:51+00:00","breadcrumb":{"@id":"https:\/\/superpunch.com\/fr\/produit\/fil-resistant-au-feu\/#breadcrumb"},"inLanguage":"fr-CA","potentialAction":[{"@type":"ReadAction","target":["https:\/\/superpunch.com\/fr\/produit\/fil-resistant-au-feu\/"]}]},{"@type":"ImageObject","inLanguage":"fr-CA","@id":"https:\/\/superpunch.com\/fr\/produit\/fil-resistant-au-feu\/#primaryimage","url":"https:\/\/superpunch.com\/wp-content\/uploads\/2020\/12\/FIRE-LOGO-embroidery-thread-.jpg","contentUrl":"https:\/\/superpunch.com\/wp-content\/uploads\/2020\/12\/FIRE-LOGO-embroidery-thread-.jpg","width":600,"height":601},{"@type":"BreadcrumbList","@id":"https:\/\/superpunch.com\/fr\/produit\/fil-resistant-au-feu\/#breadcrumb","itemListElement":[{"@type":"ListItem","position":1,"name":"Home","item":"https:\/\/superpunch.com\/fr\/"},{"@type":"ListItem","position":2,"name":"Shop","item":"https:\/\/superpunch.com\/fr\/shop\/"},{"@type":"ListItem","position":3,"name":"Fil r\u00e9sistant au Feu"}]},{"@type":"WebSite","@id":"https:\/\/superpunch.com\/fr\/#website","url":"https:\/\/superpunch.com\/fr\/","name":"Superpunch","description":"Superpunch - Embroidery Digitizing, Thread, Machines, Stabilizers And Supplies","publisher":{"@id":"https:\/\/superpunch.com\/fr\/#organization"},"potentialAction":[{"@type":"SearchAction","target":{"@type":"EntryPoint","urlTemplate":"https:\/\/superpunch.com\/fr\/?s={search_term_string}"},"query-input":{"@type":"PropertyValueSpecification","valueRequired":true,"valueName":"search_term_string"}}],"inLanguage":"fr-CA"},{"@type":"Organization","@id":"https:\/\/superpunch.com\/fr\/#organization","name":"Superpunch","url":"https:\/\/superpunch.com\/fr\/","logo":{"@type":"ImageObject","inLanguage":"fr-CA","@id":"https:\/\/superpunch.com\/fr\/#\/schema\/logo\/image\/","url":"https:\/\/superpunch.com\/wp-content\/uploads\/2022\/12\/superpunch_complet_new_site_on_black-2022.jpg","contentUrl":"https:\/\/superpunch.com\/wp-content\/uploads\/2022\/12\/superpunch_complet_new_site_on_black-2022.jpg","width":600,"height":174,"caption":"Superpunch"},"image":{"@id":"https:\/\/superpunch.com\/fr\/#\/schema\/logo\/image\/"},"sameAs":["https:\/\/www.facebook.com\/Superpunchembroiderybroderie","https:\/\/x.com\/superpunchemb","https:\/\/www.instagram.com\/superpunchbrand?igsh=YW8xa2ZyZmxkdGNv","https:\/\/www.youtube.com\/channel\/UCgt7yq4-pFJgeI_03psdGPQ","https:\/\/www.pinterest.ca\/superpunchemb"]}]}},"_links":{"self":[{"href":"https:\/\/superpunch.com\/fr\/wp-json\/wp\/v2\/product\/20264","targetHints":{"allow":["GET"]}}],"collection":[{"href":"https:\/\/superpunch.com\/fr\/wp-json\/wp\/v2\/product"}],"about":[{"href":"https:\/\/superpunch.com\/fr\/wp-json\/wp\/v2\/types\/product"}],"replies":[{"embeddable":true,"href":"https:\/\/superpunch.com\/fr\/wp-json\/wp\/v2\/comments?post=20264"}],"wp:featuredmedia":[{"embeddable":true,"href":"https:\/\/superpunch.com\/fr\/wp-json\/wp\/v2\/media\/18117"}],"wp:attachment":[{"href":"https:\/\/superpunch.com\/fr\/wp-json\/wp\/v2\/media?parent=20264"}],"wp:term":[{"taxonomy":"product_brand","embeddable":true,"href":"https:\/\/superpunch.com\/fr\/wp-json\/wp\/v2\/product_brand?post=20264"},{"taxonomy":"product_cat","embeddable":true,"href":"https:\/\/superpunch.com\/fr\/wp-json\/wp\/v2\/product_cat?post=20264"},{"taxonomy":"product_tag","embeddable":true,"href":"https:\/\/superpunch.com\/fr\/wp-json\/wp\/v2\/product_tag?post=20264"}],"curies":[{"name":"wp","href":"https:\/\/api.w.org\/{rel}","templated":true}]}}