{"id":20929,"date":"2020-12-04T15:51:18","date_gmt":"2021-03-08T20:26:26","guid":{"rendered":"https:\/\/superpunch.com\/shop\/bobines-pre-enroulees-en-polyester-style-m-grandes\/"},"modified":"2022-12-27T12:11:12","modified_gmt":"2022-12-27T17:11:12","slug":"bobines-pre-enroulees-en-polyester-style-m-grandes","status":"publish","type":"product","link":"https:\/\/superpunch.com\/fr\/produit\/bobines-pre-enroulees-en-polyester-style-m-grandes\/","title":{"rendered":"Bobines en polyester Style M (grandes)"},"content":{"rendered":"<ul>\n<li>Les bobines Style M s&rsquo;adaptent g\u00e9n\u00e9ralement aux anciennes machines \u00e0 broder industrielles. Veuillez vous assurer que c&rsquo;est celui que vous voulez et non la style L.<\/li>\n<li>144 bobines par bo\u00eete.<\/li>\n<li>215 verges de polyester par bobine, avec des c\u00f4t\u00e9s en carton. Cette grande bobine style M fonctionne entre autres sur des machines Tajimas et Brother plus anciennes.<\/li>\n<\/ul>\n<div class=\"\" data-richtextify-editable=\"true\">\n<h4><img decoding=\"async\" class=\"alignnone wp-image-19165 size-full\" src=\"https:\/\/superpunch.com\/wp-content\/uploads\/2020\/10\/alert.png\" alt=\"\" width=\"66\" height=\"60\" \/>SI VOUS POSS\u00c9DEZ UNE PLUS PETITE MACHINE \u00c0 DOMICILE ET AVEZ BESOIN D&rsquo;UNE BOBINE PR\u00c9-ENFIL\u00c9E DE CLASSE 15-A, VEUILLEZ VISITER:<\/h4>\n<h4><\/h4>\n<\/div>\n<p><a href=\"https:\/\/monfil.ca\/product-category\/embroidery\/bobbin-thread\/class-15a-domestic-machines\/\"><span style=\"color: #c31717;\"><u>https:\/\/monfil.ca\/product-category\/embroidery\/bobbin-thread\/class-15a-domestic-machines\/<\/u><\/span><\/a><\/p>\n","protected":false},"excerpt":{"rendered":"<h1><img decoding=\"async\" class=\"alignnone size-medium wp-image-4111\" src=\"https:\/\/superpunch.com\/wp-content\/uploads\/2020\/06\/logo_superb2-300x115.png\" alt=\"\" width=\"300\" height=\"115\" srcset=\"https:\/\/superpunch.com\/wp-content\/uploads\/2020\/06\/logo_superb2-300x115.png 300w, https:\/\/superpunch.com\/wp-content\/uploads\/2020\/06\/logo_superb2-416x159.png 416w, https:\/\/superpunch.com\/wp-content\/uploads\/2020\/06\/logo_superb2.png 754w\" sizes=\"(max-width: 300px) 100vw, 300px\" \/><\/h1>\n<h1><span style=\"color: #c31717;\"><strong>\u21d2Style M\u21d0<\/strong><\/span><\/h1>\n<ul>\n<li>Les bobines Style M s&rsquo;adaptent g\u00e9n\u00e9ralement aux anciennes machines \u00e0 broder industrielles. Veuillez vous assurer que c&rsquo;est celui que vous voulez et non la style L.<\/li>\n<li>144 bobines par bo\u00eete.<\/li>\n<li>215 verges de polyester par bobine, avec des c\u00f4t\u00e9s en carton. Cette grande bobine style M fonctionne entre autres sur des machines Tajimas et Brother plus anciennes.<\/li>\n<li>Les bobines de style M sont g\u00e9n\u00e9ralement utilis\u00e9es sur les machines commerciales de taille moyenne et grande pour coudre des tissus \u00e9pais, des toiles, des tissus d&rsquo;ameublement et du cuir. Ils mesurent 0,435 pouces (1,105 cm) de haut et 1,023 pouces (2,598 cm) de diam\u00e8tre.<\/li>\n<\/ul>\n","protected":false},"featured_media":19167,"comment_status":"open","ping_status":"closed","template":"","meta":{"site-sidebar-layout":"default","site-content-layout":"default","ast-site-content-layout":"default","site-content-style":"default","site-sidebar-style":"default","ast-global-header-display":"","ast-banner-title-visibility":"","ast-main-header-display":"","ast-hfb-above-header-display":"","ast-hfb-below-header-display":"","ast-hfb-mobile-header-display":"","site-post-title":"","ast-breadcrumbs-content":"","ast-featured-img":"","footer-sml-layout":"","ast-disable-related-posts":"","theme-transparent-header-meta":"default","adv-header-id-meta":"","stick-header-meta":"","header-above-stick-meta":"","header-main-stick-meta":"","header-below-stick-meta":"","astra-migrate-meta-layouts":"default","ast-page-background-enabled":"default","ast-page-background-meta":{"desktop":{"background-color":"","background-image":"","background-repeat":"repeat","background-position":"center center","background-size":"auto","background-attachment":"scroll","background-type":"","background-media":"","overlay-type":"","overlay-color":"","overlay-opacity":"","overlay-gradient":""},"tablet":{"background-color":"","background-image":"","background-repeat":"repeat","background-position":"center center","background-size":"auto","background-attachment":"scroll","background-type":"","background-media":"","overlay-type":"","overlay-color":"","overlay-opacity":"","overlay-gradient":""},"mobile":{"background-color":"","background-image":"","background-repeat":"repeat","background-position":"center center","background-size":"auto","background-attachment":"scroll","background-type":"","background-media":"","overlay-type":"","overlay-color":"","overlay-opacity":"","overlay-gradient":""}},"ast-content-background-meta":{"desktop":{"background-color":"var(--ast-global-color-5)","background-image":"","background-repeat":"repeat","background-position":"center center","background-size":"auto","background-attachment":"scroll","background-type":"","background-media":"","overlay-type":"","overlay-color":"","overlay-opacity":"","overlay-gradient":""},"tablet":{"background-color":"var(--ast-global-color-5)","background-image":"","background-repeat":"repeat","background-position":"center center","background-size":"auto","background-attachment":"scroll","background-type":"","background-media":"","overlay-type":"","overlay-color":"","overlay-opacity":"","overlay-gradient":""},"mobile":{"background-color":"var(--ast-global-color-5)","background-image":"","background-repeat":"repeat","background-position":"center center","background-size":"auto","background-attachment":"scroll","background-type":"","background-media":"","overlay-type":"","overlay-color":"","overlay-opacity":"","overlay-gradient":""}}},"product_brand":[],"product_cat":[2210,2589],"product_tag":[],"class_list":{"0":"post-20929","1":"product","2":"type-product","3":"status-publish","4":"has-post-thumbnail","6":"product_cat-fil-a-bobine","7":"product_cat-superb-avec-cotes","8":"desktop-align-center","9":"tablet-align-center","10":"mobile-align-center","12":"first","13":"instock","14":"taxable","15":"shipping-taxable","16":"purchasable","17":"product-type-variable"},"yoast_head":"<!-- This site is optimized with the Yoast SEO plugin v27.2 - https:\/\/yoast.com\/product\/yoast-seo-wordpress\/ -->\n<title>Bobines en polyester Style M (grandes) - Superpunch<\/title>\n<meta name=\"robots\" content=\"index, follow, max-snippet:-1, max-image-preview:large, max-video-preview:-1\" \/>\n<link rel=\"canonical\" href=\"https:\/\/superpunch.com\/fr\/produit\/bobines-pre-enroulees-en-polyester-style-m-grandes\/\" \/>\n<meta property=\"og:locale\" content=\"fr_CA\" \/>\n<meta property=\"og:type\" content=\"article\" \/>\n<meta property=\"og:title\" content=\"Bobines en polyester Style M (grandes) - Superpunch\" \/>\n<meta property=\"og:description\" content=\"\u21d2Style M\u21d0   Les bobines Style M s&#039;adaptent g\u00e9n\u00e9ralement aux anciennes machines \u00e0 broder industrielles. Veuillez vous assurer que c&#039;est celui que vous voulez et non la style L.  144 bobines par bo\u00eete.  215 verges de polyester par bobine, avec des c\u00f4t\u00e9s en carton. Cette grande bobine style M fonctionne entre autres sur des machines Tajimas et Brother plus anciennes.  Les bobines de style M sont g\u00e9n\u00e9ralement utilis\u00e9es sur les machines commerciales de taille moyenne et grande pour coudre des tissus \u00e9pais, des toiles, des tissus d&#039;ameublement et du cuir. Ils mesurent 0,435 pouces (1,105 cm) de haut et 1,023 pouces (2,598 cm) de diam\u00e8tre.\" \/>\n<meta property=\"og:url\" content=\"https:\/\/superpunch.com\/fr\/produit\/bobines-pre-enroulees-en-polyester-style-m-grandes\/\" \/>\n<meta property=\"og:site_name\" content=\"Superpunch\" \/>\n<meta property=\"article:publisher\" content=\"https:\/\/www.facebook.com\/Superpunchembroiderybroderie\" \/>\n<meta property=\"article:modified_time\" content=\"2022-12-27T17:11:12+00:00\" \/>\n<meta name=\"twitter:card\" content=\"summary_large_image\" \/>\n<meta name=\"twitter:site\" content=\"@superpunchemb\" \/>\n<script type=\"application\/ld+json\" class=\"yoast-schema-graph\">{\"@context\":\"https:\/\/schema.org\",\"@graph\":[{\"@type\":\"WebPage\",\"@id\":\"https:\/\/superpunch.com\/fr\/produit\/bobines-pre-enroulees-en-polyester-style-m-grandes\/\",\"url\":\"https:\/\/superpunch.com\/fr\/produit\/bobines-pre-enroulees-en-polyester-style-m-grandes\/\",\"name\":\"Bobines en polyester Style M (grandes) - Superpunch\",\"isPartOf\":{\"@id\":\"https:\/\/superpunch.com\/fr\/#website\"},\"primaryImageOfPage\":{\"@id\":\"https:\/\/superpunch.com\/fr\/produit\/bobines-pre-enroulees-en-polyester-style-m-grandes\/#primaryimage\"},\"image\":{\"@id\":\"https:\/\/superpunch.com\/fr\/produit\/bobines-pre-enroulees-en-polyester-style-m-grandes\/#primaryimage\"},\"thumbnailUrl\":\"https:\/\/superpunch.com\/wp-content\/uploads\/2020\/12\/embroidery-machine-thread-style-m-pre-wound-bobbin-superb-white-bobbins-with-text.jpg\",\"datePublished\":\"2021-03-08T20:26:26+00:00\",\"dateModified\":\"2022-12-27T17:11:12+00:00\",\"breadcrumb\":{\"@id\":\"https:\/\/superpunch.com\/fr\/produit\/bobines-pre-enroulees-en-polyester-style-m-grandes\/#breadcrumb\"},\"inLanguage\":\"fr-CA\",\"potentialAction\":[{\"@type\":\"ReadAction\",\"target\":[\"https:\/\/superpunch.com\/fr\/produit\/bobines-pre-enroulees-en-polyester-style-m-grandes\/\"]}]},{\"@type\":\"ImageObject\",\"inLanguage\":\"fr-CA\",\"@id\":\"https:\/\/superpunch.com\/fr\/produit\/bobines-pre-enroulees-en-polyester-style-m-grandes\/#primaryimage\",\"url\":\"https:\/\/superpunch.com\/wp-content\/uploads\/2020\/12\/embroidery-machine-thread-style-m-pre-wound-bobbin-superb-white-bobbins-with-text.jpg\",\"contentUrl\":\"https:\/\/superpunch.com\/wp-content\/uploads\/2020\/12\/embroidery-machine-thread-style-m-pre-wound-bobbin-superb-white-bobbins-with-text.jpg\",\"width\":600,\"height\":600},{\"@type\":\"BreadcrumbList\",\"@id\":\"https:\/\/superpunch.com\/fr\/produit\/bobines-pre-enroulees-en-polyester-style-m-grandes\/#breadcrumb\",\"itemListElement\":[{\"@type\":\"ListItem\",\"position\":1,\"name\":\"Home\",\"item\":\"https:\/\/superpunch.com\/fr\/\"},{\"@type\":\"ListItem\",\"position\":2,\"name\":\"Shop\",\"item\":\"https:\/\/superpunch.com\/fr\/shop\/\"},{\"@type\":\"ListItem\",\"position\":3,\"name\":\"Bobines en polyester Style M (grandes)\"}]},{\"@type\":\"WebSite\",\"@id\":\"https:\/\/superpunch.com\/fr\/#website\",\"url\":\"https:\/\/superpunch.com\/fr\/\",\"name\":\"Superpunch\",\"description\":\"Superpunch - Embroidery Digitizing, Thread, Machines, Stabilizers And Supplies\",\"publisher\":{\"@id\":\"https:\/\/superpunch.com\/fr\/#organization\"},\"potentialAction\":[{\"@type\":\"SearchAction\",\"target\":{\"@type\":\"EntryPoint\",\"urlTemplate\":\"https:\/\/superpunch.com\/fr\/?s={search_term_string}\"},\"query-input\":{\"@type\":\"PropertyValueSpecification\",\"valueRequired\":true,\"valueName\":\"search_term_string\"}}],\"inLanguage\":\"fr-CA\"},{\"@type\":\"Organization\",\"@id\":\"https:\/\/superpunch.com\/fr\/#organization\",\"name\":\"Superpunch\",\"url\":\"https:\/\/superpunch.com\/fr\/\",\"logo\":{\"@type\":\"ImageObject\",\"inLanguage\":\"fr-CA\",\"@id\":\"https:\/\/superpunch.com\/fr\/#\/schema\/logo\/image\/\",\"url\":\"https:\/\/superpunch.com\/wp-content\/uploads\/2022\/12\/superpunch_complet_new_site_on_black-2022.jpg\",\"contentUrl\":\"https:\/\/superpunch.com\/wp-content\/uploads\/2022\/12\/superpunch_complet_new_site_on_black-2022.jpg\",\"width\":600,\"height\":174,\"caption\":\"Superpunch\"},\"image\":{\"@id\":\"https:\/\/superpunch.com\/fr\/#\/schema\/logo\/image\/\"},\"sameAs\":[\"https:\/\/www.facebook.com\/Superpunchembroiderybroderie\",\"https:\/\/x.com\/superpunchemb\",\"https:\/\/www.instagram.com\/superpunchbrand?igsh=YW8xa2ZyZmxkdGNv\",\"https:\/\/www.youtube.com\/channel\/UCgt7yq4-pFJgeI_03psdGPQ\",\"https:\/\/www.pinterest.ca\/superpunchemb\"]}]}<\/script>\n<!-- \/ Yoast SEO plugin. -->","yoast_head_json":{"title":"Bobines en polyester Style M (grandes) - Superpunch","robots":{"index":"index","follow":"follow","max-snippet":"max-snippet:-1","max-image-preview":"max-image-preview:large","max-video-preview":"max-video-preview:-1"},"canonical":"https:\/\/superpunch.com\/fr\/produit\/bobines-pre-enroulees-en-polyester-style-m-grandes\/","og_locale":"fr_CA","og_type":"article","og_title":"Bobines en polyester Style M (grandes) - Superpunch","og_description":"\u21d2Style M\u21d0   Les bobines Style M s'adaptent g\u00e9n\u00e9ralement aux anciennes machines \u00e0 broder industrielles. Veuillez vous assurer que c'est celui que vous voulez et non la style L.  144 bobines par bo\u00eete.  215 verges de polyester par bobine, avec des c\u00f4t\u00e9s en carton. Cette grande bobine style M fonctionne entre autres sur des machines Tajimas et Brother plus anciennes.  Les bobines de style M sont g\u00e9n\u00e9ralement utilis\u00e9es sur les machines commerciales de taille moyenne et grande pour coudre des tissus \u00e9pais, des toiles, des tissus d'ameublement et du cuir. Ils mesurent 0,435 pouces (1,105 cm) de haut et 1,023 pouces (2,598 cm) de diam\u00e8tre.","og_url":"https:\/\/superpunch.com\/fr\/produit\/bobines-pre-enroulees-en-polyester-style-m-grandes\/","og_site_name":"Superpunch","article_publisher":"https:\/\/www.facebook.com\/Superpunchembroiderybroderie","article_modified_time":"2022-12-27T17:11:12+00:00","twitter_card":"summary_large_image","twitter_site":"@superpunchemb","schema":{"@context":"https:\/\/schema.org","@graph":[{"@type":"WebPage","@id":"https:\/\/superpunch.com\/fr\/produit\/bobines-pre-enroulees-en-polyester-style-m-grandes\/","url":"https:\/\/superpunch.com\/fr\/produit\/bobines-pre-enroulees-en-polyester-style-m-grandes\/","name":"Bobines en polyester Style M (grandes) - Superpunch","isPartOf":{"@id":"https:\/\/superpunch.com\/fr\/#website"},"primaryImageOfPage":{"@id":"https:\/\/superpunch.com\/fr\/produit\/bobines-pre-enroulees-en-polyester-style-m-grandes\/#primaryimage"},"image":{"@id":"https:\/\/superpunch.com\/fr\/produit\/bobines-pre-enroulees-en-polyester-style-m-grandes\/#primaryimage"},"thumbnailUrl":"https:\/\/superpunch.com\/wp-content\/uploads\/2020\/12\/embroidery-machine-thread-style-m-pre-wound-bobbin-superb-white-bobbins-with-text.jpg","datePublished":"2021-03-08T20:26:26+00:00","dateModified":"2022-12-27T17:11:12+00:00","breadcrumb":{"@id":"https:\/\/superpunch.com\/fr\/produit\/bobines-pre-enroulees-en-polyester-style-m-grandes\/#breadcrumb"},"inLanguage":"fr-CA","potentialAction":[{"@type":"ReadAction","target":["https:\/\/superpunch.com\/fr\/produit\/bobines-pre-enroulees-en-polyester-style-m-grandes\/"]}]},{"@type":"ImageObject","inLanguage":"fr-CA","@id":"https:\/\/superpunch.com\/fr\/produit\/bobines-pre-enroulees-en-polyester-style-m-grandes\/#primaryimage","url":"https:\/\/superpunch.com\/wp-content\/uploads\/2020\/12\/embroidery-machine-thread-style-m-pre-wound-bobbin-superb-white-bobbins-with-text.jpg","contentUrl":"https:\/\/superpunch.com\/wp-content\/uploads\/2020\/12\/embroidery-machine-thread-style-m-pre-wound-bobbin-superb-white-bobbins-with-text.jpg","width":600,"height":600},{"@type":"BreadcrumbList","@id":"https:\/\/superpunch.com\/fr\/produit\/bobines-pre-enroulees-en-polyester-style-m-grandes\/#breadcrumb","itemListElement":[{"@type":"ListItem","position":1,"name":"Home","item":"https:\/\/superpunch.com\/fr\/"},{"@type":"ListItem","position":2,"name":"Shop","item":"https:\/\/superpunch.com\/fr\/shop\/"},{"@type":"ListItem","position":3,"name":"Bobines en polyester Style M (grandes)"}]},{"@type":"WebSite","@id":"https:\/\/superpunch.com\/fr\/#website","url":"https:\/\/superpunch.com\/fr\/","name":"Superpunch","description":"Superpunch - Embroidery Digitizing, Thread, Machines, Stabilizers And Supplies","publisher":{"@id":"https:\/\/superpunch.com\/fr\/#organization"},"potentialAction":[{"@type":"SearchAction","target":{"@type":"EntryPoint","urlTemplate":"https:\/\/superpunch.com\/fr\/?s={search_term_string}"},"query-input":{"@type":"PropertyValueSpecification","valueRequired":true,"valueName":"search_term_string"}}],"inLanguage":"fr-CA"},{"@type":"Organization","@id":"https:\/\/superpunch.com\/fr\/#organization","name":"Superpunch","url":"https:\/\/superpunch.com\/fr\/","logo":{"@type":"ImageObject","inLanguage":"fr-CA","@id":"https:\/\/superpunch.com\/fr\/#\/schema\/logo\/image\/","url":"https:\/\/superpunch.com\/wp-content\/uploads\/2022\/12\/superpunch_complet_new_site_on_black-2022.jpg","contentUrl":"https:\/\/superpunch.com\/wp-content\/uploads\/2022\/12\/superpunch_complet_new_site_on_black-2022.jpg","width":600,"height":174,"caption":"Superpunch"},"image":{"@id":"https:\/\/superpunch.com\/fr\/#\/schema\/logo\/image\/"},"sameAs":["https:\/\/www.facebook.com\/Superpunchembroiderybroderie","https:\/\/x.com\/superpunchemb","https:\/\/www.instagram.com\/superpunchbrand?igsh=YW8xa2ZyZmxkdGNv","https:\/\/www.youtube.com\/channel\/UCgt7yq4-pFJgeI_03psdGPQ","https:\/\/www.pinterest.ca\/superpunchemb"]}]}},"_links":{"self":[{"href":"https:\/\/superpunch.com\/fr\/wp-json\/wp\/v2\/product\/20929","targetHints":{"allow":["GET"]}}],"collection":[{"href":"https:\/\/superpunch.com\/fr\/wp-json\/wp\/v2\/product"}],"about":[{"href":"https:\/\/superpunch.com\/fr\/wp-json\/wp\/v2\/types\/product"}],"replies":[{"embeddable":true,"href":"https:\/\/superpunch.com\/fr\/wp-json\/wp\/v2\/comments?post=20929"}],"wp:featuredmedia":[{"embeddable":true,"href":"https:\/\/superpunch.com\/fr\/wp-json\/wp\/v2\/media\/19167"}],"wp:attachment":[{"href":"https:\/\/superpunch.com\/fr\/wp-json\/wp\/v2\/media?parent=20929"}],"wp:term":[{"taxonomy":"product_brand","embeddable":true,"href":"https:\/\/superpunch.com\/fr\/wp-json\/wp\/v2\/product_brand?post=20929"},{"taxonomy":"product_cat","embeddable":true,"href":"https:\/\/superpunch.com\/fr\/wp-json\/wp\/v2\/product_cat?post=20929"},{"taxonomy":"product_tag","embeddable":true,"href":"https:\/\/superpunch.com\/fr\/wp-json\/wp\/v2\/product_tag?post=20929"}],"curies":[{"name":"wp","href":"https:\/\/api.w.org\/{rel}","templated":true}]}}