{"id":20933,"date":"2020-11-16T13:31:12","date_gmt":"2020-11-16T18:31:12","guid":{"rendered":"https:\/\/superpunch.com\/shop\/towa-bobine-caisse-evaluateur-de-tension-style-l\/"},"modified":"2026-04-10T15:44:34","modified_gmt":"2026-04-10T19:44:34","slug":"towa-bobbin-case-tension-gauge-style-l-2","status":"publish","type":"product","link":"https:\/\/superpunch.com\/fr\/produit\/towa-bobbin-case-tension-gauge-style-l-2\/","title":{"rendered":"Towa Bobine Caisse &#8211; \u00c9valuateur de Tension &#8211; Style L"},"content":{"rendered":"<p>&#8211; Outil pour \u00e9valuer votre tension de Bobine Caisse Style L.<\/p>\n<p>Avec cet outil, fini les devinettes et fini de prier le saint esprit. Vous aurez une tension constante afin d&rsquo;optimiser votre qualit\u00e9 de broderie. En quelques secondes, vous pouvez v\u00e9rifier que la tension de votre bobines est comme elle devrait \u00eatre pour broder des r\u00e9sultats optimaux.<\/p>\n<p>Il est facile \u00e0 utiliser et est livr\u00e9 avec des instructions compl\u00e8tes. Aucune configuration n&rsquo;est requise. Il est pr\u00eat \u00e0 l&#8217;emploi d\u00e8s la sortie de la bo\u00eete.<\/p>\n","protected":false},"excerpt":{"rendered":"<p>Outil pour \u00e9valuer votre tension de Bobine Caisse Style L.<\/p>\n<p>Avec cet outil, fini les devinettes et fini de prier le saint esprit. Vous aurez une tension constante afin d&rsquo;optimiser votre qualit\u00e9 de broderie. En quelques secondes, vous pouvez v\u00e9rifier que la tension de votre bobines est comme elle devrait \u00eatre pour broder des r\u00e9sultats optimaux.<\/p>\n<p>Il est facile \u00e0 utiliser et est livr\u00e9 avec des instructions compl\u00e8tes. Aucune configuration n&rsquo;est requise. Il est pr\u00eat \u00e0 l&#8217;emploi d\u00e8s la sortie de la bo\u00eete.<\/p>\n","protected":false},"featured_media":18178,"comment_status":"open","ping_status":"closed","template":"","meta":{"site-sidebar-layout":"default","site-content-layout":"default","ast-site-content-layout":"default","site-content-style":"default","site-sidebar-style":"default","ast-global-header-display":"","ast-banner-title-visibility":"","ast-main-header-display":"","ast-hfb-above-header-display":"","ast-hfb-below-header-display":"","ast-hfb-mobile-header-display":"","site-post-title":"","ast-breadcrumbs-content":"","ast-featured-img":"","footer-sml-layout":"","ast-disable-related-posts":"","theme-transparent-header-meta":"default","adv-header-id-meta":"","stick-header-meta":"","header-above-stick-meta":"","header-main-stick-meta":"","header-below-stick-meta":"","astra-migrate-meta-layouts":"default","ast-page-background-enabled":"default","ast-page-background-meta":{"desktop":{"background-color":"","background-image":"","background-repeat":"repeat","background-position":"center center","background-size":"auto","background-attachment":"scroll","background-type":"","background-media":"","overlay-type":"","overlay-color":"","overlay-opacity":"","overlay-gradient":""},"tablet":{"background-color":"","background-image":"","background-repeat":"repeat","background-position":"center center","background-size":"auto","background-attachment":"scroll","background-type":"","background-media":"","overlay-type":"","overlay-color":"","overlay-opacity":"","overlay-gradient":""},"mobile":{"background-color":"","background-image":"","background-repeat":"repeat","background-position":"center center","background-size":"auto","background-attachment":"scroll","background-type":"","background-media":"","overlay-type":"","overlay-color":"","overlay-opacity":"","overlay-gradient":""}},"ast-content-background-meta":{"desktop":{"background-color":"var(--ast-global-color-5)","background-image":"","background-repeat":"repeat","background-position":"center center","background-size":"auto","background-attachment":"scroll","background-type":"","background-media":"","overlay-type":"","overlay-color":"","overlay-opacity":"","overlay-gradient":""},"tablet":{"background-color":"var(--ast-global-color-5)","background-image":"","background-repeat":"repeat","background-position":"center center","background-size":"auto","background-attachment":"scroll","background-type":"","background-media":"","overlay-type":"","overlay-color":"","overlay-opacity":"","overlay-gradient":""},"mobile":{"background-color":"var(--ast-global-color-5)","background-image":"","background-repeat":"repeat","background-position":"center center","background-size":"auto","background-attachment":"scroll","background-type":"","background-media":"","overlay-type":"","overlay-color":"","overlay-opacity":"","overlay-gradient":""}}},"product_brand":[],"product_cat":[2230],"product_tag":[],"class_list":{"0":"post-20933","1":"product","2":"type-product","3":"status-publish","4":"has-post-thumbnail","6":"product_cat-autre","7":"desktop-align-center","8":"tablet-align-center","9":"mobile-align-center","11":"first","12":"outofstock","13":"taxable","14":"shipping-taxable","15":"purchasable","16":"product-type-simple"},"yoast_head":"<!-- This site is optimized with the Yoast SEO plugin v27.3 - https:\/\/yoast.com\/product\/yoast-seo-wordpress\/ -->\n<title>Towa Bobine Caisse - \u00c9valuateur de Tension - Style L - Superpunch<\/title>\n<meta name=\"robots\" content=\"index, follow, max-snippet:-1, max-image-preview:large, max-video-preview:-1\" \/>\n<link rel=\"canonical\" href=\"https:\/\/superpunch.com\/fr\/produit\/towa-bobbin-case-tension-gauge-style-l-2\/\" \/>\n<meta property=\"og:locale\" content=\"fr_CA\" \/>\n<meta property=\"og:type\" content=\"article\" \/>\n<meta property=\"og:title\" content=\"Towa Bobine Caisse - \u00c9valuateur de Tension - Style L - Superpunch\" \/>\n<meta property=\"og:description\" content=\"Outil pour \u00e9valuer votre tension de Bobine Caisse Style L. Avec cet outil, fini les devinettes et fini de prier le saint esprit. Vous aurez une tension constante afin d&#039;optimiser votre qualit\u00e9 de broderie. En quelques secondes, vous pouvez v\u00e9rifier que la tension de votre bobines est comme elle devrait \u00eatre pour broder des r\u00e9sultats optimaux. Il est facile \u00e0 utiliser et est livr\u00e9 avec des instructions compl\u00e8tes. Aucune configuration n&#039;est requise. Il est pr\u00eat \u00e0 l&#039;emploi d\u00e8s la sortie de la bo\u00eete.\" \/>\n<meta property=\"og:url\" content=\"https:\/\/superpunch.com\/fr\/produit\/towa-bobbin-case-tension-gauge-style-l-2\/\" \/>\n<meta property=\"og:site_name\" content=\"Superpunch\" \/>\n<meta property=\"article:publisher\" content=\"https:\/\/www.facebook.com\/Superpunchembroiderybroderie\" \/>\n<meta property=\"article:modified_time\" content=\"2026-04-10T19:44:34+00:00\" \/>\n<meta property=\"og:image\" content=\"https:\/\/superpunch.com\/wp-content\/uploads\/2020\/11\/towa-bobbin-case-tension-gauge.jpg\" \/>\n\t<meta property=\"og:image:width\" content=\"600\" \/>\n\t<meta property=\"og:image:height\" content=\"600\" \/>\n\t<meta property=\"og:image:type\" content=\"image\/jpeg\" \/>\n<meta name=\"twitter:card\" content=\"summary_large_image\" \/>\n<meta name=\"twitter:site\" content=\"@superpunchemb\" \/>\n<script type=\"application\/ld+json\" class=\"yoast-schema-graph\">{\"@context\":\"https:\\\/\\\/schema.org\",\"@graph\":[{\"@type\":\"WebPage\",\"@id\":\"https:\\\/\\\/superpunch.com\\\/fr\\\/produit\\\/towa-bobbin-case-tension-gauge-style-l-2\\\/\",\"url\":\"https:\\\/\\\/superpunch.com\\\/fr\\\/produit\\\/towa-bobbin-case-tension-gauge-style-l-2\\\/\",\"name\":\"Towa Bobine Caisse - \u00c9valuateur de Tension - Style L - Superpunch\",\"isPartOf\":{\"@id\":\"https:\\\/\\\/superpunch.com\\\/fr\\\/#website\"},\"primaryImageOfPage\":{\"@id\":\"https:\\\/\\\/superpunch.com\\\/fr\\\/produit\\\/towa-bobbin-case-tension-gauge-style-l-2\\\/#primaryimage\"},\"image\":{\"@id\":\"https:\\\/\\\/superpunch.com\\\/fr\\\/produit\\\/towa-bobbin-case-tension-gauge-style-l-2\\\/#primaryimage\"},\"thumbnailUrl\":\"https:\\\/\\\/superpunch.com\\\/wp-content\\\/uploads\\\/2020\\\/11\\\/towa-bobbin-case-tension-gauge.jpg\",\"datePublished\":\"2020-11-16T18:31:12+00:00\",\"dateModified\":\"2026-04-10T19:44:34+00:00\",\"breadcrumb\":{\"@id\":\"https:\\\/\\\/superpunch.com\\\/fr\\\/produit\\\/towa-bobbin-case-tension-gauge-style-l-2\\\/#breadcrumb\"},\"inLanguage\":\"fr-CA\",\"potentialAction\":[{\"@type\":\"ReadAction\",\"target\":[\"https:\\\/\\\/superpunch.com\\\/fr\\\/produit\\\/towa-bobbin-case-tension-gauge-style-l-2\\\/\"]}]},{\"@type\":\"ImageObject\",\"inLanguage\":\"fr-CA\",\"@id\":\"https:\\\/\\\/superpunch.com\\\/fr\\\/produit\\\/towa-bobbin-case-tension-gauge-style-l-2\\\/#primaryimage\",\"url\":\"https:\\\/\\\/superpunch.com\\\/wp-content\\\/uploads\\\/2020\\\/11\\\/towa-bobbin-case-tension-gauge.jpg\",\"contentUrl\":\"https:\\\/\\\/superpunch.com\\\/wp-content\\\/uploads\\\/2020\\\/11\\\/towa-bobbin-case-tension-gauge.jpg\",\"width\":600,\"height\":600},{\"@type\":\"BreadcrumbList\",\"@id\":\"https:\\\/\\\/superpunch.com\\\/fr\\\/produit\\\/towa-bobbin-case-tension-gauge-style-l-2\\\/#breadcrumb\",\"itemListElement\":[{\"@type\":\"ListItem\",\"position\":1,\"name\":\"Home\",\"item\":\"https:\\\/\\\/superpunch.com\\\/fr\\\/\"},{\"@type\":\"ListItem\",\"position\":2,\"name\":\"Shop\",\"item\":\"https:\\\/\\\/superpunch.com\\\/fr\\\/shop\\\/\"},{\"@type\":\"ListItem\",\"position\":3,\"name\":\"Towa Bobine Caisse &#8211; \u00c9valuateur de Tension &#8211; Style L\"}]},{\"@type\":\"WebSite\",\"@id\":\"https:\\\/\\\/superpunch.com\\\/fr\\\/#website\",\"url\":\"https:\\\/\\\/superpunch.com\\\/fr\\\/\",\"name\":\"Superpunch\",\"description\":\"Superpunch - Embroidery Digitizing, Thread, Machines, Stabilizers And Supplies\",\"publisher\":{\"@id\":\"https:\\\/\\\/superpunch.com\\\/fr\\\/#organization\"},\"potentialAction\":[{\"@type\":\"SearchAction\",\"target\":{\"@type\":\"EntryPoint\",\"urlTemplate\":\"https:\\\/\\\/superpunch.com\\\/fr\\\/?s={search_term_string}\"},\"query-input\":{\"@type\":\"PropertyValueSpecification\",\"valueRequired\":true,\"valueName\":\"search_term_string\"}}],\"inLanguage\":\"fr-CA\"},{\"@type\":\"Organization\",\"@id\":\"https:\\\/\\\/superpunch.com\\\/fr\\\/#organization\",\"name\":\"Superpunch\",\"url\":\"https:\\\/\\\/superpunch.com\\\/fr\\\/\",\"logo\":{\"@type\":\"ImageObject\",\"inLanguage\":\"fr-CA\",\"@id\":\"https:\\\/\\\/superpunch.com\\\/fr\\\/#\\\/schema\\\/logo\\\/image\\\/\",\"url\":\"https:\\\/\\\/superpunch.com\\\/wp-content\\\/uploads\\\/2022\\\/12\\\/superpunch_complet_new_site_on_black-2022.jpg\",\"contentUrl\":\"https:\\\/\\\/superpunch.com\\\/wp-content\\\/uploads\\\/2022\\\/12\\\/superpunch_complet_new_site_on_black-2022.jpg\",\"width\":600,\"height\":174,\"caption\":\"Superpunch\"},\"image\":{\"@id\":\"https:\\\/\\\/superpunch.com\\\/fr\\\/#\\\/schema\\\/logo\\\/image\\\/\"},\"sameAs\":[\"https:\\\/\\\/www.facebook.com\\\/Superpunchembroiderybroderie\",\"https:\\\/\\\/x.com\\\/superpunchemb\",\"https:\\\/\\\/www.instagram.com\\\/superpunchbrand?igsh=YW8xa2ZyZmxkdGNv\",\"https:\\\/\\\/www.youtube.com\\\/channel\\\/UCgt7yq4-pFJgeI_03psdGPQ\",\"https:\\\/\\\/www.pinterest.ca\\\/superpunchemb\"]}]}<\/script>\n<!-- \/ Yoast SEO plugin. -->","yoast_head_json":{"title":"Towa Bobine Caisse - \u00c9valuateur de Tension - Style L - Superpunch","robots":{"index":"index","follow":"follow","max-snippet":"max-snippet:-1","max-image-preview":"max-image-preview:large","max-video-preview":"max-video-preview:-1"},"canonical":"https:\/\/superpunch.com\/fr\/produit\/towa-bobbin-case-tension-gauge-style-l-2\/","og_locale":"fr_CA","og_type":"article","og_title":"Towa Bobine Caisse - \u00c9valuateur de Tension - Style L - Superpunch","og_description":"Outil pour \u00e9valuer votre tension de Bobine Caisse Style L. Avec cet outil, fini les devinettes et fini de prier le saint esprit. Vous aurez une tension constante afin d'optimiser votre qualit\u00e9 de broderie. En quelques secondes, vous pouvez v\u00e9rifier que la tension de votre bobines est comme elle devrait \u00eatre pour broder des r\u00e9sultats optimaux. Il est facile \u00e0 utiliser et est livr\u00e9 avec des instructions compl\u00e8tes. Aucune configuration n'est requise. Il est pr\u00eat \u00e0 l'emploi d\u00e8s la sortie de la bo\u00eete.","og_url":"https:\/\/superpunch.com\/fr\/produit\/towa-bobbin-case-tension-gauge-style-l-2\/","og_site_name":"Superpunch","article_publisher":"https:\/\/www.facebook.com\/Superpunchembroiderybroderie","article_modified_time":"2026-04-10T19:44:34+00:00","og_image":[{"width":600,"height":600,"url":"https:\/\/superpunch.com\/wp-content\/uploads\/2020\/11\/towa-bobbin-case-tension-gauge.jpg","type":"image\/jpeg"}],"twitter_card":"summary_large_image","twitter_site":"@superpunchemb","schema":{"@context":"https:\/\/schema.org","@graph":[{"@type":"WebPage","@id":"https:\/\/superpunch.com\/fr\/produit\/towa-bobbin-case-tension-gauge-style-l-2\/","url":"https:\/\/superpunch.com\/fr\/produit\/towa-bobbin-case-tension-gauge-style-l-2\/","name":"Towa Bobine Caisse - \u00c9valuateur de Tension - Style L - Superpunch","isPartOf":{"@id":"https:\/\/superpunch.com\/fr\/#website"},"primaryImageOfPage":{"@id":"https:\/\/superpunch.com\/fr\/produit\/towa-bobbin-case-tension-gauge-style-l-2\/#primaryimage"},"image":{"@id":"https:\/\/superpunch.com\/fr\/produit\/towa-bobbin-case-tension-gauge-style-l-2\/#primaryimage"},"thumbnailUrl":"https:\/\/superpunch.com\/wp-content\/uploads\/2020\/11\/towa-bobbin-case-tension-gauge.jpg","datePublished":"2020-11-16T18:31:12+00:00","dateModified":"2026-04-10T19:44:34+00:00","breadcrumb":{"@id":"https:\/\/superpunch.com\/fr\/produit\/towa-bobbin-case-tension-gauge-style-l-2\/#breadcrumb"},"inLanguage":"fr-CA","potentialAction":[{"@type":"ReadAction","target":["https:\/\/superpunch.com\/fr\/produit\/towa-bobbin-case-tension-gauge-style-l-2\/"]}]},{"@type":"ImageObject","inLanguage":"fr-CA","@id":"https:\/\/superpunch.com\/fr\/produit\/towa-bobbin-case-tension-gauge-style-l-2\/#primaryimage","url":"https:\/\/superpunch.com\/wp-content\/uploads\/2020\/11\/towa-bobbin-case-tension-gauge.jpg","contentUrl":"https:\/\/superpunch.com\/wp-content\/uploads\/2020\/11\/towa-bobbin-case-tension-gauge.jpg","width":600,"height":600},{"@type":"BreadcrumbList","@id":"https:\/\/superpunch.com\/fr\/produit\/towa-bobbin-case-tension-gauge-style-l-2\/#breadcrumb","itemListElement":[{"@type":"ListItem","position":1,"name":"Home","item":"https:\/\/superpunch.com\/fr\/"},{"@type":"ListItem","position":2,"name":"Shop","item":"https:\/\/superpunch.com\/fr\/shop\/"},{"@type":"ListItem","position":3,"name":"Towa Bobine Caisse &#8211; \u00c9valuateur de Tension &#8211; Style L"}]},{"@type":"WebSite","@id":"https:\/\/superpunch.com\/fr\/#website","url":"https:\/\/superpunch.com\/fr\/","name":"Superpunch","description":"Superpunch - Embroidery Digitizing, Thread, Machines, Stabilizers And Supplies","publisher":{"@id":"https:\/\/superpunch.com\/fr\/#organization"},"potentialAction":[{"@type":"SearchAction","target":{"@type":"EntryPoint","urlTemplate":"https:\/\/superpunch.com\/fr\/?s={search_term_string}"},"query-input":{"@type":"PropertyValueSpecification","valueRequired":true,"valueName":"search_term_string"}}],"inLanguage":"fr-CA"},{"@type":"Organization","@id":"https:\/\/superpunch.com\/fr\/#organization","name":"Superpunch","url":"https:\/\/superpunch.com\/fr\/","logo":{"@type":"ImageObject","inLanguage":"fr-CA","@id":"https:\/\/superpunch.com\/fr\/#\/schema\/logo\/image\/","url":"https:\/\/superpunch.com\/wp-content\/uploads\/2022\/12\/superpunch_complet_new_site_on_black-2022.jpg","contentUrl":"https:\/\/superpunch.com\/wp-content\/uploads\/2022\/12\/superpunch_complet_new_site_on_black-2022.jpg","width":600,"height":174,"caption":"Superpunch"},"image":{"@id":"https:\/\/superpunch.com\/fr\/#\/schema\/logo\/image\/"},"sameAs":["https:\/\/www.facebook.com\/Superpunchembroiderybroderie","https:\/\/x.com\/superpunchemb","https:\/\/www.instagram.com\/superpunchbrand?igsh=YW8xa2ZyZmxkdGNv","https:\/\/www.youtube.com\/channel\/UCgt7yq4-pFJgeI_03psdGPQ","https:\/\/www.pinterest.ca\/superpunchemb"]}]}},"_links":{"self":[{"href":"https:\/\/superpunch.com\/fr\/wp-json\/wp\/v2\/product\/20933","targetHints":{"allow":["GET"]}}],"collection":[{"href":"https:\/\/superpunch.com\/fr\/wp-json\/wp\/v2\/product"}],"about":[{"href":"https:\/\/superpunch.com\/fr\/wp-json\/wp\/v2\/types\/product"}],"replies":[{"embeddable":true,"href":"https:\/\/superpunch.com\/fr\/wp-json\/wp\/v2\/comments?post=20933"}],"wp:featuredmedia":[{"embeddable":true,"href":"https:\/\/superpunch.com\/fr\/wp-json\/wp\/v2\/media\/18178"}],"wp:attachment":[{"href":"https:\/\/superpunch.com\/fr\/wp-json\/wp\/v2\/media?parent=20933"}],"wp:term":[{"taxonomy":"product_brand","embeddable":true,"href":"https:\/\/superpunch.com\/fr\/wp-json\/wp\/v2\/product_brand?post=20933"},{"taxonomy":"product_cat","embeddable":true,"href":"https:\/\/superpunch.com\/fr\/wp-json\/wp\/v2\/product_cat?post=20933"},{"taxonomy":"product_tag","embeddable":true,"href":"https:\/\/superpunch.com\/fr\/wp-json\/wp\/v2\/product_tag?post=20933"}],"curies":[{"name":"wp","href":"https:\/\/api.w.org\/{rel}","templated":true}]}}