{"id":20943,"date":"2020-11-12T16:37:16","date_gmt":"2020-11-12T21:37:16","guid":{"rendered":"https:\/\/superpunch.com\/shop\/albachem-psr-ii-produit-de-nettoyage-a-sec-en-poudre\/"},"modified":"2025-02-18T10:07:18","modified_gmt":"2025-02-18T15:07:18","slug":"albachem-psr-ii-powdered-dry-cleaning-fluid-2","status":"publish","type":"product","link":"https:\/\/superpunch.com\/fr\/produit\/albachem-psr-ii-powdered-dry-cleaning-fluid-2\/","title":{"rendered":"Albachem PSR II Produit de nettoyage \u00e0 sec en poudre"},"content":{"rendered":"<p>Ce produit est con\u00e7u pour \u00e9liminer facilement les taches d\u2019huile et de graisse sans endommager les fibres d\u00e9licates de tous les types de textiles. AlbaChem PSR II ne contient aucun solvant chlor\u00e9. Le PSR a une faible odeur et s\u00e8che rapidement. Utiliser sur la soie, le satin, le coton, la laine, le polyester et tous les autres tissus nettoyables \u00e0 sec uniquement. Ne laissera pas un cercle ou un \u00abanneau\u00bb autour de la zone nettoy\u00e9e. Peut \u00eatre utilis\u00e9 sur les ac\u00e9tates. Cet a\u00e9rosol est mis dans une cannette pratique \u00e0 utiliser. Contrairement aux autres d\u00e9tachants, celui-ci enl\u00e8ve la tache du tissu avec une poudre blanche absorbante.<\/p>\n<p><strong>Avantages:<\/strong><\/p>\n<p>\u00c9limine les taches de graisse, de salet\u00e9 et d\u2019huile.<\/p>\n<p>Ne contient aucun solvant chlor\u00e9 (ni aucun autre produit chimique toxique.)<\/p>\n<p>Ne laissera pas un cercle ou un \u00abanneau\u00bb autour de la zone nettoy\u00e9e.<\/p>\n<p>S\u00e8che en poudre blanche absorbante.<\/p>\n<p>La poudre est facilement bross\u00e9e ou souffl\u00e9e du tissu.<\/p>\n<p>A une faible odeur et est agr\u00e9able \u00e0 utiliser.<\/p>\n<p><strong>Mode d\u2019emploi:<\/strong><\/p>\n<p>Tenez le contenant \u00e0 la verticale \u00e0 environ 8 \u00e0 10 pouces de la surface et vaporisez la zone souill\u00e9e.<\/p>\n<p>Laisser s\u00e9cher compl\u00e8tement jusqu\u2019\u00e0 formation de poudre blanche.<\/p>\n<p>Brossez la poudre ou soufflez la poudre \u00e0 l\u2019aide d\u2019un pistolet \u00e0 air comprim\u00e9.<\/p>\n<p>Si la buse se bouche, retirez-la et nettoyez-la avec la goupille.<\/p>\n<p>Ne pas porter un v\u00eatement\/tissu en traitement.<\/p>\n","protected":false},"excerpt":{"rendered":"<ul>\n<li>\u00c9limine les taches de graisse, de salet\u00e9 et d\u2019huile.<\/li>\n<li>Ne contient aucun solvant chlor\u00e9 (ni aucun autre produit chimique toxique.)<\/li>\n<li>Ne laissera pas un cercle ou un \u00abanneau\u00bb autour de la zone nettoy\u00e9e.<\/li>\n<li>S\u00e8che en poudre blanche absorbante.<\/li>\n<li>La poudre est facilement bross\u00e9e ou souffl\u00e9e du tissu.<\/li>\n<li>A une faible odeur et est agr\u00e9able \u00e0 utiliser.<\/li>\n<\/ul>\n","protected":false},"featured_media":18092,"comment_status":"open","ping_status":"closed","template":"","meta":{"site-sidebar-layout":"default","site-content-layout":"default","ast-site-content-layout":"default","site-content-style":"default","site-sidebar-style":"default","ast-global-header-display":"","ast-banner-title-visibility":"","ast-main-header-display":"","ast-hfb-above-header-display":"","ast-hfb-below-header-display":"","ast-hfb-mobile-header-display":"","site-post-title":"","ast-breadcrumbs-content":"","ast-featured-img":"","footer-sml-layout":"","ast-disable-related-posts":"","theme-transparent-header-meta":"default","adv-header-id-meta":"","stick-header-meta":"","header-above-stick-meta":"","header-main-stick-meta":"","header-below-stick-meta":"","astra-migrate-meta-layouts":"default","ast-page-background-enabled":"default","ast-page-background-meta":{"desktop":{"background-color":"","background-image":"","background-repeat":"repeat","background-position":"center center","background-size":"auto","background-attachment":"scroll","background-type":"","background-media":"","overlay-type":"","overlay-color":"","overlay-opacity":"","overlay-gradient":""},"tablet":{"background-color":"","background-image":"","background-repeat":"repeat","background-position":"center center","background-size":"auto","background-attachment":"scroll","background-type":"","background-media":"","overlay-type":"","overlay-color":"","overlay-opacity":"","overlay-gradient":""},"mobile":{"background-color":"","background-image":"","background-repeat":"repeat","background-position":"center center","background-size":"auto","background-attachment":"scroll","background-type":"","background-media":"","overlay-type":"","overlay-color":"","overlay-opacity":"","overlay-gradient":""}},"ast-content-background-meta":{"desktop":{"background-color":"var(--ast-global-color-5)","background-image":"","background-repeat":"repeat","background-position":"center center","background-size":"auto","background-attachment":"scroll","background-type":"","background-media":"","overlay-type":"","overlay-color":"","overlay-opacity":"","overlay-gradient":""},"tablet":{"background-color":"var(--ast-global-color-5)","background-image":"","background-repeat":"repeat","background-position":"center center","background-size":"auto","background-attachment":"scroll","background-type":"","background-media":"","overlay-type":"","overlay-color":"","overlay-opacity":"","overlay-gradient":""},"mobile":{"background-color":"var(--ast-global-color-5)","background-image":"","background-repeat":"repeat","background-position":"center center","background-size":"auto","background-attachment":"scroll","background-type":"","background-media":"","overlay-type":"","overlay-color":"","overlay-opacity":"","overlay-gradient":""}}},"product_brand":[],"product_cat":[2597],"product_tag":[],"class_list":{"0":"post-20943","1":"product","2":"type-product","3":"status-publish","4":"has-post-thumbnail","6":"product_cat-aerosol-lubrifiant-et-huile","7":"desktop-align-center","8":"tablet-align-center","9":"mobile-align-center","11":"first","12":"instock","13":"taxable","14":"shipping-taxable","15":"purchasable","16":"product-type-simple"},"yoast_head":"<!-- This site is optimized with the Yoast SEO plugin v27.4 - https:\/\/yoast.com\/product\/yoast-seo-wordpress\/ -->\n<title>Albachem PSR II Produit de nettoyage \u00e0 sec en poudre - Superpunch<\/title>\n<meta name=\"robots\" content=\"index, follow, max-snippet:-1, max-image-preview:large, max-video-preview:-1\" \/>\n<link rel=\"canonical\" href=\"https:\/\/superpunch.com\/fr\/produit\/albachem-psr-ii-powdered-dry-cleaning-fluid-2\/\" \/>\n<meta property=\"og:locale\" content=\"fr_CA\" \/>\n<meta property=\"og:type\" content=\"article\" \/>\n<meta property=\"og:title\" content=\"Albachem PSR II Produit de nettoyage \u00e0 sec en poudre - Superpunch\" \/>\n<meta property=\"og:description\" content=\"\u00c9limine les taches de graisse, de salet\u00e9 et d\u2019huile.  Ne contient aucun solvant chlor\u00e9 (ni aucun autre produit chimique toxique.)  Ne laissera pas un cercle ou un \u00abanneau\u00bb autour de la zone nettoy\u00e9e.  S\u00e8che en poudre blanche absorbante.  La poudre est facilement bross\u00e9e ou souffl\u00e9e du tissu.  A une faible odeur et est agr\u00e9able \u00e0 utiliser.\" \/>\n<meta property=\"og:url\" content=\"https:\/\/superpunch.com\/fr\/produit\/albachem-psr-ii-powdered-dry-cleaning-fluid-2\/\" \/>\n<meta property=\"og:site_name\" content=\"Superpunch\" \/>\n<meta property=\"article:publisher\" content=\"https:\/\/www.facebook.com\/Superpunchembroiderybroderie\" \/>\n<meta property=\"article:modified_time\" content=\"2025-02-18T15:07:18+00:00\" \/>\n<meta property=\"og:image\" content=\"https:\/\/superpunch.com\/wp-content\/uploads\/2020\/11\/albachem-PSR-II-powdered-dry-cleaning-fluid.jpg\" \/>\n\t<meta property=\"og:image:width\" content=\"600\" \/>\n\t<meta property=\"og:image:height\" content=\"600\" \/>\n\t<meta property=\"og:image:type\" content=\"image\/jpeg\" \/>\n<meta name=\"twitter:card\" content=\"summary_large_image\" \/>\n<meta name=\"twitter:site\" content=\"@superpunchemb\" \/>\n<meta name=\"twitter:label1\" content=\"Estimation du temps de lecture\" \/>\n\t<meta name=\"twitter:data1\" content=\"1 minute\" \/>\n<script type=\"application\/ld+json\" class=\"yoast-schema-graph\">{\"@context\":\"https:\\\/\\\/schema.org\",\"@graph\":[{\"@type\":\"WebPage\",\"@id\":\"https:\\\/\\\/superpunch.com\\\/fr\\\/produit\\\/albachem-psr-ii-powdered-dry-cleaning-fluid-2\\\/\",\"url\":\"https:\\\/\\\/superpunch.com\\\/fr\\\/produit\\\/albachem-psr-ii-powdered-dry-cleaning-fluid-2\\\/\",\"name\":\"Albachem PSR II Produit de nettoyage \u00e0 sec en poudre - Superpunch\",\"isPartOf\":{\"@id\":\"https:\\\/\\\/superpunch.com\\\/fr\\\/#website\"},\"primaryImageOfPage\":{\"@id\":\"https:\\\/\\\/superpunch.com\\\/fr\\\/produit\\\/albachem-psr-ii-powdered-dry-cleaning-fluid-2\\\/#primaryimage\"},\"image\":{\"@id\":\"https:\\\/\\\/superpunch.com\\\/fr\\\/produit\\\/albachem-psr-ii-powdered-dry-cleaning-fluid-2\\\/#primaryimage\"},\"thumbnailUrl\":\"https:\\\/\\\/superpunch.com\\\/wp-content\\\/uploads\\\/2020\\\/11\\\/albachem-PSR-II-powdered-dry-cleaning-fluid.jpg\",\"datePublished\":\"2020-11-12T21:37:16+00:00\",\"dateModified\":\"2025-02-18T15:07:18+00:00\",\"breadcrumb\":{\"@id\":\"https:\\\/\\\/superpunch.com\\\/fr\\\/produit\\\/albachem-psr-ii-powdered-dry-cleaning-fluid-2\\\/#breadcrumb\"},\"inLanguage\":\"fr-CA\",\"potentialAction\":[{\"@type\":\"ReadAction\",\"target\":[\"https:\\\/\\\/superpunch.com\\\/fr\\\/produit\\\/albachem-psr-ii-powdered-dry-cleaning-fluid-2\\\/\"]}]},{\"@type\":\"ImageObject\",\"inLanguage\":\"fr-CA\",\"@id\":\"https:\\\/\\\/superpunch.com\\\/fr\\\/produit\\\/albachem-psr-ii-powdered-dry-cleaning-fluid-2\\\/#primaryimage\",\"url\":\"https:\\\/\\\/superpunch.com\\\/wp-content\\\/uploads\\\/2020\\\/11\\\/albachem-PSR-II-powdered-dry-cleaning-fluid.jpg\",\"contentUrl\":\"https:\\\/\\\/superpunch.com\\\/wp-content\\\/uploads\\\/2020\\\/11\\\/albachem-PSR-II-powdered-dry-cleaning-fluid.jpg\",\"width\":600,\"height\":600},{\"@type\":\"BreadcrumbList\",\"@id\":\"https:\\\/\\\/superpunch.com\\\/fr\\\/produit\\\/albachem-psr-ii-powdered-dry-cleaning-fluid-2\\\/#breadcrumb\",\"itemListElement\":[{\"@type\":\"ListItem\",\"position\":1,\"name\":\"Home\",\"item\":\"https:\\\/\\\/superpunch.com\\\/fr\\\/\"},{\"@type\":\"ListItem\",\"position\":2,\"name\":\"Shop\",\"item\":\"https:\\\/\\\/superpunch.com\\\/fr\\\/shop\\\/\"},{\"@type\":\"ListItem\",\"position\":3,\"name\":\"Albachem PSR II Produit de nettoyage \u00e0 sec en poudre\"}]},{\"@type\":\"WebSite\",\"@id\":\"https:\\\/\\\/superpunch.com\\\/fr\\\/#website\",\"url\":\"https:\\\/\\\/superpunch.com\\\/fr\\\/\",\"name\":\"Superpunch\",\"description\":\"Superpunch - Embroidery Digitizing, Thread, Machines, Stabilizers And Supplies\",\"publisher\":{\"@id\":\"https:\\\/\\\/superpunch.com\\\/fr\\\/#organization\"},\"potentialAction\":[{\"@type\":\"SearchAction\",\"target\":{\"@type\":\"EntryPoint\",\"urlTemplate\":\"https:\\\/\\\/superpunch.com\\\/fr\\\/?s={search_term_string}\"},\"query-input\":{\"@type\":\"PropertyValueSpecification\",\"valueRequired\":true,\"valueName\":\"search_term_string\"}}],\"inLanguage\":\"fr-CA\"},{\"@type\":\"Organization\",\"@id\":\"https:\\\/\\\/superpunch.com\\\/fr\\\/#organization\",\"name\":\"Superpunch\",\"url\":\"https:\\\/\\\/superpunch.com\\\/fr\\\/\",\"logo\":{\"@type\":\"ImageObject\",\"inLanguage\":\"fr-CA\",\"@id\":\"https:\\\/\\\/superpunch.com\\\/fr\\\/#\\\/schema\\\/logo\\\/image\\\/\",\"url\":\"https:\\\/\\\/superpunch.com\\\/wp-content\\\/uploads\\\/2022\\\/12\\\/superpunch_complet_new_site_on_black-2022.jpg\",\"contentUrl\":\"https:\\\/\\\/superpunch.com\\\/wp-content\\\/uploads\\\/2022\\\/12\\\/superpunch_complet_new_site_on_black-2022.jpg\",\"width\":600,\"height\":174,\"caption\":\"Superpunch\"},\"image\":{\"@id\":\"https:\\\/\\\/superpunch.com\\\/fr\\\/#\\\/schema\\\/logo\\\/image\\\/\"},\"sameAs\":[\"https:\\\/\\\/www.facebook.com\\\/Superpunchembroiderybroderie\",\"https:\\\/\\\/x.com\\\/superpunchemb\",\"https:\\\/\\\/www.instagram.com\\\/superpunchbrand?igsh=YW8xa2ZyZmxkdGNv\",\"https:\\\/\\\/www.youtube.com\\\/channel\\\/UCgt7yq4-pFJgeI_03psdGPQ\",\"https:\\\/\\\/www.pinterest.ca\\\/superpunchemb\"]}]}<\/script>\n<!-- \/ Yoast SEO plugin. -->","yoast_head_json":{"title":"Albachem PSR II Produit de nettoyage \u00e0 sec en poudre - Superpunch","robots":{"index":"index","follow":"follow","max-snippet":"max-snippet:-1","max-image-preview":"max-image-preview:large","max-video-preview":"max-video-preview:-1"},"canonical":"https:\/\/superpunch.com\/fr\/produit\/albachem-psr-ii-powdered-dry-cleaning-fluid-2\/","og_locale":"fr_CA","og_type":"article","og_title":"Albachem PSR II Produit de nettoyage \u00e0 sec en poudre - Superpunch","og_description":"\u00c9limine les taches de graisse, de salet\u00e9 et d\u2019huile.  Ne contient aucun solvant chlor\u00e9 (ni aucun autre produit chimique toxique.)  Ne laissera pas un cercle ou un \u00abanneau\u00bb autour de la zone nettoy\u00e9e.  S\u00e8che en poudre blanche absorbante.  La poudre est facilement bross\u00e9e ou souffl\u00e9e du tissu.  A une faible odeur et est agr\u00e9able \u00e0 utiliser.","og_url":"https:\/\/superpunch.com\/fr\/produit\/albachem-psr-ii-powdered-dry-cleaning-fluid-2\/","og_site_name":"Superpunch","article_publisher":"https:\/\/www.facebook.com\/Superpunchembroiderybroderie","article_modified_time":"2025-02-18T15:07:18+00:00","og_image":[{"width":600,"height":600,"url":"https:\/\/superpunch.com\/wp-content\/uploads\/2020\/11\/albachem-PSR-II-powdered-dry-cleaning-fluid.jpg","type":"image\/jpeg"}],"twitter_card":"summary_large_image","twitter_site":"@superpunchemb","twitter_misc":{"Estimation du temps de lecture":"1 minute"},"schema":{"@context":"https:\/\/schema.org","@graph":[{"@type":"WebPage","@id":"https:\/\/superpunch.com\/fr\/produit\/albachem-psr-ii-powdered-dry-cleaning-fluid-2\/","url":"https:\/\/superpunch.com\/fr\/produit\/albachem-psr-ii-powdered-dry-cleaning-fluid-2\/","name":"Albachem PSR II Produit de nettoyage \u00e0 sec en poudre - Superpunch","isPartOf":{"@id":"https:\/\/superpunch.com\/fr\/#website"},"primaryImageOfPage":{"@id":"https:\/\/superpunch.com\/fr\/produit\/albachem-psr-ii-powdered-dry-cleaning-fluid-2\/#primaryimage"},"image":{"@id":"https:\/\/superpunch.com\/fr\/produit\/albachem-psr-ii-powdered-dry-cleaning-fluid-2\/#primaryimage"},"thumbnailUrl":"https:\/\/superpunch.com\/wp-content\/uploads\/2020\/11\/albachem-PSR-II-powdered-dry-cleaning-fluid.jpg","datePublished":"2020-11-12T21:37:16+00:00","dateModified":"2025-02-18T15:07:18+00:00","breadcrumb":{"@id":"https:\/\/superpunch.com\/fr\/produit\/albachem-psr-ii-powdered-dry-cleaning-fluid-2\/#breadcrumb"},"inLanguage":"fr-CA","potentialAction":[{"@type":"ReadAction","target":["https:\/\/superpunch.com\/fr\/produit\/albachem-psr-ii-powdered-dry-cleaning-fluid-2\/"]}]},{"@type":"ImageObject","inLanguage":"fr-CA","@id":"https:\/\/superpunch.com\/fr\/produit\/albachem-psr-ii-powdered-dry-cleaning-fluid-2\/#primaryimage","url":"https:\/\/superpunch.com\/wp-content\/uploads\/2020\/11\/albachem-PSR-II-powdered-dry-cleaning-fluid.jpg","contentUrl":"https:\/\/superpunch.com\/wp-content\/uploads\/2020\/11\/albachem-PSR-II-powdered-dry-cleaning-fluid.jpg","width":600,"height":600},{"@type":"BreadcrumbList","@id":"https:\/\/superpunch.com\/fr\/produit\/albachem-psr-ii-powdered-dry-cleaning-fluid-2\/#breadcrumb","itemListElement":[{"@type":"ListItem","position":1,"name":"Home","item":"https:\/\/superpunch.com\/fr\/"},{"@type":"ListItem","position":2,"name":"Shop","item":"https:\/\/superpunch.com\/fr\/shop\/"},{"@type":"ListItem","position":3,"name":"Albachem PSR II Produit de nettoyage \u00e0 sec en poudre"}]},{"@type":"WebSite","@id":"https:\/\/superpunch.com\/fr\/#website","url":"https:\/\/superpunch.com\/fr\/","name":"Superpunch","description":"Superpunch - Embroidery Digitizing, Thread, Machines, Stabilizers And Supplies","publisher":{"@id":"https:\/\/superpunch.com\/fr\/#organization"},"potentialAction":[{"@type":"SearchAction","target":{"@type":"EntryPoint","urlTemplate":"https:\/\/superpunch.com\/fr\/?s={search_term_string}"},"query-input":{"@type":"PropertyValueSpecification","valueRequired":true,"valueName":"search_term_string"}}],"inLanguage":"fr-CA"},{"@type":"Organization","@id":"https:\/\/superpunch.com\/fr\/#organization","name":"Superpunch","url":"https:\/\/superpunch.com\/fr\/","logo":{"@type":"ImageObject","inLanguage":"fr-CA","@id":"https:\/\/superpunch.com\/fr\/#\/schema\/logo\/image\/","url":"https:\/\/superpunch.com\/wp-content\/uploads\/2022\/12\/superpunch_complet_new_site_on_black-2022.jpg","contentUrl":"https:\/\/superpunch.com\/wp-content\/uploads\/2022\/12\/superpunch_complet_new_site_on_black-2022.jpg","width":600,"height":174,"caption":"Superpunch"},"image":{"@id":"https:\/\/superpunch.com\/fr\/#\/schema\/logo\/image\/"},"sameAs":["https:\/\/www.facebook.com\/Superpunchembroiderybroderie","https:\/\/x.com\/superpunchemb","https:\/\/www.instagram.com\/superpunchbrand?igsh=YW8xa2ZyZmxkdGNv","https:\/\/www.youtube.com\/channel\/UCgt7yq4-pFJgeI_03psdGPQ","https:\/\/www.pinterest.ca\/superpunchemb"]}]}},"_links":{"self":[{"href":"https:\/\/superpunch.com\/fr\/wp-json\/wp\/v2\/product\/20943","targetHints":{"allow":["GET"]}}],"collection":[{"href":"https:\/\/superpunch.com\/fr\/wp-json\/wp\/v2\/product"}],"about":[{"href":"https:\/\/superpunch.com\/fr\/wp-json\/wp\/v2\/types\/product"}],"replies":[{"embeddable":true,"href":"https:\/\/superpunch.com\/fr\/wp-json\/wp\/v2\/comments?post=20943"}],"wp:featuredmedia":[{"embeddable":true,"href":"https:\/\/superpunch.com\/fr\/wp-json\/wp\/v2\/media\/18092"}],"wp:attachment":[{"href":"https:\/\/superpunch.com\/fr\/wp-json\/wp\/v2\/media?parent=20943"}],"wp:term":[{"taxonomy":"product_brand","embeddable":true,"href":"https:\/\/superpunch.com\/fr\/wp-json\/wp\/v2\/product_brand?post=20943"},{"taxonomy":"product_cat","embeddable":true,"href":"https:\/\/superpunch.com\/fr\/wp-json\/wp\/v2\/product_cat?post=20943"},{"taxonomy":"product_tag","embeddable":true,"href":"https:\/\/superpunch.com\/fr\/wp-json\/wp\/v2\/product_tag?post=20943"}],"curies":[{"name":"wp","href":"https:\/\/api.w.org\/{rel}","templated":true}]}}