{"id":21014,"date":"2020-10-27T15:26:41","date_gmt":"2020-10-27T19:26:41","guid":{"rendered":"https:\/\/superpunch.com\/shop\/decoupable-grid-pre-coupe-7-5-x-7-5-blanc-250-morceaux\/"},"modified":"2025-11-26T09:39:00","modified_gmt":"2025-11-26T14:39:00","slug":"decoupable-grid-pre-coupe-7-5-x-7-5-blanc-250-morceaux","status":"publish","type":"product","link":"https:\/\/superpunch.com\/fr\/produit\/decoupable-grid-pre-coupe-7-5-x-7-5-blanc-250-morceaux\/","title":{"rendered":"D\u00e9coupable \u00ab\u00a0Grid\u00a0\u00bb, Pr\u00e9-Coup\u00e9 7.5&Prime; x 7.5&Prime;, Blanc, 250 Morceaux"},"content":{"rendered":"<div id=\"bobbindescription\">250 morceaux par paquet.<br \/>\nQuadrill\u00e9.<br \/>\n1) Tr\u00e8s doux au toucher et n&rsquo;irrite pas la peau.<br \/>\n2) 100% Polyester, non tiss\u00e9, les lignes quadrill\u00e9es lui procurent beaucoup plus de solidit\u00e9 et de force. Densit\u00e9 de 2.0 oz, mais il r\u00e9siste comme un 2.5 oz.<br \/>\n3) Plusieurs clients nous disent qu&rsquo;ils utilisent 1 morceau au lieu de 2 r\u00e9guliers de 2 onces.<\/p>\n","protected":false},"excerpt":{"rendered":"<ul>\n<li>250 morceaux par paquet.<\/li>\n<li>Quadrill\u00e9.<\/li>\n<p>1) Tr\u00e8s doux au toucher et n&rsquo;irrite pas la peau.<br \/>\n2) 100% Polyester, non tiss\u00e9, les lignes quadrill\u00e9es lui procurent beaucoup plus de solidit\u00e9 et de force. Densit\u00e9 de 2.0 oz, mais il r\u00e9siste comme un 2.5 oz.<br \/>\n3) Plusieurs clients nous disent qu&rsquo;ils utilisent 1 morceau au lieu de 2 r\u00e9guliers de 2 onces.<\/li>\n<\/ul>\n<p><img decoding=\"async\" class=\"alignnone wp-image-9188\" src=\"https:\/\/superpunch.com\/wp-content\/uploads\/2021\/03\/made_in_usa_FR-3.jpg\" alt=\"\" width=\"71\" height=\"50\" \/><\/p>\n","protected":false},"featured_media":17945,"comment_status":"open","ping_status":"closed","template":"","meta":{"site-sidebar-layout":"default","site-content-layout":"default","ast-site-content-layout":"default","site-content-style":"default","site-sidebar-style":"default","ast-global-header-display":"","ast-banner-title-visibility":"","ast-main-header-display":"","ast-hfb-above-header-display":"","ast-hfb-below-header-display":"","ast-hfb-mobile-header-display":"","site-post-title":"","ast-breadcrumbs-content":"","ast-featured-img":"","footer-sml-layout":"","ast-disable-related-posts":"","theme-transparent-header-meta":"default","adv-header-id-meta":"","stick-header-meta":"","header-above-stick-meta":"","header-main-stick-meta":"","header-below-stick-meta":"","astra-migrate-meta-layouts":"default","ast-page-background-enabled":"default","ast-page-background-meta":{"desktop":{"background-color":"","background-image":"","background-repeat":"repeat","background-position":"center center","background-size":"auto","background-attachment":"scroll","background-type":"","background-media":"","overlay-type":"","overlay-color":"","overlay-opacity":"","overlay-gradient":""},"tablet":{"background-color":"","background-image":"","background-repeat":"repeat","background-position":"center center","background-size":"auto","background-attachment":"scroll","background-type":"","background-media":"","overlay-type":"","overlay-color":"","overlay-opacity":"","overlay-gradient":""},"mobile":{"background-color":"","background-image":"","background-repeat":"repeat","background-position":"center center","background-size":"auto","background-attachment":"scroll","background-type":"","background-media":"","overlay-type":"","overlay-color":"","overlay-opacity":"","overlay-gradient":""}},"ast-content-background-meta":{"desktop":{"background-color":"var(--ast-global-color-5)","background-image":"","background-repeat":"repeat","background-position":"center center","background-size":"auto","background-attachment":"scroll","background-type":"","background-media":"","overlay-type":"","overlay-color":"","overlay-opacity":"","overlay-gradient":""},"tablet":{"background-color":"var(--ast-global-color-5)","background-image":"","background-repeat":"repeat","background-position":"center center","background-size":"auto","background-attachment":"scroll","background-type":"","background-media":"","overlay-type":"","overlay-color":"","overlay-opacity":"","overlay-gradient":""},"mobile":{"background-color":"var(--ast-global-color-5)","background-image":"","background-repeat":"repeat","background-position":"center center","background-size":"auto","background-attachment":"scroll","background-type":"","background-media":"","overlay-type":"","overlay-color":"","overlay-opacity":"","overlay-gradient":""}}},"product_brand":[],"product_cat":[2599],"product_tag":[],"class_list":{"0":"post-21014","1":"product","2":"type-product","3":"status-publish","4":"has-post-thumbnail","6":"product_cat-decoupable","7":"desktop-align-center","8":"tablet-align-center","9":"mobile-align-center","11":"first","12":"instock","13":"taxable","14":"shipping-taxable","15":"purchasable","16":"product-type-simple"},"yoast_head":"<!-- This site is optimized with the Yoast SEO plugin v27.3 - https:\/\/yoast.com\/product\/yoast-seo-wordpress\/ -->\n<title>D\u00e9coupable &quot;Grid&quot;, Pr\u00e9-Coup\u00e9 7.5&quot; x 7.5&quot;, Blanc, 250 Morceaux - Superpunch<\/title>\n<meta name=\"robots\" content=\"index, follow, max-snippet:-1, max-image-preview:large, max-video-preview:-1\" \/>\n<link rel=\"canonical\" href=\"https:\/\/superpunch.com\/fr\/produit\/decoupable-grid-pre-coupe-7-5-x-7-5-blanc-250-morceaux\/\" \/>\n<meta property=\"og:locale\" content=\"fr_CA\" \/>\n<meta property=\"og:type\" content=\"article\" \/>\n<meta property=\"og:title\" content=\"D\u00e9coupable &quot;Grid&quot;, Pr\u00e9-Coup\u00e9 7.5&quot; x 7.5&quot;, Blanc, 250 Morceaux - Superpunch\" \/>\n<meta property=\"og:description\" content=\"250 morceaux par paquet. Quadrill\u00e9. 1) Tr\u00e8s doux au toucher et n&#039;irrite pas la peau. 2) 100% Polyester, non tiss\u00e9, les lignes quadrill\u00e9es lui procurent beaucoup plus de solidit\u00e9 et de force. Densit\u00e9 de 2.0 oz, mais il r\u00e9siste comme un 2.5 oz. 3) Plusieurs clients nous disent qu&#039;ils utilisent 1 morceau au lieu de 2 r\u00e9guliers de 2 onces.\" \/>\n<meta property=\"og:url\" content=\"https:\/\/superpunch.com\/fr\/produit\/decoupable-grid-pre-coupe-7-5-x-7-5-blanc-250-morceaux\/\" \/>\n<meta property=\"og:site_name\" content=\"Superpunch\" \/>\n<meta property=\"article:publisher\" content=\"https:\/\/www.facebook.com\/Superpunchembroiderybroderie\" \/>\n<meta property=\"article:modified_time\" content=\"2025-11-26T14:39:00+00:00\" \/>\n<meta property=\"og:image\" content=\"https:\/\/superpunch.com\/wp-content\/uploads\/2020\/10\/grid-2oz-cu-away-embroidery-stabilizer-white.jpg\" \/>\n\t<meta property=\"og:image:width\" content=\"422\" \/>\n\t<meta property=\"og:image:height\" content=\"422\" \/>\n\t<meta property=\"og:image:type\" content=\"image\/jpeg\" \/>\n<meta name=\"twitter:card\" content=\"summary_large_image\" \/>\n<meta name=\"twitter:site\" content=\"@superpunchemb\" \/>\n<script type=\"application\/ld+json\" class=\"yoast-schema-graph\">{\"@context\":\"https:\\\/\\\/schema.org\",\"@graph\":[{\"@type\":\"WebPage\",\"@id\":\"https:\\\/\\\/superpunch.com\\\/fr\\\/produit\\\/decoupable-grid-pre-coupe-7-5-x-7-5-blanc-250-morceaux\\\/\",\"url\":\"https:\\\/\\\/superpunch.com\\\/fr\\\/produit\\\/decoupable-grid-pre-coupe-7-5-x-7-5-blanc-250-morceaux\\\/\",\"name\":\"D\u00e9coupable \\\"Grid\\\", Pr\u00e9-Coup\u00e9 7.5\\\" x 7.5\\\", Blanc, 250 Morceaux - Superpunch\",\"isPartOf\":{\"@id\":\"https:\\\/\\\/superpunch.com\\\/fr\\\/#website\"},\"primaryImageOfPage\":{\"@id\":\"https:\\\/\\\/superpunch.com\\\/fr\\\/produit\\\/decoupable-grid-pre-coupe-7-5-x-7-5-blanc-250-morceaux\\\/#primaryimage\"},\"image\":{\"@id\":\"https:\\\/\\\/superpunch.com\\\/fr\\\/produit\\\/decoupable-grid-pre-coupe-7-5-x-7-5-blanc-250-morceaux\\\/#primaryimage\"},\"thumbnailUrl\":\"https:\\\/\\\/superpunch.com\\\/wp-content\\\/uploads\\\/2020\\\/10\\\/grid-2oz-cu-away-embroidery-stabilizer-white.jpg\",\"datePublished\":\"2020-10-27T19:26:41+00:00\",\"dateModified\":\"2025-11-26T14:39:00+00:00\",\"breadcrumb\":{\"@id\":\"https:\\\/\\\/superpunch.com\\\/fr\\\/produit\\\/decoupable-grid-pre-coupe-7-5-x-7-5-blanc-250-morceaux\\\/#breadcrumb\"},\"inLanguage\":\"fr-CA\",\"potentialAction\":[{\"@type\":\"ReadAction\",\"target\":[\"https:\\\/\\\/superpunch.com\\\/fr\\\/produit\\\/decoupable-grid-pre-coupe-7-5-x-7-5-blanc-250-morceaux\\\/\"]}]},{\"@type\":\"ImageObject\",\"inLanguage\":\"fr-CA\",\"@id\":\"https:\\\/\\\/superpunch.com\\\/fr\\\/produit\\\/decoupable-grid-pre-coupe-7-5-x-7-5-blanc-250-morceaux\\\/#primaryimage\",\"url\":\"https:\\\/\\\/superpunch.com\\\/wp-content\\\/uploads\\\/2020\\\/10\\\/grid-2oz-cu-away-embroidery-stabilizer-white.jpg\",\"contentUrl\":\"https:\\\/\\\/superpunch.com\\\/wp-content\\\/uploads\\\/2020\\\/10\\\/grid-2oz-cu-away-embroidery-stabilizer-white.jpg\",\"width\":422,\"height\":422},{\"@type\":\"BreadcrumbList\",\"@id\":\"https:\\\/\\\/superpunch.com\\\/fr\\\/produit\\\/decoupable-grid-pre-coupe-7-5-x-7-5-blanc-250-morceaux\\\/#breadcrumb\",\"itemListElement\":[{\"@type\":\"ListItem\",\"position\":1,\"name\":\"Home\",\"item\":\"https:\\\/\\\/superpunch.com\\\/fr\\\/\"},{\"@type\":\"ListItem\",\"position\":2,\"name\":\"Shop\",\"item\":\"https:\\\/\\\/superpunch.com\\\/fr\\\/shop\\\/\"},{\"@type\":\"ListItem\",\"position\":3,\"name\":\"D\u00e9coupable &laquo; Grid &raquo;, Pr\u00e9-Coup\u00e9 7.5&Prime; x 7.5&Prime;, Blanc, 250 Morceaux\"}]},{\"@type\":\"WebSite\",\"@id\":\"https:\\\/\\\/superpunch.com\\\/fr\\\/#website\",\"url\":\"https:\\\/\\\/superpunch.com\\\/fr\\\/\",\"name\":\"Superpunch\",\"description\":\"Superpunch - Embroidery Digitizing, Thread, Machines, Stabilizers And Supplies\",\"publisher\":{\"@id\":\"https:\\\/\\\/superpunch.com\\\/fr\\\/#organization\"},\"potentialAction\":[{\"@type\":\"SearchAction\",\"target\":{\"@type\":\"EntryPoint\",\"urlTemplate\":\"https:\\\/\\\/superpunch.com\\\/fr\\\/?s={search_term_string}\"},\"query-input\":{\"@type\":\"PropertyValueSpecification\",\"valueRequired\":true,\"valueName\":\"search_term_string\"}}],\"inLanguage\":\"fr-CA\"},{\"@type\":\"Organization\",\"@id\":\"https:\\\/\\\/superpunch.com\\\/fr\\\/#organization\",\"name\":\"Superpunch\",\"url\":\"https:\\\/\\\/superpunch.com\\\/fr\\\/\",\"logo\":{\"@type\":\"ImageObject\",\"inLanguage\":\"fr-CA\",\"@id\":\"https:\\\/\\\/superpunch.com\\\/fr\\\/#\\\/schema\\\/logo\\\/image\\\/\",\"url\":\"https:\\\/\\\/superpunch.com\\\/wp-content\\\/uploads\\\/2022\\\/12\\\/superpunch_complet_new_site_on_black-2022.jpg\",\"contentUrl\":\"https:\\\/\\\/superpunch.com\\\/wp-content\\\/uploads\\\/2022\\\/12\\\/superpunch_complet_new_site_on_black-2022.jpg\",\"width\":600,\"height\":174,\"caption\":\"Superpunch\"},\"image\":{\"@id\":\"https:\\\/\\\/superpunch.com\\\/fr\\\/#\\\/schema\\\/logo\\\/image\\\/\"},\"sameAs\":[\"https:\\\/\\\/www.facebook.com\\\/Superpunchembroiderybroderie\",\"https:\\\/\\\/x.com\\\/superpunchemb\",\"https:\\\/\\\/www.instagram.com\\\/superpunchbrand?igsh=YW8xa2ZyZmxkdGNv\",\"https:\\\/\\\/www.youtube.com\\\/channel\\\/UCgt7yq4-pFJgeI_03psdGPQ\",\"https:\\\/\\\/www.pinterest.ca\\\/superpunchemb\"]}]}<\/script>\n<!-- \/ Yoast SEO plugin. -->","yoast_head_json":{"title":"D\u00e9coupable \"Grid\", Pr\u00e9-Coup\u00e9 7.5\" x 7.5\", Blanc, 250 Morceaux - Superpunch","robots":{"index":"index","follow":"follow","max-snippet":"max-snippet:-1","max-image-preview":"max-image-preview:large","max-video-preview":"max-video-preview:-1"},"canonical":"https:\/\/superpunch.com\/fr\/produit\/decoupable-grid-pre-coupe-7-5-x-7-5-blanc-250-morceaux\/","og_locale":"fr_CA","og_type":"article","og_title":"D\u00e9coupable \"Grid\", Pr\u00e9-Coup\u00e9 7.5\" x 7.5\", Blanc, 250 Morceaux - Superpunch","og_description":"250 morceaux par paquet. Quadrill\u00e9. 1) Tr\u00e8s doux au toucher et n'irrite pas la peau. 2) 100% Polyester, non tiss\u00e9, les lignes quadrill\u00e9es lui procurent beaucoup plus de solidit\u00e9 et de force. Densit\u00e9 de 2.0 oz, mais il r\u00e9siste comme un 2.5 oz. 3) Plusieurs clients nous disent qu'ils utilisent 1 morceau au lieu de 2 r\u00e9guliers de 2 onces.","og_url":"https:\/\/superpunch.com\/fr\/produit\/decoupable-grid-pre-coupe-7-5-x-7-5-blanc-250-morceaux\/","og_site_name":"Superpunch","article_publisher":"https:\/\/www.facebook.com\/Superpunchembroiderybroderie","article_modified_time":"2025-11-26T14:39:00+00:00","og_image":[{"width":422,"height":422,"url":"https:\/\/superpunch.com\/wp-content\/uploads\/2020\/10\/grid-2oz-cu-away-embroidery-stabilizer-white.jpg","type":"image\/jpeg"}],"twitter_card":"summary_large_image","twitter_site":"@superpunchemb","schema":{"@context":"https:\/\/schema.org","@graph":[{"@type":"WebPage","@id":"https:\/\/superpunch.com\/fr\/produit\/decoupable-grid-pre-coupe-7-5-x-7-5-blanc-250-morceaux\/","url":"https:\/\/superpunch.com\/fr\/produit\/decoupable-grid-pre-coupe-7-5-x-7-5-blanc-250-morceaux\/","name":"D\u00e9coupable \"Grid\", Pr\u00e9-Coup\u00e9 7.5\" x 7.5\", Blanc, 250 Morceaux - Superpunch","isPartOf":{"@id":"https:\/\/superpunch.com\/fr\/#website"},"primaryImageOfPage":{"@id":"https:\/\/superpunch.com\/fr\/produit\/decoupable-grid-pre-coupe-7-5-x-7-5-blanc-250-morceaux\/#primaryimage"},"image":{"@id":"https:\/\/superpunch.com\/fr\/produit\/decoupable-grid-pre-coupe-7-5-x-7-5-blanc-250-morceaux\/#primaryimage"},"thumbnailUrl":"https:\/\/superpunch.com\/wp-content\/uploads\/2020\/10\/grid-2oz-cu-away-embroidery-stabilizer-white.jpg","datePublished":"2020-10-27T19:26:41+00:00","dateModified":"2025-11-26T14:39:00+00:00","breadcrumb":{"@id":"https:\/\/superpunch.com\/fr\/produit\/decoupable-grid-pre-coupe-7-5-x-7-5-blanc-250-morceaux\/#breadcrumb"},"inLanguage":"fr-CA","potentialAction":[{"@type":"ReadAction","target":["https:\/\/superpunch.com\/fr\/produit\/decoupable-grid-pre-coupe-7-5-x-7-5-blanc-250-morceaux\/"]}]},{"@type":"ImageObject","inLanguage":"fr-CA","@id":"https:\/\/superpunch.com\/fr\/produit\/decoupable-grid-pre-coupe-7-5-x-7-5-blanc-250-morceaux\/#primaryimage","url":"https:\/\/superpunch.com\/wp-content\/uploads\/2020\/10\/grid-2oz-cu-away-embroidery-stabilizer-white.jpg","contentUrl":"https:\/\/superpunch.com\/wp-content\/uploads\/2020\/10\/grid-2oz-cu-away-embroidery-stabilizer-white.jpg","width":422,"height":422},{"@type":"BreadcrumbList","@id":"https:\/\/superpunch.com\/fr\/produit\/decoupable-grid-pre-coupe-7-5-x-7-5-blanc-250-morceaux\/#breadcrumb","itemListElement":[{"@type":"ListItem","position":1,"name":"Home","item":"https:\/\/superpunch.com\/fr\/"},{"@type":"ListItem","position":2,"name":"Shop","item":"https:\/\/superpunch.com\/fr\/shop\/"},{"@type":"ListItem","position":3,"name":"D\u00e9coupable &laquo; Grid &raquo;, Pr\u00e9-Coup\u00e9 7.5&Prime; x 7.5&Prime;, Blanc, 250 Morceaux"}]},{"@type":"WebSite","@id":"https:\/\/superpunch.com\/fr\/#website","url":"https:\/\/superpunch.com\/fr\/","name":"Superpunch","description":"Superpunch - Embroidery Digitizing, Thread, Machines, Stabilizers And Supplies","publisher":{"@id":"https:\/\/superpunch.com\/fr\/#organization"},"potentialAction":[{"@type":"SearchAction","target":{"@type":"EntryPoint","urlTemplate":"https:\/\/superpunch.com\/fr\/?s={search_term_string}"},"query-input":{"@type":"PropertyValueSpecification","valueRequired":true,"valueName":"search_term_string"}}],"inLanguage":"fr-CA"},{"@type":"Organization","@id":"https:\/\/superpunch.com\/fr\/#organization","name":"Superpunch","url":"https:\/\/superpunch.com\/fr\/","logo":{"@type":"ImageObject","inLanguage":"fr-CA","@id":"https:\/\/superpunch.com\/fr\/#\/schema\/logo\/image\/","url":"https:\/\/superpunch.com\/wp-content\/uploads\/2022\/12\/superpunch_complet_new_site_on_black-2022.jpg","contentUrl":"https:\/\/superpunch.com\/wp-content\/uploads\/2022\/12\/superpunch_complet_new_site_on_black-2022.jpg","width":600,"height":174,"caption":"Superpunch"},"image":{"@id":"https:\/\/superpunch.com\/fr\/#\/schema\/logo\/image\/"},"sameAs":["https:\/\/www.facebook.com\/Superpunchembroiderybroderie","https:\/\/x.com\/superpunchemb","https:\/\/www.instagram.com\/superpunchbrand?igsh=YW8xa2ZyZmxkdGNv","https:\/\/www.youtube.com\/channel\/UCgt7yq4-pFJgeI_03psdGPQ","https:\/\/www.pinterest.ca\/superpunchemb"]}]}},"_links":{"self":[{"href":"https:\/\/superpunch.com\/fr\/wp-json\/wp\/v2\/product\/21014","targetHints":{"allow":["GET"]}}],"collection":[{"href":"https:\/\/superpunch.com\/fr\/wp-json\/wp\/v2\/product"}],"about":[{"href":"https:\/\/superpunch.com\/fr\/wp-json\/wp\/v2\/types\/product"}],"replies":[{"embeddable":true,"href":"https:\/\/superpunch.com\/fr\/wp-json\/wp\/v2\/comments?post=21014"}],"wp:featuredmedia":[{"embeddable":true,"href":"https:\/\/superpunch.com\/fr\/wp-json\/wp\/v2\/media\/17945"}],"wp:attachment":[{"href":"https:\/\/superpunch.com\/fr\/wp-json\/wp\/v2\/media?parent=21014"}],"wp:term":[{"taxonomy":"product_brand","embeddable":true,"href":"https:\/\/superpunch.com\/fr\/wp-json\/wp\/v2\/product_brand?post=21014"},{"taxonomy":"product_cat","embeddable":true,"href":"https:\/\/superpunch.com\/fr\/wp-json\/wp\/v2\/product_cat?post=21014"},{"taxonomy":"product_tag","embeddable":true,"href":"https:\/\/superpunch.com\/fr\/wp-json\/wp\/v2\/product_tag?post=21014"}],"curies":[{"name":"wp","href":"https:\/\/api.w.org\/{rel}","templated":true}]}}