{"id":21015,"date":"2020-10-27T15:14:29","date_gmt":"2020-10-27T19:14:29","guid":{"rendered":"https:\/\/superpunch.com\/shop\/sandwich-miracle-pour-vetements-performance-mou\/"},"modified":"2026-04-25T10:12:28","modified_gmt":"2026-04-25T14:12:28","slug":"sandwich-miracle-pour-vetements-performance-mou","status":"publish","type":"product","link":"https:\/\/superpunch.com\/fr\/produit\/sandwich-miracle-pour-vetements-performance-mou\/","title":{"rendered":"\u00ab\u00a0Sandwich Miracle\u00a0\u00bb pour v\u00eatements performance mou"},"content":{"rendered":"<p>500 morceaux pr\u00e9-coup\u00e9s par paquet.<br \/>\nBlanc ou Noir<\/p>\n<p>Vous avez des probl\u00e8mes \u00e0 broder les v\u00eatements de performance de polyester mou? Les points ne restent pas en place?<br \/>\nCe produit fait un ravage en Am\u00e9rique du Nord et nous l&rsquo;avons baptis\u00e9 la sandwich miracle. Vous placez ce stabilisateur entre le v\u00eatement et un d\u00e9chirable ( soit notre 1.5 ou le doux 1.8 ) pour former un sandwich. Une fois termin\u00e9, d\u00e9chirez le d\u00e9chirable en dessous et d\u00e9coupez notre miracle et le tour est jou\u00e9.<br \/>\nFabriqu\u00e9 50% polyester et 50% rayon.<br \/>\nUn non tiss\u00e9, durable qui peut supporter fermement.<\/p>\n","protected":false},"excerpt":{"rendered":"<ul>\n<li>500 morceaux pr\u00e9-coup\u00e9s par paquet.<\/li>\n<li>Blanc ou Noir<\/li>\n<li>Vous avez des probl\u00e8mes \u00e0 broder les v\u00eatements de performance de polyester mou? Les points ne restent pas en place?<\/li>\n<li>Ce produit fait un ravage en Am\u00e9rique du Nord et nous l&rsquo;avons baptis\u00e9 la sandwich miracle.<\/li>\n<li>Vous placez ce stabilisateur entre le v\u00eatement et un d\u00e9chirable ( soit notre 1.5 ou le doux 1.8 ) pour former un sandwich. Une fois termin\u00e9, d\u00e9chirez le d\u00e9chirable en dessous et d\u00e9coupez notre miracle et le tour est jou\u00e9.<\/li>\n<li>Fabriqu\u00e9 50% polyester et 50% rayon.<\/li>\n<li>Un non tiss\u00e9, durable qui peut supporter fermement.<\/li>\n<\/ul>\n<p><a href=\"https:\/\/fr.monfil.ca\/wp-content\/uploads\/2016\/06\/made_in_usa_FR.jpg\"><img decoding=\"async\" class=\"alignnone wp-image-40958\" src=\"https:\/\/superpunch.com\/wp-content\/uploads\/2021\/03\/made_in_usa_FR-3.jpg\" alt=\"\" width=\"85\" height=\"60\" \/><\/a><\/p>\n","protected":false},"featured_media":17943,"comment_status":"open","ping_status":"closed","template":"","meta":{"site-sidebar-layout":"default","site-content-layout":"default","ast-site-content-layout":"default","site-content-style":"default","site-sidebar-style":"default","ast-global-header-display":"","ast-banner-title-visibility":"","ast-main-header-display":"","ast-hfb-above-header-display":"","ast-hfb-below-header-display":"","ast-hfb-mobile-header-display":"","site-post-title":"","ast-breadcrumbs-content":"","ast-featured-img":"","footer-sml-layout":"","ast-disable-related-posts":"","theme-transparent-header-meta":"default","adv-header-id-meta":"","stick-header-meta":"","header-above-stick-meta":"","header-main-stick-meta":"","header-below-stick-meta":"","astra-migrate-meta-layouts":"default","ast-page-background-enabled":"default","ast-page-background-meta":{"desktop":{"background-color":"","background-image":"","background-repeat":"repeat","background-position":"center center","background-size":"auto","background-attachment":"scroll","background-type":"","background-media":"","overlay-type":"","overlay-color":"","overlay-opacity":"","overlay-gradient":""},"tablet":{"background-color":"","background-image":"","background-repeat":"repeat","background-position":"center center","background-size":"auto","background-attachment":"scroll","background-type":"","background-media":"","overlay-type":"","overlay-color":"","overlay-opacity":"","overlay-gradient":""},"mobile":{"background-color":"","background-image":"","background-repeat":"repeat","background-position":"center center","background-size":"auto","background-attachment":"scroll","background-type":"","background-media":"","overlay-type":"","overlay-color":"","overlay-opacity":"","overlay-gradient":""}},"ast-content-background-meta":{"desktop":{"background-color":"var(--ast-global-color-5)","background-image":"","background-repeat":"repeat","background-position":"center center","background-size":"auto","background-attachment":"scroll","background-type":"","background-media":"","overlay-type":"","overlay-color":"","overlay-opacity":"","overlay-gradient":""},"tablet":{"background-color":"var(--ast-global-color-5)","background-image":"","background-repeat":"repeat","background-position":"center center","background-size":"auto","background-attachment":"scroll","background-type":"","background-media":"","overlay-type":"","overlay-color":"","overlay-opacity":"","overlay-gradient":""},"mobile":{"background-color":"var(--ast-global-color-5)","background-image":"","background-repeat":"repeat","background-position":"center center","background-size":"auto","background-attachment":"scroll","background-type":"","background-media":"","overlay-type":"","overlay-color":"","overlay-opacity":"","overlay-gradient":""}}},"product_brand":[],"product_cat":[2599],"product_tag":[],"class_list":{"0":"post-21015","1":"product","2":"type-product","3":"status-publish","4":"has-post-thumbnail","6":"product_cat-decoupable","7":"desktop-align-center","8":"tablet-align-center","9":"mobile-align-center","11":"first","12":"instock","13":"taxable","14":"shipping-taxable","15":"purchasable","16":"product-type-variable"},"yoast_head":"<!-- This site is optimized with the Yoast SEO plugin v27.4 - https:\/\/yoast.com\/product\/yoast-seo-wordpress\/ -->\n<title>&quot;Sandwich Miracle&quot; pour v\u00eatements performance mou - Superpunch<\/title>\n<meta name=\"robots\" content=\"index, follow, max-snippet:-1, max-image-preview:large, max-video-preview:-1\" \/>\n<link rel=\"canonical\" href=\"https:\/\/superpunch.com\/fr\/produit\/sandwich-miracle-pour-vetements-performance-mou\/\" \/>\n<meta property=\"og:locale\" content=\"fr_CA\" \/>\n<meta property=\"og:type\" content=\"article\" \/>\n<meta property=\"og:title\" content=\"&quot;Sandwich Miracle&quot; pour v\u00eatements performance mou - Superpunch\" \/>\n<meta property=\"og:description\" content=\"500 morceaux pr\u00e9-coup\u00e9s par paquet.  Blanc ou Noir  Vous avez des probl\u00e8mes \u00e0 broder les v\u00eatements de performance de polyester mou? Les points ne restent pas en place?  Ce produit fait un ravage en Am\u00e9rique du Nord et nous l&#039;avons baptis\u00e9 la sandwich miracle.  Vous placez ce stabilisateur entre le v\u00eatement et un d\u00e9chirable ( soit notre 1.5 ou le doux 1.8 ) pour former un sandwich. Une fois termin\u00e9, d\u00e9chirez le d\u00e9chirable en dessous et d\u00e9coupez notre miracle et le tour est jou\u00e9.  Fabriqu\u00e9 50% polyester et 50% rayon.  Un non tiss\u00e9, durable qui peut supporter fermement.\" \/>\n<meta property=\"og:url\" content=\"https:\/\/superpunch.com\/fr\/produit\/sandwich-miracle-pour-vetements-performance-mou\/\" \/>\n<meta property=\"og:site_name\" content=\"Superpunch\" \/>\n<meta property=\"article:publisher\" content=\"https:\/\/www.facebook.com\/Superpunchembroiderybroderie\" \/>\n<meta property=\"article:modified_time\" content=\"2026-04-25T14:12:28+00:00\" \/>\n<meta property=\"og:image\" content=\"https:\/\/superpunch.com\/wp-content\/uploads\/2020\/10\/miracle-sandwich-for-performance-wear-stabilizer-white-75inx8in.jpg\" \/>\n\t<meta property=\"og:image:width\" content=\"600\" \/>\n\t<meta property=\"og:image:height\" content=\"600\" \/>\n\t<meta property=\"og:image:type\" content=\"image\/jpeg\" \/>\n<meta name=\"twitter:card\" content=\"summary_large_image\" \/>\n<meta name=\"twitter:site\" content=\"@superpunchemb\" \/>\n<meta name=\"twitter:label1\" content=\"Estimation du temps de lecture\" \/>\n\t<meta name=\"twitter:data1\" content=\"1 minute\" \/>\n<script type=\"application\/ld+json\" class=\"yoast-schema-graph\">{\"@context\":\"https:\\\/\\\/schema.org\",\"@graph\":[{\"@type\":\"WebPage\",\"@id\":\"https:\\\/\\\/superpunch.com\\\/fr\\\/produit\\\/sandwich-miracle-pour-vetements-performance-mou\\\/\",\"url\":\"https:\\\/\\\/superpunch.com\\\/fr\\\/produit\\\/sandwich-miracle-pour-vetements-performance-mou\\\/\",\"name\":\"\\\"Sandwich Miracle\\\" pour v\u00eatements performance mou - Superpunch\",\"isPartOf\":{\"@id\":\"https:\\\/\\\/superpunch.com\\\/fr\\\/#website\"},\"primaryImageOfPage\":{\"@id\":\"https:\\\/\\\/superpunch.com\\\/fr\\\/produit\\\/sandwich-miracle-pour-vetements-performance-mou\\\/#primaryimage\"},\"image\":{\"@id\":\"https:\\\/\\\/superpunch.com\\\/fr\\\/produit\\\/sandwich-miracle-pour-vetements-performance-mou\\\/#primaryimage\"},\"thumbnailUrl\":\"https:\\\/\\\/superpunch.com\\\/wp-content\\\/uploads\\\/2020\\\/10\\\/miracle-sandwich-for-performance-wear-stabilizer-white-75inx8in.jpg\",\"datePublished\":\"2020-10-27T19:14:29+00:00\",\"dateModified\":\"2026-04-25T14:12:28+00:00\",\"breadcrumb\":{\"@id\":\"https:\\\/\\\/superpunch.com\\\/fr\\\/produit\\\/sandwich-miracle-pour-vetements-performance-mou\\\/#breadcrumb\"},\"inLanguage\":\"fr-CA\",\"potentialAction\":[{\"@type\":\"ReadAction\",\"target\":[\"https:\\\/\\\/superpunch.com\\\/fr\\\/produit\\\/sandwich-miracle-pour-vetements-performance-mou\\\/\"]}]},{\"@type\":\"ImageObject\",\"inLanguage\":\"fr-CA\",\"@id\":\"https:\\\/\\\/superpunch.com\\\/fr\\\/produit\\\/sandwich-miracle-pour-vetements-performance-mou\\\/#primaryimage\",\"url\":\"https:\\\/\\\/superpunch.com\\\/wp-content\\\/uploads\\\/2020\\\/10\\\/miracle-sandwich-for-performance-wear-stabilizer-white-75inx8in.jpg\",\"contentUrl\":\"https:\\\/\\\/superpunch.com\\\/wp-content\\\/uploads\\\/2020\\\/10\\\/miracle-sandwich-for-performance-wear-stabilizer-white-75inx8in.jpg\",\"width\":600,\"height\":600},{\"@type\":\"BreadcrumbList\",\"@id\":\"https:\\\/\\\/superpunch.com\\\/fr\\\/produit\\\/sandwich-miracle-pour-vetements-performance-mou\\\/#breadcrumb\",\"itemListElement\":[{\"@type\":\"ListItem\",\"position\":1,\"name\":\"Home\",\"item\":\"https:\\\/\\\/superpunch.com\\\/fr\\\/\"},{\"@type\":\"ListItem\",\"position\":2,\"name\":\"Shop\",\"item\":\"https:\\\/\\\/superpunch.com\\\/fr\\\/shop\\\/\"},{\"@type\":\"ListItem\",\"position\":3,\"name\":\"&laquo; Sandwich Miracle &raquo; pour v\u00eatements performance mou\"}]},{\"@type\":\"WebSite\",\"@id\":\"https:\\\/\\\/superpunch.com\\\/fr\\\/#website\",\"url\":\"https:\\\/\\\/superpunch.com\\\/fr\\\/\",\"name\":\"Superpunch\",\"description\":\"Superpunch - Embroidery Digitizing, Thread, Machines, Stabilizers And Supplies\",\"publisher\":{\"@id\":\"https:\\\/\\\/superpunch.com\\\/fr\\\/#organization\"},\"potentialAction\":[{\"@type\":\"SearchAction\",\"target\":{\"@type\":\"EntryPoint\",\"urlTemplate\":\"https:\\\/\\\/superpunch.com\\\/fr\\\/?s={search_term_string}\"},\"query-input\":{\"@type\":\"PropertyValueSpecification\",\"valueRequired\":true,\"valueName\":\"search_term_string\"}}],\"inLanguage\":\"fr-CA\"},{\"@type\":\"Organization\",\"@id\":\"https:\\\/\\\/superpunch.com\\\/fr\\\/#organization\",\"name\":\"Superpunch\",\"url\":\"https:\\\/\\\/superpunch.com\\\/fr\\\/\",\"logo\":{\"@type\":\"ImageObject\",\"inLanguage\":\"fr-CA\",\"@id\":\"https:\\\/\\\/superpunch.com\\\/fr\\\/#\\\/schema\\\/logo\\\/image\\\/\",\"url\":\"https:\\\/\\\/superpunch.com\\\/wp-content\\\/uploads\\\/2022\\\/12\\\/superpunch_complet_new_site_on_black-2022.jpg\",\"contentUrl\":\"https:\\\/\\\/superpunch.com\\\/wp-content\\\/uploads\\\/2022\\\/12\\\/superpunch_complet_new_site_on_black-2022.jpg\",\"width\":600,\"height\":174,\"caption\":\"Superpunch\"},\"image\":{\"@id\":\"https:\\\/\\\/superpunch.com\\\/fr\\\/#\\\/schema\\\/logo\\\/image\\\/\"},\"sameAs\":[\"https:\\\/\\\/www.facebook.com\\\/Superpunchembroiderybroderie\",\"https:\\\/\\\/x.com\\\/superpunchemb\",\"https:\\\/\\\/www.instagram.com\\\/superpunchbrand?igsh=YW8xa2ZyZmxkdGNv\",\"https:\\\/\\\/www.youtube.com\\\/channel\\\/UCgt7yq4-pFJgeI_03psdGPQ\",\"https:\\\/\\\/www.pinterest.ca\\\/superpunchemb\"]}]}<\/script>\n<!-- \/ Yoast SEO plugin. -->","yoast_head_json":{"title":"\"Sandwich Miracle\" pour v\u00eatements performance mou - Superpunch","robots":{"index":"index","follow":"follow","max-snippet":"max-snippet:-1","max-image-preview":"max-image-preview:large","max-video-preview":"max-video-preview:-1"},"canonical":"https:\/\/superpunch.com\/fr\/produit\/sandwich-miracle-pour-vetements-performance-mou\/","og_locale":"fr_CA","og_type":"article","og_title":"\"Sandwich Miracle\" pour v\u00eatements performance mou - Superpunch","og_description":"500 morceaux pr\u00e9-coup\u00e9s par paquet.  Blanc ou Noir  Vous avez des probl\u00e8mes \u00e0 broder les v\u00eatements de performance de polyester mou? Les points ne restent pas en place?  Ce produit fait un ravage en Am\u00e9rique du Nord et nous l'avons baptis\u00e9 la sandwich miracle.  Vous placez ce stabilisateur entre le v\u00eatement et un d\u00e9chirable ( soit notre 1.5 ou le doux 1.8 ) pour former un sandwich. Une fois termin\u00e9, d\u00e9chirez le d\u00e9chirable en dessous et d\u00e9coupez notre miracle et le tour est jou\u00e9.  Fabriqu\u00e9 50% polyester et 50% rayon.  Un non tiss\u00e9, durable qui peut supporter fermement.","og_url":"https:\/\/superpunch.com\/fr\/produit\/sandwich-miracle-pour-vetements-performance-mou\/","og_site_name":"Superpunch","article_publisher":"https:\/\/www.facebook.com\/Superpunchembroiderybroderie","article_modified_time":"2026-04-25T14:12:28+00:00","og_image":[{"width":600,"height":600,"url":"https:\/\/superpunch.com\/wp-content\/uploads\/2020\/10\/miracle-sandwich-for-performance-wear-stabilizer-white-75inx8in.jpg","type":"image\/jpeg"}],"twitter_card":"summary_large_image","twitter_site":"@superpunchemb","twitter_misc":{"Estimation du temps de lecture":"1 minute"},"schema":{"@context":"https:\/\/schema.org","@graph":[{"@type":"WebPage","@id":"https:\/\/superpunch.com\/fr\/produit\/sandwich-miracle-pour-vetements-performance-mou\/","url":"https:\/\/superpunch.com\/fr\/produit\/sandwich-miracle-pour-vetements-performance-mou\/","name":"\"Sandwich Miracle\" pour v\u00eatements performance mou - Superpunch","isPartOf":{"@id":"https:\/\/superpunch.com\/fr\/#website"},"primaryImageOfPage":{"@id":"https:\/\/superpunch.com\/fr\/produit\/sandwich-miracle-pour-vetements-performance-mou\/#primaryimage"},"image":{"@id":"https:\/\/superpunch.com\/fr\/produit\/sandwich-miracle-pour-vetements-performance-mou\/#primaryimage"},"thumbnailUrl":"https:\/\/superpunch.com\/wp-content\/uploads\/2020\/10\/miracle-sandwich-for-performance-wear-stabilizer-white-75inx8in.jpg","datePublished":"2020-10-27T19:14:29+00:00","dateModified":"2026-04-25T14:12:28+00:00","breadcrumb":{"@id":"https:\/\/superpunch.com\/fr\/produit\/sandwich-miracle-pour-vetements-performance-mou\/#breadcrumb"},"inLanguage":"fr-CA","potentialAction":[{"@type":"ReadAction","target":["https:\/\/superpunch.com\/fr\/produit\/sandwich-miracle-pour-vetements-performance-mou\/"]}]},{"@type":"ImageObject","inLanguage":"fr-CA","@id":"https:\/\/superpunch.com\/fr\/produit\/sandwich-miracle-pour-vetements-performance-mou\/#primaryimage","url":"https:\/\/superpunch.com\/wp-content\/uploads\/2020\/10\/miracle-sandwich-for-performance-wear-stabilizer-white-75inx8in.jpg","contentUrl":"https:\/\/superpunch.com\/wp-content\/uploads\/2020\/10\/miracle-sandwich-for-performance-wear-stabilizer-white-75inx8in.jpg","width":600,"height":600},{"@type":"BreadcrumbList","@id":"https:\/\/superpunch.com\/fr\/produit\/sandwich-miracle-pour-vetements-performance-mou\/#breadcrumb","itemListElement":[{"@type":"ListItem","position":1,"name":"Home","item":"https:\/\/superpunch.com\/fr\/"},{"@type":"ListItem","position":2,"name":"Shop","item":"https:\/\/superpunch.com\/fr\/shop\/"},{"@type":"ListItem","position":3,"name":"&laquo; Sandwich Miracle &raquo; pour v\u00eatements performance mou"}]},{"@type":"WebSite","@id":"https:\/\/superpunch.com\/fr\/#website","url":"https:\/\/superpunch.com\/fr\/","name":"Superpunch","description":"Superpunch - Embroidery Digitizing, Thread, Machines, Stabilizers And Supplies","publisher":{"@id":"https:\/\/superpunch.com\/fr\/#organization"},"potentialAction":[{"@type":"SearchAction","target":{"@type":"EntryPoint","urlTemplate":"https:\/\/superpunch.com\/fr\/?s={search_term_string}"},"query-input":{"@type":"PropertyValueSpecification","valueRequired":true,"valueName":"search_term_string"}}],"inLanguage":"fr-CA"},{"@type":"Organization","@id":"https:\/\/superpunch.com\/fr\/#organization","name":"Superpunch","url":"https:\/\/superpunch.com\/fr\/","logo":{"@type":"ImageObject","inLanguage":"fr-CA","@id":"https:\/\/superpunch.com\/fr\/#\/schema\/logo\/image\/","url":"https:\/\/superpunch.com\/wp-content\/uploads\/2022\/12\/superpunch_complet_new_site_on_black-2022.jpg","contentUrl":"https:\/\/superpunch.com\/wp-content\/uploads\/2022\/12\/superpunch_complet_new_site_on_black-2022.jpg","width":600,"height":174,"caption":"Superpunch"},"image":{"@id":"https:\/\/superpunch.com\/fr\/#\/schema\/logo\/image\/"},"sameAs":["https:\/\/www.facebook.com\/Superpunchembroiderybroderie","https:\/\/x.com\/superpunchemb","https:\/\/www.instagram.com\/superpunchbrand?igsh=YW8xa2ZyZmxkdGNv","https:\/\/www.youtube.com\/channel\/UCgt7yq4-pFJgeI_03psdGPQ","https:\/\/www.pinterest.ca\/superpunchemb"]}]}},"_links":{"self":[{"href":"https:\/\/superpunch.com\/fr\/wp-json\/wp\/v2\/product\/21015","targetHints":{"allow":["GET"]}}],"collection":[{"href":"https:\/\/superpunch.com\/fr\/wp-json\/wp\/v2\/product"}],"about":[{"href":"https:\/\/superpunch.com\/fr\/wp-json\/wp\/v2\/types\/product"}],"replies":[{"embeddable":true,"href":"https:\/\/superpunch.com\/fr\/wp-json\/wp\/v2\/comments?post=21015"}],"wp:featuredmedia":[{"embeddable":true,"href":"https:\/\/superpunch.com\/fr\/wp-json\/wp\/v2\/media\/17943"}],"wp:attachment":[{"href":"https:\/\/superpunch.com\/fr\/wp-json\/wp\/v2\/media?parent=21015"}],"wp:term":[{"taxonomy":"product_brand","embeddable":true,"href":"https:\/\/superpunch.com\/fr\/wp-json\/wp\/v2\/product_brand?post=21015"},{"taxonomy":"product_cat","embeddable":true,"href":"https:\/\/superpunch.com\/fr\/wp-json\/wp\/v2\/product_cat?post=21015"},{"taxonomy":"product_tag","embeddable":true,"href":"https:\/\/superpunch.com\/fr\/wp-json\/wp\/v2\/product_tag?post=21015"}],"curies":[{"name":"wp","href":"https:\/\/api.w.org\/{rel}","templated":true}]}}