{"id":21037,"date":"2020-10-14T20:18:28","date_gmt":"2020-10-15T00:18:28","guid":{"rendered":"https:\/\/superpunch.com\/shop\/petites-bobines-style-l-polyester-pour-machines-industrielles\/"},"modified":"2026-02-20T08:23:09","modified_gmt":"2026-02-20T13:23:09","slug":"petites-bobines-style-l-polyester-pour-machines-industrielles","status":"publish","type":"product","link":"https:\/\/superpunch.com\/fr\/produit\/petites-bobines-style-l-polyester-pour-machines-industrielles\/","title":{"rendered":"Petites Bobines Style L Polyester pour Machines Industrielles"},"content":{"rendered":"<div class=\"\" style=\"position: relative;\" data-richtextify-editable=\"true\">\n<h2><strong>Petites Bobines pour Machines Industrielles &#8211; Style L Polyester:<\/strong><\/h2>\n<ul>\n<li>Essayez les meilleurs <strong>petites bobines style L polyester <\/strong>sur le march\u00e9!<\/li>\n<li>Pour machines industrielles.<\/li>\n<li>Style L (Petite) Polyester Petites Bobines<\/li>\n<li>144 bobines par boite.<\/li>\n<li>130 verges par bobine.<\/li>\n<\/ul>\n<div class=\"\" data-richtextify-editable=\"true\">\n<h4><img decoding=\"async\" class=\"alignnone wp-image-19165 size-full\" src=\"https:\/\/superpunch.com\/wp-content\/uploads\/2020\/10\/alert.png\" alt=\"\" width=\"66\" height=\"60\" \/>SI VOUS POSS\u00c9DEZ UNE PLUS PETITE MACHINE DOMESTIQUE ET AVEZ BESOIN D&rsquo;UNE BOBINE PR\u00c9-ENFIL\u00c9E DE CLASSE 15-A, VEUILLEZ VISITER:<\/h4>\n<h4><\/h4>\n<\/div>\n<p><a href=\"https:\/\/fr.monfil.ca\/product-category\/broderie\/fil-pour-petites-bobines\/classe-15a-machines-domestiques\/\"><span style=\"color: #c31717;\"><u>https:\/\/fr.monfil.ca\/product-category\/broderie\/fil-pour-petites-bobines\/classe-15a-machines-domestiques\/<\/u><\/span><\/a><\/p>\n<\/div>\n<p><iframe src=\"https:\/\/www.youtube.com\/embed\/72lnzdtApb0\" width=\"420\" height=\"315\" allowfullscreen=\"allowfullscreen\"><br \/>\n<\/iframe><\/p>\n<p><iframe src=\"https:\/\/www.youtube.com\/embed\/j1M4wEFZM24\" width=\"420\" height=\"315\" allowfullscreen=\"allowfullscreen\"><br \/>\n<\/iframe><\/p>\n<p><iframe src=\"https:\/\/www.youtube.com\/embed\/XU8Q4buXPRk\" width=\"420\" height=\"315\" allowfullscreen=\"allowfullscreen\"><br \/>\n<\/iframe><\/p>\n","protected":false},"excerpt":{"rendered":"<div class=\"\" style=\"position: relative;\" data-richtextify-editable=\"true\">\n<p><a href=\"https:\/\/superpunch.com\/wp-content\/uploads\/2020\/06\/logo_superb2-300x115.png\"><img decoding=\"async\" class=\"alignnone wp-image-38337 size-medium\" src=\"https:\/\/superpunch.com\/wp-content\/uploads\/2020\/06\/logo_superb2-300x115.png\" alt=\"\" width=\"300\" height=\"115\" \/><\/a><\/p>\n<ul>\n<li>Essayez les meilleurs <strong>petites bobines style L polyester <\/strong>sur le march\u00e9!<\/li>\n<li>Pour machines industrielles.<\/li>\n<li>Style L (Petite) Polyester Petites Bobines<\/li>\n<li>144 bobines par boite.<\/li>\n<li>130 verges par bobine.<\/li>\n<\/ul>\n<\/div>\n","protected":false},"featured_media":28340,"comment_status":"closed","ping_status":"closed","template":"","meta":{"site-sidebar-layout":"default","site-content-layout":"default","ast-site-content-layout":"default","site-content-style":"default","site-sidebar-style":"default","ast-global-header-display":"","ast-banner-title-visibility":"","ast-main-header-display":"","ast-hfb-above-header-display":"","ast-hfb-below-header-display":"","ast-hfb-mobile-header-display":"","site-post-title":"","ast-breadcrumbs-content":"","ast-featured-img":"","footer-sml-layout":"","ast-disable-related-posts":"","theme-transparent-header-meta":"default","adv-header-id-meta":"","stick-header-meta":"","header-above-stick-meta":"","header-main-stick-meta":"","header-below-stick-meta":"","astra-migrate-meta-layouts":"default","ast-page-background-enabled":"default","ast-page-background-meta":{"desktop":{"background-color":"","background-image":"","background-repeat":"repeat","background-position":"center center","background-size":"auto","background-attachment":"scroll","background-type":"","background-media":"","overlay-type":"","overlay-color":"","overlay-opacity":"","overlay-gradient":""},"tablet":{"background-color":"","background-image":"","background-repeat":"repeat","background-position":"center center","background-size":"auto","background-attachment":"scroll","background-type":"","background-media":"","overlay-type":"","overlay-color":"","overlay-opacity":"","overlay-gradient":""},"mobile":{"background-color":"","background-image":"","background-repeat":"repeat","background-position":"center center","background-size":"auto","background-attachment":"scroll","background-type":"","background-media":"","overlay-type":"","overlay-color":"","overlay-opacity":"","overlay-gradient":""}},"ast-content-background-meta":{"desktop":{"background-color":"var(--ast-global-color-5)","background-image":"","background-repeat":"repeat","background-position":"center center","background-size":"auto","background-attachment":"scroll","background-type":"","background-media":"","overlay-type":"","overlay-color":"","overlay-opacity":"","overlay-gradient":""},"tablet":{"background-color":"var(--ast-global-color-5)","background-image":"","background-repeat":"repeat","background-position":"center center","background-size":"auto","background-attachment":"scroll","background-type":"","background-media":"","overlay-type":"","overlay-color":"","overlay-opacity":"","overlay-gradient":""},"mobile":{"background-color":"var(--ast-global-color-5)","background-image":"","background-repeat":"repeat","background-position":"center center","background-size":"auto","background-attachment":"scroll","background-type":"","background-media":"","overlay-type":"","overlay-color":"","overlay-opacity":"","overlay-gradient":""}}},"product_brand":[],"product_cat":[2210,2589],"product_tag":[],"class_list":{"0":"post-21037","1":"product","2":"type-product","3":"status-publish","4":"has-post-thumbnail","6":"product_cat-fil-a-bobine","7":"product_cat-superb-avec-cotes","8":"desktop-align-center","9":"tablet-align-center","10":"mobile-align-center","12":"first","13":"instock","14":"taxable","15":"shipping-taxable","16":"purchasable","17":"product-type-variable"},"yoast_head":"<!-- This site is optimized with the Yoast SEO plugin v27.3 - https:\/\/yoast.com\/product\/yoast-seo-wordpress\/ -->\n<title>Petites Bobines Style L Polyester pour Machines Industrielles - Superpunch<\/title>\n<meta name=\"robots\" content=\"index, follow, max-snippet:-1, max-image-preview:large, max-video-preview:-1\" \/>\n<link rel=\"canonical\" href=\"https:\/\/superpunch.com\/fr\/produit\/petites-bobines-style-l-polyester-pour-machines-industrielles\/\" \/>\n<meta property=\"og:locale\" content=\"fr_CA\" \/>\n<meta property=\"og:type\" content=\"article\" \/>\n<meta property=\"og:title\" content=\"Petites Bobines Style L Polyester pour Machines Industrielles - Superpunch\" \/>\n<meta property=\"og:description\" content=\"Essayez les meilleurs petites bobines style L polyester sur le march\u00e9!  Pour machines industrielles.  Style L (Petite) Polyester Petites Bobines  144 bobines par boite.  130 verges par bobine.\" \/>\n<meta property=\"og:url\" content=\"https:\/\/superpunch.com\/fr\/produit\/petites-bobines-style-l-polyester-pour-machines-industrielles\/\" \/>\n<meta property=\"og:site_name\" content=\"Superpunch\" \/>\n<meta property=\"article:publisher\" content=\"https:\/\/www.facebook.com\/Superpunchembroiderybroderie\" \/>\n<meta property=\"article:modified_time\" content=\"2026-02-20T13:23:09+00:00\" \/>\n<meta name=\"twitter:card\" content=\"summary_large_image\" \/>\n<meta name=\"twitter:site\" content=\"@superpunchemb\" \/>\n<script type=\"application\/ld+json\" class=\"yoast-schema-graph\">{\"@context\":\"https:\\\/\\\/schema.org\",\"@graph\":[{\"@type\":\"WebPage\",\"@id\":\"https:\\\/\\\/superpunch.com\\\/fr\\\/produit\\\/petites-bobines-style-l-polyester-pour-machines-industrielles\\\/\",\"url\":\"https:\\\/\\\/superpunch.com\\\/fr\\\/produit\\\/petites-bobines-style-l-polyester-pour-machines-industrielles\\\/\",\"name\":\"Petites Bobines Style L Polyester pour Machines Industrielles - Superpunch\",\"isPartOf\":{\"@id\":\"https:\\\/\\\/superpunch.com\\\/fr\\\/#website\"},\"primaryImageOfPage\":{\"@id\":\"https:\\\/\\\/superpunch.com\\\/fr\\\/produit\\\/petites-bobines-style-l-polyester-pour-machines-industrielles\\\/#primaryimage\"},\"image\":{\"@id\":\"https:\\\/\\\/superpunch.com\\\/fr\\\/produit\\\/petites-bobines-style-l-polyester-pour-machines-industrielles\\\/#primaryimage\"},\"thumbnailUrl\":\"https:\\\/\\\/superpunch.com\\\/wp-content\\\/uploads\\\/2020\\\/10\\\/superb_style_L_2_b_and_w.jpg\",\"datePublished\":\"2020-10-15T00:18:28+00:00\",\"dateModified\":\"2026-02-20T13:23:09+00:00\",\"breadcrumb\":{\"@id\":\"https:\\\/\\\/superpunch.com\\\/fr\\\/produit\\\/petites-bobines-style-l-polyester-pour-machines-industrielles\\\/#breadcrumb\"},\"inLanguage\":\"fr-CA\",\"potentialAction\":[{\"@type\":\"ReadAction\",\"target\":[\"https:\\\/\\\/superpunch.com\\\/fr\\\/produit\\\/petites-bobines-style-l-polyester-pour-machines-industrielles\\\/\"]}]},{\"@type\":\"ImageObject\",\"inLanguage\":\"fr-CA\",\"@id\":\"https:\\\/\\\/superpunch.com\\\/fr\\\/produit\\\/petites-bobines-style-l-polyester-pour-machines-industrielles\\\/#primaryimage\",\"url\":\"https:\\\/\\\/superpunch.com\\\/wp-content\\\/uploads\\\/2020\\\/10\\\/superb_style_L_2_b_and_w.jpg\",\"contentUrl\":\"https:\\\/\\\/superpunch.com\\\/wp-content\\\/uploads\\\/2020\\\/10\\\/superb_style_L_2_b_and_w.jpg\",\"width\":600,\"height\":600,\"caption\":\"pre-wound bobbins threads for embroidery machines\"},{\"@type\":\"BreadcrumbList\",\"@id\":\"https:\\\/\\\/superpunch.com\\\/fr\\\/produit\\\/petites-bobines-style-l-polyester-pour-machines-industrielles\\\/#breadcrumb\",\"itemListElement\":[{\"@type\":\"ListItem\",\"position\":1,\"name\":\"Home\",\"item\":\"https:\\\/\\\/superpunch.com\\\/fr\\\/\"},{\"@type\":\"ListItem\",\"position\":2,\"name\":\"Shop\",\"item\":\"https:\\\/\\\/superpunch.com\\\/fr\\\/shop\\\/\"},{\"@type\":\"ListItem\",\"position\":3,\"name\":\"Petites Bobines Style L Polyester pour Machines Industrielles\"}]},{\"@type\":\"WebSite\",\"@id\":\"https:\\\/\\\/superpunch.com\\\/fr\\\/#website\",\"url\":\"https:\\\/\\\/superpunch.com\\\/fr\\\/\",\"name\":\"Superpunch\",\"description\":\"Superpunch - Embroidery Digitizing, Thread, Machines, Stabilizers And Supplies\",\"publisher\":{\"@id\":\"https:\\\/\\\/superpunch.com\\\/fr\\\/#organization\"},\"potentialAction\":[{\"@type\":\"SearchAction\",\"target\":{\"@type\":\"EntryPoint\",\"urlTemplate\":\"https:\\\/\\\/superpunch.com\\\/fr\\\/?s={search_term_string}\"},\"query-input\":{\"@type\":\"PropertyValueSpecification\",\"valueRequired\":true,\"valueName\":\"search_term_string\"}}],\"inLanguage\":\"fr-CA\"},{\"@type\":\"Organization\",\"@id\":\"https:\\\/\\\/superpunch.com\\\/fr\\\/#organization\",\"name\":\"Superpunch\",\"url\":\"https:\\\/\\\/superpunch.com\\\/fr\\\/\",\"logo\":{\"@type\":\"ImageObject\",\"inLanguage\":\"fr-CA\",\"@id\":\"https:\\\/\\\/superpunch.com\\\/fr\\\/#\\\/schema\\\/logo\\\/image\\\/\",\"url\":\"https:\\\/\\\/superpunch.com\\\/wp-content\\\/uploads\\\/2022\\\/12\\\/superpunch_complet_new_site_on_black-2022.jpg\",\"contentUrl\":\"https:\\\/\\\/superpunch.com\\\/wp-content\\\/uploads\\\/2022\\\/12\\\/superpunch_complet_new_site_on_black-2022.jpg\",\"width\":600,\"height\":174,\"caption\":\"Superpunch\"},\"image\":{\"@id\":\"https:\\\/\\\/superpunch.com\\\/fr\\\/#\\\/schema\\\/logo\\\/image\\\/\"},\"sameAs\":[\"https:\\\/\\\/www.facebook.com\\\/Superpunchembroiderybroderie\",\"https:\\\/\\\/x.com\\\/superpunchemb\",\"https:\\\/\\\/www.instagram.com\\\/superpunchbrand?igsh=YW8xa2ZyZmxkdGNv\",\"https:\\\/\\\/www.youtube.com\\\/channel\\\/UCgt7yq4-pFJgeI_03psdGPQ\",\"https:\\\/\\\/www.pinterest.ca\\\/superpunchemb\"]}]}<\/script>\n<!-- \/ Yoast SEO plugin. -->","yoast_head_json":{"title":"Petites Bobines Style L Polyester pour Machines Industrielles - Superpunch","robots":{"index":"index","follow":"follow","max-snippet":"max-snippet:-1","max-image-preview":"max-image-preview:large","max-video-preview":"max-video-preview:-1"},"canonical":"https:\/\/superpunch.com\/fr\/produit\/petites-bobines-style-l-polyester-pour-machines-industrielles\/","og_locale":"fr_CA","og_type":"article","og_title":"Petites Bobines Style L Polyester pour Machines Industrielles - Superpunch","og_description":"Essayez les meilleurs petites bobines style L polyester sur le march\u00e9!  Pour machines industrielles.  Style L (Petite) Polyester Petites Bobines  144 bobines par boite.  130 verges par bobine.","og_url":"https:\/\/superpunch.com\/fr\/produit\/petites-bobines-style-l-polyester-pour-machines-industrielles\/","og_site_name":"Superpunch","article_publisher":"https:\/\/www.facebook.com\/Superpunchembroiderybroderie","article_modified_time":"2026-02-20T13:23:09+00:00","twitter_card":"summary_large_image","twitter_site":"@superpunchemb","schema":{"@context":"https:\/\/schema.org","@graph":[{"@type":"WebPage","@id":"https:\/\/superpunch.com\/fr\/produit\/petites-bobines-style-l-polyester-pour-machines-industrielles\/","url":"https:\/\/superpunch.com\/fr\/produit\/petites-bobines-style-l-polyester-pour-machines-industrielles\/","name":"Petites Bobines Style L Polyester pour Machines Industrielles - Superpunch","isPartOf":{"@id":"https:\/\/superpunch.com\/fr\/#website"},"primaryImageOfPage":{"@id":"https:\/\/superpunch.com\/fr\/produit\/petites-bobines-style-l-polyester-pour-machines-industrielles\/#primaryimage"},"image":{"@id":"https:\/\/superpunch.com\/fr\/produit\/petites-bobines-style-l-polyester-pour-machines-industrielles\/#primaryimage"},"thumbnailUrl":"https:\/\/superpunch.com\/wp-content\/uploads\/2020\/10\/superb_style_L_2_b_and_w.jpg","datePublished":"2020-10-15T00:18:28+00:00","dateModified":"2026-02-20T13:23:09+00:00","breadcrumb":{"@id":"https:\/\/superpunch.com\/fr\/produit\/petites-bobines-style-l-polyester-pour-machines-industrielles\/#breadcrumb"},"inLanguage":"fr-CA","potentialAction":[{"@type":"ReadAction","target":["https:\/\/superpunch.com\/fr\/produit\/petites-bobines-style-l-polyester-pour-machines-industrielles\/"]}]},{"@type":"ImageObject","inLanguage":"fr-CA","@id":"https:\/\/superpunch.com\/fr\/produit\/petites-bobines-style-l-polyester-pour-machines-industrielles\/#primaryimage","url":"https:\/\/superpunch.com\/wp-content\/uploads\/2020\/10\/superb_style_L_2_b_and_w.jpg","contentUrl":"https:\/\/superpunch.com\/wp-content\/uploads\/2020\/10\/superb_style_L_2_b_and_w.jpg","width":600,"height":600,"caption":"pre-wound bobbins threads for embroidery machines"},{"@type":"BreadcrumbList","@id":"https:\/\/superpunch.com\/fr\/produit\/petites-bobines-style-l-polyester-pour-machines-industrielles\/#breadcrumb","itemListElement":[{"@type":"ListItem","position":1,"name":"Home","item":"https:\/\/superpunch.com\/fr\/"},{"@type":"ListItem","position":2,"name":"Shop","item":"https:\/\/superpunch.com\/fr\/shop\/"},{"@type":"ListItem","position":3,"name":"Petites Bobines Style L Polyester pour Machines Industrielles"}]},{"@type":"WebSite","@id":"https:\/\/superpunch.com\/fr\/#website","url":"https:\/\/superpunch.com\/fr\/","name":"Superpunch","description":"Superpunch - Embroidery Digitizing, Thread, Machines, Stabilizers And Supplies","publisher":{"@id":"https:\/\/superpunch.com\/fr\/#organization"},"potentialAction":[{"@type":"SearchAction","target":{"@type":"EntryPoint","urlTemplate":"https:\/\/superpunch.com\/fr\/?s={search_term_string}"},"query-input":{"@type":"PropertyValueSpecification","valueRequired":true,"valueName":"search_term_string"}}],"inLanguage":"fr-CA"},{"@type":"Organization","@id":"https:\/\/superpunch.com\/fr\/#organization","name":"Superpunch","url":"https:\/\/superpunch.com\/fr\/","logo":{"@type":"ImageObject","inLanguage":"fr-CA","@id":"https:\/\/superpunch.com\/fr\/#\/schema\/logo\/image\/","url":"https:\/\/superpunch.com\/wp-content\/uploads\/2022\/12\/superpunch_complet_new_site_on_black-2022.jpg","contentUrl":"https:\/\/superpunch.com\/wp-content\/uploads\/2022\/12\/superpunch_complet_new_site_on_black-2022.jpg","width":600,"height":174,"caption":"Superpunch"},"image":{"@id":"https:\/\/superpunch.com\/fr\/#\/schema\/logo\/image\/"},"sameAs":["https:\/\/www.facebook.com\/Superpunchembroiderybroderie","https:\/\/x.com\/superpunchemb","https:\/\/www.instagram.com\/superpunchbrand?igsh=YW8xa2ZyZmxkdGNv","https:\/\/www.youtube.com\/channel\/UCgt7yq4-pFJgeI_03psdGPQ","https:\/\/www.pinterest.ca\/superpunchemb"]}]}},"_links":{"self":[{"href":"https:\/\/superpunch.com\/fr\/wp-json\/wp\/v2\/product\/21037","targetHints":{"allow":["GET"]}}],"collection":[{"href":"https:\/\/superpunch.com\/fr\/wp-json\/wp\/v2\/product"}],"about":[{"href":"https:\/\/superpunch.com\/fr\/wp-json\/wp\/v2\/types\/product"}],"replies":[{"embeddable":true,"href":"https:\/\/superpunch.com\/fr\/wp-json\/wp\/v2\/comments?post=21037"}],"wp:featuredmedia":[{"embeddable":true,"href":"https:\/\/superpunch.com\/fr\/wp-json\/wp\/v2\/media\/28340"}],"wp:attachment":[{"href":"https:\/\/superpunch.com\/fr\/wp-json\/wp\/v2\/media?parent=21037"}],"wp:term":[{"taxonomy":"product_brand","embeddable":true,"href":"https:\/\/superpunch.com\/fr\/wp-json\/wp\/v2\/product_brand?post=21037"},{"taxonomy":"product_cat","embeddable":true,"href":"https:\/\/superpunch.com\/fr\/wp-json\/wp\/v2\/product_cat?post=21037"},{"taxonomy":"product_tag","embeddable":true,"href":"https:\/\/superpunch.com\/fr\/wp-json\/wp\/v2\/product_tag?post=21037"}],"curies":[{"name":"wp","href":"https:\/\/api.w.org\/{rel}","templated":true}]}}