{"id":21040,"date":"2020-10-14T20:18:27","date_gmt":"2020-10-15T00:18:27","guid":{"rendered":"https:\/\/superpunch.com\/shop\/bobbin-glide-60-wt-8200-verges-enfilez-vos-petites-canettes\/"},"modified":"2026-04-11T18:27:49","modified_gmt":"2026-04-11T22:27:49","slug":"bobbin-glide-60-wt-8200-verges-enfilez-vos-petites-canettes","status":"publish","type":"product","link":"https:\/\/superpunch.com\/fr\/produit\/bobbin-glide-60-wt-8200-verges-enfilez-vos-petites-canettes\/","title":{"rendered":"Bobbin Glide 60 wt.  8200 verges, Enfilez vos Petites Canettes"},"content":{"rendered":"<div class=\"\" style=\"position: relative;\" data-richtextify-editable=\"true\">\n<h2><strong>Bobbin Glide:<\/strong><\/h2>\n<p>8200 verges par bobine.  Fabriqu\u00e9 aux \u00c9tats-Unis. haute-qualit\u00e9.<br \/>\nPour ceux qui enfilent leurs propres petites canettes de fil.<br \/>\nFibre: Polyester<br \/>\nGrosseur de fibre: Tex 12 (60 wt.)<\/p>\n<p>* Un fil de bobine de qualit\u00e9 sup\u00e9rieure, fabriqu\u00e9 aux \u00c9tats-Unis pour une meilleure couture en g\u00e9n\u00e9ral.<br \/>\n* La m\u00eame qualit\u00e9 de fil utilis\u00e9 sur les bobines magn\u00e9tiques.<br \/>\n* Une surface douce et uniforme vous permettant d&rsquo;obtenir une tension \u00e9gale.<br \/>\n* Un filament continu vous permettant d&rsquo;obtenir un d\u00e9bit de longueur sup\u00e9rieur.<\/p>\n<p>&nbsp;<\/p>\n<\/div>\n","protected":false},"excerpt":{"rendered":"<div class=\"\" style=\"position: relative;\" data-richtextify-editable=\"true\">\n<ul>\n<li>8200 verges par bobine.  Fabriqu\u00e9 aux \u00c9tats-Unis.<\/li>\n<li>Pour ceux qui enfilent leurs propres petites canettes de fil.<\/li>\n<li>Fibre: Polyester<\/li>\n<li>Grosseur de fibre: Tex 12 (60 wt.)<\/li>\n<li>Un fil de bobine de qualit\u00e9 sup\u00e9rieure, fabriqu\u00e9 aux \u00c9tats-Unis pour une meilleure couture en g\u00e9n\u00e9ral.<\/li>\n<li>La m\u00eame qualit\u00e9 de fil utilis\u00e9 sur les bobines magn\u00e9tiques.<\/li>\n<li>Une surface douce et uniforme vous permettant d&rsquo;obtenir une tension \u00e9gale.<\/li>\n<li>Un filament continu vous permettant d&rsquo;obtenir un d\u00e9bit de longueur sup\u00e9rieur.<\/li>\n<\/ul>\n<\/div>\n","protected":false},"featured_media":21044,"comment_status":"closed","ping_status":"closed","template":"","meta":{"site-sidebar-layout":"default","site-content-layout":"default","ast-site-content-layout":"default","site-content-style":"default","site-sidebar-style":"default","ast-global-header-display":"","ast-banner-title-visibility":"","ast-main-header-display":"","ast-hfb-above-header-display":"","ast-hfb-below-header-display":"","ast-hfb-mobile-header-display":"","site-post-title":"","ast-breadcrumbs-content":"","ast-featured-img":"","footer-sml-layout":"","ast-disable-related-posts":"","theme-transparent-header-meta":"default","adv-header-id-meta":"","stick-header-meta":"","header-above-stick-meta":"","header-main-stick-meta":"","header-below-stick-meta":"","astra-migrate-meta-layouts":"default","ast-page-background-enabled":"default","ast-page-background-meta":{"desktop":{"background-color":"","background-image":"","background-repeat":"repeat","background-position":"center center","background-size":"auto","background-attachment":"scroll","background-type":"","background-media":"","overlay-type":"","overlay-color":"","overlay-opacity":"","overlay-gradient":""},"tablet":{"background-color":"","background-image":"","background-repeat":"repeat","background-position":"center center","background-size":"auto","background-attachment":"scroll","background-type":"","background-media":"","overlay-type":"","overlay-color":"","overlay-opacity":"","overlay-gradient":""},"mobile":{"background-color":"","background-image":"","background-repeat":"repeat","background-position":"center center","background-size":"auto","background-attachment":"scroll","background-type":"","background-media":"","overlay-type":"","overlay-color":"","overlay-opacity":"","overlay-gradient":""}},"ast-content-background-meta":{"desktop":{"background-color":"var(--ast-global-color-5)","background-image":"","background-repeat":"repeat","background-position":"center center","background-size":"auto","background-attachment":"scroll","background-type":"","background-media":"","overlay-type":"","overlay-color":"","overlay-opacity":"","overlay-gradient":""},"tablet":{"background-color":"var(--ast-global-color-5)","background-image":"","background-repeat":"repeat","background-position":"center center","background-size":"auto","background-attachment":"scroll","background-type":"","background-media":"","overlay-type":"","overlay-color":"","overlay-opacity":"","overlay-gradient":""},"mobile":{"background-color":"var(--ast-global-color-5)","background-image":"","background-repeat":"repeat","background-position":"center center","background-size":"auto","background-attachment":"scroll","background-type":"","background-media":"","overlay-type":"","overlay-color":"","overlay-opacity":"","overlay-gradient":""}}},"product_brand":[],"product_cat":[2613],"product_tag":[],"class_list":{"0":"post-21040","1":"product","2":"type-product","3":"status-publish","4":"has-post-thumbnail","6":"product_cat-enfilez-vos-canettes","7":"desktop-align-center","8":"tablet-align-center","9":"mobile-align-center","11":"first","12":"instock","13":"taxable","14":"shipping-taxable","15":"purchasable","16":"product-type-variable"},"yoast_head":"<!-- This site is optimized with the Yoast SEO plugin v27.3 - https:\/\/yoast.com\/product\/yoast-seo-wordpress\/ -->\n<title>Bobbin Glide 60 wt. 8200 verges, Enfilez vos Petites Canettes - Superpunch<\/title>\n<meta name=\"robots\" content=\"index, follow, max-snippet:-1, max-image-preview:large, max-video-preview:-1\" \/>\n<link rel=\"canonical\" href=\"https:\/\/superpunch.com\/fr\/produit\/bobbin-glide-60-wt-8200-verges-enfilez-vos-petites-canettes\/\" \/>\n<meta property=\"og:locale\" content=\"fr_CA\" \/>\n<meta property=\"og:type\" content=\"article\" \/>\n<meta property=\"og:title\" content=\"Bobbin Glide 60 wt. 8200 verges, Enfilez vos Petites Canettes - Superpunch\" \/>\n<meta property=\"og:description\" content=\"8200 verges par bobine. Fabriqu\u00e9 aux \u00c9tats-Unis.  Pour ceux qui enfilent leurs propres petites canettes de fil.  Fibre: Polyester  Grosseur de fibre: Tex 12 (60 wt.)  Un fil de bobine de qualit\u00e9 sup\u00e9rieure, fabriqu\u00e9 aux \u00c9tats-Unis pour une meilleure couture en g\u00e9n\u00e9ral.  La m\u00eame qualit\u00e9 de fil utilis\u00e9 sur les bobines magn\u00e9tiques.  Une surface douce et uniforme vous permettant d&#039;obtenir une tension \u00e9gale.  Un filament continu vous permettant d&#039;obtenir un d\u00e9bit de longueur sup\u00e9rieur.\" \/>\n<meta property=\"og:url\" content=\"https:\/\/superpunch.com\/fr\/produit\/bobbin-glide-60-wt-8200-verges-enfilez-vos-petites-canettes\/\" \/>\n<meta property=\"og:site_name\" content=\"Superpunch\" \/>\n<meta property=\"article:publisher\" content=\"https:\/\/www.facebook.com\/Superpunchembroiderybroderie\" \/>\n<meta property=\"article:modified_time\" content=\"2026-04-11T22:27:49+00:00\" \/>\n<meta name=\"twitter:card\" content=\"summary_large_image\" \/>\n<meta name=\"twitter:site\" content=\"@superpunchemb\" \/>\n<script type=\"application\/ld+json\" class=\"yoast-schema-graph\">{\"@context\":\"https:\\\/\\\/schema.org\",\"@graph\":[{\"@type\":\"WebPage\",\"@id\":\"https:\\\/\\\/superpunch.com\\\/fr\\\/produit\\\/bobbin-glide-60-wt-8200-verges-enfilez-vos-petites-canettes\\\/\",\"url\":\"https:\\\/\\\/superpunch.com\\\/fr\\\/produit\\\/bobbin-glide-60-wt-8200-verges-enfilez-vos-petites-canettes\\\/\",\"name\":\"Bobbin Glide 60 wt. 8200 verges, Enfilez vos Petites Canettes - Superpunch\",\"isPartOf\":{\"@id\":\"https:\\\/\\\/superpunch.com\\\/fr\\\/#website\"},\"primaryImageOfPage\":{\"@id\":\"https:\\\/\\\/superpunch.com\\\/fr\\\/produit\\\/bobbin-glide-60-wt-8200-verges-enfilez-vos-petites-canettes\\\/#primaryimage\"},\"image\":{\"@id\":\"https:\\\/\\\/superpunch.com\\\/fr\\\/produit\\\/bobbin-glide-60-wt-8200-verges-enfilez-vos-petites-canettes\\\/#primaryimage\"},\"thumbnailUrl\":\"https:\\\/\\\/superpunch.com\\\/wp-content\\\/uploads\\\/2021\\\/03\\\/wind_your_own_FR.jpg\",\"datePublished\":\"2020-10-15T00:18:27+00:00\",\"dateModified\":\"2026-04-11T22:27:49+00:00\",\"breadcrumb\":{\"@id\":\"https:\\\/\\\/superpunch.com\\\/fr\\\/produit\\\/bobbin-glide-60-wt-8200-verges-enfilez-vos-petites-canettes\\\/#breadcrumb\"},\"inLanguage\":\"fr-CA\",\"potentialAction\":[{\"@type\":\"ReadAction\",\"target\":[\"https:\\\/\\\/superpunch.com\\\/fr\\\/produit\\\/bobbin-glide-60-wt-8200-verges-enfilez-vos-petites-canettes\\\/\"]}]},{\"@type\":\"ImageObject\",\"inLanguage\":\"fr-CA\",\"@id\":\"https:\\\/\\\/superpunch.com\\\/fr\\\/produit\\\/bobbin-glide-60-wt-8200-verges-enfilez-vos-petites-canettes\\\/#primaryimage\",\"url\":\"https:\\\/\\\/superpunch.com\\\/wp-content\\\/uploads\\\/2021\\\/03\\\/wind_your_own_FR.jpg\",\"contentUrl\":\"https:\\\/\\\/superpunch.com\\\/wp-content\\\/uploads\\\/2021\\\/03\\\/wind_your_own_FR.jpg\",\"width\":600,\"height\":600,\"caption\":\"bobiner vos propres canettes\"},{\"@type\":\"BreadcrumbList\",\"@id\":\"https:\\\/\\\/superpunch.com\\\/fr\\\/produit\\\/bobbin-glide-60-wt-8200-verges-enfilez-vos-petites-canettes\\\/#breadcrumb\",\"itemListElement\":[{\"@type\":\"ListItem\",\"position\":1,\"name\":\"Home\",\"item\":\"https:\\\/\\\/superpunch.com\\\/fr\\\/\"},{\"@type\":\"ListItem\",\"position\":2,\"name\":\"Shop\",\"item\":\"https:\\\/\\\/superpunch.com\\\/fr\\\/shop\\\/\"},{\"@type\":\"ListItem\",\"position\":3,\"name\":\"Bobbin Glide 60 wt. 8200 verges, Enfilez vos Petites Canettes\"}]},{\"@type\":\"WebSite\",\"@id\":\"https:\\\/\\\/superpunch.com\\\/fr\\\/#website\",\"url\":\"https:\\\/\\\/superpunch.com\\\/fr\\\/\",\"name\":\"Superpunch\",\"description\":\"Superpunch - Embroidery Digitizing, Thread, Machines, Stabilizers And Supplies\",\"publisher\":{\"@id\":\"https:\\\/\\\/superpunch.com\\\/fr\\\/#organization\"},\"potentialAction\":[{\"@type\":\"SearchAction\",\"target\":{\"@type\":\"EntryPoint\",\"urlTemplate\":\"https:\\\/\\\/superpunch.com\\\/fr\\\/?s={search_term_string}\"},\"query-input\":{\"@type\":\"PropertyValueSpecification\",\"valueRequired\":true,\"valueName\":\"search_term_string\"}}],\"inLanguage\":\"fr-CA\"},{\"@type\":\"Organization\",\"@id\":\"https:\\\/\\\/superpunch.com\\\/fr\\\/#organization\",\"name\":\"Superpunch\",\"url\":\"https:\\\/\\\/superpunch.com\\\/fr\\\/\",\"logo\":{\"@type\":\"ImageObject\",\"inLanguage\":\"fr-CA\",\"@id\":\"https:\\\/\\\/superpunch.com\\\/fr\\\/#\\\/schema\\\/logo\\\/image\\\/\",\"url\":\"https:\\\/\\\/superpunch.com\\\/wp-content\\\/uploads\\\/2022\\\/12\\\/superpunch_complet_new_site_on_black-2022.jpg\",\"contentUrl\":\"https:\\\/\\\/superpunch.com\\\/wp-content\\\/uploads\\\/2022\\\/12\\\/superpunch_complet_new_site_on_black-2022.jpg\",\"width\":600,\"height\":174,\"caption\":\"Superpunch\"},\"image\":{\"@id\":\"https:\\\/\\\/superpunch.com\\\/fr\\\/#\\\/schema\\\/logo\\\/image\\\/\"},\"sameAs\":[\"https:\\\/\\\/www.facebook.com\\\/Superpunchembroiderybroderie\",\"https:\\\/\\\/x.com\\\/superpunchemb\",\"https:\\\/\\\/www.instagram.com\\\/superpunchbrand?igsh=YW8xa2ZyZmxkdGNv\",\"https:\\\/\\\/www.youtube.com\\\/channel\\\/UCgt7yq4-pFJgeI_03psdGPQ\",\"https:\\\/\\\/www.pinterest.ca\\\/superpunchemb\"]}]}<\/script>\n<!-- \/ Yoast SEO plugin. -->","yoast_head_json":{"title":"Bobbin Glide 60 wt. 8200 verges, Enfilez vos Petites Canettes - Superpunch","robots":{"index":"index","follow":"follow","max-snippet":"max-snippet:-1","max-image-preview":"max-image-preview:large","max-video-preview":"max-video-preview:-1"},"canonical":"https:\/\/superpunch.com\/fr\/produit\/bobbin-glide-60-wt-8200-verges-enfilez-vos-petites-canettes\/","og_locale":"fr_CA","og_type":"article","og_title":"Bobbin Glide 60 wt. 8200 verges, Enfilez vos Petites Canettes - Superpunch","og_description":"8200 verges par bobine. Fabriqu\u00e9 aux \u00c9tats-Unis.  Pour ceux qui enfilent leurs propres petites canettes de fil.  Fibre: Polyester  Grosseur de fibre: Tex 12 (60 wt.)  Un fil de bobine de qualit\u00e9 sup\u00e9rieure, fabriqu\u00e9 aux \u00c9tats-Unis pour une meilleure couture en g\u00e9n\u00e9ral.  La m\u00eame qualit\u00e9 de fil utilis\u00e9 sur les bobines magn\u00e9tiques.  Une surface douce et uniforme vous permettant d'obtenir une tension \u00e9gale.  Un filament continu vous permettant d'obtenir un d\u00e9bit de longueur sup\u00e9rieur.","og_url":"https:\/\/superpunch.com\/fr\/produit\/bobbin-glide-60-wt-8200-verges-enfilez-vos-petites-canettes\/","og_site_name":"Superpunch","article_publisher":"https:\/\/www.facebook.com\/Superpunchembroiderybroderie","article_modified_time":"2026-04-11T22:27:49+00:00","twitter_card":"summary_large_image","twitter_site":"@superpunchemb","schema":{"@context":"https:\/\/schema.org","@graph":[{"@type":"WebPage","@id":"https:\/\/superpunch.com\/fr\/produit\/bobbin-glide-60-wt-8200-verges-enfilez-vos-petites-canettes\/","url":"https:\/\/superpunch.com\/fr\/produit\/bobbin-glide-60-wt-8200-verges-enfilez-vos-petites-canettes\/","name":"Bobbin Glide 60 wt. 8200 verges, Enfilez vos Petites Canettes - Superpunch","isPartOf":{"@id":"https:\/\/superpunch.com\/fr\/#website"},"primaryImageOfPage":{"@id":"https:\/\/superpunch.com\/fr\/produit\/bobbin-glide-60-wt-8200-verges-enfilez-vos-petites-canettes\/#primaryimage"},"image":{"@id":"https:\/\/superpunch.com\/fr\/produit\/bobbin-glide-60-wt-8200-verges-enfilez-vos-petites-canettes\/#primaryimage"},"thumbnailUrl":"https:\/\/superpunch.com\/wp-content\/uploads\/2021\/03\/wind_your_own_FR.jpg","datePublished":"2020-10-15T00:18:27+00:00","dateModified":"2026-04-11T22:27:49+00:00","breadcrumb":{"@id":"https:\/\/superpunch.com\/fr\/produit\/bobbin-glide-60-wt-8200-verges-enfilez-vos-petites-canettes\/#breadcrumb"},"inLanguage":"fr-CA","potentialAction":[{"@type":"ReadAction","target":["https:\/\/superpunch.com\/fr\/produit\/bobbin-glide-60-wt-8200-verges-enfilez-vos-petites-canettes\/"]}]},{"@type":"ImageObject","inLanguage":"fr-CA","@id":"https:\/\/superpunch.com\/fr\/produit\/bobbin-glide-60-wt-8200-verges-enfilez-vos-petites-canettes\/#primaryimage","url":"https:\/\/superpunch.com\/wp-content\/uploads\/2021\/03\/wind_your_own_FR.jpg","contentUrl":"https:\/\/superpunch.com\/wp-content\/uploads\/2021\/03\/wind_your_own_FR.jpg","width":600,"height":600,"caption":"bobiner vos propres canettes"},{"@type":"BreadcrumbList","@id":"https:\/\/superpunch.com\/fr\/produit\/bobbin-glide-60-wt-8200-verges-enfilez-vos-petites-canettes\/#breadcrumb","itemListElement":[{"@type":"ListItem","position":1,"name":"Home","item":"https:\/\/superpunch.com\/fr\/"},{"@type":"ListItem","position":2,"name":"Shop","item":"https:\/\/superpunch.com\/fr\/shop\/"},{"@type":"ListItem","position":3,"name":"Bobbin Glide 60 wt. 8200 verges, Enfilez vos Petites Canettes"}]},{"@type":"WebSite","@id":"https:\/\/superpunch.com\/fr\/#website","url":"https:\/\/superpunch.com\/fr\/","name":"Superpunch","description":"Superpunch - Embroidery Digitizing, Thread, Machines, Stabilizers And Supplies","publisher":{"@id":"https:\/\/superpunch.com\/fr\/#organization"},"potentialAction":[{"@type":"SearchAction","target":{"@type":"EntryPoint","urlTemplate":"https:\/\/superpunch.com\/fr\/?s={search_term_string}"},"query-input":{"@type":"PropertyValueSpecification","valueRequired":true,"valueName":"search_term_string"}}],"inLanguage":"fr-CA"},{"@type":"Organization","@id":"https:\/\/superpunch.com\/fr\/#organization","name":"Superpunch","url":"https:\/\/superpunch.com\/fr\/","logo":{"@type":"ImageObject","inLanguage":"fr-CA","@id":"https:\/\/superpunch.com\/fr\/#\/schema\/logo\/image\/","url":"https:\/\/superpunch.com\/wp-content\/uploads\/2022\/12\/superpunch_complet_new_site_on_black-2022.jpg","contentUrl":"https:\/\/superpunch.com\/wp-content\/uploads\/2022\/12\/superpunch_complet_new_site_on_black-2022.jpg","width":600,"height":174,"caption":"Superpunch"},"image":{"@id":"https:\/\/superpunch.com\/fr\/#\/schema\/logo\/image\/"},"sameAs":["https:\/\/www.facebook.com\/Superpunchembroiderybroderie","https:\/\/x.com\/superpunchemb","https:\/\/www.instagram.com\/superpunchbrand?igsh=YW8xa2ZyZmxkdGNv","https:\/\/www.youtube.com\/channel\/UCgt7yq4-pFJgeI_03psdGPQ","https:\/\/www.pinterest.ca\/superpunchemb"]}]}},"_links":{"self":[{"href":"https:\/\/superpunch.com\/fr\/wp-json\/wp\/v2\/product\/21040","targetHints":{"allow":["GET"]}}],"collection":[{"href":"https:\/\/superpunch.com\/fr\/wp-json\/wp\/v2\/product"}],"about":[{"href":"https:\/\/superpunch.com\/fr\/wp-json\/wp\/v2\/types\/product"}],"replies":[{"embeddable":true,"href":"https:\/\/superpunch.com\/fr\/wp-json\/wp\/v2\/comments?post=21040"}],"wp:featuredmedia":[{"embeddable":true,"href":"https:\/\/superpunch.com\/fr\/wp-json\/wp\/v2\/media\/21044"}],"wp:attachment":[{"href":"https:\/\/superpunch.com\/fr\/wp-json\/wp\/v2\/media?parent=21040"}],"wp:term":[{"taxonomy":"product_brand","embeddable":true,"href":"https:\/\/superpunch.com\/fr\/wp-json\/wp\/v2\/product_brand?post=21040"},{"taxonomy":"product_cat","embeddable":true,"href":"https:\/\/superpunch.com\/fr\/wp-json\/wp\/v2\/product_cat?post=21040"},{"taxonomy":"product_tag","embeddable":true,"href":"https:\/\/superpunch.com\/fr\/wp-json\/wp\/v2\/product_tag?post=21040"}],"curies":[{"name":"wp","href":"https:\/\/api.w.org\/{rel}","templated":true}]}}