{"id":21051,"date":"2020-10-14T19:44:20","date_gmt":"2020-10-14T23:44:20","guid":{"rendered":"https:\/\/superpunch.com\/shop\/entoilage-stitch-and-rinse-blanc-1-7-oz\/"},"modified":"2024-11-08T15:21:32","modified_gmt":"2024-11-08T20:21:32","slug":"entoilage-dechirable-rincable-blanc-1-7-oz","status":"publish","type":"product","link":"https:\/\/superpunch.com\/fr\/produit\/entoilage-dechirable-rincable-blanc-1-7-oz\/","title":{"rendered":"Entoilage D\u00e9chirable Rin\u00e7able Blanc 1.7 oz"},"content":{"rendered":"<h2>Entoilage D\u00e9chirable Rin\u00e7able Blanc 1.7 oz:<\/h2>\n<p>\u00c9quivalent \u00e0 Stitch and wash de Floriani ou parfois aussi appel\u00e9 tear and wash.<\/p>\n<p>Un <strong>pellon<\/strong> compl\u00e8tement , hydro \u00e9tendu, dense, non tiss\u00e9 qui se d\u00e9chire et se d\u00e9sint\u00e8gre au lavage.<\/p>\n<p>Les restants de l&rsquo;entoilage vont partir avec le temps avec chaque lavage, mais si vous recherchez une rapidit\u00e9 et ex\u00e9cution totale de disparition de l,entoilage, utilisez le \u00ab\u00a0Eau H20 gone\u00a0\u00bb. Les r\u00e9sultats varient selon les techniques de lavage.<\/p>\n<p><strong>L&rsquo;entoilage<\/strong> est fabriqu\u00e9 avec la cellulose et polyester.<\/p>\n","protected":false},"excerpt":{"rendered":"<ul>\n<li>1.7 oz<\/li>\n<li>\u00c9quivalent \u00e0 Stitch and wash de Floriani ou parfois aussi appel\u00e9 tear and wash.<\/li>\n<li>Un <strong>pellon<\/strong> compl\u00e8tement , hydro \u00e9tendu, dense, non tiss\u00e9 qui se d\u00e9chire et se d\u00e9sint\u00e8gre au lavage.<\/li>\n<li>Les restants de l&rsquo;entoilage vont partir avec le temps avec chaque lavage, mais si vous recherchez une rapidit\u00e9 et ex\u00e9cution totale de disparition de l&rsquo;entoilage, utilisez le H20 \u00ab\u00a0Eau\u00a0\u00bb gone. Les r\u00e9sultats varient selon les techniques de lavage.<\/li>\n<li><strong>L&rsquo;entoilage<\/strong> est fabriqu\u00e9 avec la cellulose et polyester.<\/li>\n<li><strong>Si un lavage s\u00fbr et rapide est essentiel, veuillez utiliser le H2O \u00ab\u00a0Eau\u00a0\u00bb Gone.<\/strong><\/li>\n<\/ul>\n<p><a href=\"https:\/\/superpunch.com\/wp-content\/uploads\/2021\/03\/made_in_usa_FR-3.jpg\"><img decoding=\"async\" class=\"alignnone wp-image-40958\" src=\"https:\/\/superpunch.com\/wp-content\/uploads\/2021\/03\/made_in_usa_FR-3.jpg\" alt=\"\" width=\"85\" height=\"60\" \/><\/a><\/p>\n","protected":false},"featured_media":30868,"comment_status":"open","ping_status":"closed","template":"","meta":{"site-sidebar-layout":"default","site-content-layout":"default","ast-site-content-layout":"default","site-content-style":"default","site-sidebar-style":"default","ast-global-header-display":"","ast-banner-title-visibility":"","ast-main-header-display":"","ast-hfb-above-header-display":"","ast-hfb-below-header-display":"","ast-hfb-mobile-header-display":"","site-post-title":"","ast-breadcrumbs-content":"","ast-featured-img":"","footer-sml-layout":"","ast-disable-related-posts":"","theme-transparent-header-meta":"default","adv-header-id-meta":"","stick-header-meta":"","header-above-stick-meta":"","header-main-stick-meta":"","header-below-stick-meta":"","astra-migrate-meta-layouts":"default","ast-page-background-enabled":"default","ast-page-background-meta":{"desktop":{"background-color":"","background-image":"","background-repeat":"repeat","background-position":"center center","background-size":"auto","background-attachment":"scroll","background-type":"","background-media":"","overlay-type":"","overlay-color":"","overlay-opacity":"","overlay-gradient":""},"tablet":{"background-color":"","background-image":"","background-repeat":"repeat","background-position":"center center","background-size":"auto","background-attachment":"scroll","background-type":"","background-media":"","overlay-type":"","overlay-color":"","overlay-opacity":"","overlay-gradient":""},"mobile":{"background-color":"","background-image":"","background-repeat":"repeat","background-position":"center center","background-size":"auto","background-attachment":"scroll","background-type":"","background-media":"","overlay-type":"","overlay-color":"","overlay-opacity":"","overlay-gradient":""}},"ast-content-background-meta":{"desktop":{"background-color":"var(--ast-global-color-5)","background-image":"","background-repeat":"repeat","background-position":"center center","background-size":"auto","background-attachment":"scroll","background-type":"","background-media":"","overlay-type":"","overlay-color":"","overlay-opacity":"","overlay-gradient":""},"tablet":{"background-color":"var(--ast-global-color-5)","background-image":"","background-repeat":"repeat","background-position":"center center","background-size":"auto","background-attachment":"scroll","background-type":"","background-media":"","overlay-type":"","overlay-color":"","overlay-opacity":"","overlay-gradient":""},"mobile":{"background-color":"var(--ast-global-color-5)","background-image":"","background-repeat":"repeat","background-position":"center center","background-size":"auto","background-attachment":"scroll","background-type":"","background-media":"","overlay-type":"","overlay-color":"","overlay-opacity":"","overlay-gradient":""}}},"product_brand":[],"product_cat":[2598,2601],"product_tag":[],"class_list":{"0":"post-21051","1":"product","2":"type-product","3":"status-publish","4":"has-post-thumbnail","6":"product_cat-entoilages","7":"product_cat-specialite","8":"desktop-align-center","9":"tablet-align-center","10":"mobile-align-center","12":"first","13":"instock","14":"taxable","15":"shipping-taxable","16":"purchasable","17":"product-type-variable"},"yoast_head":"<!-- This site is optimized with the Yoast SEO plugin v27.3 - https:\/\/yoast.com\/product\/yoast-seo-wordpress\/ -->\n<title>Entoilage D\u00e9chirable Rin\u00e7able Blanc 1.7 oz - Superpunch<\/title>\n<meta name=\"robots\" content=\"index, follow, max-snippet:-1, max-image-preview:large, max-video-preview:-1\" \/>\n<link rel=\"canonical\" href=\"https:\/\/superpunch.com\/fr\/produit\/entoilage-dechirable-rincable-blanc-1-7-oz\/\" \/>\n<meta property=\"og:locale\" content=\"fr_CA\" \/>\n<meta property=\"og:type\" content=\"article\" \/>\n<meta property=\"og:title\" content=\"Entoilage D\u00e9chirable Rin\u00e7able Blanc 1.7 oz - Superpunch\" \/>\n<meta property=\"og:description\" content=\"1.7 oz  \u00c9quivalent \u00e0 Stitch and wash de Floriani ou parfois aussi appel\u00e9 tear and wash.  Un pellon compl\u00e8tement , hydro \u00e9tendu, dense, non tiss\u00e9 qui se d\u00e9chire et se d\u00e9sint\u00e8gre au lavage.  Les restants de l&#039;entoilage vont partir avec le temps avec chaque lavage, mais si vous recherchez une rapidit\u00e9 et ex\u00e9cution totale de disparition de l&#039;entoilage, utilisez le H20 &quot;Eau&quot; gone. Les r\u00e9sultats varient selon les techniques de lavage.  L&#039;entoilage est fabriqu\u00e9 avec la cellulose et polyester.  Si un lavage s\u00fbr et rapide est essentiel, veuillez utiliser le H2O &quot;Eau&quot; Gone.\" \/>\n<meta property=\"og:url\" content=\"https:\/\/superpunch.com\/fr\/produit\/entoilage-dechirable-rincable-blanc-1-7-oz\/\" \/>\n<meta property=\"og:site_name\" content=\"Superpunch\" \/>\n<meta property=\"article:publisher\" content=\"https:\/\/www.facebook.com\/Superpunchembroiderybroderie\" \/>\n<meta property=\"article:modified_time\" content=\"2024-11-08T20:21:32+00:00\" \/>\n<meta name=\"twitter:card\" content=\"summary_large_image\" \/>\n<meta name=\"twitter:site\" content=\"@superpunchemb\" \/>\n<script type=\"application\/ld+json\" class=\"yoast-schema-graph\">{\"@context\":\"https:\\\/\\\/schema.org\",\"@graph\":[{\"@type\":\"WebPage\",\"@id\":\"https:\\\/\\\/superpunch.com\\\/fr\\\/produit\\\/entoilage-dechirable-rincable-blanc-1-7-oz\\\/\",\"url\":\"https:\\\/\\\/superpunch.com\\\/fr\\\/produit\\\/entoilage-dechirable-rincable-blanc-1-7-oz\\\/\",\"name\":\"Entoilage D\u00e9chirable Rin\u00e7able Blanc 1.7 oz - Superpunch\",\"isPartOf\":{\"@id\":\"https:\\\/\\\/superpunch.com\\\/fr\\\/#website\"},\"primaryImageOfPage\":{\"@id\":\"https:\\\/\\\/superpunch.com\\\/fr\\\/produit\\\/entoilage-dechirable-rincable-blanc-1-7-oz\\\/#primaryimage\"},\"image\":{\"@id\":\"https:\\\/\\\/superpunch.com\\\/fr\\\/produit\\\/entoilage-dechirable-rincable-blanc-1-7-oz\\\/#primaryimage\"},\"thumbnailUrl\":\"https:\\\/\\\/superpunch.com\\\/wp-content\\\/uploads\\\/2020\\\/10\\\/17oz-stitch-and-rinse-embroidery-stabilizer-14inx25yd.jpg\",\"datePublished\":\"2020-10-14T23:44:20+00:00\",\"dateModified\":\"2024-11-08T20:21:32+00:00\",\"breadcrumb\":{\"@id\":\"https:\\\/\\\/superpunch.com\\\/fr\\\/produit\\\/entoilage-dechirable-rincable-blanc-1-7-oz\\\/#breadcrumb\"},\"inLanguage\":\"fr-CA\",\"potentialAction\":[{\"@type\":\"ReadAction\",\"target\":[\"https:\\\/\\\/superpunch.com\\\/fr\\\/produit\\\/entoilage-dechirable-rincable-blanc-1-7-oz\\\/\"]}]},{\"@type\":\"ImageObject\",\"inLanguage\":\"fr-CA\",\"@id\":\"https:\\\/\\\/superpunch.com\\\/fr\\\/produit\\\/entoilage-dechirable-rincable-blanc-1-7-oz\\\/#primaryimage\",\"url\":\"https:\\\/\\\/superpunch.com\\\/wp-content\\\/uploads\\\/2020\\\/10\\\/17oz-stitch-and-rinse-embroidery-stabilizer-14inx25yd.jpg\",\"contentUrl\":\"https:\\\/\\\/superpunch.com\\\/wp-content\\\/uploads\\\/2020\\\/10\\\/17oz-stitch-and-rinse-embroidery-stabilizer-14inx25yd.jpg\",\"width\":600,\"height\":600},{\"@type\":\"BreadcrumbList\",\"@id\":\"https:\\\/\\\/superpunch.com\\\/fr\\\/produit\\\/entoilage-dechirable-rincable-blanc-1-7-oz\\\/#breadcrumb\",\"itemListElement\":[{\"@type\":\"ListItem\",\"position\":1,\"name\":\"Home\",\"item\":\"https:\\\/\\\/superpunch.com\\\/fr\\\/\"},{\"@type\":\"ListItem\",\"position\":2,\"name\":\"Shop\",\"item\":\"https:\\\/\\\/superpunch.com\\\/fr\\\/shop\\\/\"},{\"@type\":\"ListItem\",\"position\":3,\"name\":\"Entoilage D\u00e9chirable Rin\u00e7able Blanc 1.7 oz\"}]},{\"@type\":\"WebSite\",\"@id\":\"https:\\\/\\\/superpunch.com\\\/fr\\\/#website\",\"url\":\"https:\\\/\\\/superpunch.com\\\/fr\\\/\",\"name\":\"Superpunch\",\"description\":\"Superpunch - Embroidery Digitizing, Thread, Machines, Stabilizers And Supplies\",\"publisher\":{\"@id\":\"https:\\\/\\\/superpunch.com\\\/fr\\\/#organization\"},\"potentialAction\":[{\"@type\":\"SearchAction\",\"target\":{\"@type\":\"EntryPoint\",\"urlTemplate\":\"https:\\\/\\\/superpunch.com\\\/fr\\\/?s={search_term_string}\"},\"query-input\":{\"@type\":\"PropertyValueSpecification\",\"valueRequired\":true,\"valueName\":\"search_term_string\"}}],\"inLanguage\":\"fr-CA\"},{\"@type\":\"Organization\",\"@id\":\"https:\\\/\\\/superpunch.com\\\/fr\\\/#organization\",\"name\":\"Superpunch\",\"url\":\"https:\\\/\\\/superpunch.com\\\/fr\\\/\",\"logo\":{\"@type\":\"ImageObject\",\"inLanguage\":\"fr-CA\",\"@id\":\"https:\\\/\\\/superpunch.com\\\/fr\\\/#\\\/schema\\\/logo\\\/image\\\/\",\"url\":\"https:\\\/\\\/superpunch.com\\\/wp-content\\\/uploads\\\/2022\\\/12\\\/superpunch_complet_new_site_on_black-2022.jpg\",\"contentUrl\":\"https:\\\/\\\/superpunch.com\\\/wp-content\\\/uploads\\\/2022\\\/12\\\/superpunch_complet_new_site_on_black-2022.jpg\",\"width\":600,\"height\":174,\"caption\":\"Superpunch\"},\"image\":{\"@id\":\"https:\\\/\\\/superpunch.com\\\/fr\\\/#\\\/schema\\\/logo\\\/image\\\/\"},\"sameAs\":[\"https:\\\/\\\/www.facebook.com\\\/Superpunchembroiderybroderie\",\"https:\\\/\\\/x.com\\\/superpunchemb\",\"https:\\\/\\\/www.instagram.com\\\/superpunchbrand?igsh=YW8xa2ZyZmxkdGNv\",\"https:\\\/\\\/www.youtube.com\\\/channel\\\/UCgt7yq4-pFJgeI_03psdGPQ\",\"https:\\\/\\\/www.pinterest.ca\\\/superpunchemb\"]}]}<\/script>\n<!-- \/ Yoast SEO plugin. -->","yoast_head_json":{"title":"Entoilage D\u00e9chirable Rin\u00e7able Blanc 1.7 oz - Superpunch","robots":{"index":"index","follow":"follow","max-snippet":"max-snippet:-1","max-image-preview":"max-image-preview:large","max-video-preview":"max-video-preview:-1"},"canonical":"https:\/\/superpunch.com\/fr\/produit\/entoilage-dechirable-rincable-blanc-1-7-oz\/","og_locale":"fr_CA","og_type":"article","og_title":"Entoilage D\u00e9chirable Rin\u00e7able Blanc 1.7 oz - Superpunch","og_description":"1.7 oz  \u00c9quivalent \u00e0 Stitch and wash de Floriani ou parfois aussi appel\u00e9 tear and wash.  Un pellon compl\u00e8tement , hydro \u00e9tendu, dense, non tiss\u00e9 qui se d\u00e9chire et se d\u00e9sint\u00e8gre au lavage.  Les restants de l'entoilage vont partir avec le temps avec chaque lavage, mais si vous recherchez une rapidit\u00e9 et ex\u00e9cution totale de disparition de l'entoilage, utilisez le H20 \"Eau\" gone. Les r\u00e9sultats varient selon les techniques de lavage.  L'entoilage est fabriqu\u00e9 avec la cellulose et polyester.  Si un lavage s\u00fbr et rapide est essentiel, veuillez utiliser le H2O \"Eau\" Gone.","og_url":"https:\/\/superpunch.com\/fr\/produit\/entoilage-dechirable-rincable-blanc-1-7-oz\/","og_site_name":"Superpunch","article_publisher":"https:\/\/www.facebook.com\/Superpunchembroiderybroderie","article_modified_time":"2024-11-08T20:21:32+00:00","twitter_card":"summary_large_image","twitter_site":"@superpunchemb","schema":{"@context":"https:\/\/schema.org","@graph":[{"@type":"WebPage","@id":"https:\/\/superpunch.com\/fr\/produit\/entoilage-dechirable-rincable-blanc-1-7-oz\/","url":"https:\/\/superpunch.com\/fr\/produit\/entoilage-dechirable-rincable-blanc-1-7-oz\/","name":"Entoilage D\u00e9chirable Rin\u00e7able Blanc 1.7 oz - Superpunch","isPartOf":{"@id":"https:\/\/superpunch.com\/fr\/#website"},"primaryImageOfPage":{"@id":"https:\/\/superpunch.com\/fr\/produit\/entoilage-dechirable-rincable-blanc-1-7-oz\/#primaryimage"},"image":{"@id":"https:\/\/superpunch.com\/fr\/produit\/entoilage-dechirable-rincable-blanc-1-7-oz\/#primaryimage"},"thumbnailUrl":"https:\/\/superpunch.com\/wp-content\/uploads\/2020\/10\/17oz-stitch-and-rinse-embroidery-stabilizer-14inx25yd.jpg","datePublished":"2020-10-14T23:44:20+00:00","dateModified":"2024-11-08T20:21:32+00:00","breadcrumb":{"@id":"https:\/\/superpunch.com\/fr\/produit\/entoilage-dechirable-rincable-blanc-1-7-oz\/#breadcrumb"},"inLanguage":"fr-CA","potentialAction":[{"@type":"ReadAction","target":["https:\/\/superpunch.com\/fr\/produit\/entoilage-dechirable-rincable-blanc-1-7-oz\/"]}]},{"@type":"ImageObject","inLanguage":"fr-CA","@id":"https:\/\/superpunch.com\/fr\/produit\/entoilage-dechirable-rincable-blanc-1-7-oz\/#primaryimage","url":"https:\/\/superpunch.com\/wp-content\/uploads\/2020\/10\/17oz-stitch-and-rinse-embroidery-stabilizer-14inx25yd.jpg","contentUrl":"https:\/\/superpunch.com\/wp-content\/uploads\/2020\/10\/17oz-stitch-and-rinse-embroidery-stabilizer-14inx25yd.jpg","width":600,"height":600},{"@type":"BreadcrumbList","@id":"https:\/\/superpunch.com\/fr\/produit\/entoilage-dechirable-rincable-blanc-1-7-oz\/#breadcrumb","itemListElement":[{"@type":"ListItem","position":1,"name":"Home","item":"https:\/\/superpunch.com\/fr\/"},{"@type":"ListItem","position":2,"name":"Shop","item":"https:\/\/superpunch.com\/fr\/shop\/"},{"@type":"ListItem","position":3,"name":"Entoilage D\u00e9chirable Rin\u00e7able Blanc 1.7 oz"}]},{"@type":"WebSite","@id":"https:\/\/superpunch.com\/fr\/#website","url":"https:\/\/superpunch.com\/fr\/","name":"Superpunch","description":"Superpunch - Embroidery Digitizing, Thread, Machines, Stabilizers And Supplies","publisher":{"@id":"https:\/\/superpunch.com\/fr\/#organization"},"potentialAction":[{"@type":"SearchAction","target":{"@type":"EntryPoint","urlTemplate":"https:\/\/superpunch.com\/fr\/?s={search_term_string}"},"query-input":{"@type":"PropertyValueSpecification","valueRequired":true,"valueName":"search_term_string"}}],"inLanguage":"fr-CA"},{"@type":"Organization","@id":"https:\/\/superpunch.com\/fr\/#organization","name":"Superpunch","url":"https:\/\/superpunch.com\/fr\/","logo":{"@type":"ImageObject","inLanguage":"fr-CA","@id":"https:\/\/superpunch.com\/fr\/#\/schema\/logo\/image\/","url":"https:\/\/superpunch.com\/wp-content\/uploads\/2022\/12\/superpunch_complet_new_site_on_black-2022.jpg","contentUrl":"https:\/\/superpunch.com\/wp-content\/uploads\/2022\/12\/superpunch_complet_new_site_on_black-2022.jpg","width":600,"height":174,"caption":"Superpunch"},"image":{"@id":"https:\/\/superpunch.com\/fr\/#\/schema\/logo\/image\/"},"sameAs":["https:\/\/www.facebook.com\/Superpunchembroiderybroderie","https:\/\/x.com\/superpunchemb","https:\/\/www.instagram.com\/superpunchbrand?igsh=YW8xa2ZyZmxkdGNv","https:\/\/www.youtube.com\/channel\/UCgt7yq4-pFJgeI_03psdGPQ","https:\/\/www.pinterest.ca\/superpunchemb"]}]}},"_links":{"self":[{"href":"https:\/\/superpunch.com\/fr\/wp-json\/wp\/v2\/product\/21051","targetHints":{"allow":["GET"]}}],"collection":[{"href":"https:\/\/superpunch.com\/fr\/wp-json\/wp\/v2\/product"}],"about":[{"href":"https:\/\/superpunch.com\/fr\/wp-json\/wp\/v2\/types\/product"}],"replies":[{"embeddable":true,"href":"https:\/\/superpunch.com\/fr\/wp-json\/wp\/v2\/comments?post=21051"}],"wp:featuredmedia":[{"embeddable":true,"href":"https:\/\/superpunch.com\/fr\/wp-json\/wp\/v2\/media\/30868"}],"wp:attachment":[{"href":"https:\/\/superpunch.com\/fr\/wp-json\/wp\/v2\/media?parent=21051"}],"wp:term":[{"taxonomy":"product_brand","embeddable":true,"href":"https:\/\/superpunch.com\/fr\/wp-json\/wp\/v2\/product_brand?post=21051"},{"taxonomy":"product_cat","embeddable":true,"href":"https:\/\/superpunch.com\/fr\/wp-json\/wp\/v2\/product_cat?post=21051"},{"taxonomy":"product_tag","embeddable":true,"href":"https:\/\/superpunch.com\/fr\/wp-json\/wp\/v2\/product_tag?post=21051"}],"curies":[{"name":"wp","href":"https:\/\/api.w.org\/{rel}","templated":true}]}}