{"id":21057,"date":"2020-10-14T18:49:13","date_gmt":"2020-10-14T22:49:13","guid":{"rendered":"https:\/\/superpunch.com\/shop\/embroiderers-helper-aide-au-brodeur-outil-dalignement\/"},"modified":"2026-04-10T15:44:34","modified_gmt":"2026-04-10T19:44:34","slug":"embroiderers-helper-aide-au-brodeur-outil-dalignement","status":"publish","type":"product","link":"https:\/\/superpunch.com\/fr\/produit\/embroiderers-helper-aide-au-brodeur-outil-dalignement\/","title":{"rendered":"Embroiderer&rsquo;s Helper, Aide au Brodeur &#8211; Outil d&rsquo;alignement"},"content":{"rendered":"<div class=\"\" style=\"position: relative;\" data-richtextify-editable=\"true\">\n<h2><strong>Embroiderer&rsquo;s Helper, Aide au Brodeur &#8211; Outil d&rsquo;Alignement:<\/strong><\/h2>\n<ul>\n<li>Le <strong>Embroiderer&rsquo;s Helper<\/strong> va positionner parfaitement votre <strong>dessin de broderie.<\/strong><\/li>\n<li>Vous n&rsquo;aurez pas de dessin mal align\u00e9!<\/li>\n<li>Cet outil permettra <strong>d&rsquo;aligner vos dessins<\/strong> facilement et sur des chandails petit \u00e0 tr\u00e8s tr\u00e8s grand.<\/li>\n<li>Tout ce que vous avez \u00e0 faire est de plier la chemise en deux, placer le gabarit au-dessus et placer les autocollants cibles en fonction de la taille de la chemise et de broder votre dessin dans un alignement parfait en un rien de temps!<\/li>\n<\/ul>\n<\/div>\n","protected":false},"excerpt":{"rendered":"<div class=\"\" style=\"position: relative;\" data-richtextify-editable=\"true\">\n<ul>\n<li>Le <strong>Embroiderer&rsquo;s Helper<\/strong> va positionner parfaitement votre <strong>dessin de broderie.<\/strong><\/li>\n<li>Vous n&rsquo;aurez pas de dessin mal align\u00e9!<\/li>\n<li>Cet outil permettra <strong>d&rsquo;aligner vos dessins<\/strong> facilement et sur des chandails petit \u00e0 tr\u00e8s tr\u00e8s grand.<\/li>\n<li>Tout ce que vous avez \u00e0 faire est de plier la chemise en deux, placer le gabarit au-dessus et placer les autocollants cibles en fonction de la taille de la chemise et de broder votre dessin dans un alignement parfait en un rien de temps!<\/li>\n<\/ul>\n<\/div>\n","protected":false},"featured_media":17553,"comment_status":"open","ping_status":"closed","template":"","meta":{"site-sidebar-layout":"default","site-content-layout":"default","ast-site-content-layout":"default","site-content-style":"default","site-sidebar-style":"default","ast-global-header-display":"","ast-banner-title-visibility":"","ast-main-header-display":"","ast-hfb-above-header-display":"","ast-hfb-below-header-display":"","ast-hfb-mobile-header-display":"","site-post-title":"","ast-breadcrumbs-content":"","ast-featured-img":"","footer-sml-layout":"","ast-disable-related-posts":"","theme-transparent-header-meta":"default","adv-header-id-meta":"","stick-header-meta":"","header-above-stick-meta":"","header-main-stick-meta":"","header-below-stick-meta":"","astra-migrate-meta-layouts":"default","ast-page-background-enabled":"default","ast-page-background-meta":{"desktop":{"background-color":"","background-image":"","background-repeat":"repeat","background-position":"center center","background-size":"auto","background-attachment":"scroll","background-type":"","background-media":"","overlay-type":"","overlay-color":"","overlay-opacity":"","overlay-gradient":""},"tablet":{"background-color":"","background-image":"","background-repeat":"repeat","background-position":"center center","background-size":"auto","background-attachment":"scroll","background-type":"","background-media":"","overlay-type":"","overlay-color":"","overlay-opacity":"","overlay-gradient":""},"mobile":{"background-color":"","background-image":"","background-repeat":"repeat","background-position":"center center","background-size":"auto","background-attachment":"scroll","background-type":"","background-media":"","overlay-type":"","overlay-color":"","overlay-opacity":"","overlay-gradient":""}},"ast-content-background-meta":{"desktop":{"background-color":"var(--ast-global-color-5)","background-image":"","background-repeat":"repeat","background-position":"center center","background-size":"auto","background-attachment":"scroll","background-type":"","background-media":"","overlay-type":"","overlay-color":"","overlay-opacity":"","overlay-gradient":""},"tablet":{"background-color":"var(--ast-global-color-5)","background-image":"","background-repeat":"repeat","background-position":"center center","background-size":"auto","background-attachment":"scroll","background-type":"","background-media":"","overlay-type":"","overlay-color":"","overlay-opacity":"","overlay-gradient":""},"mobile":{"background-color":"var(--ast-global-color-5)","background-image":"","background-repeat":"repeat","background-position":"center center","background-size":"auto","background-attachment":"scroll","background-type":"","background-media":"","overlay-type":"","overlay-color":"","overlay-opacity":"","overlay-gradient":""}}},"product_brand":[],"product_cat":[2230],"product_tag":[],"class_list":{"0":"post-21057","1":"product","2":"type-product","3":"status-publish","4":"has-post-thumbnail","6":"product_cat-autre","7":"desktop-align-center","8":"tablet-align-center","9":"mobile-align-center","11":"first","12":"instock","13":"taxable","14":"shipping-taxable","15":"purchasable","16":"product-type-simple"},"yoast_head":"<!-- This site is optimized with the Yoast SEO plugin v27.4 - https:\/\/yoast.com\/product\/yoast-seo-wordpress\/ -->\n<title>Embroiderer&#039;s Helper, Aide au Brodeur - Outil d&#039;alignement - Superpunch<\/title>\n<meta name=\"robots\" content=\"index, follow, max-snippet:-1, max-image-preview:large, max-video-preview:-1\" \/>\n<link rel=\"canonical\" href=\"https:\/\/superpunch.com\/fr\/produit\/embroiderers-helper-aide-au-brodeur-outil-dalignement\/\" \/>\n<meta property=\"og:locale\" content=\"fr_CA\" \/>\n<meta property=\"og:type\" content=\"article\" \/>\n<meta property=\"og:title\" content=\"Embroiderer&#039;s Helper, Aide au Brodeur - Outil d&#039;alignement - Superpunch\" \/>\n<meta property=\"og:description\" content=\"Le Embroiderer&#039;s Helper va positionner parfaitement votre dessin de broderie.  Vous n&#039;aurez pas de dessin mal align\u00e9!  Cet outil permettra d&#039;aligner vos dessins facilement et sur des chandails petit \u00e0 tr\u00e8s tr\u00e8s grand.  Tout ce que vous avez \u00e0 faire est de plier la chemise en deux, placer le gabarit au-dessus et placer les autocollants cibles en fonction de la taille de la chemise et de broder votre dessin dans un alignement parfait en un rien de temps!\" \/>\n<meta property=\"og:url\" content=\"https:\/\/superpunch.com\/fr\/produit\/embroiderers-helper-aide-au-brodeur-outil-dalignement\/\" \/>\n<meta property=\"og:site_name\" content=\"Superpunch\" \/>\n<meta property=\"article:publisher\" content=\"https:\/\/www.facebook.com\/Superpunchembroiderybroderie\" \/>\n<meta property=\"article:modified_time\" content=\"2026-04-10T19:44:34+00:00\" \/>\n<meta property=\"og:image\" content=\"https:\/\/superpunch.com\/wp-content\/uploads\/2020\/10\/embroiderer-s-helper-aide-au-brodeur.png\" \/>\n\t<meta property=\"og:image:width\" content=\"1200\" \/>\n\t<meta property=\"og:image:height\" content=\"1201\" \/>\n\t<meta property=\"og:image:type\" content=\"image\/png\" \/>\n<meta name=\"twitter:card\" content=\"summary_large_image\" \/>\n<meta name=\"twitter:site\" content=\"@superpunchemb\" \/>\n<script type=\"application\/ld+json\" class=\"yoast-schema-graph\">{\"@context\":\"https:\\\/\\\/schema.org\",\"@graph\":[{\"@type\":\"WebPage\",\"@id\":\"https:\\\/\\\/superpunch.com\\\/fr\\\/produit\\\/embroiderers-helper-aide-au-brodeur-outil-dalignement\\\/\",\"url\":\"https:\\\/\\\/superpunch.com\\\/fr\\\/produit\\\/embroiderers-helper-aide-au-brodeur-outil-dalignement\\\/\",\"name\":\"Embroiderer's Helper, Aide au Brodeur - Outil d'alignement - Superpunch\",\"isPartOf\":{\"@id\":\"https:\\\/\\\/superpunch.com\\\/fr\\\/#website\"},\"primaryImageOfPage\":{\"@id\":\"https:\\\/\\\/superpunch.com\\\/fr\\\/produit\\\/embroiderers-helper-aide-au-brodeur-outil-dalignement\\\/#primaryimage\"},\"image\":{\"@id\":\"https:\\\/\\\/superpunch.com\\\/fr\\\/produit\\\/embroiderers-helper-aide-au-brodeur-outil-dalignement\\\/#primaryimage\"},\"thumbnailUrl\":\"https:\\\/\\\/superpunch.com\\\/wp-content\\\/uploads\\\/2020\\\/10\\\/embroiderer-s-helper-aide-au-brodeur.png\",\"datePublished\":\"2020-10-14T22:49:13+00:00\",\"dateModified\":\"2026-04-10T19:44:34+00:00\",\"breadcrumb\":{\"@id\":\"https:\\\/\\\/superpunch.com\\\/fr\\\/produit\\\/embroiderers-helper-aide-au-brodeur-outil-dalignement\\\/#breadcrumb\"},\"inLanguage\":\"fr-CA\",\"potentialAction\":[{\"@type\":\"ReadAction\",\"target\":[\"https:\\\/\\\/superpunch.com\\\/fr\\\/produit\\\/embroiderers-helper-aide-au-brodeur-outil-dalignement\\\/\"]}]},{\"@type\":\"ImageObject\",\"inLanguage\":\"fr-CA\",\"@id\":\"https:\\\/\\\/superpunch.com\\\/fr\\\/produit\\\/embroiderers-helper-aide-au-brodeur-outil-dalignement\\\/#primaryimage\",\"url\":\"https:\\\/\\\/superpunch.com\\\/wp-content\\\/uploads\\\/2020\\\/10\\\/embroiderer-s-helper-aide-au-brodeur.png\",\"contentUrl\":\"https:\\\/\\\/superpunch.com\\\/wp-content\\\/uploads\\\/2020\\\/10\\\/embroiderer-s-helper-aide-au-brodeur.png\",\"width\":1200,\"height\":1201},{\"@type\":\"BreadcrumbList\",\"@id\":\"https:\\\/\\\/superpunch.com\\\/fr\\\/produit\\\/embroiderers-helper-aide-au-brodeur-outil-dalignement\\\/#breadcrumb\",\"itemListElement\":[{\"@type\":\"ListItem\",\"position\":1,\"name\":\"Home\",\"item\":\"https:\\\/\\\/superpunch.com\\\/fr\\\/\"},{\"@type\":\"ListItem\",\"position\":2,\"name\":\"Shop\",\"item\":\"https:\\\/\\\/superpunch.com\\\/fr\\\/shop\\\/\"},{\"@type\":\"ListItem\",\"position\":3,\"name\":\"Embroiderer&rsquo;s Helper, Aide au Brodeur &#8211; Outil d&rsquo;alignement\"}]},{\"@type\":\"WebSite\",\"@id\":\"https:\\\/\\\/superpunch.com\\\/fr\\\/#website\",\"url\":\"https:\\\/\\\/superpunch.com\\\/fr\\\/\",\"name\":\"Superpunch\",\"description\":\"Superpunch - Embroidery Digitizing, Thread, Machines, Stabilizers And Supplies\",\"publisher\":{\"@id\":\"https:\\\/\\\/superpunch.com\\\/fr\\\/#organization\"},\"potentialAction\":[{\"@type\":\"SearchAction\",\"target\":{\"@type\":\"EntryPoint\",\"urlTemplate\":\"https:\\\/\\\/superpunch.com\\\/fr\\\/?s={search_term_string}\"},\"query-input\":{\"@type\":\"PropertyValueSpecification\",\"valueRequired\":true,\"valueName\":\"search_term_string\"}}],\"inLanguage\":\"fr-CA\"},{\"@type\":\"Organization\",\"@id\":\"https:\\\/\\\/superpunch.com\\\/fr\\\/#organization\",\"name\":\"Superpunch\",\"url\":\"https:\\\/\\\/superpunch.com\\\/fr\\\/\",\"logo\":{\"@type\":\"ImageObject\",\"inLanguage\":\"fr-CA\",\"@id\":\"https:\\\/\\\/superpunch.com\\\/fr\\\/#\\\/schema\\\/logo\\\/image\\\/\",\"url\":\"https:\\\/\\\/superpunch.com\\\/wp-content\\\/uploads\\\/2022\\\/12\\\/superpunch_complet_new_site_on_black-2022.jpg\",\"contentUrl\":\"https:\\\/\\\/superpunch.com\\\/wp-content\\\/uploads\\\/2022\\\/12\\\/superpunch_complet_new_site_on_black-2022.jpg\",\"width\":600,\"height\":174,\"caption\":\"Superpunch\"},\"image\":{\"@id\":\"https:\\\/\\\/superpunch.com\\\/fr\\\/#\\\/schema\\\/logo\\\/image\\\/\"},\"sameAs\":[\"https:\\\/\\\/www.facebook.com\\\/Superpunchembroiderybroderie\",\"https:\\\/\\\/x.com\\\/superpunchemb\",\"https:\\\/\\\/www.instagram.com\\\/superpunchbrand?igsh=YW8xa2ZyZmxkdGNv\",\"https:\\\/\\\/www.youtube.com\\\/channel\\\/UCgt7yq4-pFJgeI_03psdGPQ\",\"https:\\\/\\\/www.pinterest.ca\\\/superpunchemb\"]}]}<\/script>\n<!-- \/ Yoast SEO plugin. -->","yoast_head_json":{"title":"Embroiderer's Helper, Aide au Brodeur - Outil d'alignement - Superpunch","robots":{"index":"index","follow":"follow","max-snippet":"max-snippet:-1","max-image-preview":"max-image-preview:large","max-video-preview":"max-video-preview:-1"},"canonical":"https:\/\/superpunch.com\/fr\/produit\/embroiderers-helper-aide-au-brodeur-outil-dalignement\/","og_locale":"fr_CA","og_type":"article","og_title":"Embroiderer's Helper, Aide au Brodeur - Outil d'alignement - Superpunch","og_description":"Le Embroiderer's Helper va positionner parfaitement votre dessin de broderie.  Vous n'aurez pas de dessin mal align\u00e9!  Cet outil permettra d'aligner vos dessins facilement et sur des chandails petit \u00e0 tr\u00e8s tr\u00e8s grand.  Tout ce que vous avez \u00e0 faire est de plier la chemise en deux, placer le gabarit au-dessus et placer les autocollants cibles en fonction de la taille de la chemise et de broder votre dessin dans un alignement parfait en un rien de temps!","og_url":"https:\/\/superpunch.com\/fr\/produit\/embroiderers-helper-aide-au-brodeur-outil-dalignement\/","og_site_name":"Superpunch","article_publisher":"https:\/\/www.facebook.com\/Superpunchembroiderybroderie","article_modified_time":"2026-04-10T19:44:34+00:00","og_image":[{"width":1200,"height":1201,"url":"https:\/\/superpunch.com\/wp-content\/uploads\/2020\/10\/embroiderer-s-helper-aide-au-brodeur.png","type":"image\/png"}],"twitter_card":"summary_large_image","twitter_site":"@superpunchemb","schema":{"@context":"https:\/\/schema.org","@graph":[{"@type":"WebPage","@id":"https:\/\/superpunch.com\/fr\/produit\/embroiderers-helper-aide-au-brodeur-outil-dalignement\/","url":"https:\/\/superpunch.com\/fr\/produit\/embroiderers-helper-aide-au-brodeur-outil-dalignement\/","name":"Embroiderer's Helper, Aide au Brodeur - Outil d'alignement - Superpunch","isPartOf":{"@id":"https:\/\/superpunch.com\/fr\/#website"},"primaryImageOfPage":{"@id":"https:\/\/superpunch.com\/fr\/produit\/embroiderers-helper-aide-au-brodeur-outil-dalignement\/#primaryimage"},"image":{"@id":"https:\/\/superpunch.com\/fr\/produit\/embroiderers-helper-aide-au-brodeur-outil-dalignement\/#primaryimage"},"thumbnailUrl":"https:\/\/superpunch.com\/wp-content\/uploads\/2020\/10\/embroiderer-s-helper-aide-au-brodeur.png","datePublished":"2020-10-14T22:49:13+00:00","dateModified":"2026-04-10T19:44:34+00:00","breadcrumb":{"@id":"https:\/\/superpunch.com\/fr\/produit\/embroiderers-helper-aide-au-brodeur-outil-dalignement\/#breadcrumb"},"inLanguage":"fr-CA","potentialAction":[{"@type":"ReadAction","target":["https:\/\/superpunch.com\/fr\/produit\/embroiderers-helper-aide-au-brodeur-outil-dalignement\/"]}]},{"@type":"ImageObject","inLanguage":"fr-CA","@id":"https:\/\/superpunch.com\/fr\/produit\/embroiderers-helper-aide-au-brodeur-outil-dalignement\/#primaryimage","url":"https:\/\/superpunch.com\/wp-content\/uploads\/2020\/10\/embroiderer-s-helper-aide-au-brodeur.png","contentUrl":"https:\/\/superpunch.com\/wp-content\/uploads\/2020\/10\/embroiderer-s-helper-aide-au-brodeur.png","width":1200,"height":1201},{"@type":"BreadcrumbList","@id":"https:\/\/superpunch.com\/fr\/produit\/embroiderers-helper-aide-au-brodeur-outil-dalignement\/#breadcrumb","itemListElement":[{"@type":"ListItem","position":1,"name":"Home","item":"https:\/\/superpunch.com\/fr\/"},{"@type":"ListItem","position":2,"name":"Shop","item":"https:\/\/superpunch.com\/fr\/shop\/"},{"@type":"ListItem","position":3,"name":"Embroiderer&rsquo;s Helper, Aide au Brodeur &#8211; Outil d&rsquo;alignement"}]},{"@type":"WebSite","@id":"https:\/\/superpunch.com\/fr\/#website","url":"https:\/\/superpunch.com\/fr\/","name":"Superpunch","description":"Superpunch - Embroidery Digitizing, Thread, Machines, Stabilizers And Supplies","publisher":{"@id":"https:\/\/superpunch.com\/fr\/#organization"},"potentialAction":[{"@type":"SearchAction","target":{"@type":"EntryPoint","urlTemplate":"https:\/\/superpunch.com\/fr\/?s={search_term_string}"},"query-input":{"@type":"PropertyValueSpecification","valueRequired":true,"valueName":"search_term_string"}}],"inLanguage":"fr-CA"},{"@type":"Organization","@id":"https:\/\/superpunch.com\/fr\/#organization","name":"Superpunch","url":"https:\/\/superpunch.com\/fr\/","logo":{"@type":"ImageObject","inLanguage":"fr-CA","@id":"https:\/\/superpunch.com\/fr\/#\/schema\/logo\/image\/","url":"https:\/\/superpunch.com\/wp-content\/uploads\/2022\/12\/superpunch_complet_new_site_on_black-2022.jpg","contentUrl":"https:\/\/superpunch.com\/wp-content\/uploads\/2022\/12\/superpunch_complet_new_site_on_black-2022.jpg","width":600,"height":174,"caption":"Superpunch"},"image":{"@id":"https:\/\/superpunch.com\/fr\/#\/schema\/logo\/image\/"},"sameAs":["https:\/\/www.facebook.com\/Superpunchembroiderybroderie","https:\/\/x.com\/superpunchemb","https:\/\/www.instagram.com\/superpunchbrand?igsh=YW8xa2ZyZmxkdGNv","https:\/\/www.youtube.com\/channel\/UCgt7yq4-pFJgeI_03psdGPQ","https:\/\/www.pinterest.ca\/superpunchemb"]}]}},"_links":{"self":[{"href":"https:\/\/superpunch.com\/fr\/wp-json\/wp\/v2\/product\/21057","targetHints":{"allow":["GET"]}}],"collection":[{"href":"https:\/\/superpunch.com\/fr\/wp-json\/wp\/v2\/product"}],"about":[{"href":"https:\/\/superpunch.com\/fr\/wp-json\/wp\/v2\/types\/product"}],"replies":[{"embeddable":true,"href":"https:\/\/superpunch.com\/fr\/wp-json\/wp\/v2\/comments?post=21057"}],"wp:featuredmedia":[{"embeddable":true,"href":"https:\/\/superpunch.com\/fr\/wp-json\/wp\/v2\/media\/17553"}],"wp:attachment":[{"href":"https:\/\/superpunch.com\/fr\/wp-json\/wp\/v2\/media?parent=21057"}],"wp:term":[{"taxonomy":"product_brand","embeddable":true,"href":"https:\/\/superpunch.com\/fr\/wp-json\/wp\/v2\/product_brand?post=21057"},{"taxonomy":"product_cat","embeddable":true,"href":"https:\/\/superpunch.com\/fr\/wp-json\/wp\/v2\/product_cat?post=21057"},{"taxonomy":"product_tag","embeddable":true,"href":"https:\/\/superpunch.com\/fr\/wp-json\/wp\/v2\/product_tag?post=21057"}],"curies":[{"name":"wp","href":"https:\/\/api.w.org\/{rel}","templated":true}]}}