{"id":21059,"date":"2020-10-14T18:14:00","date_gmt":"2020-10-14T22:14:00","guid":{"rendered":"https:\/\/superpunch.com\/shop\/entoilage-h20-eau-gone\/"},"modified":"2026-04-11T18:27:49","modified_gmt":"2026-04-11T22:27:49","slug":"entoilage-h20-eau-gone","status":"publish","type":"product","link":"https:\/\/superpunch.com\/fr\/produit\/entoilage-h20-eau-gone\/","title":{"rendered":"Entoilage H20 Eau Gone"},"content":{"rendered":"<div class=\"\" style=\"position: relative;\" data-richtextify-editable=\"true\">\n<h2><strong>Entoilage H20 Eau Gone:<\/strong><\/h2>\n<ul>\n<li>Cet <strong>entoilage<\/strong> est lavable et se dissout enti\u00e8rement au contact de l&rsquo;eau du robinet.<\/li>\n<li>C&rsquo;est lavable pour la dentelle, la flanelle et certains coton ouat\u00e9s.<\/li>\n<li>Il se dissout \u00e0 l&rsquo;eau et vous procure une d\u00e9finition plus serr\u00e9e en plus d&rsquo;\u00eatre moins salaud que les films d&rsquo;\u00e9quivalences, car les fibres tiennent les points de broderie.<\/li>\n<li>Aussi, en climat chaud et humide, il performera encore mieux et supportera les points de broderie pendant la production.<\/li>\n<li>Fait 100% PVA.<\/li>\n<\/ul>\n<\/div>\n<p>\n<\/iframe><\/p>\n<p><iframe src=\"https:\/\/www.youtube.com\/embed\/ZGW-eVwS-Xw\" width=\"420\" height=\"315\" allowfullscreen=\"allowfullscreen\"><br \/>\n<\/iframe><\/p>\n<p><iframe src=\"https:\/\/www.youtube.com\/embed\/nlQ9rzuIctE\" width=\"420\" height=\"315\" allowfullscreen=\"allowfullscreen\"><br \/>\n<\/iframe><\/p>\n<p><iframe src=\"https:\/\/www.youtube.com\/embed\/IUZJT2fTfQ8\" width=\"420\" height=\"315\" allowfullscreen=\"allowfullscreen\"><br \/>\n<\/iframe><\/p>\n<p><iframe src=\"https:\/\/www.youtube.com\/embed\/WgpQ0qyaXrI\" width=\"420\" height=\"315\" allowfullscreen=\"allowfullscreen\"><br \/>\n<\/iframe><\/p>\n","protected":false},"excerpt":{"rendered":"<div class=\"\" style=\"position: relative;\" data-richtextify-editable=\"true\">\n<ul>\n<li>Ce <strong>pellon<\/strong> est lavable et se dissout enti\u00e8rement au contact de l&rsquo;eau du robinet.<\/li>\n<li>C&rsquo;est lavable pour la dentelle, la flanelle et certains coton ouat\u00e9s.<\/li>\n<li>Il se dissout \u00e0 l&rsquo;eau et vous procure une d\u00e9finition plus serr\u00e9e en plus d&rsquo;\u00eatre moins salaud que les films d&rsquo;\u00e9quivalences, car les fibres tiennent les points de broderie.<\/li>\n<li>Aussi, en climat chaud et humide, il performera encore mieux et supportera les points de broderie pendant la production.<\/li>\n<li>Fait 100% PVA.<\/li>\n<\/ul>\n<p><a href=\"https:\/\/superpunch.com\/wp-content\/uploads\/2021\/03\/made_in_usa_FR-3.jpg\"><img decoding=\"async\" class=\"alignnone wp-image-40958\" src=\"https:\/\/superpunch.com\/wp-content\/uploads\/2021\/03\/made_in_usa_FR-3.jpg\" alt=\"\" width=\"85\" height=\"60\" \/><\/a><\/p>\n<\/div>\n","protected":false},"featured_media":30872,"comment_status":"open","ping_status":"closed","template":"","meta":{"site-sidebar-layout":"default","site-content-layout":"default","ast-site-content-layout":"default","site-content-style":"default","site-sidebar-style":"default","ast-global-header-display":"","ast-banner-title-visibility":"","ast-main-header-display":"","ast-hfb-above-header-display":"","ast-hfb-below-header-display":"","ast-hfb-mobile-header-display":"","site-post-title":"","ast-breadcrumbs-content":"","ast-featured-img":"","footer-sml-layout":"","ast-disable-related-posts":"","theme-transparent-header-meta":"default","adv-header-id-meta":"","stick-header-meta":"","header-above-stick-meta":"","header-main-stick-meta":"","header-below-stick-meta":"","astra-migrate-meta-layouts":"default","ast-page-background-enabled":"default","ast-page-background-meta":{"desktop":{"background-color":"","background-image":"","background-repeat":"repeat","background-position":"center center","background-size":"auto","background-attachment":"scroll","background-type":"","background-media":"","overlay-type":"","overlay-color":"","overlay-opacity":"","overlay-gradient":""},"tablet":{"background-color":"","background-image":"","background-repeat":"repeat","background-position":"center center","background-size":"auto","background-attachment":"scroll","background-type":"","background-media":"","overlay-type":"","overlay-color":"","overlay-opacity":"","overlay-gradient":""},"mobile":{"background-color":"","background-image":"","background-repeat":"repeat","background-position":"center center","background-size":"auto","background-attachment":"scroll","background-type":"","background-media":"","overlay-type":"","overlay-color":"","overlay-opacity":"","overlay-gradient":""}},"ast-content-background-meta":{"desktop":{"background-color":"var(--ast-global-color-5)","background-image":"","background-repeat":"repeat","background-position":"center center","background-size":"auto","background-attachment":"scroll","background-type":"","background-media":"","overlay-type":"","overlay-color":"","overlay-opacity":"","overlay-gradient":""},"tablet":{"background-color":"var(--ast-global-color-5)","background-image":"","background-repeat":"repeat","background-position":"center center","background-size":"auto","background-attachment":"scroll","background-type":"","background-media":"","overlay-type":"","overlay-color":"","overlay-opacity":"","overlay-gradient":""},"mobile":{"background-color":"var(--ast-global-color-5)","background-image":"","background-repeat":"repeat","background-position":"center center","background-size":"auto","background-attachment":"scroll","background-type":"","background-media":"","overlay-type":"","overlay-color":"","overlay-opacity":"","overlay-gradient":""}}},"product_brand":[],"product_cat":[2598,2601],"product_tag":[],"class_list":{"0":"post-21059","1":"product","2":"type-product","3":"status-publish","4":"has-post-thumbnail","6":"product_cat-entoilages","7":"product_cat-specialite","8":"desktop-align-center","9":"tablet-align-center","10":"mobile-align-center","12":"first","13":"instock","14":"taxable","15":"shipping-taxable","16":"purchasable","17":"product-type-variable"},"yoast_head":"<!-- This site is optimized with the Yoast SEO plugin v27.4 - https:\/\/yoast.com\/product\/yoast-seo-wordpress\/ -->\n<title>Entoilage H20 Eau Gone - Superpunch<\/title>\n<meta name=\"robots\" content=\"index, follow, max-snippet:-1, max-image-preview:large, max-video-preview:-1\" \/>\n<link rel=\"canonical\" href=\"https:\/\/superpunch.com\/fr\/produit\/entoilage-h20-eau-gone\/\" \/>\n<meta property=\"og:locale\" content=\"fr_CA\" \/>\n<meta property=\"og:type\" content=\"article\" \/>\n<meta property=\"og:title\" content=\"Entoilage H20 Eau Gone - Superpunch\" \/>\n<meta property=\"og:description\" content=\"Ce pellon est lavable et se dissout enti\u00e8rement au contact de l&#039;eau du robinet.  C&#039;est lavable pour la dentelle, la flanelle et certains coton ouat\u00e9s.  Il se dissout \u00e0 l&#039;eau et vous procure une d\u00e9finition plus serr\u00e9e en plus d&#039;\u00eatre moins salaud que les films d&#039;\u00e9quivalences, car les fibres tiennent les points de broderie.  Aussi, en climat chaud et humide, il performera encore mieux et supportera les points de broderie pendant la production.  Fait 100% PVA.\" \/>\n<meta property=\"og:url\" content=\"https:\/\/superpunch.com\/fr\/produit\/entoilage-h20-eau-gone\/\" \/>\n<meta property=\"og:site_name\" content=\"Superpunch\" \/>\n<meta property=\"article:publisher\" content=\"https:\/\/www.facebook.com\/Superpunchembroiderybroderie\" \/>\n<meta property=\"article:modified_time\" content=\"2026-04-11T22:27:49+00:00\" \/>\n<meta name=\"twitter:card\" content=\"summary_large_image\" \/>\n<meta name=\"twitter:site\" content=\"@superpunchemb\" \/>\n<script type=\"application\/ld+json\" class=\"yoast-schema-graph\">{\"@context\":\"https:\\\/\\\/schema.org\",\"@graph\":[{\"@type\":\"WebPage\",\"@id\":\"https:\\\/\\\/superpunch.com\\\/fr\\\/produit\\\/entoilage-h20-eau-gone\\\/\",\"url\":\"https:\\\/\\\/superpunch.com\\\/fr\\\/produit\\\/entoilage-h20-eau-gone\\\/\",\"name\":\"Entoilage H20 Eau Gone - Superpunch\",\"isPartOf\":{\"@id\":\"https:\\\/\\\/superpunch.com\\\/fr\\\/#website\"},\"primaryImageOfPage\":{\"@id\":\"https:\\\/\\\/superpunch.com\\\/fr\\\/produit\\\/entoilage-h20-eau-gone\\\/#primaryimage\"},\"image\":{\"@id\":\"https:\\\/\\\/superpunch.com\\\/fr\\\/produit\\\/entoilage-h20-eau-gone\\\/#primaryimage\"},\"thumbnailUrl\":\"https:\\\/\\\/superpunch.com\\\/wp-content\\\/uploads\\\/2020\\\/10\\\/eau-gone-embroidery-stabilizer-washaway-1-1.jpg\",\"datePublished\":\"2020-10-14T22:14:00+00:00\",\"dateModified\":\"2026-04-11T22:27:49+00:00\",\"breadcrumb\":{\"@id\":\"https:\\\/\\\/superpunch.com\\\/fr\\\/produit\\\/entoilage-h20-eau-gone\\\/#breadcrumb\"},\"inLanguage\":\"fr-CA\",\"potentialAction\":[{\"@type\":\"ReadAction\",\"target\":[\"https:\\\/\\\/superpunch.com\\\/fr\\\/produit\\\/entoilage-h20-eau-gone\\\/\"]}]},{\"@type\":\"ImageObject\",\"inLanguage\":\"fr-CA\",\"@id\":\"https:\\\/\\\/superpunch.com\\\/fr\\\/produit\\\/entoilage-h20-eau-gone\\\/#primaryimage\",\"url\":\"https:\\\/\\\/superpunch.com\\\/wp-content\\\/uploads\\\/2020\\\/10\\\/eau-gone-embroidery-stabilizer-washaway-1-1.jpg\",\"contentUrl\":\"https:\\\/\\\/superpunch.com\\\/wp-content\\\/uploads\\\/2020\\\/10\\\/eau-gone-embroidery-stabilizer-washaway-1-1.jpg\",\"width\":600,\"height\":600},{\"@type\":\"BreadcrumbList\",\"@id\":\"https:\\\/\\\/superpunch.com\\\/fr\\\/produit\\\/entoilage-h20-eau-gone\\\/#breadcrumb\",\"itemListElement\":[{\"@type\":\"ListItem\",\"position\":1,\"name\":\"Home\",\"item\":\"https:\\\/\\\/superpunch.com\\\/fr\\\/\"},{\"@type\":\"ListItem\",\"position\":2,\"name\":\"Shop\",\"item\":\"https:\\\/\\\/superpunch.com\\\/fr\\\/shop\\\/\"},{\"@type\":\"ListItem\",\"position\":3,\"name\":\"Entoilage H20 Eau Gone\"}]},{\"@type\":\"WebSite\",\"@id\":\"https:\\\/\\\/superpunch.com\\\/fr\\\/#website\",\"url\":\"https:\\\/\\\/superpunch.com\\\/fr\\\/\",\"name\":\"Superpunch\",\"description\":\"Superpunch - Embroidery Digitizing, Thread, Machines, Stabilizers And Supplies\",\"publisher\":{\"@id\":\"https:\\\/\\\/superpunch.com\\\/fr\\\/#organization\"},\"potentialAction\":[{\"@type\":\"SearchAction\",\"target\":{\"@type\":\"EntryPoint\",\"urlTemplate\":\"https:\\\/\\\/superpunch.com\\\/fr\\\/?s={search_term_string}\"},\"query-input\":{\"@type\":\"PropertyValueSpecification\",\"valueRequired\":true,\"valueName\":\"search_term_string\"}}],\"inLanguage\":\"fr-CA\"},{\"@type\":\"Organization\",\"@id\":\"https:\\\/\\\/superpunch.com\\\/fr\\\/#organization\",\"name\":\"Superpunch\",\"url\":\"https:\\\/\\\/superpunch.com\\\/fr\\\/\",\"logo\":{\"@type\":\"ImageObject\",\"inLanguage\":\"fr-CA\",\"@id\":\"https:\\\/\\\/superpunch.com\\\/fr\\\/#\\\/schema\\\/logo\\\/image\\\/\",\"url\":\"https:\\\/\\\/superpunch.com\\\/wp-content\\\/uploads\\\/2022\\\/12\\\/superpunch_complet_new_site_on_black-2022.jpg\",\"contentUrl\":\"https:\\\/\\\/superpunch.com\\\/wp-content\\\/uploads\\\/2022\\\/12\\\/superpunch_complet_new_site_on_black-2022.jpg\",\"width\":600,\"height\":174,\"caption\":\"Superpunch\"},\"image\":{\"@id\":\"https:\\\/\\\/superpunch.com\\\/fr\\\/#\\\/schema\\\/logo\\\/image\\\/\"},\"sameAs\":[\"https:\\\/\\\/www.facebook.com\\\/Superpunchembroiderybroderie\",\"https:\\\/\\\/x.com\\\/superpunchemb\",\"https:\\\/\\\/www.instagram.com\\\/superpunchbrand?igsh=YW8xa2ZyZmxkdGNv\",\"https:\\\/\\\/www.youtube.com\\\/channel\\\/UCgt7yq4-pFJgeI_03psdGPQ\",\"https:\\\/\\\/www.pinterest.ca\\\/superpunchemb\"]}]}<\/script>\n<!-- \/ Yoast SEO plugin. -->","yoast_head_json":{"title":"Entoilage H20 Eau Gone - Superpunch","robots":{"index":"index","follow":"follow","max-snippet":"max-snippet:-1","max-image-preview":"max-image-preview:large","max-video-preview":"max-video-preview:-1"},"canonical":"https:\/\/superpunch.com\/fr\/produit\/entoilage-h20-eau-gone\/","og_locale":"fr_CA","og_type":"article","og_title":"Entoilage H20 Eau Gone - Superpunch","og_description":"Ce pellon est lavable et se dissout enti\u00e8rement au contact de l'eau du robinet.  C'est lavable pour la dentelle, la flanelle et certains coton ouat\u00e9s.  Il se dissout \u00e0 l'eau et vous procure une d\u00e9finition plus serr\u00e9e en plus d'\u00eatre moins salaud que les films d'\u00e9quivalences, car les fibres tiennent les points de broderie.  Aussi, en climat chaud et humide, il performera encore mieux et supportera les points de broderie pendant la production.  Fait 100% PVA.","og_url":"https:\/\/superpunch.com\/fr\/produit\/entoilage-h20-eau-gone\/","og_site_name":"Superpunch","article_publisher":"https:\/\/www.facebook.com\/Superpunchembroiderybroderie","article_modified_time":"2026-04-11T22:27:49+00:00","twitter_card":"summary_large_image","twitter_site":"@superpunchemb","schema":{"@context":"https:\/\/schema.org","@graph":[{"@type":"WebPage","@id":"https:\/\/superpunch.com\/fr\/produit\/entoilage-h20-eau-gone\/","url":"https:\/\/superpunch.com\/fr\/produit\/entoilage-h20-eau-gone\/","name":"Entoilage H20 Eau Gone - Superpunch","isPartOf":{"@id":"https:\/\/superpunch.com\/fr\/#website"},"primaryImageOfPage":{"@id":"https:\/\/superpunch.com\/fr\/produit\/entoilage-h20-eau-gone\/#primaryimage"},"image":{"@id":"https:\/\/superpunch.com\/fr\/produit\/entoilage-h20-eau-gone\/#primaryimage"},"thumbnailUrl":"https:\/\/superpunch.com\/wp-content\/uploads\/2020\/10\/eau-gone-embroidery-stabilizer-washaway-1-1.jpg","datePublished":"2020-10-14T22:14:00+00:00","dateModified":"2026-04-11T22:27:49+00:00","breadcrumb":{"@id":"https:\/\/superpunch.com\/fr\/produit\/entoilage-h20-eau-gone\/#breadcrumb"},"inLanguage":"fr-CA","potentialAction":[{"@type":"ReadAction","target":["https:\/\/superpunch.com\/fr\/produit\/entoilage-h20-eau-gone\/"]}]},{"@type":"ImageObject","inLanguage":"fr-CA","@id":"https:\/\/superpunch.com\/fr\/produit\/entoilage-h20-eau-gone\/#primaryimage","url":"https:\/\/superpunch.com\/wp-content\/uploads\/2020\/10\/eau-gone-embroidery-stabilizer-washaway-1-1.jpg","contentUrl":"https:\/\/superpunch.com\/wp-content\/uploads\/2020\/10\/eau-gone-embroidery-stabilizer-washaway-1-1.jpg","width":600,"height":600},{"@type":"BreadcrumbList","@id":"https:\/\/superpunch.com\/fr\/produit\/entoilage-h20-eau-gone\/#breadcrumb","itemListElement":[{"@type":"ListItem","position":1,"name":"Home","item":"https:\/\/superpunch.com\/fr\/"},{"@type":"ListItem","position":2,"name":"Shop","item":"https:\/\/superpunch.com\/fr\/shop\/"},{"@type":"ListItem","position":3,"name":"Entoilage H20 Eau Gone"}]},{"@type":"WebSite","@id":"https:\/\/superpunch.com\/fr\/#website","url":"https:\/\/superpunch.com\/fr\/","name":"Superpunch","description":"Superpunch - Embroidery Digitizing, Thread, Machines, Stabilizers And Supplies","publisher":{"@id":"https:\/\/superpunch.com\/fr\/#organization"},"potentialAction":[{"@type":"SearchAction","target":{"@type":"EntryPoint","urlTemplate":"https:\/\/superpunch.com\/fr\/?s={search_term_string}"},"query-input":{"@type":"PropertyValueSpecification","valueRequired":true,"valueName":"search_term_string"}}],"inLanguage":"fr-CA"},{"@type":"Organization","@id":"https:\/\/superpunch.com\/fr\/#organization","name":"Superpunch","url":"https:\/\/superpunch.com\/fr\/","logo":{"@type":"ImageObject","inLanguage":"fr-CA","@id":"https:\/\/superpunch.com\/fr\/#\/schema\/logo\/image\/","url":"https:\/\/superpunch.com\/wp-content\/uploads\/2022\/12\/superpunch_complet_new_site_on_black-2022.jpg","contentUrl":"https:\/\/superpunch.com\/wp-content\/uploads\/2022\/12\/superpunch_complet_new_site_on_black-2022.jpg","width":600,"height":174,"caption":"Superpunch"},"image":{"@id":"https:\/\/superpunch.com\/fr\/#\/schema\/logo\/image\/"},"sameAs":["https:\/\/www.facebook.com\/Superpunchembroiderybroderie","https:\/\/x.com\/superpunchemb","https:\/\/www.instagram.com\/superpunchbrand?igsh=YW8xa2ZyZmxkdGNv","https:\/\/www.youtube.com\/channel\/UCgt7yq4-pFJgeI_03psdGPQ","https:\/\/www.pinterest.ca\/superpunchemb"]}]}},"_links":{"self":[{"href":"https:\/\/superpunch.com\/fr\/wp-json\/wp\/v2\/product\/21059","targetHints":{"allow":["GET"]}}],"collection":[{"href":"https:\/\/superpunch.com\/fr\/wp-json\/wp\/v2\/product"}],"about":[{"href":"https:\/\/superpunch.com\/fr\/wp-json\/wp\/v2\/types\/product"}],"replies":[{"embeddable":true,"href":"https:\/\/superpunch.com\/fr\/wp-json\/wp\/v2\/comments?post=21059"}],"wp:featuredmedia":[{"embeddable":true,"href":"https:\/\/superpunch.com\/fr\/wp-json\/wp\/v2\/media\/30872"}],"wp:attachment":[{"href":"https:\/\/superpunch.com\/fr\/wp-json\/wp\/v2\/media?parent=21059"}],"wp:term":[{"taxonomy":"product_brand","embeddable":true,"href":"https:\/\/superpunch.com\/fr\/wp-json\/wp\/v2\/product_brand?post=21059"},{"taxonomy":"product_cat","embeddable":true,"href":"https:\/\/superpunch.com\/fr\/wp-json\/wp\/v2\/product_cat?post=21059"},{"taxonomy":"product_tag","embeddable":true,"href":"https:\/\/superpunch.com\/fr\/wp-json\/wp\/v2\/product_tag?post=21059"}],"curies":[{"name":"wp","href":"https:\/\/api.w.org\/{rel}","templated":true}]}}