{"id":21069,"date":"2020-10-14T18:12:19","date_gmt":"2020-10-14T22:12:19","guid":{"rendered":"https:\/\/superpunch.com\/shop\/entoilage-film-aquatique\/"},"modified":"2026-04-08T12:03:24","modified_gmt":"2026-04-08T16:03:24","slug":"entoilage-film-aquatique","status":"publish","type":"product","link":"https:\/\/superpunch.com\/fr\/produit\/entoilage-film-aquatique\/","title":{"rendered":"Entoilage Film Aquatique"},"content":{"rendered":"<div class=\"\" style=\"position: relative;\" data-richtextify-editable=\"true\">\n<h2><strong>Entoilage Film Aquatique:<\/strong><\/h2>\n<ul>\n<li>Id\u00e9al pour laisser vos points de broderie sur le dessus de votre v\u00eatement.<\/li>\n<li>\u00c9paisseur de 20 micron.<\/li>\n<\/ul>\n<\/div>\n<p><iframe src=\"https:\/\/www.youtube.com\/embed\/j7Tqc2Na4eQ\" width=\"420\" height=\"315\" allowfullscreen=\"allowfullscreen\"><\/iframe><br \/>\n<iframe src=\"https:\/\/www.youtube.com\/embed\/EuTXZi_6lZk\" width=\"420\" height=\"315\" allowfullscreen=\"allowfullscreen\"><\/iframe><\/p>\n","protected":false},"excerpt":{"rendered":"<div class=\"\" style=\"position: relative;\" data-richtextify-editable=\"true\">\n<ul>\n<li>Id\u00e9al pour laisser vos points de broderie sur le dessus de votre v\u00eatement.<\/li>\n<li>\u00c9paisseur de 20 micron.<\/li>\n<li>Des milliers de critiques adorent ce produit utilis\u00e9 dans une vari\u00e9t\u00e9 d&rsquo;applications. Ce produit qui se dissout dans l&rsquo;eau va sur le dessus du v\u00eatement pour emp\u00eacher les points de s&rsquo;enfoncer. Le H2O Eau Gone est l&rsquo;autre entoilage populaire qui se dissout que vous voudrez peut-\u00eatre, mais le Eau Gone passe sous le v\u00eatement pour donner de la stabilit\u00e9 pendant le processus de broderie et se lave ensuite.<\/li>\n<\/ul>\n<p><a href=\"https:\/\/superpunch.com\/wp-content\/uploads\/2021\/03\/made_in_usa_FR-3.jpg\"><img decoding=\"async\" class=\"alignnone wp-image-40958\" src=\"https:\/\/superpunch.com\/wp-content\/uploads\/2021\/03\/made_in_usa_FR-3.jpg\" alt=\"\" width=\"85\" height=\"60\" \/><\/a><\/p>\n<\/div>\n","protected":false},"featured_media":18025,"comment_status":"open","ping_status":"closed","template":"","meta":{"site-sidebar-layout":"default","site-content-layout":"default","ast-site-content-layout":"default","site-content-style":"default","site-sidebar-style":"default","ast-global-header-display":"","ast-banner-title-visibility":"","ast-main-header-display":"","ast-hfb-above-header-display":"","ast-hfb-below-header-display":"","ast-hfb-mobile-header-display":"","site-post-title":"","ast-breadcrumbs-content":"","ast-featured-img":"","footer-sml-layout":"","ast-disable-related-posts":"","theme-transparent-header-meta":"default","adv-header-id-meta":"","stick-header-meta":"","header-above-stick-meta":"","header-main-stick-meta":"","header-below-stick-meta":"","astra-migrate-meta-layouts":"default","ast-page-background-enabled":"default","ast-page-background-meta":{"desktop":{"background-color":"","background-image":"","background-repeat":"repeat","background-position":"center center","background-size":"auto","background-attachment":"scroll","background-type":"","background-media":"","overlay-type":"","overlay-color":"","overlay-opacity":"","overlay-gradient":""},"tablet":{"background-color":"","background-image":"","background-repeat":"repeat","background-position":"center center","background-size":"auto","background-attachment":"scroll","background-type":"","background-media":"","overlay-type":"","overlay-color":"","overlay-opacity":"","overlay-gradient":""},"mobile":{"background-color":"","background-image":"","background-repeat":"repeat","background-position":"center center","background-size":"auto","background-attachment":"scroll","background-type":"","background-media":"","overlay-type":"","overlay-color":"","overlay-opacity":"","overlay-gradient":""}},"ast-content-background-meta":{"desktop":{"background-color":"var(--ast-global-color-5)","background-image":"","background-repeat":"repeat","background-position":"center center","background-size":"auto","background-attachment":"scroll","background-type":"","background-media":"","overlay-type":"","overlay-color":"","overlay-opacity":"","overlay-gradient":""},"tablet":{"background-color":"var(--ast-global-color-5)","background-image":"","background-repeat":"repeat","background-position":"center center","background-size":"auto","background-attachment":"scroll","background-type":"","background-media":"","overlay-type":"","overlay-color":"","overlay-opacity":"","overlay-gradient":""},"mobile":{"background-color":"var(--ast-global-color-5)","background-image":"","background-repeat":"repeat","background-position":"center center","background-size":"auto","background-attachment":"scroll","background-type":"","background-media":"","overlay-type":"","overlay-color":"","overlay-opacity":"","overlay-gradient":""}}},"product_brand":[],"product_cat":[2598,2601],"product_tag":[],"class_list":{"0":"post-21069","1":"product","2":"type-product","3":"status-publish","4":"has-post-thumbnail","6":"product_cat-entoilages","7":"product_cat-specialite","8":"desktop-align-center","9":"tablet-align-center","10":"mobile-align-center","12":"first","13":"instock","14":"taxable","15":"shipping-taxable","16":"purchasable","17":"product-type-variable"},"yoast_head":"<!-- This site is optimized with the Yoast SEO plugin v27.3 - https:\/\/yoast.com\/product\/yoast-seo-wordpress\/ -->\n<title>Entoilage Film Aquatique - Superpunch<\/title>\n<meta name=\"robots\" content=\"index, follow, max-snippet:-1, max-image-preview:large, max-video-preview:-1\" \/>\n<link rel=\"canonical\" href=\"https:\/\/superpunch.com\/fr\/produit\/entoilage-film-aquatique\/\" \/>\n<meta property=\"og:locale\" content=\"fr_CA\" \/>\n<meta property=\"og:type\" content=\"article\" \/>\n<meta property=\"og:title\" content=\"Entoilage Film Aquatique - Superpunch\" \/>\n<meta property=\"og:description\" content=\"Id\u00e9al pour laisser vos points de broderie sur le dessus de votre v\u00eatement.  \u00c9paisseur de 20 micron.  Des milliers de critiques adorent ce produit utilis\u00e9 dans une vari\u00e9t\u00e9 d&#039;applications. Ce produit qui se dissout dans l&#039;eau va sur le dessus du v\u00eatement pour emp\u00eacher les points de s&#039;enfoncer. Le H2O Eau Gone est l&#039;autre entoilage populaire qui se dissout que vous voudrez peut-\u00eatre, mais le Eau Gone passe sous le v\u00eatement pour donner de la stabilit\u00e9 pendant le processus de broderie et se lave ensuite.\" \/>\n<meta property=\"og:url\" content=\"https:\/\/superpunch.com\/fr\/produit\/entoilage-film-aquatique\/\" \/>\n<meta property=\"og:site_name\" content=\"Superpunch\" \/>\n<meta property=\"article:publisher\" content=\"https:\/\/www.facebook.com\/Superpunchembroiderybroderie\" \/>\n<meta property=\"article:modified_time\" content=\"2026-04-08T16:03:24+00:00\" \/>\n<meta property=\"og:image\" content=\"https:\/\/superpunch.com\/wp-content\/uploads\/2020\/10\/water-soluble-exemple-embroidery-stabilizer.jpg\" \/>\n\t<meta property=\"og:image:width\" content=\"600\" \/>\n\t<meta property=\"og:image:height\" content=\"600\" \/>\n\t<meta property=\"og:image:type\" content=\"image\/jpeg\" \/>\n<meta name=\"twitter:card\" content=\"summary_large_image\" \/>\n<meta name=\"twitter:site\" content=\"@superpunchemb\" \/>\n<script type=\"application\/ld+json\" class=\"yoast-schema-graph\">{\"@context\":\"https:\\\/\\\/schema.org\",\"@graph\":[{\"@type\":\"WebPage\",\"@id\":\"https:\\\/\\\/superpunch.com\\\/fr\\\/produit\\\/entoilage-film-aquatique\\\/\",\"url\":\"https:\\\/\\\/superpunch.com\\\/fr\\\/produit\\\/entoilage-film-aquatique\\\/\",\"name\":\"Entoilage Film Aquatique - Superpunch\",\"isPartOf\":{\"@id\":\"https:\\\/\\\/superpunch.com\\\/fr\\\/#website\"},\"primaryImageOfPage\":{\"@id\":\"https:\\\/\\\/superpunch.com\\\/fr\\\/produit\\\/entoilage-film-aquatique\\\/#primaryimage\"},\"image\":{\"@id\":\"https:\\\/\\\/superpunch.com\\\/fr\\\/produit\\\/entoilage-film-aquatique\\\/#primaryimage\"},\"thumbnailUrl\":\"https:\\\/\\\/superpunch.com\\\/wp-content\\\/uploads\\\/2020\\\/10\\\/water-soluble-exemple-embroidery-stabilizer.jpg\",\"datePublished\":\"2020-10-14T22:12:19+00:00\",\"dateModified\":\"2026-04-08T16:03:24+00:00\",\"breadcrumb\":{\"@id\":\"https:\\\/\\\/superpunch.com\\\/fr\\\/produit\\\/entoilage-film-aquatique\\\/#breadcrumb\"},\"inLanguage\":\"fr-CA\",\"potentialAction\":[{\"@type\":\"ReadAction\",\"target\":[\"https:\\\/\\\/superpunch.com\\\/fr\\\/produit\\\/entoilage-film-aquatique\\\/\"]}]},{\"@type\":\"ImageObject\",\"inLanguage\":\"fr-CA\",\"@id\":\"https:\\\/\\\/superpunch.com\\\/fr\\\/produit\\\/entoilage-film-aquatique\\\/#primaryimage\",\"url\":\"https:\\\/\\\/superpunch.com\\\/wp-content\\\/uploads\\\/2020\\\/10\\\/water-soluble-exemple-embroidery-stabilizer.jpg\",\"contentUrl\":\"https:\\\/\\\/superpunch.com\\\/wp-content\\\/uploads\\\/2020\\\/10\\\/water-soluble-exemple-embroidery-stabilizer.jpg\",\"width\":600,\"height\":600,\"caption\":\"Film Aquatique\"},{\"@type\":\"BreadcrumbList\",\"@id\":\"https:\\\/\\\/superpunch.com\\\/fr\\\/produit\\\/entoilage-film-aquatique\\\/#breadcrumb\",\"itemListElement\":[{\"@type\":\"ListItem\",\"position\":1,\"name\":\"Home\",\"item\":\"https:\\\/\\\/superpunch.com\\\/fr\\\/\"},{\"@type\":\"ListItem\",\"position\":2,\"name\":\"Shop\",\"item\":\"https:\\\/\\\/superpunch.com\\\/fr\\\/shop\\\/\"},{\"@type\":\"ListItem\",\"position\":3,\"name\":\"Entoilage Film Aquatique\"}]},{\"@type\":\"WebSite\",\"@id\":\"https:\\\/\\\/superpunch.com\\\/fr\\\/#website\",\"url\":\"https:\\\/\\\/superpunch.com\\\/fr\\\/\",\"name\":\"Superpunch\",\"description\":\"Superpunch - Embroidery Digitizing, Thread, Machines, Stabilizers And Supplies\",\"publisher\":{\"@id\":\"https:\\\/\\\/superpunch.com\\\/fr\\\/#organization\"},\"potentialAction\":[{\"@type\":\"SearchAction\",\"target\":{\"@type\":\"EntryPoint\",\"urlTemplate\":\"https:\\\/\\\/superpunch.com\\\/fr\\\/?s={search_term_string}\"},\"query-input\":{\"@type\":\"PropertyValueSpecification\",\"valueRequired\":true,\"valueName\":\"search_term_string\"}}],\"inLanguage\":\"fr-CA\"},{\"@type\":\"Organization\",\"@id\":\"https:\\\/\\\/superpunch.com\\\/fr\\\/#organization\",\"name\":\"Superpunch\",\"url\":\"https:\\\/\\\/superpunch.com\\\/fr\\\/\",\"logo\":{\"@type\":\"ImageObject\",\"inLanguage\":\"fr-CA\",\"@id\":\"https:\\\/\\\/superpunch.com\\\/fr\\\/#\\\/schema\\\/logo\\\/image\\\/\",\"url\":\"https:\\\/\\\/superpunch.com\\\/wp-content\\\/uploads\\\/2022\\\/12\\\/superpunch_complet_new_site_on_black-2022.jpg\",\"contentUrl\":\"https:\\\/\\\/superpunch.com\\\/wp-content\\\/uploads\\\/2022\\\/12\\\/superpunch_complet_new_site_on_black-2022.jpg\",\"width\":600,\"height\":174,\"caption\":\"Superpunch\"},\"image\":{\"@id\":\"https:\\\/\\\/superpunch.com\\\/fr\\\/#\\\/schema\\\/logo\\\/image\\\/\"},\"sameAs\":[\"https:\\\/\\\/www.facebook.com\\\/Superpunchembroiderybroderie\",\"https:\\\/\\\/x.com\\\/superpunchemb\",\"https:\\\/\\\/www.instagram.com\\\/superpunchbrand?igsh=YW8xa2ZyZmxkdGNv\",\"https:\\\/\\\/www.youtube.com\\\/channel\\\/UCgt7yq4-pFJgeI_03psdGPQ\",\"https:\\\/\\\/www.pinterest.ca\\\/superpunchemb\"]}]}<\/script>\n<!-- \/ Yoast SEO plugin. -->","yoast_head_json":{"title":"Entoilage Film Aquatique - Superpunch","robots":{"index":"index","follow":"follow","max-snippet":"max-snippet:-1","max-image-preview":"max-image-preview:large","max-video-preview":"max-video-preview:-1"},"canonical":"https:\/\/superpunch.com\/fr\/produit\/entoilage-film-aquatique\/","og_locale":"fr_CA","og_type":"article","og_title":"Entoilage Film Aquatique - Superpunch","og_description":"Id\u00e9al pour laisser vos points de broderie sur le dessus de votre v\u00eatement.  \u00c9paisseur de 20 micron.  Des milliers de critiques adorent ce produit utilis\u00e9 dans une vari\u00e9t\u00e9 d'applications. Ce produit qui se dissout dans l'eau va sur le dessus du v\u00eatement pour emp\u00eacher les points de s'enfoncer. Le H2O Eau Gone est l'autre entoilage populaire qui se dissout que vous voudrez peut-\u00eatre, mais le Eau Gone passe sous le v\u00eatement pour donner de la stabilit\u00e9 pendant le processus de broderie et se lave ensuite.","og_url":"https:\/\/superpunch.com\/fr\/produit\/entoilage-film-aquatique\/","og_site_name":"Superpunch","article_publisher":"https:\/\/www.facebook.com\/Superpunchembroiderybroderie","article_modified_time":"2026-04-08T16:03:24+00:00","og_image":[{"width":600,"height":600,"url":"https:\/\/superpunch.com\/wp-content\/uploads\/2020\/10\/water-soluble-exemple-embroidery-stabilizer.jpg","type":"image\/jpeg"}],"twitter_card":"summary_large_image","twitter_site":"@superpunchemb","schema":{"@context":"https:\/\/schema.org","@graph":[{"@type":"WebPage","@id":"https:\/\/superpunch.com\/fr\/produit\/entoilage-film-aquatique\/","url":"https:\/\/superpunch.com\/fr\/produit\/entoilage-film-aquatique\/","name":"Entoilage Film Aquatique - Superpunch","isPartOf":{"@id":"https:\/\/superpunch.com\/fr\/#website"},"primaryImageOfPage":{"@id":"https:\/\/superpunch.com\/fr\/produit\/entoilage-film-aquatique\/#primaryimage"},"image":{"@id":"https:\/\/superpunch.com\/fr\/produit\/entoilage-film-aquatique\/#primaryimage"},"thumbnailUrl":"https:\/\/superpunch.com\/wp-content\/uploads\/2020\/10\/water-soluble-exemple-embroidery-stabilizer.jpg","datePublished":"2020-10-14T22:12:19+00:00","dateModified":"2026-04-08T16:03:24+00:00","breadcrumb":{"@id":"https:\/\/superpunch.com\/fr\/produit\/entoilage-film-aquatique\/#breadcrumb"},"inLanguage":"fr-CA","potentialAction":[{"@type":"ReadAction","target":["https:\/\/superpunch.com\/fr\/produit\/entoilage-film-aquatique\/"]}]},{"@type":"ImageObject","inLanguage":"fr-CA","@id":"https:\/\/superpunch.com\/fr\/produit\/entoilage-film-aquatique\/#primaryimage","url":"https:\/\/superpunch.com\/wp-content\/uploads\/2020\/10\/water-soluble-exemple-embroidery-stabilizer.jpg","contentUrl":"https:\/\/superpunch.com\/wp-content\/uploads\/2020\/10\/water-soluble-exemple-embroidery-stabilizer.jpg","width":600,"height":600,"caption":"Film Aquatique"},{"@type":"BreadcrumbList","@id":"https:\/\/superpunch.com\/fr\/produit\/entoilage-film-aquatique\/#breadcrumb","itemListElement":[{"@type":"ListItem","position":1,"name":"Home","item":"https:\/\/superpunch.com\/fr\/"},{"@type":"ListItem","position":2,"name":"Shop","item":"https:\/\/superpunch.com\/fr\/shop\/"},{"@type":"ListItem","position":3,"name":"Entoilage Film Aquatique"}]},{"@type":"WebSite","@id":"https:\/\/superpunch.com\/fr\/#website","url":"https:\/\/superpunch.com\/fr\/","name":"Superpunch","description":"Superpunch - Embroidery Digitizing, Thread, Machines, Stabilizers And Supplies","publisher":{"@id":"https:\/\/superpunch.com\/fr\/#organization"},"potentialAction":[{"@type":"SearchAction","target":{"@type":"EntryPoint","urlTemplate":"https:\/\/superpunch.com\/fr\/?s={search_term_string}"},"query-input":{"@type":"PropertyValueSpecification","valueRequired":true,"valueName":"search_term_string"}}],"inLanguage":"fr-CA"},{"@type":"Organization","@id":"https:\/\/superpunch.com\/fr\/#organization","name":"Superpunch","url":"https:\/\/superpunch.com\/fr\/","logo":{"@type":"ImageObject","inLanguage":"fr-CA","@id":"https:\/\/superpunch.com\/fr\/#\/schema\/logo\/image\/","url":"https:\/\/superpunch.com\/wp-content\/uploads\/2022\/12\/superpunch_complet_new_site_on_black-2022.jpg","contentUrl":"https:\/\/superpunch.com\/wp-content\/uploads\/2022\/12\/superpunch_complet_new_site_on_black-2022.jpg","width":600,"height":174,"caption":"Superpunch"},"image":{"@id":"https:\/\/superpunch.com\/fr\/#\/schema\/logo\/image\/"},"sameAs":["https:\/\/www.facebook.com\/Superpunchembroiderybroderie","https:\/\/x.com\/superpunchemb","https:\/\/www.instagram.com\/superpunchbrand?igsh=YW8xa2ZyZmxkdGNv","https:\/\/www.youtube.com\/channel\/UCgt7yq4-pFJgeI_03psdGPQ","https:\/\/www.pinterest.ca\/superpunchemb"]}]}},"_links":{"self":[{"href":"https:\/\/superpunch.com\/fr\/wp-json\/wp\/v2\/product\/21069","targetHints":{"allow":["GET"]}}],"collection":[{"href":"https:\/\/superpunch.com\/fr\/wp-json\/wp\/v2\/product"}],"about":[{"href":"https:\/\/superpunch.com\/fr\/wp-json\/wp\/v2\/types\/product"}],"replies":[{"embeddable":true,"href":"https:\/\/superpunch.com\/fr\/wp-json\/wp\/v2\/comments?post=21069"}],"wp:featuredmedia":[{"embeddable":true,"href":"https:\/\/superpunch.com\/fr\/wp-json\/wp\/v2\/media\/18025"}],"wp:attachment":[{"href":"https:\/\/superpunch.com\/fr\/wp-json\/wp\/v2\/media?parent=21069"}],"wp:term":[{"taxonomy":"product_brand","embeddable":true,"href":"https:\/\/superpunch.com\/fr\/wp-json\/wp\/v2\/product_brand?post=21069"},{"taxonomy":"product_cat","embeddable":true,"href":"https:\/\/superpunch.com\/fr\/wp-json\/wp\/v2\/product_cat?post=21069"},{"taxonomy":"product_tag","embeddable":true,"href":"https:\/\/superpunch.com\/fr\/wp-json\/wp\/v2\/product_tag?post=21069"}],"curies":[{"name":"wp","href":"https:\/\/api.w.org\/{rel}","templated":true}]}}