{"id":21074,"date":"2020-10-14T17:59:15","date_gmt":"2020-10-14T21:59:15","guid":{"rendered":"https:\/\/superpunch.com\/shop\/entoilage-dechirable-2-5-oz-specialement-concu-pour-broder-les-casquettes\/"},"modified":"2026-03-31T09:45:39","modified_gmt":"2026-03-31T13:45:39","slug":"entoilage-dechirable-2-5-oz-specialement-concu-pour-broder-les-casquettes","status":"publish","type":"product","link":"https:\/\/superpunch.com\/fr\/produit\/entoilage-dechirable-2-5-oz-specialement-concu-pour-broder-les-casquettes\/","title":{"rendered":"Entoilage D\u00e9chirable 2.5 oz sp\u00e9cialement con\u00e7u pour broder les casquettes"},"content":{"rendered":"<div class=\"\" style=\"position: relative;\" data-richtextify-editable=\"true\">\n<h2><strong>Entoilage D\u00e9chirable Blanc pour Casquettes:<\/strong><\/h2>\n<p>Un chic <strong>pellon<\/strong> ferme, tr\u00e8s dense et pesant, enti\u00e8rement con\u00e7u pour broder des casquettes. Un lubrifiant y est ajout\u00e9 pour promouvoir la glisse de votre aiguille au travers des casquettes.<br \/>\nUn pellon parfait pour broder des casquettes, le meilleur au monde.<\/p>\n<p>Contient polyester et cellulose.<\/p>\n<\/div>\n","protected":false},"excerpt":{"rendered":"<div class=\"\" style=\"position: relative;\" data-richtextify-editable=\"true\">\n<ul>\n<li>Un chic pellon ferme, tr\u00e8s dense et pesant, enti\u00e8rement con\u00e7u pour broder des casquettes.<\/li>\n<li>Un lubrifiant y est ajout\u00e9 pour promouvoir la glisse de votre aiguille au travers des casquettes.<\/li>\n<li>Un pellon parfait pour broder des casquettes, le meilleur au monde.<\/li>\n<li>Contient polyester et cellulose.<\/li>\n<li>N&rsquo;utilisez pas votre d\u00e9chirable habituelle pour les casquettes, utilisez plut\u00f4t nos entoilages \u00e0 casquette sp\u00e9cialement formul\u00e9s! Con\u00e7u pour le travail, facile \u00e0 d\u00e9chirer, se forme bien sur votre rack et juste une \u00e9paisseur parfaite.<\/li>\n<\/ul>\n<p><a href=\"https:\/\/superpunch.com\/wp-content\/uploads\/2021\/03\/made_in_usa_FR-3.jpg\"><img decoding=\"async\" class=\"alignnone wp-image-40958\" src=\"https:\/\/superpunch.com\/wp-content\/uploads\/2021\/03\/made_in_usa_FR-3.jpg\" alt=\"\" width=\"85\" height=\"60\" \/><\/a><\/p>\n<\/div>\n","protected":false},"featured_media":18011,"comment_status":"open","ping_status":"closed","template":"","meta":{"site-sidebar-layout":"default","site-content-layout":"default","ast-site-content-layout":"default","site-content-style":"default","site-sidebar-style":"default","ast-global-header-display":"","ast-banner-title-visibility":"","ast-main-header-display":"","ast-hfb-above-header-display":"","ast-hfb-below-header-display":"","ast-hfb-mobile-header-display":"","site-post-title":"","ast-breadcrumbs-content":"","ast-featured-img":"","footer-sml-layout":"","ast-disable-related-posts":"","theme-transparent-header-meta":"default","adv-header-id-meta":"","stick-header-meta":"","header-above-stick-meta":"","header-main-stick-meta":"","header-below-stick-meta":"","astra-migrate-meta-layouts":"default","ast-page-background-enabled":"default","ast-page-background-meta":{"desktop":{"background-color":"","background-image":"","background-repeat":"repeat","background-position":"center center","background-size":"auto","background-attachment":"scroll","background-type":"","background-media":"","overlay-type":"","overlay-color":"","overlay-opacity":"","overlay-gradient":""},"tablet":{"background-color":"","background-image":"","background-repeat":"repeat","background-position":"center center","background-size":"auto","background-attachment":"scroll","background-type":"","background-media":"","overlay-type":"","overlay-color":"","overlay-opacity":"","overlay-gradient":""},"mobile":{"background-color":"","background-image":"","background-repeat":"repeat","background-position":"center center","background-size":"auto","background-attachment":"scroll","background-type":"","background-media":"","overlay-type":"","overlay-color":"","overlay-opacity":"","overlay-gradient":""}},"ast-content-background-meta":{"desktop":{"background-color":"var(--ast-global-color-5)","background-image":"","background-repeat":"repeat","background-position":"center center","background-size":"auto","background-attachment":"scroll","background-type":"","background-media":"","overlay-type":"","overlay-color":"","overlay-opacity":"","overlay-gradient":""},"tablet":{"background-color":"var(--ast-global-color-5)","background-image":"","background-repeat":"repeat","background-position":"center center","background-size":"auto","background-attachment":"scroll","background-type":"","background-media":"","overlay-type":"","overlay-color":"","overlay-opacity":"","overlay-gradient":""},"mobile":{"background-color":"var(--ast-global-color-5)","background-image":"","background-repeat":"repeat","background-position":"center center","background-size":"auto","background-attachment":"scroll","background-type":"","background-media":"","overlay-type":"","overlay-color":"","overlay-opacity":"","overlay-gradient":""}}},"product_brand":[],"product_cat":[2598,2600],"product_tag":[],"class_list":{"0":"post-21074","1":"product","2":"type-product","3":"status-publish","4":"has-post-thumbnail","6":"product_cat-entoilages","7":"product_cat-pour-casquettes","8":"desktop-align-center","9":"tablet-align-center","10":"mobile-align-center","12":"first","13":"instock","14":"taxable","15":"shipping-taxable","16":"purchasable","17":"product-type-variable"},"yoast_head":"<!-- This site is optimized with the Yoast SEO plugin v27.2 - https:\/\/yoast.com\/product\/yoast-seo-wordpress\/ -->\n<title>Entoilage D\u00e9chirable 2.5 oz sp\u00e9cialement con\u00e7u pour broder les casquettes - Superpunch<\/title>\n<meta name=\"robots\" content=\"index, follow, max-snippet:-1, max-image-preview:large, max-video-preview:-1\" \/>\n<link rel=\"canonical\" href=\"https:\/\/superpunch.com\/fr\/produit\/entoilage-dechirable-2-5-oz-specialement-concu-pour-broder-les-casquettes\/\" \/>\n<meta property=\"og:locale\" content=\"fr_CA\" \/>\n<meta property=\"og:type\" content=\"article\" \/>\n<meta property=\"og:title\" content=\"Entoilage D\u00e9chirable 2.5 oz sp\u00e9cialement con\u00e7u pour broder les casquettes - Superpunch\" \/>\n<meta property=\"og:description\" content=\"Un chic pellon ferme, tr\u00e8s dense et pesant, enti\u00e8rement con\u00e7u pour broder des casquettes.  Un lubrifiant y est ajout\u00e9 pour promouvoir la glisse de votre aiguille au travers des casquettes.  Un pellon parfait pour broder des casquettes, le meilleur au monde.  Contient polyester et cellulose.  N&#039;utilisez pas votre d\u00e9chirable habituelle pour les casquettes, utilisez plut\u00f4t nos entoilages \u00e0 casquette sp\u00e9cialement formul\u00e9s! Con\u00e7u pour le travail, facile \u00e0 d\u00e9chirer, se forme bien sur votre rack et juste une \u00e9paisseur parfaite.\" \/>\n<meta property=\"og:url\" content=\"https:\/\/superpunch.com\/fr\/produit\/entoilage-dechirable-2-5-oz-specialement-concu-pour-broder-les-casquettes\/\" \/>\n<meta property=\"og:site_name\" content=\"Superpunch\" \/>\n<meta property=\"article:publisher\" content=\"https:\/\/www.facebook.com\/Superpunchembroiderybroderie\" \/>\n<meta property=\"article:modified_time\" content=\"2026-03-31T13:45:39+00:00\" \/>\n<meta property=\"og:image\" content=\"https:\/\/superpunch.com\/wp-content\/uploads\/2020\/10\/category-stabilizer-for-caps-embroidery.jpg\" \/>\n\t<meta property=\"og:image:width\" content=\"600\" \/>\n\t<meta property=\"og:image:height\" content=\"600\" \/>\n\t<meta property=\"og:image:type\" content=\"image\/jpeg\" \/>\n<meta name=\"twitter:card\" content=\"summary_large_image\" \/>\n<meta name=\"twitter:site\" content=\"@superpunchemb\" \/>\n<script type=\"application\/ld+json\" class=\"yoast-schema-graph\">{\"@context\":\"https:\/\/schema.org\",\"@graph\":[{\"@type\":\"WebPage\",\"@id\":\"https:\/\/superpunch.com\/fr\/produit\/entoilage-dechirable-2-5-oz-specialement-concu-pour-broder-les-casquettes\/\",\"url\":\"https:\/\/superpunch.com\/fr\/produit\/entoilage-dechirable-2-5-oz-specialement-concu-pour-broder-les-casquettes\/\",\"name\":\"Entoilage D\u00e9chirable 2.5 oz sp\u00e9cialement con\u00e7u pour broder les casquettes - Superpunch\",\"isPartOf\":{\"@id\":\"https:\/\/superpunch.com\/fr\/#website\"},\"primaryImageOfPage\":{\"@id\":\"https:\/\/superpunch.com\/fr\/produit\/entoilage-dechirable-2-5-oz-specialement-concu-pour-broder-les-casquettes\/#primaryimage\"},\"image\":{\"@id\":\"https:\/\/superpunch.com\/fr\/produit\/entoilage-dechirable-2-5-oz-specialement-concu-pour-broder-les-casquettes\/#primaryimage\"},\"thumbnailUrl\":\"https:\/\/superpunch.com\/wp-content\/uploads\/2020\/10\/category-stabilizer-for-caps-embroidery.jpg\",\"datePublished\":\"2020-10-14T21:59:15+00:00\",\"dateModified\":\"2026-03-31T13:45:39+00:00\",\"breadcrumb\":{\"@id\":\"https:\/\/superpunch.com\/fr\/produit\/entoilage-dechirable-2-5-oz-specialement-concu-pour-broder-les-casquettes\/#breadcrumb\"},\"inLanguage\":\"fr-CA\",\"potentialAction\":[{\"@type\":\"ReadAction\",\"target\":[\"https:\/\/superpunch.com\/fr\/produit\/entoilage-dechirable-2-5-oz-specialement-concu-pour-broder-les-casquettes\/\"]}]},{\"@type\":\"ImageObject\",\"inLanguage\":\"fr-CA\",\"@id\":\"https:\/\/superpunch.com\/fr\/produit\/entoilage-dechirable-2-5-oz-specialement-concu-pour-broder-les-casquettes\/#primaryimage\",\"url\":\"https:\/\/superpunch.com\/wp-content\/uploads\/2020\/10\/category-stabilizer-for-caps-embroidery.jpg\",\"contentUrl\":\"https:\/\/superpunch.com\/wp-content\/uploads\/2020\/10\/category-stabilizer-for-caps-embroidery.jpg\",\"width\":600,\"height\":600,\"caption\":\"embroidery stabilizer and backing\"},{\"@type\":\"BreadcrumbList\",\"@id\":\"https:\/\/superpunch.com\/fr\/produit\/entoilage-dechirable-2-5-oz-specialement-concu-pour-broder-les-casquettes\/#breadcrumb\",\"itemListElement\":[{\"@type\":\"ListItem\",\"position\":1,\"name\":\"Home\",\"item\":\"https:\/\/superpunch.com\/fr\/\"},{\"@type\":\"ListItem\",\"position\":2,\"name\":\"Shop\",\"item\":\"https:\/\/superpunch.com\/fr\/shop\/\"},{\"@type\":\"ListItem\",\"position\":3,\"name\":\"Entoilage D\u00e9chirable 2.5 oz sp\u00e9cialement con\u00e7u pour broder les casquettes\"}]},{\"@type\":\"WebSite\",\"@id\":\"https:\/\/superpunch.com\/fr\/#website\",\"url\":\"https:\/\/superpunch.com\/fr\/\",\"name\":\"Superpunch\",\"description\":\"Superpunch - Embroidery Digitizing, Thread, Machines, Stabilizers And Supplies\",\"publisher\":{\"@id\":\"https:\/\/superpunch.com\/fr\/#organization\"},\"potentialAction\":[{\"@type\":\"SearchAction\",\"target\":{\"@type\":\"EntryPoint\",\"urlTemplate\":\"https:\/\/superpunch.com\/fr\/?s={search_term_string}\"},\"query-input\":{\"@type\":\"PropertyValueSpecification\",\"valueRequired\":true,\"valueName\":\"search_term_string\"}}],\"inLanguage\":\"fr-CA\"},{\"@type\":\"Organization\",\"@id\":\"https:\/\/superpunch.com\/fr\/#organization\",\"name\":\"Superpunch\",\"url\":\"https:\/\/superpunch.com\/fr\/\",\"logo\":{\"@type\":\"ImageObject\",\"inLanguage\":\"fr-CA\",\"@id\":\"https:\/\/superpunch.com\/fr\/#\/schema\/logo\/image\/\",\"url\":\"https:\/\/superpunch.com\/wp-content\/uploads\/2022\/12\/superpunch_complet_new_site_on_black-2022.jpg\",\"contentUrl\":\"https:\/\/superpunch.com\/wp-content\/uploads\/2022\/12\/superpunch_complet_new_site_on_black-2022.jpg\",\"width\":600,\"height\":174,\"caption\":\"Superpunch\"},\"image\":{\"@id\":\"https:\/\/superpunch.com\/fr\/#\/schema\/logo\/image\/\"},\"sameAs\":[\"https:\/\/www.facebook.com\/Superpunchembroiderybroderie\",\"https:\/\/x.com\/superpunchemb\",\"https:\/\/www.instagram.com\/superpunchbrand?igsh=YW8xa2ZyZmxkdGNv\",\"https:\/\/www.youtube.com\/channel\/UCgt7yq4-pFJgeI_03psdGPQ\",\"https:\/\/www.pinterest.ca\/superpunchemb\"]}]}<\/script>\n<!-- \/ Yoast SEO plugin. -->","yoast_head_json":{"title":"Entoilage D\u00e9chirable 2.5 oz sp\u00e9cialement con\u00e7u pour broder les casquettes - Superpunch","robots":{"index":"index","follow":"follow","max-snippet":"max-snippet:-1","max-image-preview":"max-image-preview:large","max-video-preview":"max-video-preview:-1"},"canonical":"https:\/\/superpunch.com\/fr\/produit\/entoilage-dechirable-2-5-oz-specialement-concu-pour-broder-les-casquettes\/","og_locale":"fr_CA","og_type":"article","og_title":"Entoilage D\u00e9chirable 2.5 oz sp\u00e9cialement con\u00e7u pour broder les casquettes - Superpunch","og_description":"Un chic pellon ferme, tr\u00e8s dense et pesant, enti\u00e8rement con\u00e7u pour broder des casquettes.  Un lubrifiant y est ajout\u00e9 pour promouvoir la glisse de votre aiguille au travers des casquettes.  Un pellon parfait pour broder des casquettes, le meilleur au monde.  Contient polyester et cellulose.  N'utilisez pas votre d\u00e9chirable habituelle pour les casquettes, utilisez plut\u00f4t nos entoilages \u00e0 casquette sp\u00e9cialement formul\u00e9s! Con\u00e7u pour le travail, facile \u00e0 d\u00e9chirer, se forme bien sur votre rack et juste une \u00e9paisseur parfaite.","og_url":"https:\/\/superpunch.com\/fr\/produit\/entoilage-dechirable-2-5-oz-specialement-concu-pour-broder-les-casquettes\/","og_site_name":"Superpunch","article_publisher":"https:\/\/www.facebook.com\/Superpunchembroiderybroderie","article_modified_time":"2026-03-31T13:45:39+00:00","og_image":[{"width":600,"height":600,"url":"https:\/\/superpunch.com\/wp-content\/uploads\/2020\/10\/category-stabilizer-for-caps-embroidery.jpg","type":"image\/jpeg"}],"twitter_card":"summary_large_image","twitter_site":"@superpunchemb","schema":{"@context":"https:\/\/schema.org","@graph":[{"@type":"WebPage","@id":"https:\/\/superpunch.com\/fr\/produit\/entoilage-dechirable-2-5-oz-specialement-concu-pour-broder-les-casquettes\/","url":"https:\/\/superpunch.com\/fr\/produit\/entoilage-dechirable-2-5-oz-specialement-concu-pour-broder-les-casquettes\/","name":"Entoilage D\u00e9chirable 2.5 oz sp\u00e9cialement con\u00e7u pour broder les casquettes - Superpunch","isPartOf":{"@id":"https:\/\/superpunch.com\/fr\/#website"},"primaryImageOfPage":{"@id":"https:\/\/superpunch.com\/fr\/produit\/entoilage-dechirable-2-5-oz-specialement-concu-pour-broder-les-casquettes\/#primaryimage"},"image":{"@id":"https:\/\/superpunch.com\/fr\/produit\/entoilage-dechirable-2-5-oz-specialement-concu-pour-broder-les-casquettes\/#primaryimage"},"thumbnailUrl":"https:\/\/superpunch.com\/wp-content\/uploads\/2020\/10\/category-stabilizer-for-caps-embroidery.jpg","datePublished":"2020-10-14T21:59:15+00:00","dateModified":"2026-03-31T13:45:39+00:00","breadcrumb":{"@id":"https:\/\/superpunch.com\/fr\/produit\/entoilage-dechirable-2-5-oz-specialement-concu-pour-broder-les-casquettes\/#breadcrumb"},"inLanguage":"fr-CA","potentialAction":[{"@type":"ReadAction","target":["https:\/\/superpunch.com\/fr\/produit\/entoilage-dechirable-2-5-oz-specialement-concu-pour-broder-les-casquettes\/"]}]},{"@type":"ImageObject","inLanguage":"fr-CA","@id":"https:\/\/superpunch.com\/fr\/produit\/entoilage-dechirable-2-5-oz-specialement-concu-pour-broder-les-casquettes\/#primaryimage","url":"https:\/\/superpunch.com\/wp-content\/uploads\/2020\/10\/category-stabilizer-for-caps-embroidery.jpg","contentUrl":"https:\/\/superpunch.com\/wp-content\/uploads\/2020\/10\/category-stabilizer-for-caps-embroidery.jpg","width":600,"height":600,"caption":"embroidery stabilizer and backing"},{"@type":"BreadcrumbList","@id":"https:\/\/superpunch.com\/fr\/produit\/entoilage-dechirable-2-5-oz-specialement-concu-pour-broder-les-casquettes\/#breadcrumb","itemListElement":[{"@type":"ListItem","position":1,"name":"Home","item":"https:\/\/superpunch.com\/fr\/"},{"@type":"ListItem","position":2,"name":"Shop","item":"https:\/\/superpunch.com\/fr\/shop\/"},{"@type":"ListItem","position":3,"name":"Entoilage D\u00e9chirable 2.5 oz sp\u00e9cialement con\u00e7u pour broder les casquettes"}]},{"@type":"WebSite","@id":"https:\/\/superpunch.com\/fr\/#website","url":"https:\/\/superpunch.com\/fr\/","name":"Superpunch","description":"Superpunch - Embroidery Digitizing, Thread, Machines, Stabilizers And Supplies","publisher":{"@id":"https:\/\/superpunch.com\/fr\/#organization"},"potentialAction":[{"@type":"SearchAction","target":{"@type":"EntryPoint","urlTemplate":"https:\/\/superpunch.com\/fr\/?s={search_term_string}"},"query-input":{"@type":"PropertyValueSpecification","valueRequired":true,"valueName":"search_term_string"}}],"inLanguage":"fr-CA"},{"@type":"Organization","@id":"https:\/\/superpunch.com\/fr\/#organization","name":"Superpunch","url":"https:\/\/superpunch.com\/fr\/","logo":{"@type":"ImageObject","inLanguage":"fr-CA","@id":"https:\/\/superpunch.com\/fr\/#\/schema\/logo\/image\/","url":"https:\/\/superpunch.com\/wp-content\/uploads\/2022\/12\/superpunch_complet_new_site_on_black-2022.jpg","contentUrl":"https:\/\/superpunch.com\/wp-content\/uploads\/2022\/12\/superpunch_complet_new_site_on_black-2022.jpg","width":600,"height":174,"caption":"Superpunch"},"image":{"@id":"https:\/\/superpunch.com\/fr\/#\/schema\/logo\/image\/"},"sameAs":["https:\/\/www.facebook.com\/Superpunchembroiderybroderie","https:\/\/x.com\/superpunchemb","https:\/\/www.instagram.com\/superpunchbrand?igsh=YW8xa2ZyZmxkdGNv","https:\/\/www.youtube.com\/channel\/UCgt7yq4-pFJgeI_03psdGPQ","https:\/\/www.pinterest.ca\/superpunchemb"]}]}},"_links":{"self":[{"href":"https:\/\/superpunch.com\/fr\/wp-json\/wp\/v2\/product\/21074","targetHints":{"allow":["GET"]}}],"collection":[{"href":"https:\/\/superpunch.com\/fr\/wp-json\/wp\/v2\/product"}],"about":[{"href":"https:\/\/superpunch.com\/fr\/wp-json\/wp\/v2\/types\/product"}],"replies":[{"embeddable":true,"href":"https:\/\/superpunch.com\/fr\/wp-json\/wp\/v2\/comments?post=21074"}],"wp:featuredmedia":[{"embeddable":true,"href":"https:\/\/superpunch.com\/fr\/wp-json\/wp\/v2\/media\/18011"}],"wp:attachment":[{"href":"https:\/\/superpunch.com\/fr\/wp-json\/wp\/v2\/media?parent=21074"}],"wp:term":[{"taxonomy":"product_brand","embeddable":true,"href":"https:\/\/superpunch.com\/fr\/wp-json\/wp\/v2\/product_brand?post=21074"},{"taxonomy":"product_cat","embeddable":true,"href":"https:\/\/superpunch.com\/fr\/wp-json\/wp\/v2\/product_cat?post=21074"},{"taxonomy":"product_tag","embeddable":true,"href":"https:\/\/superpunch.com\/fr\/wp-json\/wp\/v2\/product_tag?post=21074"}],"curies":[{"name":"wp","href":"https:\/\/api.w.org\/{rel}","templated":true}]}}