{"id":21080,"date":"2020-10-14T17:47:43","date_gmt":"2020-10-14T21:47:43","guid":{"rendered":"https:\/\/superpunch.com\/shop\/21080\/"},"modified":"2025-02-14T09:53:09","modified_gmt":"2025-02-14T14:53:09","slug":"le-decouseur-de-fil-de-peggy-ou-lames-de-remplacement","status":"publish","type":"product","link":"https:\/\/superpunch.com\/fr\/produit\/le-decouseur-de-fil-de-peggy-ou-lames-de-remplacement\/","title":{"rendered":"Le D\u00e9couseur de Fil de Peggy ou Lames de Remplacement"},"content":{"rendered":"<div class=\"\" style=\"position: relative;\" data-richtextify-editable=\"true\">\n<h2><strong>Le D\u00e9couseur de Fil de Peggy ou Lames de Remplacement:<\/strong><\/h2>\n<p>Il d\u00e9coud et rase vos erreurs de broderie. Cet outil est n\u00e9cessaire pour votre atelier de broderie et vient avec fil \u00e9lectrique.<br \/>\nCe Peggy efface et d\u00e9fait les colonnes satin, des lettres et autres colonnes d&rsquo;une certaine largeur, mais il ne d\u00e9fait pas les remplissages serr\u00e9s.\u00a0 Ne l&rsquo;achetez pas si vous avez une broderie de remplissage serr\u00e9 haute densit\u00e9.<\/p>\n<p>Celui-ci est le v\u00e9ritable rasoir.<\/p>\n<\/div>\n","protected":false},"excerpt":{"rendered":"<div class=\"\" style=\"position: relative;\" data-richtextify-editable=\"true\">\n<ul>\n<li>Il d\u00e9coud et rase vos erreurs de broderie.<\/li>\n<li>Cet outil est n\u00e9cessaire pour votre atelier de broderie et vient avec fil \u00e9lectrique.<\/li>\n<li>Ce Peggy efface et d\u00e9fait les colonnes satin, des lettres et autres colonnes d&rsquo;une certaine largeur, mais il ne d\u00e9fait pas les remplissages serr\u00e9s. Ne l&rsquo;achetez pas si vous avez une broderie de remplissage serr\u00e9 haute densit\u00e9.<\/li>\n<li>Celui-ci est le v\u00e9ritable rasoir.<\/li>\n<\/ul>\n<\/div>\n","protected":false},"featured_media":17507,"comment_status":"closed","ping_status":"closed","template":"","meta":{"site-sidebar-layout":"default","site-content-layout":"default","ast-site-content-layout":"default","site-content-style":"default","site-sidebar-style":"default","ast-global-header-display":"","ast-banner-title-visibility":"","ast-main-header-display":"","ast-hfb-above-header-display":"","ast-hfb-below-header-display":"","ast-hfb-mobile-header-display":"","site-post-title":"","ast-breadcrumbs-content":"","ast-featured-img":"","footer-sml-layout":"","ast-disable-related-posts":"","theme-transparent-header-meta":"default","adv-header-id-meta":"","stick-header-meta":"","header-above-stick-meta":"","header-main-stick-meta":"","header-below-stick-meta":"","astra-migrate-meta-layouts":"default","ast-page-background-enabled":"default","ast-page-background-meta":{"desktop":{"background-color":"","background-image":"","background-repeat":"repeat","background-position":"center center","background-size":"auto","background-attachment":"scroll","background-type":"","background-media":"","overlay-type":"","overlay-color":"","overlay-opacity":"","overlay-gradient":""},"tablet":{"background-color":"","background-image":"","background-repeat":"repeat","background-position":"center center","background-size":"auto","background-attachment":"scroll","background-type":"","background-media":"","overlay-type":"","overlay-color":"","overlay-opacity":"","overlay-gradient":""},"mobile":{"background-color":"","background-image":"","background-repeat":"repeat","background-position":"center center","background-size":"auto","background-attachment":"scroll","background-type":"","background-media":"","overlay-type":"","overlay-color":"","overlay-opacity":"","overlay-gradient":""}},"ast-content-background-meta":{"desktop":{"background-color":"var(--ast-global-color-5)","background-image":"","background-repeat":"repeat","background-position":"center center","background-size":"auto","background-attachment":"scroll","background-type":"","background-media":"","overlay-type":"","overlay-color":"","overlay-opacity":"","overlay-gradient":""},"tablet":{"background-color":"var(--ast-global-color-5)","background-image":"","background-repeat":"repeat","background-position":"center center","background-size":"auto","background-attachment":"scroll","background-type":"","background-media":"","overlay-type":"","overlay-color":"","overlay-opacity":"","overlay-gradient":""},"mobile":{"background-color":"var(--ast-global-color-5)","background-image":"","background-repeat":"repeat","background-position":"center center","background-size":"auto","background-attachment":"scroll","background-type":"","background-media":"","overlay-type":"","overlay-color":"","overlay-opacity":"","overlay-gradient":""}}},"product_brand":[],"product_cat":[2595],"product_tag":[],"class_list":{"0":"post-21080","1":"product","2":"type-product","3":"status-publish","4":"has-post-thumbnail","6":"product_cat-decouseur-de-fil","7":"desktop-align-center","8":"tablet-align-center","9":"mobile-align-center","11":"first","12":"outofstock","13":"taxable","14":"shipping-taxable","15":"purchasable","16":"product-type-variable"},"yoast_head":"<!-- This site is optimized with the Yoast SEO plugin v27.4 - https:\/\/yoast.com\/product\/yoast-seo-wordpress\/ -->\n<title>Le D\u00e9couseur de Fil de Peggy ou Lames de Remplacement - Superpunch<\/title>\n<meta name=\"robots\" content=\"index, follow, max-snippet:-1, max-image-preview:large, max-video-preview:-1\" \/>\n<link rel=\"canonical\" href=\"https:\/\/superpunch.com\/fr\/produit\/le-decouseur-de-fil-de-peggy-ou-lames-de-remplacement\/\" \/>\n<meta property=\"og:locale\" content=\"fr_CA\" \/>\n<meta property=\"og:type\" content=\"article\" \/>\n<meta property=\"og:title\" content=\"Le D\u00e9couseur de Fil de Peggy ou Lames de Remplacement - Superpunch\" \/>\n<meta property=\"og:description\" content=\"Il d\u00e9coud et rase vos erreurs de broderie.  Cet outil est n\u00e9cessaire pour votre atelier de broderie et vient avec fil \u00e9lectrique.  Ce Peggy efface et d\u00e9fait les colonnes satin, des lettres et autres colonnes d&#039;une certaine largeur, mais il ne d\u00e9fait pas les remplissages serr\u00e9s. Ne l&#039;achetez pas si vous avez une broderie de remplissage serr\u00e9 haute densit\u00e9.  Celui-ci est le v\u00e9ritable rasoir.\" \/>\n<meta property=\"og:url\" content=\"https:\/\/superpunch.com\/fr\/produit\/le-decouseur-de-fil-de-peggy-ou-lames-de-remplacement\/\" \/>\n<meta property=\"og:site_name\" content=\"Superpunch\" \/>\n<meta property=\"article:publisher\" content=\"https:\/\/www.facebook.com\/Superpunchembroiderybroderie\" \/>\n<meta property=\"article:modified_time\" content=\"2025-02-14T14:53:09+00:00\" \/>\n<meta property=\"og:image\" content=\"https:\/\/superpunch.com\/wp-content\/uploads\/2020\/10\/peggy-s-stitch-eraser-with-cord-or-replacement-blades.png\" \/>\n\t<meta property=\"og:image:width\" content=\"1200\" \/>\n\t<meta property=\"og:image:height\" content=\"1200\" \/>\n\t<meta property=\"og:image:type\" content=\"image\/png\" \/>\n<meta name=\"twitter:card\" content=\"summary_large_image\" \/>\n<meta name=\"twitter:site\" content=\"@superpunchemb\" \/>\n<script type=\"application\/ld+json\" class=\"yoast-schema-graph\">{\"@context\":\"https:\\\/\\\/schema.org\",\"@graph\":[{\"@type\":\"WebPage\",\"@id\":\"https:\\\/\\\/superpunch.com\\\/fr\\\/produit\\\/le-decouseur-de-fil-de-peggy-ou-lames-de-remplacement\\\/\",\"url\":\"https:\\\/\\\/superpunch.com\\\/fr\\\/produit\\\/le-decouseur-de-fil-de-peggy-ou-lames-de-remplacement\\\/\",\"name\":\"Le D\u00e9couseur de Fil de Peggy ou Lames de Remplacement - Superpunch\",\"isPartOf\":{\"@id\":\"https:\\\/\\\/superpunch.com\\\/fr\\\/#website\"},\"primaryImageOfPage\":{\"@id\":\"https:\\\/\\\/superpunch.com\\\/fr\\\/produit\\\/le-decouseur-de-fil-de-peggy-ou-lames-de-remplacement\\\/#primaryimage\"},\"image\":{\"@id\":\"https:\\\/\\\/superpunch.com\\\/fr\\\/produit\\\/le-decouseur-de-fil-de-peggy-ou-lames-de-remplacement\\\/#primaryimage\"},\"thumbnailUrl\":\"https:\\\/\\\/superpunch.com\\\/wp-content\\\/uploads\\\/2020\\\/10\\\/peggy-s-stitch-eraser-with-cord-or-replacement-blades.png\",\"datePublished\":\"2020-10-14T21:47:43+00:00\",\"dateModified\":\"2025-02-14T14:53:09+00:00\",\"breadcrumb\":{\"@id\":\"https:\\\/\\\/superpunch.com\\\/fr\\\/produit\\\/le-decouseur-de-fil-de-peggy-ou-lames-de-remplacement\\\/#breadcrumb\"},\"inLanguage\":\"fr-CA\",\"potentialAction\":[{\"@type\":\"ReadAction\",\"target\":[\"https:\\\/\\\/superpunch.com\\\/fr\\\/produit\\\/le-decouseur-de-fil-de-peggy-ou-lames-de-remplacement\\\/\"]}]},{\"@type\":\"ImageObject\",\"inLanguage\":\"fr-CA\",\"@id\":\"https:\\\/\\\/superpunch.com\\\/fr\\\/produit\\\/le-decouseur-de-fil-de-peggy-ou-lames-de-remplacement\\\/#primaryimage\",\"url\":\"https:\\\/\\\/superpunch.com\\\/wp-content\\\/uploads\\\/2020\\\/10\\\/peggy-s-stitch-eraser-with-cord-or-replacement-blades.png\",\"contentUrl\":\"https:\\\/\\\/superpunch.com\\\/wp-content\\\/uploads\\\/2020\\\/10\\\/peggy-s-stitch-eraser-with-cord-or-replacement-blades.png\",\"width\":1200,\"height\":1200},{\"@type\":\"BreadcrumbList\",\"@id\":\"https:\\\/\\\/superpunch.com\\\/fr\\\/produit\\\/le-decouseur-de-fil-de-peggy-ou-lames-de-remplacement\\\/#breadcrumb\",\"itemListElement\":[{\"@type\":\"ListItem\",\"position\":1,\"name\":\"Home\",\"item\":\"https:\\\/\\\/superpunch.com\\\/fr\\\/\"},{\"@type\":\"ListItem\",\"position\":2,\"name\":\"Shop\",\"item\":\"https:\\\/\\\/superpunch.com\\\/fr\\\/shop\\\/\"},{\"@type\":\"ListItem\",\"position\":3,\"name\":\"Le D\u00e9couseur de Fil de Peggy ou Lames de Remplacement\"}]},{\"@type\":\"WebSite\",\"@id\":\"https:\\\/\\\/superpunch.com\\\/fr\\\/#website\",\"url\":\"https:\\\/\\\/superpunch.com\\\/fr\\\/\",\"name\":\"Superpunch\",\"description\":\"Superpunch - Embroidery Digitizing, Thread, Machines, Stabilizers And Supplies\",\"publisher\":{\"@id\":\"https:\\\/\\\/superpunch.com\\\/fr\\\/#organization\"},\"potentialAction\":[{\"@type\":\"SearchAction\",\"target\":{\"@type\":\"EntryPoint\",\"urlTemplate\":\"https:\\\/\\\/superpunch.com\\\/fr\\\/?s={search_term_string}\"},\"query-input\":{\"@type\":\"PropertyValueSpecification\",\"valueRequired\":true,\"valueName\":\"search_term_string\"}}],\"inLanguage\":\"fr-CA\"},{\"@type\":\"Organization\",\"@id\":\"https:\\\/\\\/superpunch.com\\\/fr\\\/#organization\",\"name\":\"Superpunch\",\"url\":\"https:\\\/\\\/superpunch.com\\\/fr\\\/\",\"logo\":{\"@type\":\"ImageObject\",\"inLanguage\":\"fr-CA\",\"@id\":\"https:\\\/\\\/superpunch.com\\\/fr\\\/#\\\/schema\\\/logo\\\/image\\\/\",\"url\":\"https:\\\/\\\/superpunch.com\\\/wp-content\\\/uploads\\\/2022\\\/12\\\/superpunch_complet_new_site_on_black-2022.jpg\",\"contentUrl\":\"https:\\\/\\\/superpunch.com\\\/wp-content\\\/uploads\\\/2022\\\/12\\\/superpunch_complet_new_site_on_black-2022.jpg\",\"width\":600,\"height\":174,\"caption\":\"Superpunch\"},\"image\":{\"@id\":\"https:\\\/\\\/superpunch.com\\\/fr\\\/#\\\/schema\\\/logo\\\/image\\\/\"},\"sameAs\":[\"https:\\\/\\\/www.facebook.com\\\/Superpunchembroiderybroderie\",\"https:\\\/\\\/x.com\\\/superpunchemb\",\"https:\\\/\\\/www.instagram.com\\\/superpunchbrand?igsh=YW8xa2ZyZmxkdGNv\",\"https:\\\/\\\/www.youtube.com\\\/channel\\\/UCgt7yq4-pFJgeI_03psdGPQ\",\"https:\\\/\\\/www.pinterest.ca\\\/superpunchemb\"]}]}<\/script>\n<!-- \/ Yoast SEO plugin. -->","yoast_head_json":{"title":"Le D\u00e9couseur de Fil de Peggy ou Lames de Remplacement - Superpunch","robots":{"index":"index","follow":"follow","max-snippet":"max-snippet:-1","max-image-preview":"max-image-preview:large","max-video-preview":"max-video-preview:-1"},"canonical":"https:\/\/superpunch.com\/fr\/produit\/le-decouseur-de-fil-de-peggy-ou-lames-de-remplacement\/","og_locale":"fr_CA","og_type":"article","og_title":"Le D\u00e9couseur de Fil de Peggy ou Lames de Remplacement - Superpunch","og_description":"Il d\u00e9coud et rase vos erreurs de broderie.  Cet outil est n\u00e9cessaire pour votre atelier de broderie et vient avec fil \u00e9lectrique.  Ce Peggy efface et d\u00e9fait les colonnes satin, des lettres et autres colonnes d'une certaine largeur, mais il ne d\u00e9fait pas les remplissages serr\u00e9s. Ne l'achetez pas si vous avez une broderie de remplissage serr\u00e9 haute densit\u00e9.  Celui-ci est le v\u00e9ritable rasoir.","og_url":"https:\/\/superpunch.com\/fr\/produit\/le-decouseur-de-fil-de-peggy-ou-lames-de-remplacement\/","og_site_name":"Superpunch","article_publisher":"https:\/\/www.facebook.com\/Superpunchembroiderybroderie","article_modified_time":"2025-02-14T14:53:09+00:00","og_image":[{"width":1200,"height":1200,"url":"https:\/\/superpunch.com\/wp-content\/uploads\/2020\/10\/peggy-s-stitch-eraser-with-cord-or-replacement-blades.png","type":"image\/png"}],"twitter_card":"summary_large_image","twitter_site":"@superpunchemb","schema":{"@context":"https:\/\/schema.org","@graph":[{"@type":"WebPage","@id":"https:\/\/superpunch.com\/fr\/produit\/le-decouseur-de-fil-de-peggy-ou-lames-de-remplacement\/","url":"https:\/\/superpunch.com\/fr\/produit\/le-decouseur-de-fil-de-peggy-ou-lames-de-remplacement\/","name":"Le D\u00e9couseur de Fil de Peggy ou Lames de Remplacement - Superpunch","isPartOf":{"@id":"https:\/\/superpunch.com\/fr\/#website"},"primaryImageOfPage":{"@id":"https:\/\/superpunch.com\/fr\/produit\/le-decouseur-de-fil-de-peggy-ou-lames-de-remplacement\/#primaryimage"},"image":{"@id":"https:\/\/superpunch.com\/fr\/produit\/le-decouseur-de-fil-de-peggy-ou-lames-de-remplacement\/#primaryimage"},"thumbnailUrl":"https:\/\/superpunch.com\/wp-content\/uploads\/2020\/10\/peggy-s-stitch-eraser-with-cord-or-replacement-blades.png","datePublished":"2020-10-14T21:47:43+00:00","dateModified":"2025-02-14T14:53:09+00:00","breadcrumb":{"@id":"https:\/\/superpunch.com\/fr\/produit\/le-decouseur-de-fil-de-peggy-ou-lames-de-remplacement\/#breadcrumb"},"inLanguage":"fr-CA","potentialAction":[{"@type":"ReadAction","target":["https:\/\/superpunch.com\/fr\/produit\/le-decouseur-de-fil-de-peggy-ou-lames-de-remplacement\/"]}]},{"@type":"ImageObject","inLanguage":"fr-CA","@id":"https:\/\/superpunch.com\/fr\/produit\/le-decouseur-de-fil-de-peggy-ou-lames-de-remplacement\/#primaryimage","url":"https:\/\/superpunch.com\/wp-content\/uploads\/2020\/10\/peggy-s-stitch-eraser-with-cord-or-replacement-blades.png","contentUrl":"https:\/\/superpunch.com\/wp-content\/uploads\/2020\/10\/peggy-s-stitch-eraser-with-cord-or-replacement-blades.png","width":1200,"height":1200},{"@type":"BreadcrumbList","@id":"https:\/\/superpunch.com\/fr\/produit\/le-decouseur-de-fil-de-peggy-ou-lames-de-remplacement\/#breadcrumb","itemListElement":[{"@type":"ListItem","position":1,"name":"Home","item":"https:\/\/superpunch.com\/fr\/"},{"@type":"ListItem","position":2,"name":"Shop","item":"https:\/\/superpunch.com\/fr\/shop\/"},{"@type":"ListItem","position":3,"name":"Le D\u00e9couseur de Fil de Peggy ou Lames de Remplacement"}]},{"@type":"WebSite","@id":"https:\/\/superpunch.com\/fr\/#website","url":"https:\/\/superpunch.com\/fr\/","name":"Superpunch","description":"Superpunch - Embroidery Digitizing, Thread, Machines, Stabilizers And Supplies","publisher":{"@id":"https:\/\/superpunch.com\/fr\/#organization"},"potentialAction":[{"@type":"SearchAction","target":{"@type":"EntryPoint","urlTemplate":"https:\/\/superpunch.com\/fr\/?s={search_term_string}"},"query-input":{"@type":"PropertyValueSpecification","valueRequired":true,"valueName":"search_term_string"}}],"inLanguage":"fr-CA"},{"@type":"Organization","@id":"https:\/\/superpunch.com\/fr\/#organization","name":"Superpunch","url":"https:\/\/superpunch.com\/fr\/","logo":{"@type":"ImageObject","inLanguage":"fr-CA","@id":"https:\/\/superpunch.com\/fr\/#\/schema\/logo\/image\/","url":"https:\/\/superpunch.com\/wp-content\/uploads\/2022\/12\/superpunch_complet_new_site_on_black-2022.jpg","contentUrl":"https:\/\/superpunch.com\/wp-content\/uploads\/2022\/12\/superpunch_complet_new_site_on_black-2022.jpg","width":600,"height":174,"caption":"Superpunch"},"image":{"@id":"https:\/\/superpunch.com\/fr\/#\/schema\/logo\/image\/"},"sameAs":["https:\/\/www.facebook.com\/Superpunchembroiderybroderie","https:\/\/x.com\/superpunchemb","https:\/\/www.instagram.com\/superpunchbrand?igsh=YW8xa2ZyZmxkdGNv","https:\/\/www.youtube.com\/channel\/UCgt7yq4-pFJgeI_03psdGPQ","https:\/\/www.pinterest.ca\/superpunchemb"]}]}},"_links":{"self":[{"href":"https:\/\/superpunch.com\/fr\/wp-json\/wp\/v2\/product\/21080","targetHints":{"allow":["GET"]}}],"collection":[{"href":"https:\/\/superpunch.com\/fr\/wp-json\/wp\/v2\/product"}],"about":[{"href":"https:\/\/superpunch.com\/fr\/wp-json\/wp\/v2\/types\/product"}],"replies":[{"embeddable":true,"href":"https:\/\/superpunch.com\/fr\/wp-json\/wp\/v2\/comments?post=21080"}],"wp:featuredmedia":[{"embeddable":true,"href":"https:\/\/superpunch.com\/fr\/wp-json\/wp\/v2\/media\/17507"}],"wp:attachment":[{"href":"https:\/\/superpunch.com\/fr\/wp-json\/wp\/v2\/media?parent=21080"}],"wp:term":[{"taxonomy":"product_brand","embeddable":true,"href":"https:\/\/superpunch.com\/fr\/wp-json\/wp\/v2\/product_brand?post=21080"},{"taxonomy":"product_cat","embeddable":true,"href":"https:\/\/superpunch.com\/fr\/wp-json\/wp\/v2\/product_cat?post=21080"},{"taxonomy":"product_tag","embeddable":true,"href":"https:\/\/superpunch.com\/fr\/wp-json\/wp\/v2\/product_tag?post=21080"}],"curies":[{"name":"wp","href":"https:\/\/api.w.org\/{rel}","templated":true}]}}