{"id":21151,"date":"2020-10-14T17:42:07","date_gmt":"2020-10-14T21:42:07","guid":{"rendered":"https:\/\/superpunch.com\/shop\/fil-a-broder-superb-5000m\/"},"modified":"2026-03-30T20:29:33","modified_gmt":"2026-03-31T00:29:33","slug":"fil-a-broder-superb-5000m","status":"publish","type":"product","link":"https:\/\/superpunch.com\/fr\/produit\/fil-a-broder-superb-5000m\/","title":{"rendered":"Fil \u00e0 Broder SuperB 5000m"},"content":{"rendered":"<div class=\"\" style=\"position: relative;\" data-richtextify-editable=\"true\">\n<h2>Fil \u00e0 Broder SuperB 5000m:<\/h2>\n<p>5000 m\u00e8tres par bobine, grosseur 40 wt., polyester.<\/p>\n<p>Grosse bobine pour machine plus industrielle.<\/p>\n<p>Le <strong>fil \u00e0 broder de polyester SuperB<\/strong> a fait son entr\u00e9e au Canada en 2007 et n&rsquo;a jamais cess\u00e9 de progresser depuis. Ayant fait ses d\u00e9buts avec la bobine de 5000 m\u00e8tres aupr\u00e8s des grandes manufacturiers de broderie, <strong>SuperB<\/strong> a parfois remplac\u00e9 les grandes marques connues \u00e0 une fraction du prix. Pour ainsi r\u00e9pondre \u00e0 cette demande, la petite bobine de 1000 m\u00e8tres vu le jour dans les 50 teintes les plus populaires sur le march\u00e9. Nous voil\u00e0 maintenant avec monfil.ca qui prend la rel\u00e8ve pour mieux servir le brodeur artisanal \u00e0 la maison.<\/p>\n<p>Les critiques sont unanimes et les dollars \u00e9pargn\u00e9s sont grands.<\/p>\n<p>&#8212;&#8212;&#8212;&#8212;&#8212;&#8212;&#8212;&#8212;&#8212;&#8212;&#8212;&#8212;&#8212;&#8212;&#8212;&#8212;&#8212;&#8212;&#8212;<\/p>\n<p>Un brin d&rsquo;histoire:<\/p>\n<p>Import\u00e9 d&rsquo;Asie, voici notre ligne de<strong> fil \u00e0 broder de polyester SuperB<\/strong>, un fil superbe.<\/p>\n<p>Depuis 1996,<strong> Super Punch<\/strong> se sp\u00e9cialise dans le poin\u00e7onnage de logos de broderie, programm\u00e9 enti\u00e8rement au Qu\u00e9bec, ainsi que dans la vente, le service et la formation de machines \u00e0 broder usag\u00e9es et neuves. Hors, ayant \u00e9tabli un lien de confiance au fil des ans avec les brodeurs en Am\u00e9rique du Nord, Super Punch innove en lan\u00e7ant sa propre ligne de fil \u00e0 broder de polyester.<\/p>\n<p>Le<strong> fil SuperB<\/strong> est un fil de polyester de haute qualit\u00e9, exclusif \u00e0 <strong>Super Punch<\/strong>, la grandeur 40 vous permet de coudre les petits d\u00e9tails et les petites lettres facilement. Il est fabriqu\u00e9 en orient, suite \u00e0 des ann\u00e9es de recherches et d\u00e9veloppements . Prenez le temps de naviguer et de visionner toutes les couleurs et de constater la qualit\u00e9 de la pr\u00e9sentation de notre produit.<\/p>\n<p>Les petites bobines de style L accompagnent le<strong> fil SuperB<\/strong> et si vous enfilez votre cerceau avec un pellon<strong> SuperStable<\/strong>, vous aurez une combinaison un, deux, trois, d&rsquo;un rapport qualit\u00e9 prix incomparable nulle part ailleurs sur le march\u00e9 d&rsquo;aujourd&rsquo;hui. De plus, laissez vous tenter par les toutes nouvelles petites bobines magn\u00e9tiques, cette r\u00e9cente technologie qui vient d\u2019arriver.<\/p>\n<p>L&rsquo;essayer, c&rsquo;est l&rsquo;adopter!<\/p>\n<\/div>\n<p><iframe src=\"https:\/\/www.youtube.com\/embed\/TkuWiYTmhqU\" width=\"420\" height=\"315\" allowfullscreen=\"allowfullscreen\"><br \/>\n<\/iframe><\/p>\n<p><iframe src=\"https:\/\/www.youtube.com\/embed\/K8ya78GpkjA\" width=\"420\" height=\"315\" allowfullscreen=\"allowfullscreen\"><br \/>\n<\/iframe><\/p>\n<p><iframe src=\"https:\/\/www.youtube.com\/embed\/XCBp3PdRrqo\" width=\"420\" height=\"315\" allowfullscreen=\"allowfullscreen\"><br \/>\n<\/iframe><br \/>\n<iframe src=\"https:\/\/www.youtube.com\/embed\/XlslkvnHFlU\" width=\"420\" height=\"315\" allowfullscreen=\"allowfullscreen\"><br \/>\n<\/iframe><\/p>\n","protected":false},"excerpt":{"rendered":"<p><img fetchpriority=\"high\" decoding=\"async\" class=\"alignnone size-full wp-image-36142\" src=\"https:\/\/superpunch.com\/wp-content\/uploads\/2020\/10\/logo_5000m_4_99_fr.jpg\" alt=\"\" width=\"500\" height=\"500\" \/><\/p>\n<div class=\"\" style=\"position: relative;\" data-richtextify-editable=\"true\">\n<p><img decoding=\"async\" class=\"alignnone size-medium wp-image-4111\" src=\"https:\/\/superpunch.com\/wp-content\/uploads\/2020\/06\/logo_superb2-300x115.png\" alt=\"\" width=\"300\" height=\"115\" srcset=\"https:\/\/superpunch.com\/wp-content\/uploads\/2020\/06\/logo_superb2-300x115.png 300w, https:\/\/superpunch.com\/wp-content\/uploads\/2020\/06\/logo_superb2-416x159.png 416w, https:\/\/superpunch.com\/wp-content\/uploads\/2020\/06\/logo_superb2.png 754w\" sizes=\"(max-width: 300px) 100vw, 300px\" \/><\/p>\n<li style=\"list-style-type: none;\">\n<ul>\n<li style=\"list-style-type: none;\">\n<ul>\n<li>5000 m\u00e8tres par bobine, grosseur 40 wt., polyester.<\/li>\n<li>Grandeur 40<\/li>\n<li>Fil \u00e0 broder en polyester<\/li>\n<li>Beaucoup de nos clients ne font pas que broder avec notre fil mais aussi, font des courtepointes, cousent et cr\u00e9ent une vari\u00e9t\u00e9 de projets.<\/li>\n<li>174 couleurs disponibles<\/li>\n<li><span style=\"text-decoration: underline; color: #74b9bd;\"><a style=\"color: #74b9bd; text-decoration: underline;\" href=\"https:\/\/superpunch.com\/fr\/produit\/charte-de-couleur-superb-superpunch\/\">Ajoutez une charte de couleur gratuite SuperB \u00e0 ma commande en cliquant ici!<\/a><\/span><\/li>\n<\/ul>\n<\/li>\n<\/ul>\n<\/li>\n<\/ul>\n<div>\n<p><a href=\"https:\/\/superpunch.com\/wp-content\/uploads\/2021\/04\/embroider-thread-chart-superb-fr-1.jpg\"><img decoding=\"async\" class=\"alignnone wp-image-22923 size-full\" src=\"https:\/\/superpunch.com\/wp-content\/uploads\/2021\/04\/embroider-thread-chart-superb-fr-1.jpg\" alt=\"\" width=\"1000\" height=\"635\" srcset=\"https:\/\/superpunch.com\/wp-content\/uploads\/2021\/04\/embroider-thread-chart-superb-fr-1.jpg 1000w, https:\/\/superpunch.com\/wp-content\/uploads\/2021\/04\/embroider-thread-chart-superb-fr-1-600x381.jpg 600w\" sizes=\"(max-width: 1000px) 100vw, 1000px\" \/><\/a><\/p>\n<\/div>\n<\/div>\n","protected":false},"featured_media":30690,"comment_status":"closed","ping_status":"closed","template":"","meta":{"site-sidebar-layout":"default","site-content-layout":"default","ast-site-content-layout":"default","site-content-style":"default","site-sidebar-style":"default","ast-global-header-display":"","ast-banner-title-visibility":"","ast-main-header-display":"","ast-hfb-above-header-display":"","ast-hfb-below-header-display":"","ast-hfb-mobile-header-display":"","site-post-title":"","ast-breadcrumbs-content":"","ast-featured-img":"","footer-sml-layout":"","ast-disable-related-posts":"","theme-transparent-header-meta":"default","adv-header-id-meta":"","stick-header-meta":"","header-above-stick-meta":"","header-main-stick-meta":"","header-below-stick-meta":"","astra-migrate-meta-layouts":"default","ast-page-background-enabled":"default","ast-page-background-meta":{"desktop":{"background-color":"","background-image":"","background-repeat":"repeat","background-position":"center center","background-size":"auto","background-attachment":"scroll","background-type":"","background-media":"","overlay-type":"","overlay-color":"","overlay-opacity":"","overlay-gradient":""},"tablet":{"background-color":"","background-image":"","background-repeat":"repeat","background-position":"center center","background-size":"auto","background-attachment":"scroll","background-type":"","background-media":"","overlay-type":"","overlay-color":"","overlay-opacity":"","overlay-gradient":""},"mobile":{"background-color":"","background-image":"","background-repeat":"repeat","background-position":"center center","background-size":"auto","background-attachment":"scroll","background-type":"","background-media":"","overlay-type":"","overlay-color":"","overlay-opacity":"","overlay-gradient":""}},"ast-content-background-meta":{"desktop":{"background-color":"var(--ast-global-color-5)","background-image":"","background-repeat":"repeat","background-position":"center center","background-size":"auto","background-attachment":"scroll","background-type":"","background-media":"","overlay-type":"","overlay-color":"","overlay-opacity":"","overlay-gradient":""},"tablet":{"background-color":"var(--ast-global-color-5)","background-image":"","background-repeat":"repeat","background-position":"center center","background-size":"auto","background-attachment":"scroll","background-type":"","background-media":"","overlay-type":"","overlay-color":"","overlay-opacity":"","overlay-gradient":""},"mobile":{"background-color":"var(--ast-global-color-5)","background-image":"","background-repeat":"repeat","background-position":"center center","background-size":"auto","background-attachment":"scroll","background-type":"","background-media":"","overlay-type":"","overlay-color":"","overlay-opacity":"","overlay-gradient":""}}},"product_brand":[],"product_cat":[2241,2614],"product_tag":[],"class_list":{"0":"post-21151","1":"product","2":"type-product","3":"status-publish","4":"has-post-thumbnail","6":"product_cat-fil","7":"product_cat-fil-superb","8":"desktop-align-center","9":"tablet-align-center","10":"mobile-align-center","12":"first","13":"outofstock","14":"sale","15":"taxable","16":"shipping-taxable","17":"purchasable","18":"product-type-variable"},"yoast_head":"<!-- This site is optimized with the Yoast SEO plugin v27.2 - https:\/\/yoast.com\/product\/yoast-seo-wordpress\/ -->\n<title>Fil \u00e0 Broder SuperB 5000m - Superpunch<\/title>\n<meta name=\"robots\" content=\"index, follow, max-snippet:-1, max-image-preview:large, max-video-preview:-1\" \/>\n<link rel=\"canonical\" href=\"https:\/\/superpunch.com\/fr\/produit\/fil-a-broder-superb-5000m\/\" \/>\n<meta property=\"og:locale\" content=\"fr_CA\" \/>\n<meta property=\"og:type\" content=\"article\" \/>\n<meta property=\"og:title\" content=\"Fil \u00e0 Broder SuperB 5000m - Superpunch\" \/>\n<meta property=\"og:description\" content=\"5000 m\u00e8tres par bobine, grosseur 40 wt., polyester.  Grandeur 40  Fil \u00e0 broder en polyester  Beaucoup de nos clients ne font pas que broder avec notre fil mais aussi, font des courtepointes, cousent et cr\u00e9ent une vari\u00e9t\u00e9 de projets.  174 couleurs disponibles  Ajoutez une charte de couleur gratuite SuperB \u00e0 ma commande en cliquant ici!\" \/>\n<meta property=\"og:url\" content=\"https:\/\/superpunch.com\/fr\/produit\/fil-a-broder-superb-5000m\/\" \/>\n<meta property=\"og:site_name\" content=\"Superpunch\" \/>\n<meta property=\"article:publisher\" content=\"https:\/\/www.facebook.com\/Superpunchembroiderybroderie\" \/>\n<meta property=\"article:modified_time\" content=\"2026-03-31T00:29:33+00:00\" \/>\n<meta name=\"twitter:card\" content=\"summary_large_image\" \/>\n<meta name=\"twitter:site\" content=\"@superpunchemb\" \/>\n<meta name=\"twitter:label1\" content=\"Estimation du temps de lecture\" \/>\n\t<meta name=\"twitter:data1\" content=\"2 minutes\" \/>\n<script type=\"application\/ld+json\" class=\"yoast-schema-graph\">{\"@context\":\"https:\/\/schema.org\",\"@graph\":[{\"@type\":\"WebPage\",\"@id\":\"https:\/\/superpunch.com\/fr\/produit\/fil-a-broder-superb-5000m\/\",\"url\":\"https:\/\/superpunch.com\/fr\/produit\/fil-a-broder-superb-5000m\/\",\"name\":\"Fil \u00e0 Broder SuperB 5000m - Superpunch\",\"isPartOf\":{\"@id\":\"https:\/\/superpunch.com\/fr\/#website\"},\"primaryImageOfPage\":{\"@id\":\"https:\/\/superpunch.com\/fr\/produit\/fil-a-broder-superb-5000m\/#primaryimage\"},\"image\":{\"@id\":\"https:\/\/superpunch.com\/fr\/produit\/fil-a-broder-superb-5000m\/#primaryimage\"},\"thumbnailUrl\":\"https:\/\/superpunch.com\/wp-content\/uploads\/2020\/10\/superb_5000m_charte-1.jpg\",\"datePublished\":\"2020-10-14T21:42:07+00:00\",\"dateModified\":\"2026-03-31T00:29:33+00:00\",\"breadcrumb\":{\"@id\":\"https:\/\/superpunch.com\/fr\/produit\/fil-a-broder-superb-5000m\/#breadcrumb\"},\"inLanguage\":\"fr-CA\",\"potentialAction\":[{\"@type\":\"ReadAction\",\"target\":[\"https:\/\/superpunch.com\/fr\/produit\/fil-a-broder-superb-5000m\/\"]}]},{\"@type\":\"ImageObject\",\"inLanguage\":\"fr-CA\",\"@id\":\"https:\/\/superpunch.com\/fr\/produit\/fil-a-broder-superb-5000m\/#primaryimage\",\"url\":\"https:\/\/superpunch.com\/wp-content\/uploads\/2020\/10\/superb_5000m_charte-1.jpg\",\"contentUrl\":\"https:\/\/superpunch.com\/wp-content\/uploads\/2020\/10\/superb_5000m_charte-1.jpg\",\"width\":800,\"height\":800},{\"@type\":\"BreadcrumbList\",\"@id\":\"https:\/\/superpunch.com\/fr\/produit\/fil-a-broder-superb-5000m\/#breadcrumb\",\"itemListElement\":[{\"@type\":\"ListItem\",\"position\":1,\"name\":\"Home\",\"item\":\"https:\/\/superpunch.com\/fr\/\"},{\"@type\":\"ListItem\",\"position\":2,\"name\":\"Shop\",\"item\":\"https:\/\/superpunch.com\/fr\/shop\/\"},{\"@type\":\"ListItem\",\"position\":3,\"name\":\"Fil \u00e0 Broder SuperB 5000m\"}]},{\"@type\":\"WebSite\",\"@id\":\"https:\/\/superpunch.com\/fr\/#website\",\"url\":\"https:\/\/superpunch.com\/fr\/\",\"name\":\"Superpunch\",\"description\":\"Superpunch - Embroidery Digitizing, Thread, Machines, Stabilizers And Supplies\",\"publisher\":{\"@id\":\"https:\/\/superpunch.com\/fr\/#organization\"},\"potentialAction\":[{\"@type\":\"SearchAction\",\"target\":{\"@type\":\"EntryPoint\",\"urlTemplate\":\"https:\/\/superpunch.com\/fr\/?s={search_term_string}\"},\"query-input\":{\"@type\":\"PropertyValueSpecification\",\"valueRequired\":true,\"valueName\":\"search_term_string\"}}],\"inLanguage\":\"fr-CA\"},{\"@type\":\"Organization\",\"@id\":\"https:\/\/superpunch.com\/fr\/#organization\",\"name\":\"Superpunch\",\"url\":\"https:\/\/superpunch.com\/fr\/\",\"logo\":{\"@type\":\"ImageObject\",\"inLanguage\":\"fr-CA\",\"@id\":\"https:\/\/superpunch.com\/fr\/#\/schema\/logo\/image\/\",\"url\":\"https:\/\/superpunch.com\/wp-content\/uploads\/2022\/12\/superpunch_complet_new_site_on_black-2022.jpg\",\"contentUrl\":\"https:\/\/superpunch.com\/wp-content\/uploads\/2022\/12\/superpunch_complet_new_site_on_black-2022.jpg\",\"width\":600,\"height\":174,\"caption\":\"Superpunch\"},\"image\":{\"@id\":\"https:\/\/superpunch.com\/fr\/#\/schema\/logo\/image\/\"},\"sameAs\":[\"https:\/\/www.facebook.com\/Superpunchembroiderybroderie\",\"https:\/\/x.com\/superpunchemb\",\"https:\/\/www.instagram.com\/superpunchbrand?igsh=YW8xa2ZyZmxkdGNv\",\"https:\/\/www.youtube.com\/channel\/UCgt7yq4-pFJgeI_03psdGPQ\",\"https:\/\/www.pinterest.ca\/superpunchemb\"]}]}<\/script>\n<!-- \/ Yoast SEO plugin. -->","yoast_head_json":{"title":"Fil \u00e0 Broder SuperB 5000m - Superpunch","robots":{"index":"index","follow":"follow","max-snippet":"max-snippet:-1","max-image-preview":"max-image-preview:large","max-video-preview":"max-video-preview:-1"},"canonical":"https:\/\/superpunch.com\/fr\/produit\/fil-a-broder-superb-5000m\/","og_locale":"fr_CA","og_type":"article","og_title":"Fil \u00e0 Broder SuperB 5000m - Superpunch","og_description":"5000 m\u00e8tres par bobine, grosseur 40 wt., polyester.  Grandeur 40  Fil \u00e0 broder en polyester  Beaucoup de nos clients ne font pas que broder avec notre fil mais aussi, font des courtepointes, cousent et cr\u00e9ent une vari\u00e9t\u00e9 de projets.  174 couleurs disponibles  Ajoutez une charte de couleur gratuite SuperB \u00e0 ma commande en cliquant ici!","og_url":"https:\/\/superpunch.com\/fr\/produit\/fil-a-broder-superb-5000m\/","og_site_name":"Superpunch","article_publisher":"https:\/\/www.facebook.com\/Superpunchembroiderybroderie","article_modified_time":"2026-03-31T00:29:33+00:00","twitter_card":"summary_large_image","twitter_site":"@superpunchemb","twitter_misc":{"Estimation du temps de lecture":"2 minutes"},"schema":{"@context":"https:\/\/schema.org","@graph":[{"@type":"WebPage","@id":"https:\/\/superpunch.com\/fr\/produit\/fil-a-broder-superb-5000m\/","url":"https:\/\/superpunch.com\/fr\/produit\/fil-a-broder-superb-5000m\/","name":"Fil \u00e0 Broder SuperB 5000m - Superpunch","isPartOf":{"@id":"https:\/\/superpunch.com\/fr\/#website"},"primaryImageOfPage":{"@id":"https:\/\/superpunch.com\/fr\/produit\/fil-a-broder-superb-5000m\/#primaryimage"},"image":{"@id":"https:\/\/superpunch.com\/fr\/produit\/fil-a-broder-superb-5000m\/#primaryimage"},"thumbnailUrl":"https:\/\/superpunch.com\/wp-content\/uploads\/2020\/10\/superb_5000m_charte-1.jpg","datePublished":"2020-10-14T21:42:07+00:00","dateModified":"2026-03-31T00:29:33+00:00","breadcrumb":{"@id":"https:\/\/superpunch.com\/fr\/produit\/fil-a-broder-superb-5000m\/#breadcrumb"},"inLanguage":"fr-CA","potentialAction":[{"@type":"ReadAction","target":["https:\/\/superpunch.com\/fr\/produit\/fil-a-broder-superb-5000m\/"]}]},{"@type":"ImageObject","inLanguage":"fr-CA","@id":"https:\/\/superpunch.com\/fr\/produit\/fil-a-broder-superb-5000m\/#primaryimage","url":"https:\/\/superpunch.com\/wp-content\/uploads\/2020\/10\/superb_5000m_charte-1.jpg","contentUrl":"https:\/\/superpunch.com\/wp-content\/uploads\/2020\/10\/superb_5000m_charte-1.jpg","width":800,"height":800},{"@type":"BreadcrumbList","@id":"https:\/\/superpunch.com\/fr\/produit\/fil-a-broder-superb-5000m\/#breadcrumb","itemListElement":[{"@type":"ListItem","position":1,"name":"Home","item":"https:\/\/superpunch.com\/fr\/"},{"@type":"ListItem","position":2,"name":"Shop","item":"https:\/\/superpunch.com\/fr\/shop\/"},{"@type":"ListItem","position":3,"name":"Fil \u00e0 Broder SuperB 5000m"}]},{"@type":"WebSite","@id":"https:\/\/superpunch.com\/fr\/#website","url":"https:\/\/superpunch.com\/fr\/","name":"Superpunch","description":"Superpunch - Embroidery Digitizing, Thread, Machines, Stabilizers And Supplies","publisher":{"@id":"https:\/\/superpunch.com\/fr\/#organization"},"potentialAction":[{"@type":"SearchAction","target":{"@type":"EntryPoint","urlTemplate":"https:\/\/superpunch.com\/fr\/?s={search_term_string}"},"query-input":{"@type":"PropertyValueSpecification","valueRequired":true,"valueName":"search_term_string"}}],"inLanguage":"fr-CA"},{"@type":"Organization","@id":"https:\/\/superpunch.com\/fr\/#organization","name":"Superpunch","url":"https:\/\/superpunch.com\/fr\/","logo":{"@type":"ImageObject","inLanguage":"fr-CA","@id":"https:\/\/superpunch.com\/fr\/#\/schema\/logo\/image\/","url":"https:\/\/superpunch.com\/wp-content\/uploads\/2022\/12\/superpunch_complet_new_site_on_black-2022.jpg","contentUrl":"https:\/\/superpunch.com\/wp-content\/uploads\/2022\/12\/superpunch_complet_new_site_on_black-2022.jpg","width":600,"height":174,"caption":"Superpunch"},"image":{"@id":"https:\/\/superpunch.com\/fr\/#\/schema\/logo\/image\/"},"sameAs":["https:\/\/www.facebook.com\/Superpunchembroiderybroderie","https:\/\/x.com\/superpunchemb","https:\/\/www.instagram.com\/superpunchbrand?igsh=YW8xa2ZyZmxkdGNv","https:\/\/www.youtube.com\/channel\/UCgt7yq4-pFJgeI_03psdGPQ","https:\/\/www.pinterest.ca\/superpunchemb"]}]}},"_links":{"self":[{"href":"https:\/\/superpunch.com\/fr\/wp-json\/wp\/v2\/product\/21151","targetHints":{"allow":["GET"]}}],"collection":[{"href":"https:\/\/superpunch.com\/fr\/wp-json\/wp\/v2\/product"}],"about":[{"href":"https:\/\/superpunch.com\/fr\/wp-json\/wp\/v2\/types\/product"}],"replies":[{"embeddable":true,"href":"https:\/\/superpunch.com\/fr\/wp-json\/wp\/v2\/comments?post=21151"}],"wp:featuredmedia":[{"embeddable":true,"href":"https:\/\/superpunch.com\/fr\/wp-json\/wp\/v2\/media\/30690"}],"wp:attachment":[{"href":"https:\/\/superpunch.com\/fr\/wp-json\/wp\/v2\/media?parent=21151"}],"wp:term":[{"taxonomy":"product_brand","embeddable":true,"href":"https:\/\/superpunch.com\/fr\/wp-json\/wp\/v2\/product_brand?post=21151"},{"taxonomy":"product_cat","embeddable":true,"href":"https:\/\/superpunch.com\/fr\/wp-json\/wp\/v2\/product_cat?post=21151"},{"taxonomy":"product_tag","embeddable":true,"href":"https:\/\/superpunch.com\/fr\/wp-json\/wp\/v2\/product_tag?post=21151"}],"curies":[{"name":"wp","href":"https:\/\/api.w.org\/{rel}","templated":true}]}}