{"id":21351,"date":"2020-10-14T17:32:52","date_gmt":"2020-10-14T21:32:52","guid":{"rendered":"https:\/\/superpunch.com\/shop\/dk5-detachant-de-materiel-adhesif\/"},"modified":"2026-02-02T08:40:50","modified_gmt":"2026-02-02T13:40:50","slug":"dk5-detachant-de-materiel-adhesif","status":"publish","type":"product","link":"https:\/\/superpunch.com\/fr\/produit\/dk5-detachant-de-materiel-adhesif\/","title":{"rendered":"DK5 &#8211; D\u00e9tachant de Mat\u00e9riel Adh\u00e9sif"},"content":{"rendered":"<div class=\"\" style=\"position: relative;\" data-richtextify-editable=\"true\">\n<h2><strong>DK5 &#8211; D\u00e9tachant de Mat\u00e9riel Adh\u00e9sif:<\/strong><\/h2>\n<ul>\n<li>Le <strong>DK5 &#8211; Ce d\u00e9tachant <\/strong> est fabriqu\u00e9 en France, il <strong>nettoie<\/strong> les cerceaux des machines \u00e0 broder, les aiguilles, les surfaces de table, les cadres de piquage et les pochoirs.<\/li>\n<li>Agent <strong>nettoyant<\/strong> particuli\u00e8rement con\u00e7u pour le <strong>nettoyage<\/strong> et la protection des machines. \u00c9limine tous les r\u00e9sidus de tissus, poussi\u00e8res et adh\u00e9sifs.<\/li>\n<li>Comme vous pourrez le constater, il vous sera tr\u00e8s utile, surtout si vous produisez beaucoup de broderie en appliqu\u00e9 avec des colles a\u00e9rosol.<\/li>\n<li>Conseill\u00e9 pour \u00eatre utilis\u00e9 sur du mat\u00e9riel plastique, m\u00e9tal, pierre, vitre et surfaces c\u00e9ramiques.<\/li>\n<li>Ne pas utiliser sur du tissu.<\/li>\n<li>3.60 oz.<\/li>\n<\/ul>\n<\/div>\n","protected":false},"excerpt":{"rendered":"<div class=\"\" style=\"position: relative;\" data-richtextify-editable=\"true\">\n<h2><strong>DK5 &#8211; D\u00e9tachant de Mat\u00e9riel Adh\u00e9sif:<\/strong><\/h2>\n<ul>\n<li>Le <strong>DK5 &#8211; Ce d\u00e9tachant <\/strong> est fabriqu\u00e9 en France, il <strong>nettoie<\/strong> les cerceaux des machines \u00e0 broder, les aiguilles, les surfaces de table, les cadres de piquage et les pochoirs.<\/li>\n<li>Agent <strong>nettoyant<\/strong> particuli\u00e8rement con\u00e7u pour le <strong>nettoyage<\/strong> et la protection des machines. \u00c9limine tous les r\u00e9sidus de tissus, poussi\u00e8res et adh\u00e9sifs.<\/li>\n<li>Comme vous pourrez le constater, il vous sera tr\u00e8s utile, surtout si vous produisez beaucoup de broderie en appliqu\u00e9 avec des colles a\u00e9rosol.<\/li>\n<li>Conseill\u00e9 pour \u00eatre utilis\u00e9 sur du mat\u00e9riel plastique, m\u00e9tal, pierre, vitre et surfaces c\u00e9ramiques.<\/li>\n<li>Ne pas utiliser sur du tissu.<\/li>\n<li>3.60 oz.<\/li>\n<\/ul>\n<\/div>\n","protected":false},"featured_media":17456,"comment_status":"open","ping_status":"closed","template":"","meta":{"site-sidebar-layout":"default","site-content-layout":"default","ast-site-content-layout":"default","site-content-style":"default","site-sidebar-style":"default","ast-global-header-display":"","ast-banner-title-visibility":"","ast-main-header-display":"","ast-hfb-above-header-display":"","ast-hfb-below-header-display":"","ast-hfb-mobile-header-display":"","site-post-title":"","ast-breadcrumbs-content":"","ast-featured-img":"","footer-sml-layout":"","ast-disable-related-posts":"","theme-transparent-header-meta":"default","adv-header-id-meta":"","stick-header-meta":"","header-above-stick-meta":"","header-main-stick-meta":"","header-below-stick-meta":"","astra-migrate-meta-layouts":"default","ast-page-background-enabled":"default","ast-page-background-meta":{"desktop":{"background-color":"","background-image":"","background-repeat":"repeat","background-position":"center center","background-size":"auto","background-attachment":"scroll","background-type":"","background-media":"","overlay-type":"","overlay-color":"","overlay-opacity":"","overlay-gradient":""},"tablet":{"background-color":"","background-image":"","background-repeat":"repeat","background-position":"center center","background-size":"auto","background-attachment":"scroll","background-type":"","background-media":"","overlay-type":"","overlay-color":"","overlay-opacity":"","overlay-gradient":""},"mobile":{"background-color":"","background-image":"","background-repeat":"repeat","background-position":"center center","background-size":"auto","background-attachment":"scroll","background-type":"","background-media":"","overlay-type":"","overlay-color":"","overlay-opacity":"","overlay-gradient":""}},"ast-content-background-meta":{"desktop":{"background-color":"var(--ast-global-color-5)","background-image":"","background-repeat":"repeat","background-position":"center center","background-size":"auto","background-attachment":"scroll","background-type":"","background-media":"","overlay-type":"","overlay-color":"","overlay-opacity":"","overlay-gradient":""},"tablet":{"background-color":"var(--ast-global-color-5)","background-image":"","background-repeat":"repeat","background-position":"center center","background-size":"auto","background-attachment":"scroll","background-type":"","background-media":"","overlay-type":"","overlay-color":"","overlay-opacity":"","overlay-gradient":""},"mobile":{"background-color":"var(--ast-global-color-5)","background-image":"","background-repeat":"repeat","background-position":"center center","background-size":"auto","background-attachment":"scroll","background-type":"","background-media":"","overlay-type":"","overlay-color":"","overlay-opacity":"","overlay-gradient":""}}},"product_brand":[],"product_cat":[2597,2226],"product_tag":[],"class_list":{"0":"post-21351","1":"product","2":"type-product","3":"status-publish","4":"has-post-thumbnail","6":"product_cat-aerosol-lubrifiant-et-huile","7":"product_cat-fournitures","8":"desktop-align-center","9":"tablet-align-center","10":"mobile-align-center","12":"first","13":"instock","14":"taxable","15":"shipping-taxable","16":"purchasable","17":"product-type-simple"},"yoast_head":"<!-- This site is optimized with the Yoast SEO plugin v27.3 - https:\/\/yoast.com\/product\/yoast-seo-wordpress\/ -->\n<title>DK5 - D\u00e9tachant de Mat\u00e9riel Adh\u00e9sif - Superpunch<\/title>\n<meta name=\"robots\" content=\"index, follow, max-snippet:-1, max-image-preview:large, max-video-preview:-1\" \/>\n<link rel=\"canonical\" href=\"https:\/\/superpunch.com\/fr\/produit\/dk5-detachant-de-materiel-adhesif\/\" \/>\n<meta property=\"og:locale\" content=\"fr_CA\" \/>\n<meta property=\"og:type\" content=\"article\" \/>\n<meta property=\"og:title\" content=\"DK5 - D\u00e9tachant de Mat\u00e9riel Adh\u00e9sif - Superpunch\" \/>\n<meta property=\"og:description\" content=\"DK5 - D\u00e9tachant de Mat\u00e9riel Adh\u00e9sif:   Le DK5 - Ce d\u00e9tachant est fabriqu\u00e9 en France, il nettoie les cerceaux des machines \u00e0 broder, les aiguilles, les surfaces de table, les cadres de piquage et les pochoirs.  Agent nettoyant particuli\u00e8rement con\u00e7u pour le nettoyage et la protection des machines. \u00c9limine tous les r\u00e9sidus de tissus, poussi\u00e8res et adh\u00e9sifs.  Comme vous pourrez le constater, il vous sera tr\u00e8s utile, surtout si vous produisez beaucoup de broderie en appliqu\u00e9 avec des colles a\u00e9rosol.  Conseill\u00e9 pour \u00eatre utilis\u00e9 sur du mat\u00e9riel plastique, m\u00e9tal, pierre, vitre et surfaces c\u00e9ramiques.  Ne pas utiliser sur du tissu.  3.60 oz.\" \/>\n<meta property=\"og:url\" content=\"https:\/\/superpunch.com\/fr\/produit\/dk5-detachant-de-materiel-adhesif\/\" \/>\n<meta property=\"og:site_name\" content=\"Superpunch\" \/>\n<meta property=\"article:publisher\" content=\"https:\/\/www.facebook.com\/Superpunchembroiderybroderie\" \/>\n<meta property=\"article:modified_time\" content=\"2026-02-02T13:40:50+00:00\" \/>\n<meta property=\"og:image\" content=\"https:\/\/superpunch.com\/wp-content\/uploads\/2020\/10\/SUP071_DK5.jpg\" \/>\n\t<meta property=\"og:image:width\" content=\"800\" \/>\n\t<meta property=\"og:image:height\" content=\"800\" \/>\n\t<meta property=\"og:image:type\" content=\"image\/jpeg\" \/>\n<meta name=\"twitter:card\" content=\"summary_large_image\" \/>\n<meta name=\"twitter:site\" content=\"@superpunchemb\" \/>\n<meta name=\"twitter:label1\" content=\"Estimation du temps de lecture\" \/>\n\t<meta name=\"twitter:data1\" content=\"1 minute\" \/>\n<script type=\"application\/ld+json\" class=\"yoast-schema-graph\">{\"@context\":\"https:\\\/\\\/schema.org\",\"@graph\":[{\"@type\":\"WebPage\",\"@id\":\"https:\\\/\\\/superpunch.com\\\/fr\\\/produit\\\/dk5-detachant-de-materiel-adhesif\\\/\",\"url\":\"https:\\\/\\\/superpunch.com\\\/fr\\\/produit\\\/dk5-detachant-de-materiel-adhesif\\\/\",\"name\":\"DK5 - D\u00e9tachant de Mat\u00e9riel Adh\u00e9sif - Superpunch\",\"isPartOf\":{\"@id\":\"https:\\\/\\\/superpunch.com\\\/fr\\\/#website\"},\"primaryImageOfPage\":{\"@id\":\"https:\\\/\\\/superpunch.com\\\/fr\\\/produit\\\/dk5-detachant-de-materiel-adhesif\\\/#primaryimage\"},\"image\":{\"@id\":\"https:\\\/\\\/superpunch.com\\\/fr\\\/produit\\\/dk5-detachant-de-materiel-adhesif\\\/#primaryimage\"},\"thumbnailUrl\":\"https:\\\/\\\/superpunch.com\\\/wp-content\\\/uploads\\\/2020\\\/10\\\/SUP071_DK5.jpg\",\"datePublished\":\"2020-10-14T21:32:52+00:00\",\"dateModified\":\"2026-02-02T13:40:50+00:00\",\"breadcrumb\":{\"@id\":\"https:\\\/\\\/superpunch.com\\\/fr\\\/produit\\\/dk5-detachant-de-materiel-adhesif\\\/#breadcrumb\"},\"inLanguage\":\"fr-CA\",\"potentialAction\":[{\"@type\":\"ReadAction\",\"target\":[\"https:\\\/\\\/superpunch.com\\\/fr\\\/produit\\\/dk5-detachant-de-materiel-adhesif\\\/\"]}]},{\"@type\":\"ImageObject\",\"inLanguage\":\"fr-CA\",\"@id\":\"https:\\\/\\\/superpunch.com\\\/fr\\\/produit\\\/dk5-detachant-de-materiel-adhesif\\\/#primaryimage\",\"url\":\"https:\\\/\\\/superpunch.com\\\/wp-content\\\/uploads\\\/2020\\\/10\\\/SUP071_DK5.jpg\",\"contentUrl\":\"https:\\\/\\\/superpunch.com\\\/wp-content\\\/uploads\\\/2020\\\/10\\\/SUP071_DK5.jpg\",\"width\":800,\"height\":800},{\"@type\":\"BreadcrumbList\",\"@id\":\"https:\\\/\\\/superpunch.com\\\/fr\\\/produit\\\/dk5-detachant-de-materiel-adhesif\\\/#breadcrumb\",\"itemListElement\":[{\"@type\":\"ListItem\",\"position\":1,\"name\":\"Home\",\"item\":\"https:\\\/\\\/superpunch.com\\\/fr\\\/\"},{\"@type\":\"ListItem\",\"position\":2,\"name\":\"Shop\",\"item\":\"https:\\\/\\\/superpunch.com\\\/fr\\\/shop\\\/\"},{\"@type\":\"ListItem\",\"position\":3,\"name\":\"DK5 &#8211; D\u00e9tachant de Mat\u00e9riel Adh\u00e9sif\"}]},{\"@type\":\"WebSite\",\"@id\":\"https:\\\/\\\/superpunch.com\\\/fr\\\/#website\",\"url\":\"https:\\\/\\\/superpunch.com\\\/fr\\\/\",\"name\":\"Superpunch\",\"description\":\"Superpunch - Embroidery Digitizing, Thread, Machines, Stabilizers And Supplies\",\"publisher\":{\"@id\":\"https:\\\/\\\/superpunch.com\\\/fr\\\/#organization\"},\"potentialAction\":[{\"@type\":\"SearchAction\",\"target\":{\"@type\":\"EntryPoint\",\"urlTemplate\":\"https:\\\/\\\/superpunch.com\\\/fr\\\/?s={search_term_string}\"},\"query-input\":{\"@type\":\"PropertyValueSpecification\",\"valueRequired\":true,\"valueName\":\"search_term_string\"}}],\"inLanguage\":\"fr-CA\"},{\"@type\":\"Organization\",\"@id\":\"https:\\\/\\\/superpunch.com\\\/fr\\\/#organization\",\"name\":\"Superpunch\",\"url\":\"https:\\\/\\\/superpunch.com\\\/fr\\\/\",\"logo\":{\"@type\":\"ImageObject\",\"inLanguage\":\"fr-CA\",\"@id\":\"https:\\\/\\\/superpunch.com\\\/fr\\\/#\\\/schema\\\/logo\\\/image\\\/\",\"url\":\"https:\\\/\\\/superpunch.com\\\/wp-content\\\/uploads\\\/2022\\\/12\\\/superpunch_complet_new_site_on_black-2022.jpg\",\"contentUrl\":\"https:\\\/\\\/superpunch.com\\\/wp-content\\\/uploads\\\/2022\\\/12\\\/superpunch_complet_new_site_on_black-2022.jpg\",\"width\":600,\"height\":174,\"caption\":\"Superpunch\"},\"image\":{\"@id\":\"https:\\\/\\\/superpunch.com\\\/fr\\\/#\\\/schema\\\/logo\\\/image\\\/\"},\"sameAs\":[\"https:\\\/\\\/www.facebook.com\\\/Superpunchembroiderybroderie\",\"https:\\\/\\\/x.com\\\/superpunchemb\",\"https:\\\/\\\/www.instagram.com\\\/superpunchbrand?igsh=YW8xa2ZyZmxkdGNv\",\"https:\\\/\\\/www.youtube.com\\\/channel\\\/UCgt7yq4-pFJgeI_03psdGPQ\",\"https:\\\/\\\/www.pinterest.ca\\\/superpunchemb\"]}]}<\/script>\n<!-- \/ Yoast SEO plugin. -->","yoast_head_json":{"title":"DK5 - D\u00e9tachant de Mat\u00e9riel Adh\u00e9sif - Superpunch","robots":{"index":"index","follow":"follow","max-snippet":"max-snippet:-1","max-image-preview":"max-image-preview:large","max-video-preview":"max-video-preview:-1"},"canonical":"https:\/\/superpunch.com\/fr\/produit\/dk5-detachant-de-materiel-adhesif\/","og_locale":"fr_CA","og_type":"article","og_title":"DK5 - D\u00e9tachant de Mat\u00e9riel Adh\u00e9sif - Superpunch","og_description":"DK5 - D\u00e9tachant de Mat\u00e9riel Adh\u00e9sif:   Le DK5 - Ce d\u00e9tachant est fabriqu\u00e9 en France, il nettoie les cerceaux des machines \u00e0 broder, les aiguilles, les surfaces de table, les cadres de piquage et les pochoirs.  Agent nettoyant particuli\u00e8rement con\u00e7u pour le nettoyage et la protection des machines. \u00c9limine tous les r\u00e9sidus de tissus, poussi\u00e8res et adh\u00e9sifs.  Comme vous pourrez le constater, il vous sera tr\u00e8s utile, surtout si vous produisez beaucoup de broderie en appliqu\u00e9 avec des colles a\u00e9rosol.  Conseill\u00e9 pour \u00eatre utilis\u00e9 sur du mat\u00e9riel plastique, m\u00e9tal, pierre, vitre et surfaces c\u00e9ramiques.  Ne pas utiliser sur du tissu.  3.60 oz.","og_url":"https:\/\/superpunch.com\/fr\/produit\/dk5-detachant-de-materiel-adhesif\/","og_site_name":"Superpunch","article_publisher":"https:\/\/www.facebook.com\/Superpunchembroiderybroderie","article_modified_time":"2026-02-02T13:40:50+00:00","og_image":[{"width":800,"height":800,"url":"https:\/\/superpunch.com\/wp-content\/uploads\/2020\/10\/SUP071_DK5.jpg","type":"image\/jpeg"}],"twitter_card":"summary_large_image","twitter_site":"@superpunchemb","twitter_misc":{"Estimation du temps de lecture":"1 minute"},"schema":{"@context":"https:\/\/schema.org","@graph":[{"@type":"WebPage","@id":"https:\/\/superpunch.com\/fr\/produit\/dk5-detachant-de-materiel-adhesif\/","url":"https:\/\/superpunch.com\/fr\/produit\/dk5-detachant-de-materiel-adhesif\/","name":"DK5 - D\u00e9tachant de Mat\u00e9riel Adh\u00e9sif - Superpunch","isPartOf":{"@id":"https:\/\/superpunch.com\/fr\/#website"},"primaryImageOfPage":{"@id":"https:\/\/superpunch.com\/fr\/produit\/dk5-detachant-de-materiel-adhesif\/#primaryimage"},"image":{"@id":"https:\/\/superpunch.com\/fr\/produit\/dk5-detachant-de-materiel-adhesif\/#primaryimage"},"thumbnailUrl":"https:\/\/superpunch.com\/wp-content\/uploads\/2020\/10\/SUP071_DK5.jpg","datePublished":"2020-10-14T21:32:52+00:00","dateModified":"2026-02-02T13:40:50+00:00","breadcrumb":{"@id":"https:\/\/superpunch.com\/fr\/produit\/dk5-detachant-de-materiel-adhesif\/#breadcrumb"},"inLanguage":"fr-CA","potentialAction":[{"@type":"ReadAction","target":["https:\/\/superpunch.com\/fr\/produit\/dk5-detachant-de-materiel-adhesif\/"]}]},{"@type":"ImageObject","inLanguage":"fr-CA","@id":"https:\/\/superpunch.com\/fr\/produit\/dk5-detachant-de-materiel-adhesif\/#primaryimage","url":"https:\/\/superpunch.com\/wp-content\/uploads\/2020\/10\/SUP071_DK5.jpg","contentUrl":"https:\/\/superpunch.com\/wp-content\/uploads\/2020\/10\/SUP071_DK5.jpg","width":800,"height":800},{"@type":"BreadcrumbList","@id":"https:\/\/superpunch.com\/fr\/produit\/dk5-detachant-de-materiel-adhesif\/#breadcrumb","itemListElement":[{"@type":"ListItem","position":1,"name":"Home","item":"https:\/\/superpunch.com\/fr\/"},{"@type":"ListItem","position":2,"name":"Shop","item":"https:\/\/superpunch.com\/fr\/shop\/"},{"@type":"ListItem","position":3,"name":"DK5 &#8211; D\u00e9tachant de Mat\u00e9riel Adh\u00e9sif"}]},{"@type":"WebSite","@id":"https:\/\/superpunch.com\/fr\/#website","url":"https:\/\/superpunch.com\/fr\/","name":"Superpunch","description":"Superpunch - Embroidery Digitizing, Thread, Machines, Stabilizers And Supplies","publisher":{"@id":"https:\/\/superpunch.com\/fr\/#organization"},"potentialAction":[{"@type":"SearchAction","target":{"@type":"EntryPoint","urlTemplate":"https:\/\/superpunch.com\/fr\/?s={search_term_string}"},"query-input":{"@type":"PropertyValueSpecification","valueRequired":true,"valueName":"search_term_string"}}],"inLanguage":"fr-CA"},{"@type":"Organization","@id":"https:\/\/superpunch.com\/fr\/#organization","name":"Superpunch","url":"https:\/\/superpunch.com\/fr\/","logo":{"@type":"ImageObject","inLanguage":"fr-CA","@id":"https:\/\/superpunch.com\/fr\/#\/schema\/logo\/image\/","url":"https:\/\/superpunch.com\/wp-content\/uploads\/2022\/12\/superpunch_complet_new_site_on_black-2022.jpg","contentUrl":"https:\/\/superpunch.com\/wp-content\/uploads\/2022\/12\/superpunch_complet_new_site_on_black-2022.jpg","width":600,"height":174,"caption":"Superpunch"},"image":{"@id":"https:\/\/superpunch.com\/fr\/#\/schema\/logo\/image\/"},"sameAs":["https:\/\/www.facebook.com\/Superpunchembroiderybroderie","https:\/\/x.com\/superpunchemb","https:\/\/www.instagram.com\/superpunchbrand?igsh=YW8xa2ZyZmxkdGNv","https:\/\/www.youtube.com\/channel\/UCgt7yq4-pFJgeI_03psdGPQ","https:\/\/www.pinterest.ca\/superpunchemb"]}]}},"_links":{"self":[{"href":"https:\/\/superpunch.com\/fr\/wp-json\/wp\/v2\/product\/21351","targetHints":{"allow":["GET"]}}],"collection":[{"href":"https:\/\/superpunch.com\/fr\/wp-json\/wp\/v2\/product"}],"about":[{"href":"https:\/\/superpunch.com\/fr\/wp-json\/wp\/v2\/types\/product"}],"replies":[{"embeddable":true,"href":"https:\/\/superpunch.com\/fr\/wp-json\/wp\/v2\/comments?post=21351"}],"wp:featuredmedia":[{"embeddable":true,"href":"https:\/\/superpunch.com\/fr\/wp-json\/wp\/v2\/media\/17456"}],"wp:attachment":[{"href":"https:\/\/superpunch.com\/fr\/wp-json\/wp\/v2\/media?parent=21351"}],"wp:term":[{"taxonomy":"product_brand","embeddable":true,"href":"https:\/\/superpunch.com\/fr\/wp-json\/wp\/v2\/product_brand?post=21351"},{"taxonomy":"product_cat","embeddable":true,"href":"https:\/\/superpunch.com\/fr\/wp-json\/wp\/v2\/product_cat?post=21351"},{"taxonomy":"product_tag","embeddable":true,"href":"https:\/\/superpunch.com\/fr\/wp-json\/wp\/v2\/product_tag?post=21351"}],"curies":[{"name":"wp","href":"https:\/\/api.w.org\/{rel}","templated":true}]}}