{"id":21371,"date":"2020-10-14T17:31:26","date_gmt":"2020-10-14T21:31:26","guid":{"rendered":"https:\/\/superpunch.com\/shop\/hook-wash-nettoyant-lubrifiant\/"},"modified":"2025-08-06T08:42:40","modified_gmt":"2025-08-06T12:42:40","slug":"hook-wash-nettoyant-lubrifiant","status":"publish","type":"product","link":"https:\/\/superpunch.com\/fr\/produit\/hook-wash-nettoyant-lubrifiant\/","title":{"rendered":"Hook Wash &#8211; Nettoyant &#038; Lubrifiant"},"content":{"rendered":"<div class=\"\" style=\"position: relative;\" data-richtextify-editable=\"true\">\n<h2>Hook Wash &#8211; Nettoyant &amp; Lubrifiant:<\/h2>\n<ul>\n<li>Un m\u00e9lange de lubrifiant \u00e0 base d&rsquo;huile min\u00e9rale et de solvant l\u00e9ger utilis\u00e9 pour nettoyer les crochets rotatifs et d&rsquo;autres pi\u00e8ces des machines \u00e0 broder.<\/li>\n<li><strong>Hook Wash<\/strong> fut cr\u00e9\u00e9 pour <strong>nettoyer<\/strong> rapidement certains endroits comme les r\u00e9ciprocateurs, les crochets, les bobines caisses et m\u00eame les ensembles de tensionneur.<\/li>\n<li>D&rsquo;autant plus, il est sans danger sur le pastique, l&rsquo;\u00e9lectronique et les embouchures. Ce produit est le <strong>meilleur lubrifiant<\/strong> au monde.<\/li>\n<li>Il enl\u00e8vera la poussi\u00e8re et autres d\u00e9bris.<\/li>\n<li>Poids net: 11 oz.<\/li>\n<\/ul>\n<\/div>\n","protected":false},"excerpt":{"rendered":"<div class=\"\" style=\"position: relative;\" data-richtextify-editable=\"true\">\n<h2>Hook Wash &#8211; Nettoyant &amp; Lubrifiant:<\/h2>\n<ul>\n<li>Un m\u00e9lange de lubrifiant \u00e0 base d&rsquo;huile min\u00e9rale et de solvant l\u00e9ger utilis\u00e9 pour nettoyer les crochets rotatifs et d&rsquo;autres pi\u00e8ces des machines \u00e0 broder.<\/li>\n<li><strong>Hook Wash<\/strong> fut cr\u00e9\u00e9 pour <strong>nettoyer<\/strong> rapidement certains endroits comme les r\u00e9ciprocateurs, les crochets, les bobines caisses et m\u00eame les ensembles de tensionneur.<\/li>\n<li>D&rsquo;autant plus, il est sans danger sur le pastique, l&rsquo;\u00e9lectronique et les embouchures. Ce produit est le <strong>meilleur lubrifiant<\/strong> au monde.<\/li>\n<li>Il enl\u00e8vera la poussi\u00e8re et autres d\u00e9bris.<\/li>\n<li>Poids net: 11 oz.<\/li>\n<\/ul>\n<\/div>\n","protected":false},"featured_media":35236,"comment_status":"open","ping_status":"closed","template":"","meta":{"site-sidebar-layout":"default","site-content-layout":"default","ast-site-content-layout":"default","site-content-style":"default","site-sidebar-style":"default","ast-global-header-display":"","ast-banner-title-visibility":"","ast-main-header-display":"","ast-hfb-above-header-display":"","ast-hfb-below-header-display":"","ast-hfb-mobile-header-display":"","site-post-title":"","ast-breadcrumbs-content":"","ast-featured-img":"","footer-sml-layout":"","ast-disable-related-posts":"","theme-transparent-header-meta":"default","adv-header-id-meta":"","stick-header-meta":"","header-above-stick-meta":"","header-main-stick-meta":"","header-below-stick-meta":"","astra-migrate-meta-layouts":"default","ast-page-background-enabled":"default","ast-page-background-meta":{"desktop":{"background-color":"","background-image":"","background-repeat":"repeat","background-position":"center center","background-size":"auto","background-attachment":"scroll","background-type":"","background-media":"","overlay-type":"","overlay-color":"","overlay-opacity":"","overlay-gradient":""},"tablet":{"background-color":"","background-image":"","background-repeat":"repeat","background-position":"center center","background-size":"auto","background-attachment":"scroll","background-type":"","background-media":"","overlay-type":"","overlay-color":"","overlay-opacity":"","overlay-gradient":""},"mobile":{"background-color":"","background-image":"","background-repeat":"repeat","background-position":"center center","background-size":"auto","background-attachment":"scroll","background-type":"","background-media":"","overlay-type":"","overlay-color":"","overlay-opacity":"","overlay-gradient":""}},"ast-content-background-meta":{"desktop":{"background-color":"var(--ast-global-color-5)","background-image":"","background-repeat":"repeat","background-position":"center center","background-size":"auto","background-attachment":"scroll","background-type":"","background-media":"","overlay-type":"","overlay-color":"","overlay-opacity":"","overlay-gradient":""},"tablet":{"background-color":"var(--ast-global-color-5)","background-image":"","background-repeat":"repeat","background-position":"center center","background-size":"auto","background-attachment":"scroll","background-type":"","background-media":"","overlay-type":"","overlay-color":"","overlay-opacity":"","overlay-gradient":""},"mobile":{"background-color":"var(--ast-global-color-5)","background-image":"","background-repeat":"repeat","background-position":"center center","background-size":"auto","background-attachment":"scroll","background-type":"","background-media":"","overlay-type":"","overlay-color":"","overlay-opacity":"","overlay-gradient":""}}},"product_brand":[],"product_cat":[2597,2226],"product_tag":[],"class_list":{"0":"post-21371","1":"product","2":"type-product","3":"status-publish","4":"has-post-thumbnail","6":"product_cat-aerosol-lubrifiant-et-huile","7":"product_cat-fournitures","8":"desktop-align-center","9":"tablet-align-center","10":"mobile-align-center","12":"first","13":"instock","14":"taxable","15":"shipping-taxable","16":"purchasable","17":"product-type-simple"},"yoast_head":"<!-- This site is optimized with the Yoast SEO plugin v27.3 - https:\/\/yoast.com\/product\/yoast-seo-wordpress\/ -->\n<title>Hook Wash - Nettoyant &amp; Lubrifiant - Superpunch<\/title>\n<meta name=\"robots\" content=\"index, follow, max-snippet:-1, max-image-preview:large, max-video-preview:-1\" \/>\n<link rel=\"canonical\" href=\"https:\/\/superpunch.com\/fr\/produit\/hook-wash-nettoyant-lubrifiant\/\" \/>\n<meta property=\"og:locale\" content=\"fr_CA\" \/>\n<meta property=\"og:type\" content=\"article\" \/>\n<meta property=\"og:title\" content=\"Hook Wash - Nettoyant &amp; Lubrifiant - Superpunch\" \/>\n<meta property=\"og:description\" content=\"Hook Wash - Nettoyant &amp; Lubrifiant:   Un m\u00e9lange de lubrifiant \u00e0 base d&#039;huile min\u00e9rale et de solvant l\u00e9ger utilis\u00e9 pour nettoyer les crochets rotatifs et d&#039;autres pi\u00e8ces des machines \u00e0 broder.  Hook Wash fut cr\u00e9\u00e9 pour nettoyer rapidement certains endroits comme les r\u00e9ciprocateurs, les crochets, les bobines caisses et m\u00eame les ensembles de tensionneur.  D&#039;autant plus, il est sans danger sur le pastique, l&#039;\u00e9lectronique et les embouchures. Ce produit est le meilleur lubrifiant au monde.  Il enl\u00e8vera la poussi\u00e8re et autres d\u00e9bris.  Poids net: 11 oz.\" \/>\n<meta property=\"og:url\" content=\"https:\/\/superpunch.com\/fr\/produit\/hook-wash-nettoyant-lubrifiant\/\" \/>\n<meta property=\"og:site_name\" content=\"Superpunch\" \/>\n<meta property=\"article:publisher\" content=\"https:\/\/www.facebook.com\/Superpunchembroiderybroderie\" \/>\n<meta property=\"article:modified_time\" content=\"2025-08-06T12:42:40+00:00\" \/>\n<meta name=\"twitter:card\" content=\"summary_large_image\" \/>\n<meta name=\"twitter:site\" content=\"@superpunchemb\" \/>\n<script type=\"application\/ld+json\" class=\"yoast-schema-graph\">{\"@context\":\"https:\\\/\\\/schema.org\",\"@graph\":[{\"@type\":\"WebPage\",\"@id\":\"https:\\\/\\\/superpunch.com\\\/fr\\\/produit\\\/hook-wash-nettoyant-lubrifiant\\\/\",\"url\":\"https:\\\/\\\/superpunch.com\\\/fr\\\/produit\\\/hook-wash-nettoyant-lubrifiant\\\/\",\"name\":\"Hook Wash - Nettoyant & Lubrifiant - Superpunch\",\"isPartOf\":{\"@id\":\"https:\\\/\\\/superpunch.com\\\/fr\\\/#website\"},\"primaryImageOfPage\":{\"@id\":\"https:\\\/\\\/superpunch.com\\\/fr\\\/produit\\\/hook-wash-nettoyant-lubrifiant\\\/#primaryimage\"},\"image\":{\"@id\":\"https:\\\/\\\/superpunch.com\\\/fr\\\/produit\\\/hook-wash-nettoyant-lubrifiant\\\/#primaryimage\"},\"thumbnailUrl\":\"https:\\\/\\\/superpunch.com\\\/wp-content\\\/uploads\\\/2020\\\/10\\\/albachem-hook-wash.jpg\",\"datePublished\":\"2020-10-14T21:31:26+00:00\",\"dateModified\":\"2025-08-06T12:42:40+00:00\",\"breadcrumb\":{\"@id\":\"https:\\\/\\\/superpunch.com\\\/fr\\\/produit\\\/hook-wash-nettoyant-lubrifiant\\\/#breadcrumb\"},\"inLanguage\":\"fr-CA\",\"potentialAction\":[{\"@type\":\"ReadAction\",\"target\":[\"https:\\\/\\\/superpunch.com\\\/fr\\\/produit\\\/hook-wash-nettoyant-lubrifiant\\\/\"]}]},{\"@type\":\"ImageObject\",\"inLanguage\":\"fr-CA\",\"@id\":\"https:\\\/\\\/superpunch.com\\\/fr\\\/produit\\\/hook-wash-nettoyant-lubrifiant\\\/#primaryimage\",\"url\":\"https:\\\/\\\/superpunch.com\\\/wp-content\\\/uploads\\\/2020\\\/10\\\/albachem-hook-wash.jpg\",\"contentUrl\":\"https:\\\/\\\/superpunch.com\\\/wp-content\\\/uploads\\\/2020\\\/10\\\/albachem-hook-wash.jpg\",\"width\":600,\"height\":600},{\"@type\":\"BreadcrumbList\",\"@id\":\"https:\\\/\\\/superpunch.com\\\/fr\\\/produit\\\/hook-wash-nettoyant-lubrifiant\\\/#breadcrumb\",\"itemListElement\":[{\"@type\":\"ListItem\",\"position\":1,\"name\":\"Home\",\"item\":\"https:\\\/\\\/superpunch.com\\\/fr\\\/\"},{\"@type\":\"ListItem\",\"position\":2,\"name\":\"Shop\",\"item\":\"https:\\\/\\\/superpunch.com\\\/fr\\\/shop\\\/\"},{\"@type\":\"ListItem\",\"position\":3,\"name\":\"Hook Wash &#8211; Nettoyant &#038; Lubrifiant\"}]},{\"@type\":\"WebSite\",\"@id\":\"https:\\\/\\\/superpunch.com\\\/fr\\\/#website\",\"url\":\"https:\\\/\\\/superpunch.com\\\/fr\\\/\",\"name\":\"Superpunch\",\"description\":\"Superpunch - Embroidery Digitizing, Thread, Machines, Stabilizers And Supplies\",\"publisher\":{\"@id\":\"https:\\\/\\\/superpunch.com\\\/fr\\\/#organization\"},\"potentialAction\":[{\"@type\":\"SearchAction\",\"target\":{\"@type\":\"EntryPoint\",\"urlTemplate\":\"https:\\\/\\\/superpunch.com\\\/fr\\\/?s={search_term_string}\"},\"query-input\":{\"@type\":\"PropertyValueSpecification\",\"valueRequired\":true,\"valueName\":\"search_term_string\"}}],\"inLanguage\":\"fr-CA\"},{\"@type\":\"Organization\",\"@id\":\"https:\\\/\\\/superpunch.com\\\/fr\\\/#organization\",\"name\":\"Superpunch\",\"url\":\"https:\\\/\\\/superpunch.com\\\/fr\\\/\",\"logo\":{\"@type\":\"ImageObject\",\"inLanguage\":\"fr-CA\",\"@id\":\"https:\\\/\\\/superpunch.com\\\/fr\\\/#\\\/schema\\\/logo\\\/image\\\/\",\"url\":\"https:\\\/\\\/superpunch.com\\\/wp-content\\\/uploads\\\/2022\\\/12\\\/superpunch_complet_new_site_on_black-2022.jpg\",\"contentUrl\":\"https:\\\/\\\/superpunch.com\\\/wp-content\\\/uploads\\\/2022\\\/12\\\/superpunch_complet_new_site_on_black-2022.jpg\",\"width\":600,\"height\":174,\"caption\":\"Superpunch\"},\"image\":{\"@id\":\"https:\\\/\\\/superpunch.com\\\/fr\\\/#\\\/schema\\\/logo\\\/image\\\/\"},\"sameAs\":[\"https:\\\/\\\/www.facebook.com\\\/Superpunchembroiderybroderie\",\"https:\\\/\\\/x.com\\\/superpunchemb\",\"https:\\\/\\\/www.instagram.com\\\/superpunchbrand?igsh=YW8xa2ZyZmxkdGNv\",\"https:\\\/\\\/www.youtube.com\\\/channel\\\/UCgt7yq4-pFJgeI_03psdGPQ\",\"https:\\\/\\\/www.pinterest.ca\\\/superpunchemb\"]}]}<\/script>\n<!-- \/ Yoast SEO plugin. -->","yoast_head_json":{"title":"Hook Wash - Nettoyant & Lubrifiant - Superpunch","robots":{"index":"index","follow":"follow","max-snippet":"max-snippet:-1","max-image-preview":"max-image-preview:large","max-video-preview":"max-video-preview:-1"},"canonical":"https:\/\/superpunch.com\/fr\/produit\/hook-wash-nettoyant-lubrifiant\/","og_locale":"fr_CA","og_type":"article","og_title":"Hook Wash - Nettoyant & Lubrifiant - Superpunch","og_description":"Hook Wash - Nettoyant &amp; Lubrifiant:   Un m\u00e9lange de lubrifiant \u00e0 base d'huile min\u00e9rale et de solvant l\u00e9ger utilis\u00e9 pour nettoyer les crochets rotatifs et d'autres pi\u00e8ces des machines \u00e0 broder.  Hook Wash fut cr\u00e9\u00e9 pour nettoyer rapidement certains endroits comme les r\u00e9ciprocateurs, les crochets, les bobines caisses et m\u00eame les ensembles de tensionneur.  D'autant plus, il est sans danger sur le pastique, l'\u00e9lectronique et les embouchures. Ce produit est le meilleur lubrifiant au monde.  Il enl\u00e8vera la poussi\u00e8re et autres d\u00e9bris.  Poids net: 11 oz.","og_url":"https:\/\/superpunch.com\/fr\/produit\/hook-wash-nettoyant-lubrifiant\/","og_site_name":"Superpunch","article_publisher":"https:\/\/www.facebook.com\/Superpunchembroiderybroderie","article_modified_time":"2025-08-06T12:42:40+00:00","twitter_card":"summary_large_image","twitter_site":"@superpunchemb","schema":{"@context":"https:\/\/schema.org","@graph":[{"@type":"WebPage","@id":"https:\/\/superpunch.com\/fr\/produit\/hook-wash-nettoyant-lubrifiant\/","url":"https:\/\/superpunch.com\/fr\/produit\/hook-wash-nettoyant-lubrifiant\/","name":"Hook Wash - Nettoyant & Lubrifiant - Superpunch","isPartOf":{"@id":"https:\/\/superpunch.com\/fr\/#website"},"primaryImageOfPage":{"@id":"https:\/\/superpunch.com\/fr\/produit\/hook-wash-nettoyant-lubrifiant\/#primaryimage"},"image":{"@id":"https:\/\/superpunch.com\/fr\/produit\/hook-wash-nettoyant-lubrifiant\/#primaryimage"},"thumbnailUrl":"https:\/\/superpunch.com\/wp-content\/uploads\/2020\/10\/albachem-hook-wash.jpg","datePublished":"2020-10-14T21:31:26+00:00","dateModified":"2025-08-06T12:42:40+00:00","breadcrumb":{"@id":"https:\/\/superpunch.com\/fr\/produit\/hook-wash-nettoyant-lubrifiant\/#breadcrumb"},"inLanguage":"fr-CA","potentialAction":[{"@type":"ReadAction","target":["https:\/\/superpunch.com\/fr\/produit\/hook-wash-nettoyant-lubrifiant\/"]}]},{"@type":"ImageObject","inLanguage":"fr-CA","@id":"https:\/\/superpunch.com\/fr\/produit\/hook-wash-nettoyant-lubrifiant\/#primaryimage","url":"https:\/\/superpunch.com\/wp-content\/uploads\/2020\/10\/albachem-hook-wash.jpg","contentUrl":"https:\/\/superpunch.com\/wp-content\/uploads\/2020\/10\/albachem-hook-wash.jpg","width":600,"height":600},{"@type":"BreadcrumbList","@id":"https:\/\/superpunch.com\/fr\/produit\/hook-wash-nettoyant-lubrifiant\/#breadcrumb","itemListElement":[{"@type":"ListItem","position":1,"name":"Home","item":"https:\/\/superpunch.com\/fr\/"},{"@type":"ListItem","position":2,"name":"Shop","item":"https:\/\/superpunch.com\/fr\/shop\/"},{"@type":"ListItem","position":3,"name":"Hook Wash &#8211; Nettoyant &#038; Lubrifiant"}]},{"@type":"WebSite","@id":"https:\/\/superpunch.com\/fr\/#website","url":"https:\/\/superpunch.com\/fr\/","name":"Superpunch","description":"Superpunch - Embroidery Digitizing, Thread, Machines, Stabilizers And Supplies","publisher":{"@id":"https:\/\/superpunch.com\/fr\/#organization"},"potentialAction":[{"@type":"SearchAction","target":{"@type":"EntryPoint","urlTemplate":"https:\/\/superpunch.com\/fr\/?s={search_term_string}"},"query-input":{"@type":"PropertyValueSpecification","valueRequired":true,"valueName":"search_term_string"}}],"inLanguage":"fr-CA"},{"@type":"Organization","@id":"https:\/\/superpunch.com\/fr\/#organization","name":"Superpunch","url":"https:\/\/superpunch.com\/fr\/","logo":{"@type":"ImageObject","inLanguage":"fr-CA","@id":"https:\/\/superpunch.com\/fr\/#\/schema\/logo\/image\/","url":"https:\/\/superpunch.com\/wp-content\/uploads\/2022\/12\/superpunch_complet_new_site_on_black-2022.jpg","contentUrl":"https:\/\/superpunch.com\/wp-content\/uploads\/2022\/12\/superpunch_complet_new_site_on_black-2022.jpg","width":600,"height":174,"caption":"Superpunch"},"image":{"@id":"https:\/\/superpunch.com\/fr\/#\/schema\/logo\/image\/"},"sameAs":["https:\/\/www.facebook.com\/Superpunchembroiderybroderie","https:\/\/x.com\/superpunchemb","https:\/\/www.instagram.com\/superpunchbrand?igsh=YW8xa2ZyZmxkdGNv","https:\/\/www.youtube.com\/channel\/UCgt7yq4-pFJgeI_03psdGPQ","https:\/\/www.pinterest.ca\/superpunchemb"]}]}},"_links":{"self":[{"href":"https:\/\/superpunch.com\/fr\/wp-json\/wp\/v2\/product\/21371","targetHints":{"allow":["GET"]}}],"collection":[{"href":"https:\/\/superpunch.com\/fr\/wp-json\/wp\/v2\/product"}],"about":[{"href":"https:\/\/superpunch.com\/fr\/wp-json\/wp\/v2\/types\/product"}],"replies":[{"embeddable":true,"href":"https:\/\/superpunch.com\/fr\/wp-json\/wp\/v2\/comments?post=21371"}],"wp:featuredmedia":[{"embeddable":true,"href":"https:\/\/superpunch.com\/fr\/wp-json\/wp\/v2\/media\/35236"}],"wp:attachment":[{"href":"https:\/\/superpunch.com\/fr\/wp-json\/wp\/v2\/media?parent=21371"}],"wp:term":[{"taxonomy":"product_brand","embeddable":true,"href":"https:\/\/superpunch.com\/fr\/wp-json\/wp\/v2\/product_brand?post=21371"},{"taxonomy":"product_cat","embeddable":true,"href":"https:\/\/superpunch.com\/fr\/wp-json\/wp\/v2\/product_cat?post=21371"},{"taxonomy":"product_tag","embeddable":true,"href":"https:\/\/superpunch.com\/fr\/wp-json\/wp\/v2\/product_tag?post=21371"}],"curies":[{"name":"wp","href":"https:\/\/api.w.org\/{rel}","templated":true}]}}