{"id":21398,"date":"2020-10-14T17:20:35","date_gmt":"2020-10-14T21:20:35","guid":{"rendered":"https:\/\/superpunch.com\/shop\/entoilage-dechirable-adhesif\/"},"modified":"2026-04-06T07:46:29","modified_gmt":"2026-04-06T11:46:29","slug":"entoilage-dechirable-adhesif","status":"publish","type":"product","link":"https:\/\/superpunch.com\/fr\/produit\/entoilage-dechirable-adhesif\/","title":{"rendered":"Entoilage D\u00e9chirable Adh\u00e9sif \u00ab\u00a0Eco-Stick\u00a0\u00bb 2.0 oz"},"content":{"rendered":"<div class=\"\" style=\"position: relative;\" data-richtextify-editable=\"true\">\n<h2><strong>Entoilage D\u00e9chirable Adh\u00e9sif:<\/strong><\/h2>\n<p>Un <strong>pellon de 1.5 oz<\/strong>, avec une capacit\u00e9 d\u00e9chirable ferme, poss\u00e9dant une formule sp\u00e9ciale pour faciliter la p\u00e9n\u00e9tration de l&rsquo;aiguille pour toutes les broderies sans cerceaux et toutes sortes d&rsquo;applications avec pince.<\/p>\n<p>Contient polyester et cellulose.<\/p>\n<p>STICK IT IF YOU CAN&rsquo;T HOOP IT<\/p>\n<p><iframe src=\"https:\/\/www.youtube.com\/embed\/87fEid_DX3Q\" width=\"420\" height=\"315\" allowfullscreen=\"allowfullscreen\"><br \/>\n<\/iframe><br \/>\n<iframe src=\"https:\/\/www.youtube.com\/embed\/IFWCfW-Y1go\" width=\"420\" height=\"315\" allowfullscreen=\"allowfullscreen\"><\/iframe><\/p>\n<\/div>\n<p><iframe src=\"https:\/\/www.youtube.com\/embed\/_kO7mp2zOSs\" width=\"420\" height=\"315\" allowfullscreen=\"allowfullscreen\"><br \/>\n<\/iframe><\/p>\n","protected":false},"excerpt":{"rendered":"<div class=\"\" style=\"position: relative;\" data-richtextify-editable=\"true\">\n<ul>\n<li>Un<strong> pellon de 1.5 oz<\/strong>, avec une capacit\u00e9 d\u00e9chirable ferme, poss\u00e9dant une formule sp\u00e9ciale pour faciliter la p\u00e9n\u00e9tration de l&rsquo;aiguille pour toutes les broderies sans cerceaux et toutes sortes d&rsquo;applications en serre.<\/li>\n<li>Contient polyester et cellulose.<\/li>\n<li>Mettre l&rsquo;entoilage dans le cerceau, placez l&rsquo;article sur le dessus et apr\u00e8s quelques points, il restera stable.<\/li>\n<\/ul>\n<\/div>\n<p><img decoding=\"async\" class=\"alignnone wp-image-9188\" src=\"https:\/\/superpunch.com\/wp-content\/uploads\/2021\/03\/made_in_usa_FR-3.jpg\" alt=\"\" width=\"71\" height=\"50\" \/><\/p>\n","protected":false},"featured_media":18012,"comment_status":"open","ping_status":"closed","template":"","meta":{"site-sidebar-layout":"default","site-content-layout":"default","ast-site-content-layout":"default","site-content-style":"default","site-sidebar-style":"default","ast-global-header-display":"","ast-banner-title-visibility":"","ast-main-header-display":"","ast-hfb-above-header-display":"","ast-hfb-below-header-display":"","ast-hfb-mobile-header-display":"","site-post-title":"","ast-breadcrumbs-content":"","ast-featured-img":"","footer-sml-layout":"","ast-disable-related-posts":"","theme-transparent-header-meta":"default","adv-header-id-meta":"","stick-header-meta":"","header-above-stick-meta":"","header-main-stick-meta":"","header-below-stick-meta":"","astra-migrate-meta-layouts":"default","ast-page-background-enabled":"default","ast-page-background-meta":{"desktop":{"background-color":"","background-image":"","background-repeat":"repeat","background-position":"center center","background-size":"auto","background-attachment":"scroll","background-type":"","background-media":"","overlay-type":"","overlay-color":"","overlay-opacity":"","overlay-gradient":""},"tablet":{"background-color":"","background-image":"","background-repeat":"repeat","background-position":"center center","background-size":"auto","background-attachment":"scroll","background-type":"","background-media":"","overlay-type":"","overlay-color":"","overlay-opacity":"","overlay-gradient":""},"mobile":{"background-color":"","background-image":"","background-repeat":"repeat","background-position":"center center","background-size":"auto","background-attachment":"scroll","background-type":"","background-media":"","overlay-type":"","overlay-color":"","overlay-opacity":"","overlay-gradient":""}},"ast-content-background-meta":{"desktop":{"background-color":"var(--ast-global-color-5)","background-image":"","background-repeat":"repeat","background-position":"center center","background-size":"auto","background-attachment":"scroll","background-type":"","background-media":"","overlay-type":"","overlay-color":"","overlay-opacity":"","overlay-gradient":""},"tablet":{"background-color":"var(--ast-global-color-5)","background-image":"","background-repeat":"repeat","background-position":"center center","background-size":"auto","background-attachment":"scroll","background-type":"","background-media":"","overlay-type":"","overlay-color":"","overlay-opacity":"","overlay-gradient":""},"mobile":{"background-color":"var(--ast-global-color-5)","background-image":"","background-repeat":"repeat","background-position":"center center","background-size":"auto","background-attachment":"scroll","background-type":"","background-media":"","overlay-type":"","overlay-color":"","overlay-opacity":"","overlay-gradient":""}}},"product_brand":[],"product_cat":[2598,2601],"product_tag":[],"class_list":{"0":"post-21398","1":"product","2":"type-product","3":"status-publish","4":"has-post-thumbnail","6":"product_cat-entoilages","7":"product_cat-specialite","8":"desktop-align-center","9":"tablet-align-center","10":"mobile-align-center","12":"first","13":"instock","14":"taxable","15":"shipping-taxable","16":"purchasable","17":"product-type-variable"},"yoast_head":"<!-- This site is optimized with the Yoast SEO plugin v27.3 - https:\/\/yoast.com\/product\/yoast-seo-wordpress\/ -->\n<title>Entoilage D\u00e9chirable Adh\u00e9sif &quot;Eco-Stick&quot; 2.0 oz - Superpunch<\/title>\n<meta name=\"robots\" content=\"index, follow, max-snippet:-1, max-image-preview:large, max-video-preview:-1\" \/>\n<link rel=\"canonical\" href=\"https:\/\/superpunch.com\/fr\/produit\/entoilage-dechirable-adhesif\/\" \/>\n<meta property=\"og:locale\" content=\"fr_CA\" \/>\n<meta property=\"og:type\" content=\"article\" \/>\n<meta property=\"og:title\" content=\"Entoilage D\u00e9chirable Adh\u00e9sif &quot;Eco-Stick&quot; 2.0 oz - Superpunch\" \/>\n<meta property=\"og:description\" content=\"Un pellon de 1.5 oz, avec une capacit\u00e9 d\u00e9chirable ferme, poss\u00e9dant une formule sp\u00e9ciale pour faciliter la p\u00e9n\u00e9tration de l&#039;aiguille pour toutes les broderies sans cerceaux et toutes sortes d&#039;applications en serre.  Contient polyester et cellulose.  Mettre l&#039;entoilage dans le cerceau, placez l&#039;article sur le dessus et apr\u00e8s quelques points, il restera stable.\" \/>\n<meta property=\"og:url\" content=\"https:\/\/superpunch.com\/fr\/produit\/entoilage-dechirable-adhesif\/\" \/>\n<meta property=\"og:site_name\" content=\"Superpunch\" \/>\n<meta property=\"article:publisher\" content=\"https:\/\/www.facebook.com\/Superpunchembroiderybroderie\" \/>\n<meta property=\"article:modified_time\" content=\"2026-04-06T11:46:29+00:00\" \/>\n<meta property=\"og:image\" content=\"https:\/\/superpunch.com\/wp-content\/uploads\/2020\/10\/adhesive-crop.jpg\" \/>\n\t<meta property=\"og:image:width\" content=\"600\" \/>\n\t<meta property=\"og:image:height\" content=\"600\" \/>\n\t<meta property=\"og:image:type\" content=\"image\/jpeg\" \/>\n<meta name=\"twitter:card\" content=\"summary_large_image\" \/>\n<meta name=\"twitter:site\" content=\"@superpunchemb\" \/>\n<script type=\"application\/ld+json\" class=\"yoast-schema-graph\">{\"@context\":\"https:\\\/\\\/schema.org\",\"@graph\":[{\"@type\":\"WebPage\",\"@id\":\"https:\\\/\\\/superpunch.com\\\/fr\\\/produit\\\/entoilage-dechirable-adhesif\\\/\",\"url\":\"https:\\\/\\\/superpunch.com\\\/fr\\\/produit\\\/entoilage-dechirable-adhesif\\\/\",\"name\":\"Entoilage D\u00e9chirable Adh\u00e9sif \\\"Eco-Stick\\\" 2.0 oz - Superpunch\",\"isPartOf\":{\"@id\":\"https:\\\/\\\/superpunch.com\\\/fr\\\/#website\"},\"primaryImageOfPage\":{\"@id\":\"https:\\\/\\\/superpunch.com\\\/fr\\\/produit\\\/entoilage-dechirable-adhesif\\\/#primaryimage\"},\"image\":{\"@id\":\"https:\\\/\\\/superpunch.com\\\/fr\\\/produit\\\/entoilage-dechirable-adhesif\\\/#primaryimage\"},\"thumbnailUrl\":\"https:\\\/\\\/superpunch.com\\\/wp-content\\\/uploads\\\/2020\\\/10\\\/adhesive-crop.jpg\",\"datePublished\":\"2020-10-14T21:20:35+00:00\",\"dateModified\":\"2026-04-06T11:46:29+00:00\",\"breadcrumb\":{\"@id\":\"https:\\\/\\\/superpunch.com\\\/fr\\\/produit\\\/entoilage-dechirable-adhesif\\\/#breadcrumb\"},\"inLanguage\":\"fr-CA\",\"potentialAction\":[{\"@type\":\"ReadAction\",\"target\":[\"https:\\\/\\\/superpunch.com\\\/fr\\\/produit\\\/entoilage-dechirable-adhesif\\\/\"]}]},{\"@type\":\"ImageObject\",\"inLanguage\":\"fr-CA\",\"@id\":\"https:\\\/\\\/superpunch.com\\\/fr\\\/produit\\\/entoilage-dechirable-adhesif\\\/#primaryimage\",\"url\":\"https:\\\/\\\/superpunch.com\\\/wp-content\\\/uploads\\\/2020\\\/10\\\/adhesive-crop.jpg\",\"contentUrl\":\"https:\\\/\\\/superpunch.com\\\/wp-content\\\/uploads\\\/2020\\\/10\\\/adhesive-crop.jpg\",\"width\":600,\"height\":600},{\"@type\":\"BreadcrumbList\",\"@id\":\"https:\\\/\\\/superpunch.com\\\/fr\\\/produit\\\/entoilage-dechirable-adhesif\\\/#breadcrumb\",\"itemListElement\":[{\"@type\":\"ListItem\",\"position\":1,\"name\":\"Home\",\"item\":\"https:\\\/\\\/superpunch.com\\\/fr\\\/\"},{\"@type\":\"ListItem\",\"position\":2,\"name\":\"Shop\",\"item\":\"https:\\\/\\\/superpunch.com\\\/fr\\\/shop\\\/\"},{\"@type\":\"ListItem\",\"position\":3,\"name\":\"Entoilage D\u00e9chirable Adh\u00e9sif &#8220;Eco-Stick&#8221; 2.0 oz\"}]},{\"@type\":\"WebSite\",\"@id\":\"https:\\\/\\\/superpunch.com\\\/fr\\\/#website\",\"url\":\"https:\\\/\\\/superpunch.com\\\/fr\\\/\",\"name\":\"Superpunch\",\"description\":\"Superpunch - Embroidery Digitizing, Thread, Machines, Stabilizers And Supplies\",\"publisher\":{\"@id\":\"https:\\\/\\\/superpunch.com\\\/fr\\\/#organization\"},\"potentialAction\":[{\"@type\":\"SearchAction\",\"target\":{\"@type\":\"EntryPoint\",\"urlTemplate\":\"https:\\\/\\\/superpunch.com\\\/fr\\\/?s={search_term_string}\"},\"query-input\":{\"@type\":\"PropertyValueSpecification\",\"valueRequired\":true,\"valueName\":\"search_term_string\"}}],\"inLanguage\":\"fr-CA\"},{\"@type\":\"Organization\",\"@id\":\"https:\\\/\\\/superpunch.com\\\/fr\\\/#organization\",\"name\":\"Superpunch\",\"url\":\"https:\\\/\\\/superpunch.com\\\/fr\\\/\",\"logo\":{\"@type\":\"ImageObject\",\"inLanguage\":\"fr-CA\",\"@id\":\"https:\\\/\\\/superpunch.com\\\/fr\\\/#\\\/schema\\\/logo\\\/image\\\/\",\"url\":\"https:\\\/\\\/superpunch.com\\\/wp-content\\\/uploads\\\/2022\\\/12\\\/superpunch_complet_new_site_on_black-2022.jpg\",\"contentUrl\":\"https:\\\/\\\/superpunch.com\\\/wp-content\\\/uploads\\\/2022\\\/12\\\/superpunch_complet_new_site_on_black-2022.jpg\",\"width\":600,\"height\":174,\"caption\":\"Superpunch\"},\"image\":{\"@id\":\"https:\\\/\\\/superpunch.com\\\/fr\\\/#\\\/schema\\\/logo\\\/image\\\/\"},\"sameAs\":[\"https:\\\/\\\/www.facebook.com\\\/Superpunchembroiderybroderie\",\"https:\\\/\\\/x.com\\\/superpunchemb\",\"https:\\\/\\\/www.instagram.com\\\/superpunchbrand?igsh=YW8xa2ZyZmxkdGNv\",\"https:\\\/\\\/www.youtube.com\\\/channel\\\/UCgt7yq4-pFJgeI_03psdGPQ\",\"https:\\\/\\\/www.pinterest.ca\\\/superpunchemb\"]}]}<\/script>\n<!-- \/ Yoast SEO plugin. -->","yoast_head_json":{"title":"Entoilage D\u00e9chirable Adh\u00e9sif \"Eco-Stick\" 2.0 oz - Superpunch","robots":{"index":"index","follow":"follow","max-snippet":"max-snippet:-1","max-image-preview":"max-image-preview:large","max-video-preview":"max-video-preview:-1"},"canonical":"https:\/\/superpunch.com\/fr\/produit\/entoilage-dechirable-adhesif\/","og_locale":"fr_CA","og_type":"article","og_title":"Entoilage D\u00e9chirable Adh\u00e9sif \"Eco-Stick\" 2.0 oz - Superpunch","og_description":"Un pellon de 1.5 oz, avec une capacit\u00e9 d\u00e9chirable ferme, poss\u00e9dant une formule sp\u00e9ciale pour faciliter la p\u00e9n\u00e9tration de l'aiguille pour toutes les broderies sans cerceaux et toutes sortes d'applications en serre.  Contient polyester et cellulose.  Mettre l'entoilage dans le cerceau, placez l'article sur le dessus et apr\u00e8s quelques points, il restera stable.","og_url":"https:\/\/superpunch.com\/fr\/produit\/entoilage-dechirable-adhesif\/","og_site_name":"Superpunch","article_publisher":"https:\/\/www.facebook.com\/Superpunchembroiderybroderie","article_modified_time":"2026-04-06T11:46:29+00:00","og_image":[{"width":600,"height":600,"url":"https:\/\/superpunch.com\/wp-content\/uploads\/2020\/10\/adhesive-crop.jpg","type":"image\/jpeg"}],"twitter_card":"summary_large_image","twitter_site":"@superpunchemb","schema":{"@context":"https:\/\/schema.org","@graph":[{"@type":"WebPage","@id":"https:\/\/superpunch.com\/fr\/produit\/entoilage-dechirable-adhesif\/","url":"https:\/\/superpunch.com\/fr\/produit\/entoilage-dechirable-adhesif\/","name":"Entoilage D\u00e9chirable Adh\u00e9sif \"Eco-Stick\" 2.0 oz - Superpunch","isPartOf":{"@id":"https:\/\/superpunch.com\/fr\/#website"},"primaryImageOfPage":{"@id":"https:\/\/superpunch.com\/fr\/produit\/entoilage-dechirable-adhesif\/#primaryimage"},"image":{"@id":"https:\/\/superpunch.com\/fr\/produit\/entoilage-dechirable-adhesif\/#primaryimage"},"thumbnailUrl":"https:\/\/superpunch.com\/wp-content\/uploads\/2020\/10\/adhesive-crop.jpg","datePublished":"2020-10-14T21:20:35+00:00","dateModified":"2026-04-06T11:46:29+00:00","breadcrumb":{"@id":"https:\/\/superpunch.com\/fr\/produit\/entoilage-dechirable-adhesif\/#breadcrumb"},"inLanguage":"fr-CA","potentialAction":[{"@type":"ReadAction","target":["https:\/\/superpunch.com\/fr\/produit\/entoilage-dechirable-adhesif\/"]}]},{"@type":"ImageObject","inLanguage":"fr-CA","@id":"https:\/\/superpunch.com\/fr\/produit\/entoilage-dechirable-adhesif\/#primaryimage","url":"https:\/\/superpunch.com\/wp-content\/uploads\/2020\/10\/adhesive-crop.jpg","contentUrl":"https:\/\/superpunch.com\/wp-content\/uploads\/2020\/10\/adhesive-crop.jpg","width":600,"height":600},{"@type":"BreadcrumbList","@id":"https:\/\/superpunch.com\/fr\/produit\/entoilage-dechirable-adhesif\/#breadcrumb","itemListElement":[{"@type":"ListItem","position":1,"name":"Home","item":"https:\/\/superpunch.com\/fr\/"},{"@type":"ListItem","position":2,"name":"Shop","item":"https:\/\/superpunch.com\/fr\/shop\/"},{"@type":"ListItem","position":3,"name":"Entoilage D\u00e9chirable Adh\u00e9sif &#8220;Eco-Stick&#8221; 2.0 oz"}]},{"@type":"WebSite","@id":"https:\/\/superpunch.com\/fr\/#website","url":"https:\/\/superpunch.com\/fr\/","name":"Superpunch","description":"Superpunch - Embroidery Digitizing, Thread, Machines, Stabilizers And Supplies","publisher":{"@id":"https:\/\/superpunch.com\/fr\/#organization"},"potentialAction":[{"@type":"SearchAction","target":{"@type":"EntryPoint","urlTemplate":"https:\/\/superpunch.com\/fr\/?s={search_term_string}"},"query-input":{"@type":"PropertyValueSpecification","valueRequired":true,"valueName":"search_term_string"}}],"inLanguage":"fr-CA"},{"@type":"Organization","@id":"https:\/\/superpunch.com\/fr\/#organization","name":"Superpunch","url":"https:\/\/superpunch.com\/fr\/","logo":{"@type":"ImageObject","inLanguage":"fr-CA","@id":"https:\/\/superpunch.com\/fr\/#\/schema\/logo\/image\/","url":"https:\/\/superpunch.com\/wp-content\/uploads\/2022\/12\/superpunch_complet_new_site_on_black-2022.jpg","contentUrl":"https:\/\/superpunch.com\/wp-content\/uploads\/2022\/12\/superpunch_complet_new_site_on_black-2022.jpg","width":600,"height":174,"caption":"Superpunch"},"image":{"@id":"https:\/\/superpunch.com\/fr\/#\/schema\/logo\/image\/"},"sameAs":["https:\/\/www.facebook.com\/Superpunchembroiderybroderie","https:\/\/x.com\/superpunchemb","https:\/\/www.instagram.com\/superpunchbrand?igsh=YW8xa2ZyZmxkdGNv","https:\/\/www.youtube.com\/channel\/UCgt7yq4-pFJgeI_03psdGPQ","https:\/\/www.pinterest.ca\/superpunchemb"]}]}},"_links":{"self":[{"href":"https:\/\/superpunch.com\/fr\/wp-json\/wp\/v2\/product\/21398","targetHints":{"allow":["GET"]}}],"collection":[{"href":"https:\/\/superpunch.com\/fr\/wp-json\/wp\/v2\/product"}],"about":[{"href":"https:\/\/superpunch.com\/fr\/wp-json\/wp\/v2\/types\/product"}],"replies":[{"embeddable":true,"href":"https:\/\/superpunch.com\/fr\/wp-json\/wp\/v2\/comments?post=21398"}],"wp:featuredmedia":[{"embeddable":true,"href":"https:\/\/superpunch.com\/fr\/wp-json\/wp\/v2\/media\/18012"}],"wp:attachment":[{"href":"https:\/\/superpunch.com\/fr\/wp-json\/wp\/v2\/media?parent=21398"}],"wp:term":[{"taxonomy":"product_brand","embeddable":true,"href":"https:\/\/superpunch.com\/fr\/wp-json\/wp\/v2\/product_brand?post=21398"},{"taxonomy":"product_cat","embeddable":true,"href":"https:\/\/superpunch.com\/fr\/wp-json\/wp\/v2\/product_cat?post=21398"},{"taxonomy":"product_tag","embeddable":true,"href":"https:\/\/superpunch.com\/fr\/wp-json\/wp\/v2\/product_tag?post=21398"}],"curies":[{"name":"wp","href":"https:\/\/api.w.org\/{rel}","templated":true}]}}