{"id":21419,"date":"2020-10-14T17:19:19","date_gmt":"2020-10-14T21:19:19","guid":{"rendered":"https:\/\/superpunch.com\/shop\/entoilage-dechirable-doux-1-8-oz\/"},"modified":"2026-04-13T10:03:54","modified_gmt":"2026-04-13T14:03:54","slug":"entoilage-dechirable-doux-1-8-oz","status":"publish","type":"product","link":"https:\/\/superpunch.com\/fr\/produit\/entoilage-dechirable-doux-1-8-oz\/","title":{"rendered":"Entoilage D\u00e9chirable Doux 1.8 oz"},"content":{"rendered":"<div class=\"\" style=\"position: relative;\" data-richtextify-editable=\"true\">\n<h2><strong>Entoilage D\u00e9chirable Doux 1.8 oz:<\/strong><\/h2>\n<p>La plus haute qualit\u00e9 de <strong>pellon d\u00e9chirable<\/strong>, dense, doux, drapable et multi directionnel vous est offerte avec un agent lubrifiant \u00e0 base de silicone permettant \u00e0 votre aiguille de mieux glisser lors des p\u00e9n\u00e9trations \u00e0 haute vitesse.<\/p>\n<p>Ce produit est un favori parmi les brodeurs commerciaux et il est doux de nature, se d\u00e9chirant encore plus facilement apr\u00e8s avoir subi les p\u00e9n\u00e9trations d&rsquo;aiguilles. Sa couleur blanche pure vient d&rsquo;un l\u00e9ger surplus de polyester, en plus de la cellulose.<\/p>\n<p>Ce d\u00e9chirable 1.8 oz est assez \u00e9pais et offre beaucoup de support. Si vous recherchez un d\u00e9chirable facile \u00e0 d\u00e9chirer, prenez le 1.5 oz.<\/p>\n<\/div>\n","protected":false},"excerpt":{"rendered":"<div class=\"\" style=\"position: relative;\" data-richtextify-editable=\"true\">\n<ul>\n<li>La plus haute qualit\u00e9 <strong>d\u2019entoilage d\u00e9chirable<\/strong>, dense, doux, drapable et multi directionnel vous est offerte avec un agent lubrifiant \u00e0 base de silicone permettant \u00e0 votre aiguille de mieux glisser lors des p\u00e9n\u00e9trations \u00e0 haute vitesse.<\/li>\n<li>Ce produit est un favori parmi les brodeurs commerciaux et il est doux de nature, se d\u00e9chirant encore plus facilement apr\u00e8s avoir subi les p\u00e9n\u00e9trations d&rsquo;aiguilles.<\/li>\n<li>Sa couleur blanche pure vient d&rsquo;un l\u00e9ger surplus de polyester, en plus de la cellulose.<\/li>\n<li>Ce d\u00e9chirable 1.8 oz est assez \u00e9pais et offre beaucoup de support. Si vous recherchez un d\u00e9chirable facile \u00e0 d\u00e9chirer, prenez le 1.5 oz.<\/li>\n<\/ul>\n<p><img decoding=\"async\" class=\"alignnone wp-image-9188\" src=\"https:\/\/superpunch.com\/wp-content\/uploads\/2021\/03\/made_in_usa_FR-3.jpg\" alt=\"\" width=\"71\" height=\"50\" \/><\/p>\n<\/div>\n","protected":false},"featured_media":18815,"comment_status":"open","ping_status":"closed","template":"","meta":{"site-sidebar-layout":"default","site-content-layout":"default","ast-site-content-layout":"default","site-content-style":"default","site-sidebar-style":"default","ast-global-header-display":"","ast-banner-title-visibility":"","ast-main-header-display":"","ast-hfb-above-header-display":"","ast-hfb-below-header-display":"","ast-hfb-mobile-header-display":"","site-post-title":"","ast-breadcrumbs-content":"","ast-featured-img":"","footer-sml-layout":"","ast-disable-related-posts":"","theme-transparent-header-meta":"default","adv-header-id-meta":"","stick-header-meta":"","header-above-stick-meta":"","header-main-stick-meta":"","header-below-stick-meta":"","astra-migrate-meta-layouts":"default","ast-page-background-enabled":"default","ast-page-background-meta":{"desktop":{"background-color":"","background-image":"","background-repeat":"repeat","background-position":"center center","background-size":"auto","background-attachment":"scroll","background-type":"","background-media":"","overlay-type":"","overlay-color":"","overlay-opacity":"","overlay-gradient":""},"tablet":{"background-color":"","background-image":"","background-repeat":"repeat","background-position":"center center","background-size":"auto","background-attachment":"scroll","background-type":"","background-media":"","overlay-type":"","overlay-color":"","overlay-opacity":"","overlay-gradient":""},"mobile":{"background-color":"","background-image":"","background-repeat":"repeat","background-position":"center center","background-size":"auto","background-attachment":"scroll","background-type":"","background-media":"","overlay-type":"","overlay-color":"","overlay-opacity":"","overlay-gradient":""}},"ast-content-background-meta":{"desktop":{"background-color":"var(--ast-global-color-5)","background-image":"","background-repeat":"repeat","background-position":"center center","background-size":"auto","background-attachment":"scroll","background-type":"","background-media":"","overlay-type":"","overlay-color":"","overlay-opacity":"","overlay-gradient":""},"tablet":{"background-color":"var(--ast-global-color-5)","background-image":"","background-repeat":"repeat","background-position":"center center","background-size":"auto","background-attachment":"scroll","background-type":"","background-media":"","overlay-type":"","overlay-color":"","overlay-opacity":"","overlay-gradient":""},"mobile":{"background-color":"var(--ast-global-color-5)","background-image":"","background-repeat":"repeat","background-position":"center center","background-size":"auto","background-attachment":"scroll","background-type":"","background-media":"","overlay-type":"","overlay-color":"","overlay-opacity":"","overlay-gradient":""}}},"product_brand":[],"product_cat":[2602,2598],"product_tag":[],"class_list":{"0":"post-21419","1":"product","2":"type-product","3":"status-publish","4":"has-post-thumbnail","6":"product_cat-dechirable","7":"product_cat-entoilages","8":"desktop-align-center","9":"tablet-align-center","10":"mobile-align-center","12":"first","13":"instock","14":"taxable","15":"shipping-taxable","16":"purchasable","17":"product-type-variable"},"yoast_head":"<!-- This site is optimized with the Yoast SEO plugin v27.3 - https:\/\/yoast.com\/product\/yoast-seo-wordpress\/ -->\n<title>Entoilage D\u00e9chirable Doux 1.8 oz - Superpunch<\/title>\n<meta name=\"robots\" content=\"index, follow, max-snippet:-1, max-image-preview:large, max-video-preview:-1\" \/>\n<link rel=\"canonical\" href=\"https:\/\/superpunch.com\/fr\/produit\/entoilage-dechirable-doux-1-8-oz\/\" \/>\n<meta property=\"og:locale\" content=\"fr_CA\" \/>\n<meta property=\"og:type\" content=\"article\" \/>\n<meta property=\"og:title\" content=\"Entoilage D\u00e9chirable Doux 1.8 oz - Superpunch\" \/>\n<meta property=\"og:description\" content=\"La plus haute qualit\u00e9 d\u2019entoilage d\u00e9chirable, dense, doux, drapable et multi directionnel vous est offerte avec un agent lubrifiant \u00e0 base de silicone permettant \u00e0 votre aiguille de mieux glisser lors des p\u00e9n\u00e9trations \u00e0 haute vitesse.  Ce produit est un favori parmi les brodeurs commerciaux et il est doux de nature, se d\u00e9chirant encore plus facilement apr\u00e8s avoir subi les p\u00e9n\u00e9trations d&#039;aiguilles.  Sa couleur blanche pure vient d&#039;un l\u00e9ger surplus de polyester, en plus de la cellulose.  Ce d\u00e9chirable 1.8 oz est assez \u00e9pais et offre beaucoup de support. Si vous recherchez un d\u00e9chirable facile \u00e0 d\u00e9chirer, prenez le 1.5 oz.\" \/>\n<meta property=\"og:url\" content=\"https:\/\/superpunch.com\/fr\/produit\/entoilage-dechirable-doux-1-8-oz\/\" \/>\n<meta property=\"og:site_name\" content=\"Superpunch\" \/>\n<meta property=\"article:publisher\" content=\"https:\/\/www.facebook.com\/Superpunchembroiderybroderie\" \/>\n<meta property=\"article:modified_time\" content=\"2026-04-13T14:03:54+00:00\" \/>\n<meta name=\"twitter:card\" content=\"summary_large_image\" \/>\n<meta name=\"twitter:site\" content=\"@superpunchemb\" \/>\n<meta name=\"twitter:label1\" content=\"Estimation du temps de lecture\" \/>\n\t<meta name=\"twitter:data1\" content=\"1 minute\" \/>\n<script type=\"application\/ld+json\" class=\"yoast-schema-graph\">{\"@context\":\"https:\\\/\\\/schema.org\",\"@graph\":[{\"@type\":\"WebPage\",\"@id\":\"https:\\\/\\\/superpunch.com\\\/fr\\\/produit\\\/entoilage-dechirable-doux-1-8-oz\\\/\",\"url\":\"https:\\\/\\\/superpunch.com\\\/fr\\\/produit\\\/entoilage-dechirable-doux-1-8-oz\\\/\",\"name\":\"Entoilage D\u00e9chirable Doux 1.8 oz - Superpunch\",\"isPartOf\":{\"@id\":\"https:\\\/\\\/superpunch.com\\\/fr\\\/#website\"},\"primaryImageOfPage\":{\"@id\":\"https:\\\/\\\/superpunch.com\\\/fr\\\/produit\\\/entoilage-dechirable-doux-1-8-oz\\\/#primaryimage\"},\"image\":{\"@id\":\"https:\\\/\\\/superpunch.com\\\/fr\\\/produit\\\/entoilage-dechirable-doux-1-8-oz\\\/#primaryimage\"},\"thumbnailUrl\":\"https:\\\/\\\/superpunch.com\\\/wp-content\\\/uploads\\\/2020\\\/11\\\/zJlarochelle_tear.jpg\",\"datePublished\":\"2020-10-14T21:19:19+00:00\",\"dateModified\":\"2026-04-13T14:03:54+00:00\",\"breadcrumb\":{\"@id\":\"https:\\\/\\\/superpunch.com\\\/fr\\\/produit\\\/entoilage-dechirable-doux-1-8-oz\\\/#breadcrumb\"},\"inLanguage\":\"fr-CA\",\"potentialAction\":[{\"@type\":\"ReadAction\",\"target\":[\"https:\\\/\\\/superpunch.com\\\/fr\\\/produit\\\/entoilage-dechirable-doux-1-8-oz\\\/\"]}]},{\"@type\":\"ImageObject\",\"inLanguage\":\"fr-CA\",\"@id\":\"https:\\\/\\\/superpunch.com\\\/fr\\\/produit\\\/entoilage-dechirable-doux-1-8-oz\\\/#primaryimage\",\"url\":\"https:\\\/\\\/superpunch.com\\\/wp-content\\\/uploads\\\/2020\\\/11\\\/zJlarochelle_tear.jpg\",\"contentUrl\":\"https:\\\/\\\/superpunch.com\\\/wp-content\\\/uploads\\\/2020\\\/11\\\/zJlarochelle_tear.jpg\",\"width\":600,\"height\":600},{\"@type\":\"BreadcrumbList\",\"@id\":\"https:\\\/\\\/superpunch.com\\\/fr\\\/produit\\\/entoilage-dechirable-doux-1-8-oz\\\/#breadcrumb\",\"itemListElement\":[{\"@type\":\"ListItem\",\"position\":1,\"name\":\"Home\",\"item\":\"https:\\\/\\\/superpunch.com\\\/fr\\\/\"},{\"@type\":\"ListItem\",\"position\":2,\"name\":\"Shop\",\"item\":\"https:\\\/\\\/superpunch.com\\\/fr\\\/shop\\\/\"},{\"@type\":\"ListItem\",\"position\":3,\"name\":\"Entoilage D\u00e9chirable Doux 1.8 oz\"}]},{\"@type\":\"WebSite\",\"@id\":\"https:\\\/\\\/superpunch.com\\\/fr\\\/#website\",\"url\":\"https:\\\/\\\/superpunch.com\\\/fr\\\/\",\"name\":\"Superpunch\",\"description\":\"Superpunch - Embroidery Digitizing, Thread, Machines, Stabilizers And Supplies\",\"publisher\":{\"@id\":\"https:\\\/\\\/superpunch.com\\\/fr\\\/#organization\"},\"potentialAction\":[{\"@type\":\"SearchAction\",\"target\":{\"@type\":\"EntryPoint\",\"urlTemplate\":\"https:\\\/\\\/superpunch.com\\\/fr\\\/?s={search_term_string}\"},\"query-input\":{\"@type\":\"PropertyValueSpecification\",\"valueRequired\":true,\"valueName\":\"search_term_string\"}}],\"inLanguage\":\"fr-CA\"},{\"@type\":\"Organization\",\"@id\":\"https:\\\/\\\/superpunch.com\\\/fr\\\/#organization\",\"name\":\"Superpunch\",\"url\":\"https:\\\/\\\/superpunch.com\\\/fr\\\/\",\"logo\":{\"@type\":\"ImageObject\",\"inLanguage\":\"fr-CA\",\"@id\":\"https:\\\/\\\/superpunch.com\\\/fr\\\/#\\\/schema\\\/logo\\\/image\\\/\",\"url\":\"https:\\\/\\\/superpunch.com\\\/wp-content\\\/uploads\\\/2022\\\/12\\\/superpunch_complet_new_site_on_black-2022.jpg\",\"contentUrl\":\"https:\\\/\\\/superpunch.com\\\/wp-content\\\/uploads\\\/2022\\\/12\\\/superpunch_complet_new_site_on_black-2022.jpg\",\"width\":600,\"height\":174,\"caption\":\"Superpunch\"},\"image\":{\"@id\":\"https:\\\/\\\/superpunch.com\\\/fr\\\/#\\\/schema\\\/logo\\\/image\\\/\"},\"sameAs\":[\"https:\\\/\\\/www.facebook.com\\\/Superpunchembroiderybroderie\",\"https:\\\/\\\/x.com\\\/superpunchemb\",\"https:\\\/\\\/www.instagram.com\\\/superpunchbrand?igsh=YW8xa2ZyZmxkdGNv\",\"https:\\\/\\\/www.youtube.com\\\/channel\\\/UCgt7yq4-pFJgeI_03psdGPQ\",\"https:\\\/\\\/www.pinterest.ca\\\/superpunchemb\"]}]}<\/script>\n<!-- \/ Yoast SEO plugin. -->","yoast_head_json":{"title":"Entoilage D\u00e9chirable Doux 1.8 oz - Superpunch","robots":{"index":"index","follow":"follow","max-snippet":"max-snippet:-1","max-image-preview":"max-image-preview:large","max-video-preview":"max-video-preview:-1"},"canonical":"https:\/\/superpunch.com\/fr\/produit\/entoilage-dechirable-doux-1-8-oz\/","og_locale":"fr_CA","og_type":"article","og_title":"Entoilage D\u00e9chirable Doux 1.8 oz - Superpunch","og_description":"La plus haute qualit\u00e9 d\u2019entoilage d\u00e9chirable, dense, doux, drapable et multi directionnel vous est offerte avec un agent lubrifiant \u00e0 base de silicone permettant \u00e0 votre aiguille de mieux glisser lors des p\u00e9n\u00e9trations \u00e0 haute vitesse.  Ce produit est un favori parmi les brodeurs commerciaux et il est doux de nature, se d\u00e9chirant encore plus facilement apr\u00e8s avoir subi les p\u00e9n\u00e9trations d'aiguilles.  Sa couleur blanche pure vient d'un l\u00e9ger surplus de polyester, en plus de la cellulose.  Ce d\u00e9chirable 1.8 oz est assez \u00e9pais et offre beaucoup de support. Si vous recherchez un d\u00e9chirable facile \u00e0 d\u00e9chirer, prenez le 1.5 oz.","og_url":"https:\/\/superpunch.com\/fr\/produit\/entoilage-dechirable-doux-1-8-oz\/","og_site_name":"Superpunch","article_publisher":"https:\/\/www.facebook.com\/Superpunchembroiderybroderie","article_modified_time":"2026-04-13T14:03:54+00:00","twitter_card":"summary_large_image","twitter_site":"@superpunchemb","twitter_misc":{"Estimation du temps de lecture":"1 minute"},"schema":{"@context":"https:\/\/schema.org","@graph":[{"@type":"WebPage","@id":"https:\/\/superpunch.com\/fr\/produit\/entoilage-dechirable-doux-1-8-oz\/","url":"https:\/\/superpunch.com\/fr\/produit\/entoilage-dechirable-doux-1-8-oz\/","name":"Entoilage D\u00e9chirable Doux 1.8 oz - Superpunch","isPartOf":{"@id":"https:\/\/superpunch.com\/fr\/#website"},"primaryImageOfPage":{"@id":"https:\/\/superpunch.com\/fr\/produit\/entoilage-dechirable-doux-1-8-oz\/#primaryimage"},"image":{"@id":"https:\/\/superpunch.com\/fr\/produit\/entoilage-dechirable-doux-1-8-oz\/#primaryimage"},"thumbnailUrl":"https:\/\/superpunch.com\/wp-content\/uploads\/2020\/11\/zJlarochelle_tear.jpg","datePublished":"2020-10-14T21:19:19+00:00","dateModified":"2026-04-13T14:03:54+00:00","breadcrumb":{"@id":"https:\/\/superpunch.com\/fr\/produit\/entoilage-dechirable-doux-1-8-oz\/#breadcrumb"},"inLanguage":"fr-CA","potentialAction":[{"@type":"ReadAction","target":["https:\/\/superpunch.com\/fr\/produit\/entoilage-dechirable-doux-1-8-oz\/"]}]},{"@type":"ImageObject","inLanguage":"fr-CA","@id":"https:\/\/superpunch.com\/fr\/produit\/entoilage-dechirable-doux-1-8-oz\/#primaryimage","url":"https:\/\/superpunch.com\/wp-content\/uploads\/2020\/11\/zJlarochelle_tear.jpg","contentUrl":"https:\/\/superpunch.com\/wp-content\/uploads\/2020\/11\/zJlarochelle_tear.jpg","width":600,"height":600},{"@type":"BreadcrumbList","@id":"https:\/\/superpunch.com\/fr\/produit\/entoilage-dechirable-doux-1-8-oz\/#breadcrumb","itemListElement":[{"@type":"ListItem","position":1,"name":"Home","item":"https:\/\/superpunch.com\/fr\/"},{"@type":"ListItem","position":2,"name":"Shop","item":"https:\/\/superpunch.com\/fr\/shop\/"},{"@type":"ListItem","position":3,"name":"Entoilage D\u00e9chirable Doux 1.8 oz"}]},{"@type":"WebSite","@id":"https:\/\/superpunch.com\/fr\/#website","url":"https:\/\/superpunch.com\/fr\/","name":"Superpunch","description":"Superpunch - Embroidery Digitizing, Thread, Machines, Stabilizers And Supplies","publisher":{"@id":"https:\/\/superpunch.com\/fr\/#organization"},"potentialAction":[{"@type":"SearchAction","target":{"@type":"EntryPoint","urlTemplate":"https:\/\/superpunch.com\/fr\/?s={search_term_string}"},"query-input":{"@type":"PropertyValueSpecification","valueRequired":true,"valueName":"search_term_string"}}],"inLanguage":"fr-CA"},{"@type":"Organization","@id":"https:\/\/superpunch.com\/fr\/#organization","name":"Superpunch","url":"https:\/\/superpunch.com\/fr\/","logo":{"@type":"ImageObject","inLanguage":"fr-CA","@id":"https:\/\/superpunch.com\/fr\/#\/schema\/logo\/image\/","url":"https:\/\/superpunch.com\/wp-content\/uploads\/2022\/12\/superpunch_complet_new_site_on_black-2022.jpg","contentUrl":"https:\/\/superpunch.com\/wp-content\/uploads\/2022\/12\/superpunch_complet_new_site_on_black-2022.jpg","width":600,"height":174,"caption":"Superpunch"},"image":{"@id":"https:\/\/superpunch.com\/fr\/#\/schema\/logo\/image\/"},"sameAs":["https:\/\/www.facebook.com\/Superpunchembroiderybroderie","https:\/\/x.com\/superpunchemb","https:\/\/www.instagram.com\/superpunchbrand?igsh=YW8xa2ZyZmxkdGNv","https:\/\/www.youtube.com\/channel\/UCgt7yq4-pFJgeI_03psdGPQ","https:\/\/www.pinterest.ca\/superpunchemb"]}]}},"_links":{"self":[{"href":"https:\/\/superpunch.com\/fr\/wp-json\/wp\/v2\/product\/21419","targetHints":{"allow":["GET"]}}],"collection":[{"href":"https:\/\/superpunch.com\/fr\/wp-json\/wp\/v2\/product"}],"about":[{"href":"https:\/\/superpunch.com\/fr\/wp-json\/wp\/v2\/types\/product"}],"replies":[{"embeddable":true,"href":"https:\/\/superpunch.com\/fr\/wp-json\/wp\/v2\/comments?post=21419"}],"wp:featuredmedia":[{"embeddable":true,"href":"https:\/\/superpunch.com\/fr\/wp-json\/wp\/v2\/media\/18815"}],"wp:attachment":[{"href":"https:\/\/superpunch.com\/fr\/wp-json\/wp\/v2\/media?parent=21419"}],"wp:term":[{"taxonomy":"product_brand","embeddable":true,"href":"https:\/\/superpunch.com\/fr\/wp-json\/wp\/v2\/product_brand?post=21419"},{"taxonomy":"product_cat","embeddable":true,"href":"https:\/\/superpunch.com\/fr\/wp-json\/wp\/v2\/product_cat?post=21419"},{"taxonomy":"product_tag","embeddable":true,"href":"https:\/\/superpunch.com\/fr\/wp-json\/wp\/v2\/product_tag?post=21419"}],"curies":[{"name":"wp","href":"https:\/\/api.w.org\/{rel}","templated":true}]}}