{"id":21454,"date":"2020-10-14T17:18:04","date_gmt":"2020-10-14T21:18:04","guid":{"rendered":"https:\/\/superpunch.com\/shop\/entoilage-mesh-fusible-1-5oz\/"},"modified":"2026-01-20T15:23:00","modified_gmt":"2026-01-20T20:23:00","slug":"entoilage-mesh-fusible-1-5oz","status":"publish","type":"product","link":"https:\/\/superpunch.com\/fr\/produit\/entoilage-mesh-fusible-1-5oz\/","title":{"rendered":"Entoilage Mesh Fusible 1.5oz"},"content":{"rendered":"<div class=\"\" style=\"position: relative;\" data-richtextify-editable=\"true\">\n<h2>Entoilage Mesh Fusible:<\/h2>\n<p>Un nylon 1.5 oz enrob\u00e9 et emboss\u00e9 diagonalement pour ajouter \u00e0 la stabilit\u00e9 multi directionnel. <strong>L&rsquo;entoilage mesh fusible<\/strong> est un produit con\u00e7u pour fondre doucement lorsqu&rsquo;activ\u00e9 \u00e0 260 degr\u00e9s <span class=\"VIiyi\" lang=\"en\"><span class=\"JLqJ4b ChMk0b\" data-language-for-alternatives=\"en\" data-language-to-translate-into=\"fr\" data-phrase-index=\"0\">Fahrenheit<\/span><\/span>, afin de ne pas \u00e9gratigner, ni d\u00e9former votre mat\u00e9riel. Il peut \u00eatre rechauff\u00e9 encore pour une finition propre. Le produit est de haute qualit\u00e9.<\/p>\n<p>&nbsp;<\/p>\n<\/div>\n","protected":false},"excerpt":{"rendered":"<div class=\"\" style=\"position: relative;\" data-richtextify-editable=\"true\">\n<ul>\n<li>Un nylon 1.5 oz enrob\u00e9 et emboss\u00e9 diagonalement pour ajouter \u00e0 la stabilit\u00e9 multi directionnel.<\/li>\n<li><strong>L&rsquo;entoilage mesh fusible<\/strong> est un produit con\u00e7u pour fondre doucement lorsqu&rsquo;activ\u00e9 \u00e0 260 degr\u00e9s <span class=\"VIiyi\" lang=\"en\"><span class=\"JLqJ4b ChMk0b\" data-language-for-alternatives=\"en\" data-language-to-translate-into=\"fr\" data-phrase-index=\"0\">Fahrenheit<\/span><\/span>, afin de ne pas \u00e9gratigner, ni d\u00e9former votre mat\u00e9riel. Il peut \u00eatre rechauff\u00e9 encore pour une finition propre.<\/li>\n<li>Le produit est de haute qualit\u00e9.<\/li>\n<li>Ce produit est exactement le m\u00eame que le mesh invisible mais avec un agent de fusion ajout\u00e9.<\/li>\n<li>Lorsqu&rsquo;il est fusionn\u00e9 avec une chemise, cela vous donne le plus de stabilit\u00e9 possible.<\/li>\n<\/ul>\n<p><img decoding=\"async\" class=\"alignnone wp-image-9188\" src=\"https:\/\/superpunch.com\/wp-content\/uploads\/2021\/03\/made_in_usa_FR-3.jpg\" alt=\"\" width=\"71\" height=\"50\" \/><\/p>\n<p>&nbsp;<\/p>\n<\/div>\n","protected":false},"featured_media":17375,"comment_status":"open","ping_status":"closed","template":"","meta":{"site-sidebar-layout":"default","site-content-layout":"default","ast-site-content-layout":"default","site-content-style":"default","site-sidebar-style":"default","ast-global-header-display":"","ast-banner-title-visibility":"","ast-main-header-display":"","ast-hfb-above-header-display":"","ast-hfb-below-header-display":"","ast-hfb-mobile-header-display":"","site-post-title":"","ast-breadcrumbs-content":"","ast-featured-img":"","footer-sml-layout":"","ast-disable-related-posts":"","theme-transparent-header-meta":"default","adv-header-id-meta":"","stick-header-meta":"","header-above-stick-meta":"","header-main-stick-meta":"","header-below-stick-meta":"","astra-migrate-meta-layouts":"default","ast-page-background-enabled":"default","ast-page-background-meta":{"desktop":{"background-color":"","background-image":"","background-repeat":"repeat","background-position":"center center","background-size":"auto","background-attachment":"scroll","background-type":"","background-media":"","overlay-type":"","overlay-color":"","overlay-opacity":"","overlay-gradient":""},"tablet":{"background-color":"","background-image":"","background-repeat":"repeat","background-position":"center center","background-size":"auto","background-attachment":"scroll","background-type":"","background-media":"","overlay-type":"","overlay-color":"","overlay-opacity":"","overlay-gradient":""},"mobile":{"background-color":"","background-image":"","background-repeat":"repeat","background-position":"center center","background-size":"auto","background-attachment":"scroll","background-type":"","background-media":"","overlay-type":"","overlay-color":"","overlay-opacity":"","overlay-gradient":""}},"ast-content-background-meta":{"desktop":{"background-color":"var(--ast-global-color-5)","background-image":"","background-repeat":"repeat","background-position":"center center","background-size":"auto","background-attachment":"scroll","background-type":"","background-media":"","overlay-type":"","overlay-color":"","overlay-opacity":"","overlay-gradient":""},"tablet":{"background-color":"var(--ast-global-color-5)","background-image":"","background-repeat":"repeat","background-position":"center center","background-size":"auto","background-attachment":"scroll","background-type":"","background-media":"","overlay-type":"","overlay-color":"","overlay-opacity":"","overlay-gradient":""},"mobile":{"background-color":"var(--ast-global-color-5)","background-image":"","background-repeat":"repeat","background-position":"center center","background-size":"auto","background-attachment":"scroll","background-type":"","background-media":"","overlay-type":"","overlay-color":"","overlay-opacity":"","overlay-gradient":""}}},"product_brand":[],"product_cat":[2598,2601],"product_tag":[],"class_list":{"0":"post-21454","1":"product","2":"type-product","3":"status-publish","4":"has-post-thumbnail","6":"product_cat-entoilages","7":"product_cat-specialite","8":"desktop-align-center","9":"tablet-align-center","10":"mobile-align-center","12":"first","13":"instock","14":"taxable","15":"shipping-taxable","16":"purchasable","17":"product-type-variable"},"yoast_head":"<!-- This site is optimized with the Yoast SEO plugin v27.3 - https:\/\/yoast.com\/product\/yoast-seo-wordpress\/ -->\n<title>Entoilage Mesh Fusible 1.5oz - Superpunch<\/title>\n<meta name=\"robots\" content=\"index, follow, max-snippet:-1, max-image-preview:large, max-video-preview:-1\" \/>\n<link rel=\"canonical\" href=\"https:\/\/superpunch.com\/fr\/produit\/entoilage-mesh-fusible-1-5oz\/\" \/>\n<meta property=\"og:locale\" content=\"fr_CA\" \/>\n<meta property=\"og:type\" content=\"article\" \/>\n<meta property=\"og:title\" content=\"Entoilage Mesh Fusible 1.5oz - Superpunch\" \/>\n<meta property=\"og:description\" content=\"Un nylon 1.5 oz enrob\u00e9 et emboss\u00e9 diagonalement pour ajouter \u00e0 la stabilit\u00e9 multi directionnel.  L&#039;entoilage mesh fusible est un produit con\u00e7u pour fondre doucement lorsqu&#039;activ\u00e9 \u00e0 260 degr\u00e9s Fahrenheit, afin de ne pas \u00e9gratigner, ni d\u00e9former votre mat\u00e9riel. Il peut \u00eatre rechauff\u00e9 encore pour une finition propre.  Le produit est de haute qualit\u00e9.  Ce produit est exactement le m\u00eame que le mesh invisible mais avec un agent de fusion ajout\u00e9.  Lorsqu&#039;il est fusionn\u00e9 avec une chemise, cela vous donne le plus de stabilit\u00e9 possible.    &nbsp;\" \/>\n<meta property=\"og:url\" content=\"https:\/\/superpunch.com\/fr\/produit\/entoilage-mesh-fusible-1-5oz\/\" \/>\n<meta property=\"og:site_name\" content=\"Superpunch\" \/>\n<meta property=\"article:publisher\" content=\"https:\/\/www.facebook.com\/Superpunchembroiderybroderie\" \/>\n<meta property=\"article:modified_time\" content=\"2026-01-20T20:23:00+00:00\" \/>\n<meta property=\"og:image\" content=\"https:\/\/superpunch.com\/wp-content\/uploads\/2020\/10\/mesh_detail_white.jpg\" \/>\n\t<meta property=\"og:image:width\" content=\"800\" \/>\n\t<meta property=\"og:image:height\" content=\"800\" \/>\n\t<meta property=\"og:image:type\" content=\"image\/jpeg\" \/>\n<meta name=\"twitter:card\" content=\"summary_large_image\" \/>\n<meta name=\"twitter:site\" content=\"@superpunchemb\" \/>\n<script type=\"application\/ld+json\" class=\"yoast-schema-graph\">{\"@context\":\"https:\\\/\\\/schema.org\",\"@graph\":[{\"@type\":\"WebPage\",\"@id\":\"https:\\\/\\\/superpunch.com\\\/fr\\\/produit\\\/entoilage-mesh-fusible-1-5oz\\\/\",\"url\":\"https:\\\/\\\/superpunch.com\\\/fr\\\/produit\\\/entoilage-mesh-fusible-1-5oz\\\/\",\"name\":\"Entoilage Mesh Fusible 1.5oz - Superpunch\",\"isPartOf\":{\"@id\":\"https:\\\/\\\/superpunch.com\\\/fr\\\/#website\"},\"primaryImageOfPage\":{\"@id\":\"https:\\\/\\\/superpunch.com\\\/fr\\\/produit\\\/entoilage-mesh-fusible-1-5oz\\\/#primaryimage\"},\"image\":{\"@id\":\"https:\\\/\\\/superpunch.com\\\/fr\\\/produit\\\/entoilage-mesh-fusible-1-5oz\\\/#primaryimage\"},\"thumbnailUrl\":\"https:\\\/\\\/superpunch.com\\\/wp-content\\\/uploads\\\/2020\\\/10\\\/mesh_detail_white.jpg\",\"datePublished\":\"2020-10-14T21:18:04+00:00\",\"dateModified\":\"2026-01-20T20:23:00+00:00\",\"breadcrumb\":{\"@id\":\"https:\\\/\\\/superpunch.com\\\/fr\\\/produit\\\/entoilage-mesh-fusible-1-5oz\\\/#breadcrumb\"},\"inLanguage\":\"fr-CA\",\"potentialAction\":[{\"@type\":\"ReadAction\",\"target\":[\"https:\\\/\\\/superpunch.com\\\/fr\\\/produit\\\/entoilage-mesh-fusible-1-5oz\\\/\"]}]},{\"@type\":\"ImageObject\",\"inLanguage\":\"fr-CA\",\"@id\":\"https:\\\/\\\/superpunch.com\\\/fr\\\/produit\\\/entoilage-mesh-fusible-1-5oz\\\/#primaryimage\",\"url\":\"https:\\\/\\\/superpunch.com\\\/wp-content\\\/uploads\\\/2020\\\/10\\\/mesh_detail_white.jpg\",\"contentUrl\":\"https:\\\/\\\/superpunch.com\\\/wp-content\\\/uploads\\\/2020\\\/10\\\/mesh_detail_white.jpg\",\"width\":800,\"height\":800},{\"@type\":\"BreadcrumbList\",\"@id\":\"https:\\\/\\\/superpunch.com\\\/fr\\\/produit\\\/entoilage-mesh-fusible-1-5oz\\\/#breadcrumb\",\"itemListElement\":[{\"@type\":\"ListItem\",\"position\":1,\"name\":\"Home\",\"item\":\"https:\\\/\\\/superpunch.com\\\/fr\\\/\"},{\"@type\":\"ListItem\",\"position\":2,\"name\":\"Shop\",\"item\":\"https:\\\/\\\/superpunch.com\\\/fr\\\/shop\\\/\"},{\"@type\":\"ListItem\",\"position\":3,\"name\":\"Entoilage Mesh Fusible 1.5oz\"}]},{\"@type\":\"WebSite\",\"@id\":\"https:\\\/\\\/superpunch.com\\\/fr\\\/#website\",\"url\":\"https:\\\/\\\/superpunch.com\\\/fr\\\/\",\"name\":\"Superpunch\",\"description\":\"Superpunch - Embroidery Digitizing, Thread, Machines, Stabilizers And Supplies\",\"publisher\":{\"@id\":\"https:\\\/\\\/superpunch.com\\\/fr\\\/#organization\"},\"potentialAction\":[{\"@type\":\"SearchAction\",\"target\":{\"@type\":\"EntryPoint\",\"urlTemplate\":\"https:\\\/\\\/superpunch.com\\\/fr\\\/?s={search_term_string}\"},\"query-input\":{\"@type\":\"PropertyValueSpecification\",\"valueRequired\":true,\"valueName\":\"search_term_string\"}}],\"inLanguage\":\"fr-CA\"},{\"@type\":\"Organization\",\"@id\":\"https:\\\/\\\/superpunch.com\\\/fr\\\/#organization\",\"name\":\"Superpunch\",\"url\":\"https:\\\/\\\/superpunch.com\\\/fr\\\/\",\"logo\":{\"@type\":\"ImageObject\",\"inLanguage\":\"fr-CA\",\"@id\":\"https:\\\/\\\/superpunch.com\\\/fr\\\/#\\\/schema\\\/logo\\\/image\\\/\",\"url\":\"https:\\\/\\\/superpunch.com\\\/wp-content\\\/uploads\\\/2022\\\/12\\\/superpunch_complet_new_site_on_black-2022.jpg\",\"contentUrl\":\"https:\\\/\\\/superpunch.com\\\/wp-content\\\/uploads\\\/2022\\\/12\\\/superpunch_complet_new_site_on_black-2022.jpg\",\"width\":600,\"height\":174,\"caption\":\"Superpunch\"},\"image\":{\"@id\":\"https:\\\/\\\/superpunch.com\\\/fr\\\/#\\\/schema\\\/logo\\\/image\\\/\"},\"sameAs\":[\"https:\\\/\\\/www.facebook.com\\\/Superpunchembroiderybroderie\",\"https:\\\/\\\/x.com\\\/superpunchemb\",\"https:\\\/\\\/www.instagram.com\\\/superpunchbrand?igsh=YW8xa2ZyZmxkdGNv\",\"https:\\\/\\\/www.youtube.com\\\/channel\\\/UCgt7yq4-pFJgeI_03psdGPQ\",\"https:\\\/\\\/www.pinterest.ca\\\/superpunchemb\"]}]}<\/script>\n<!-- \/ Yoast SEO plugin. -->","yoast_head_json":{"title":"Entoilage Mesh Fusible 1.5oz - Superpunch","robots":{"index":"index","follow":"follow","max-snippet":"max-snippet:-1","max-image-preview":"max-image-preview:large","max-video-preview":"max-video-preview:-1"},"canonical":"https:\/\/superpunch.com\/fr\/produit\/entoilage-mesh-fusible-1-5oz\/","og_locale":"fr_CA","og_type":"article","og_title":"Entoilage Mesh Fusible 1.5oz - Superpunch","og_description":"Un nylon 1.5 oz enrob\u00e9 et emboss\u00e9 diagonalement pour ajouter \u00e0 la stabilit\u00e9 multi directionnel.  L'entoilage mesh fusible est un produit con\u00e7u pour fondre doucement lorsqu'activ\u00e9 \u00e0 260 degr\u00e9s Fahrenheit, afin de ne pas \u00e9gratigner, ni d\u00e9former votre mat\u00e9riel. Il peut \u00eatre rechauff\u00e9 encore pour une finition propre.  Le produit est de haute qualit\u00e9.  Ce produit est exactement le m\u00eame que le mesh invisible mais avec un agent de fusion ajout\u00e9.  Lorsqu'il est fusionn\u00e9 avec une chemise, cela vous donne le plus de stabilit\u00e9 possible.    &nbsp;","og_url":"https:\/\/superpunch.com\/fr\/produit\/entoilage-mesh-fusible-1-5oz\/","og_site_name":"Superpunch","article_publisher":"https:\/\/www.facebook.com\/Superpunchembroiderybroderie","article_modified_time":"2026-01-20T20:23:00+00:00","og_image":[{"width":800,"height":800,"url":"https:\/\/superpunch.com\/wp-content\/uploads\/2020\/10\/mesh_detail_white.jpg","type":"image\/jpeg"}],"twitter_card":"summary_large_image","twitter_site":"@superpunchemb","schema":{"@context":"https:\/\/schema.org","@graph":[{"@type":"WebPage","@id":"https:\/\/superpunch.com\/fr\/produit\/entoilage-mesh-fusible-1-5oz\/","url":"https:\/\/superpunch.com\/fr\/produit\/entoilage-mesh-fusible-1-5oz\/","name":"Entoilage Mesh Fusible 1.5oz - Superpunch","isPartOf":{"@id":"https:\/\/superpunch.com\/fr\/#website"},"primaryImageOfPage":{"@id":"https:\/\/superpunch.com\/fr\/produit\/entoilage-mesh-fusible-1-5oz\/#primaryimage"},"image":{"@id":"https:\/\/superpunch.com\/fr\/produit\/entoilage-mesh-fusible-1-5oz\/#primaryimage"},"thumbnailUrl":"https:\/\/superpunch.com\/wp-content\/uploads\/2020\/10\/mesh_detail_white.jpg","datePublished":"2020-10-14T21:18:04+00:00","dateModified":"2026-01-20T20:23:00+00:00","breadcrumb":{"@id":"https:\/\/superpunch.com\/fr\/produit\/entoilage-mesh-fusible-1-5oz\/#breadcrumb"},"inLanguage":"fr-CA","potentialAction":[{"@type":"ReadAction","target":["https:\/\/superpunch.com\/fr\/produit\/entoilage-mesh-fusible-1-5oz\/"]}]},{"@type":"ImageObject","inLanguage":"fr-CA","@id":"https:\/\/superpunch.com\/fr\/produit\/entoilage-mesh-fusible-1-5oz\/#primaryimage","url":"https:\/\/superpunch.com\/wp-content\/uploads\/2020\/10\/mesh_detail_white.jpg","contentUrl":"https:\/\/superpunch.com\/wp-content\/uploads\/2020\/10\/mesh_detail_white.jpg","width":800,"height":800},{"@type":"BreadcrumbList","@id":"https:\/\/superpunch.com\/fr\/produit\/entoilage-mesh-fusible-1-5oz\/#breadcrumb","itemListElement":[{"@type":"ListItem","position":1,"name":"Home","item":"https:\/\/superpunch.com\/fr\/"},{"@type":"ListItem","position":2,"name":"Shop","item":"https:\/\/superpunch.com\/fr\/shop\/"},{"@type":"ListItem","position":3,"name":"Entoilage Mesh Fusible 1.5oz"}]},{"@type":"WebSite","@id":"https:\/\/superpunch.com\/fr\/#website","url":"https:\/\/superpunch.com\/fr\/","name":"Superpunch","description":"Superpunch - Embroidery Digitizing, Thread, Machines, Stabilizers And Supplies","publisher":{"@id":"https:\/\/superpunch.com\/fr\/#organization"},"potentialAction":[{"@type":"SearchAction","target":{"@type":"EntryPoint","urlTemplate":"https:\/\/superpunch.com\/fr\/?s={search_term_string}"},"query-input":{"@type":"PropertyValueSpecification","valueRequired":true,"valueName":"search_term_string"}}],"inLanguage":"fr-CA"},{"@type":"Organization","@id":"https:\/\/superpunch.com\/fr\/#organization","name":"Superpunch","url":"https:\/\/superpunch.com\/fr\/","logo":{"@type":"ImageObject","inLanguage":"fr-CA","@id":"https:\/\/superpunch.com\/fr\/#\/schema\/logo\/image\/","url":"https:\/\/superpunch.com\/wp-content\/uploads\/2022\/12\/superpunch_complet_new_site_on_black-2022.jpg","contentUrl":"https:\/\/superpunch.com\/wp-content\/uploads\/2022\/12\/superpunch_complet_new_site_on_black-2022.jpg","width":600,"height":174,"caption":"Superpunch"},"image":{"@id":"https:\/\/superpunch.com\/fr\/#\/schema\/logo\/image\/"},"sameAs":["https:\/\/www.facebook.com\/Superpunchembroiderybroderie","https:\/\/x.com\/superpunchemb","https:\/\/www.instagram.com\/superpunchbrand?igsh=YW8xa2ZyZmxkdGNv","https:\/\/www.youtube.com\/channel\/UCgt7yq4-pFJgeI_03psdGPQ","https:\/\/www.pinterest.ca\/superpunchemb"]}]}},"_links":{"self":[{"href":"https:\/\/superpunch.com\/fr\/wp-json\/wp\/v2\/product\/21454","targetHints":{"allow":["GET"]}}],"collection":[{"href":"https:\/\/superpunch.com\/fr\/wp-json\/wp\/v2\/product"}],"about":[{"href":"https:\/\/superpunch.com\/fr\/wp-json\/wp\/v2\/types\/product"}],"replies":[{"embeddable":true,"href":"https:\/\/superpunch.com\/fr\/wp-json\/wp\/v2\/comments?post=21454"}],"wp:featuredmedia":[{"embeddable":true,"href":"https:\/\/superpunch.com\/fr\/wp-json\/wp\/v2\/media\/17375"}],"wp:attachment":[{"href":"https:\/\/superpunch.com\/fr\/wp-json\/wp\/v2\/media?parent=21454"}],"wp:term":[{"taxonomy":"product_brand","embeddable":true,"href":"https:\/\/superpunch.com\/fr\/wp-json\/wp\/v2\/product_brand?post=21454"},{"taxonomy":"product_cat","embeddable":true,"href":"https:\/\/superpunch.com\/fr\/wp-json\/wp\/v2\/product_cat?post=21454"},{"taxonomy":"product_tag","embeddable":true,"href":"https:\/\/superpunch.com\/fr\/wp-json\/wp\/v2\/product_tag?post=21454"}],"curies":[{"name":"wp","href":"https:\/\/api.w.org\/{rel}","templated":true}]}}