{"id":21461,"date":"2020-10-14T17:05:55","date_gmt":"2020-10-14T21:05:55","guid":{"rendered":"https:\/\/superpunch.com\/shop\/colle-en-baton-lapel-adhesif-temporaire-pour-tissu\/"},"modified":"2023-01-02T22:59:26","modified_gmt":"2023-01-03T03:59:26","slug":"colle-en-baton-lapel-adhesif-temporaire-pour-tissu","status":"publish","type":"product","link":"https:\/\/superpunch.com\/fr\/produit\/colle-en-baton-lapel-adhesif-temporaire-pour-tissu\/","title":{"rendered":"Colle en B\u00e2ton Lapel &#8211; Adh\u00e9sif Temporaire pour Tissu"},"content":{"rendered":"<ul>\n<li><strong>La colle en b\u00e2ton Lapel<\/strong> est une <strong>colle temporaire<\/strong> non-toxique qui s\u00e8che en quelques secondes.<\/li>\n<li>Id\u00e9al pour <strong>remplacer les a\u00e9rosols<\/strong> ou autres colles pour la broderie.<\/li>\n<li>Il est soluble \u00e0 l&rsquo;eau et peut \u00eatre aussi appliqu\u00e9 aux <strong>entoilages de broderie<\/strong> au besoin.<\/li>\n<\/ul>\n","protected":false},"excerpt":{"rendered":"<ul>\n<li><strong>La colle en b\u00e2ton Lapel<\/strong> est une <strong>colle temporaire<\/strong> non-toxique qui s\u00e8che en quelques secondes.<\/li>\n<li>Id\u00e9al pour <strong>remplacer les a\u00e9rosols<\/strong> ou autres colles pour la broderie.<\/li>\n<li>Il est soluble \u00e0 l&rsquo;eau et peut \u00eatre aussi appliqu\u00e9 aux <strong>entoilages de broderie<\/strong> au besoin.<\/li>\n<\/ul>\n","protected":false},"featured_media":17349,"comment_status":"open","ping_status":"closed","template":"","meta":{"site-sidebar-layout":"default","site-content-layout":"default","ast-site-content-layout":"default","site-content-style":"default","site-sidebar-style":"default","ast-global-header-display":"","ast-banner-title-visibility":"","ast-main-header-display":"","ast-hfb-above-header-display":"","ast-hfb-below-header-display":"","ast-hfb-mobile-header-display":"","site-post-title":"","ast-breadcrumbs-content":"","ast-featured-img":"","footer-sml-layout":"","ast-disable-related-posts":"","theme-transparent-header-meta":"default","adv-header-id-meta":"","stick-header-meta":"","header-above-stick-meta":"","header-main-stick-meta":"","header-below-stick-meta":"","astra-migrate-meta-layouts":"default","ast-page-background-enabled":"default","ast-page-background-meta":{"desktop":{"background-color":"","background-image":"","background-repeat":"repeat","background-position":"center center","background-size":"auto","background-attachment":"scroll","background-type":"","background-media":"","overlay-type":"","overlay-color":"","overlay-opacity":"","overlay-gradient":""},"tablet":{"background-color":"","background-image":"","background-repeat":"repeat","background-position":"center center","background-size":"auto","background-attachment":"scroll","background-type":"","background-media":"","overlay-type":"","overlay-color":"","overlay-opacity":"","overlay-gradient":""},"mobile":{"background-color":"","background-image":"","background-repeat":"repeat","background-position":"center center","background-size":"auto","background-attachment":"scroll","background-type":"","background-media":"","overlay-type":"","overlay-color":"","overlay-opacity":"","overlay-gradient":""}},"ast-content-background-meta":{"desktop":{"background-color":"var(--ast-global-color-5)","background-image":"","background-repeat":"repeat","background-position":"center center","background-size":"auto","background-attachment":"scroll","background-type":"","background-media":"","overlay-type":"","overlay-color":"","overlay-opacity":"","overlay-gradient":""},"tablet":{"background-color":"var(--ast-global-color-5)","background-image":"","background-repeat":"repeat","background-position":"center center","background-size":"auto","background-attachment":"scroll","background-type":"","background-media":"","overlay-type":"","overlay-color":"","overlay-opacity":"","overlay-gradient":""},"mobile":{"background-color":"var(--ast-global-color-5)","background-image":"","background-repeat":"repeat","background-position":"center center","background-size":"auto","background-attachment":"scroll","background-type":"","background-media":"","overlay-type":"","overlay-color":"","overlay-opacity":"","overlay-gradient":""}}},"product_brand":[],"product_cat":[2230],"product_tag":[],"class_list":{"0":"post-21461","1":"product","2":"type-product","3":"status-publish","4":"has-post-thumbnail","6":"product_cat-autre","7":"desktop-align-center","8":"tablet-align-center","9":"mobile-align-center","11":"first","12":"instock","13":"taxable","14":"shipping-taxable","15":"purchasable","16":"product-type-simple"},"yoast_head":"<!-- This site is optimized with the Yoast SEO plugin v27.3 - https:\/\/yoast.com\/product\/yoast-seo-wordpress\/ -->\n<title>Colle en B\u00e2ton Lapel - Adh\u00e9sif Temporaire pour Tissu - Superpunch<\/title>\n<meta name=\"robots\" content=\"index, follow, max-snippet:-1, max-image-preview:large, max-video-preview:-1\" \/>\n<link rel=\"canonical\" href=\"https:\/\/superpunch.com\/fr\/produit\/colle-en-baton-lapel-adhesif-temporaire-pour-tissu\/\" \/>\n<meta property=\"og:locale\" content=\"fr_CA\" \/>\n<meta property=\"og:type\" content=\"article\" \/>\n<meta property=\"og:title\" content=\"Colle en B\u00e2ton Lapel - Adh\u00e9sif Temporaire pour Tissu - Superpunch\" \/>\n<meta property=\"og:description\" content=\"La colle en b\u00e2ton Lapel est une colle temporaire non-toxique qui s\u00e8che en quelques secondes.  Id\u00e9al pour remplacer les a\u00e9rosols ou autres colles pour la broderie.  Il est soluble \u00e0 l&#039;eau et peut \u00eatre aussi appliqu\u00e9 aux entoilages de broderie au besoin.\" \/>\n<meta property=\"og:url\" content=\"https:\/\/superpunch.com\/fr\/produit\/colle-en-baton-lapel-adhesif-temporaire-pour-tissu\/\" \/>\n<meta property=\"og:site_name\" content=\"Superpunch\" \/>\n<meta property=\"article:publisher\" content=\"https:\/\/www.facebook.com\/Superpunchembroiderybroderie\" \/>\n<meta property=\"article:modified_time\" content=\"2023-01-03T03:59:26+00:00\" \/>\n<meta property=\"og:image\" content=\"https:\/\/superpunch.com\/wp-content\/uploads\/2020\/10\/colle-en-baton-lapel.png\" \/>\n\t<meta property=\"og:image:width\" content=\"1200\" \/>\n\t<meta property=\"og:image:height\" content=\"1201\" \/>\n\t<meta property=\"og:image:type\" content=\"image\/png\" \/>\n<meta name=\"twitter:card\" content=\"summary_large_image\" \/>\n<meta name=\"twitter:site\" content=\"@superpunchemb\" \/>\n<script type=\"application\/ld+json\" class=\"yoast-schema-graph\">{\"@context\":\"https:\\\/\\\/schema.org\",\"@graph\":[{\"@type\":\"WebPage\",\"@id\":\"https:\\\/\\\/superpunch.com\\\/fr\\\/produit\\\/colle-en-baton-lapel-adhesif-temporaire-pour-tissu\\\/\",\"url\":\"https:\\\/\\\/superpunch.com\\\/fr\\\/produit\\\/colle-en-baton-lapel-adhesif-temporaire-pour-tissu\\\/\",\"name\":\"Colle en B\u00e2ton Lapel - Adh\u00e9sif Temporaire pour Tissu - Superpunch\",\"isPartOf\":{\"@id\":\"https:\\\/\\\/superpunch.com\\\/fr\\\/#website\"},\"primaryImageOfPage\":{\"@id\":\"https:\\\/\\\/superpunch.com\\\/fr\\\/produit\\\/colle-en-baton-lapel-adhesif-temporaire-pour-tissu\\\/#primaryimage\"},\"image\":{\"@id\":\"https:\\\/\\\/superpunch.com\\\/fr\\\/produit\\\/colle-en-baton-lapel-adhesif-temporaire-pour-tissu\\\/#primaryimage\"},\"thumbnailUrl\":\"https:\\\/\\\/superpunch.com\\\/wp-content\\\/uploads\\\/2020\\\/10\\\/colle-en-baton-lapel.png\",\"datePublished\":\"2020-10-14T21:05:55+00:00\",\"dateModified\":\"2023-01-03T03:59:26+00:00\",\"breadcrumb\":{\"@id\":\"https:\\\/\\\/superpunch.com\\\/fr\\\/produit\\\/colle-en-baton-lapel-adhesif-temporaire-pour-tissu\\\/#breadcrumb\"},\"inLanguage\":\"fr-CA\",\"potentialAction\":[{\"@type\":\"ReadAction\",\"target\":[\"https:\\\/\\\/superpunch.com\\\/fr\\\/produit\\\/colle-en-baton-lapel-adhesif-temporaire-pour-tissu\\\/\"]}]},{\"@type\":\"ImageObject\",\"inLanguage\":\"fr-CA\",\"@id\":\"https:\\\/\\\/superpunch.com\\\/fr\\\/produit\\\/colle-en-baton-lapel-adhesif-temporaire-pour-tissu\\\/#primaryimage\",\"url\":\"https:\\\/\\\/superpunch.com\\\/wp-content\\\/uploads\\\/2020\\\/10\\\/colle-en-baton-lapel.png\",\"contentUrl\":\"https:\\\/\\\/superpunch.com\\\/wp-content\\\/uploads\\\/2020\\\/10\\\/colle-en-baton-lapel.png\",\"width\":1200,\"height\":1201},{\"@type\":\"BreadcrumbList\",\"@id\":\"https:\\\/\\\/superpunch.com\\\/fr\\\/produit\\\/colle-en-baton-lapel-adhesif-temporaire-pour-tissu\\\/#breadcrumb\",\"itemListElement\":[{\"@type\":\"ListItem\",\"position\":1,\"name\":\"Home\",\"item\":\"https:\\\/\\\/superpunch.com\\\/fr\\\/\"},{\"@type\":\"ListItem\",\"position\":2,\"name\":\"Shop\",\"item\":\"https:\\\/\\\/superpunch.com\\\/fr\\\/shop\\\/\"},{\"@type\":\"ListItem\",\"position\":3,\"name\":\"Colle en B\u00e2ton Lapel &#8211; Adh\u00e9sif Temporaire pour Tissu\"}]},{\"@type\":\"WebSite\",\"@id\":\"https:\\\/\\\/superpunch.com\\\/fr\\\/#website\",\"url\":\"https:\\\/\\\/superpunch.com\\\/fr\\\/\",\"name\":\"Superpunch\",\"description\":\"Superpunch - Embroidery Digitizing, Thread, Machines, Stabilizers And Supplies\",\"publisher\":{\"@id\":\"https:\\\/\\\/superpunch.com\\\/fr\\\/#organization\"},\"potentialAction\":[{\"@type\":\"SearchAction\",\"target\":{\"@type\":\"EntryPoint\",\"urlTemplate\":\"https:\\\/\\\/superpunch.com\\\/fr\\\/?s={search_term_string}\"},\"query-input\":{\"@type\":\"PropertyValueSpecification\",\"valueRequired\":true,\"valueName\":\"search_term_string\"}}],\"inLanguage\":\"fr-CA\"},{\"@type\":\"Organization\",\"@id\":\"https:\\\/\\\/superpunch.com\\\/fr\\\/#organization\",\"name\":\"Superpunch\",\"url\":\"https:\\\/\\\/superpunch.com\\\/fr\\\/\",\"logo\":{\"@type\":\"ImageObject\",\"inLanguage\":\"fr-CA\",\"@id\":\"https:\\\/\\\/superpunch.com\\\/fr\\\/#\\\/schema\\\/logo\\\/image\\\/\",\"url\":\"https:\\\/\\\/superpunch.com\\\/wp-content\\\/uploads\\\/2022\\\/12\\\/superpunch_complet_new_site_on_black-2022.jpg\",\"contentUrl\":\"https:\\\/\\\/superpunch.com\\\/wp-content\\\/uploads\\\/2022\\\/12\\\/superpunch_complet_new_site_on_black-2022.jpg\",\"width\":600,\"height\":174,\"caption\":\"Superpunch\"},\"image\":{\"@id\":\"https:\\\/\\\/superpunch.com\\\/fr\\\/#\\\/schema\\\/logo\\\/image\\\/\"},\"sameAs\":[\"https:\\\/\\\/www.facebook.com\\\/Superpunchembroiderybroderie\",\"https:\\\/\\\/x.com\\\/superpunchemb\",\"https:\\\/\\\/www.instagram.com\\\/superpunchbrand?igsh=YW8xa2ZyZmxkdGNv\",\"https:\\\/\\\/www.youtube.com\\\/channel\\\/UCgt7yq4-pFJgeI_03psdGPQ\",\"https:\\\/\\\/www.pinterest.ca\\\/superpunchemb\"]}]}<\/script>\n<!-- \/ Yoast SEO plugin. -->","yoast_head_json":{"title":"Colle en B\u00e2ton Lapel - Adh\u00e9sif Temporaire pour Tissu - Superpunch","robots":{"index":"index","follow":"follow","max-snippet":"max-snippet:-1","max-image-preview":"max-image-preview:large","max-video-preview":"max-video-preview:-1"},"canonical":"https:\/\/superpunch.com\/fr\/produit\/colle-en-baton-lapel-adhesif-temporaire-pour-tissu\/","og_locale":"fr_CA","og_type":"article","og_title":"Colle en B\u00e2ton Lapel - Adh\u00e9sif Temporaire pour Tissu - Superpunch","og_description":"La colle en b\u00e2ton Lapel est une colle temporaire non-toxique qui s\u00e8che en quelques secondes.  Id\u00e9al pour remplacer les a\u00e9rosols ou autres colles pour la broderie.  Il est soluble \u00e0 l'eau et peut \u00eatre aussi appliqu\u00e9 aux entoilages de broderie au besoin.","og_url":"https:\/\/superpunch.com\/fr\/produit\/colle-en-baton-lapel-adhesif-temporaire-pour-tissu\/","og_site_name":"Superpunch","article_publisher":"https:\/\/www.facebook.com\/Superpunchembroiderybroderie","article_modified_time":"2023-01-03T03:59:26+00:00","og_image":[{"width":1200,"height":1201,"url":"https:\/\/superpunch.com\/wp-content\/uploads\/2020\/10\/colle-en-baton-lapel.png","type":"image\/png"}],"twitter_card":"summary_large_image","twitter_site":"@superpunchemb","schema":{"@context":"https:\/\/schema.org","@graph":[{"@type":"WebPage","@id":"https:\/\/superpunch.com\/fr\/produit\/colle-en-baton-lapel-adhesif-temporaire-pour-tissu\/","url":"https:\/\/superpunch.com\/fr\/produit\/colle-en-baton-lapel-adhesif-temporaire-pour-tissu\/","name":"Colle en B\u00e2ton Lapel - Adh\u00e9sif Temporaire pour Tissu - Superpunch","isPartOf":{"@id":"https:\/\/superpunch.com\/fr\/#website"},"primaryImageOfPage":{"@id":"https:\/\/superpunch.com\/fr\/produit\/colle-en-baton-lapel-adhesif-temporaire-pour-tissu\/#primaryimage"},"image":{"@id":"https:\/\/superpunch.com\/fr\/produit\/colle-en-baton-lapel-adhesif-temporaire-pour-tissu\/#primaryimage"},"thumbnailUrl":"https:\/\/superpunch.com\/wp-content\/uploads\/2020\/10\/colle-en-baton-lapel.png","datePublished":"2020-10-14T21:05:55+00:00","dateModified":"2023-01-03T03:59:26+00:00","breadcrumb":{"@id":"https:\/\/superpunch.com\/fr\/produit\/colle-en-baton-lapel-adhesif-temporaire-pour-tissu\/#breadcrumb"},"inLanguage":"fr-CA","potentialAction":[{"@type":"ReadAction","target":["https:\/\/superpunch.com\/fr\/produit\/colle-en-baton-lapel-adhesif-temporaire-pour-tissu\/"]}]},{"@type":"ImageObject","inLanguage":"fr-CA","@id":"https:\/\/superpunch.com\/fr\/produit\/colle-en-baton-lapel-adhesif-temporaire-pour-tissu\/#primaryimage","url":"https:\/\/superpunch.com\/wp-content\/uploads\/2020\/10\/colle-en-baton-lapel.png","contentUrl":"https:\/\/superpunch.com\/wp-content\/uploads\/2020\/10\/colle-en-baton-lapel.png","width":1200,"height":1201},{"@type":"BreadcrumbList","@id":"https:\/\/superpunch.com\/fr\/produit\/colle-en-baton-lapel-adhesif-temporaire-pour-tissu\/#breadcrumb","itemListElement":[{"@type":"ListItem","position":1,"name":"Home","item":"https:\/\/superpunch.com\/fr\/"},{"@type":"ListItem","position":2,"name":"Shop","item":"https:\/\/superpunch.com\/fr\/shop\/"},{"@type":"ListItem","position":3,"name":"Colle en B\u00e2ton Lapel &#8211; Adh\u00e9sif Temporaire pour Tissu"}]},{"@type":"WebSite","@id":"https:\/\/superpunch.com\/fr\/#website","url":"https:\/\/superpunch.com\/fr\/","name":"Superpunch","description":"Superpunch - Embroidery Digitizing, Thread, Machines, Stabilizers And Supplies","publisher":{"@id":"https:\/\/superpunch.com\/fr\/#organization"},"potentialAction":[{"@type":"SearchAction","target":{"@type":"EntryPoint","urlTemplate":"https:\/\/superpunch.com\/fr\/?s={search_term_string}"},"query-input":{"@type":"PropertyValueSpecification","valueRequired":true,"valueName":"search_term_string"}}],"inLanguage":"fr-CA"},{"@type":"Organization","@id":"https:\/\/superpunch.com\/fr\/#organization","name":"Superpunch","url":"https:\/\/superpunch.com\/fr\/","logo":{"@type":"ImageObject","inLanguage":"fr-CA","@id":"https:\/\/superpunch.com\/fr\/#\/schema\/logo\/image\/","url":"https:\/\/superpunch.com\/wp-content\/uploads\/2022\/12\/superpunch_complet_new_site_on_black-2022.jpg","contentUrl":"https:\/\/superpunch.com\/wp-content\/uploads\/2022\/12\/superpunch_complet_new_site_on_black-2022.jpg","width":600,"height":174,"caption":"Superpunch"},"image":{"@id":"https:\/\/superpunch.com\/fr\/#\/schema\/logo\/image\/"},"sameAs":["https:\/\/www.facebook.com\/Superpunchembroiderybroderie","https:\/\/x.com\/superpunchemb","https:\/\/www.instagram.com\/superpunchbrand?igsh=YW8xa2ZyZmxkdGNv","https:\/\/www.youtube.com\/channel\/UCgt7yq4-pFJgeI_03psdGPQ","https:\/\/www.pinterest.ca\/superpunchemb"]}]}},"_links":{"self":[{"href":"https:\/\/superpunch.com\/fr\/wp-json\/wp\/v2\/product\/21461","targetHints":{"allow":["GET"]}}],"collection":[{"href":"https:\/\/superpunch.com\/fr\/wp-json\/wp\/v2\/product"}],"about":[{"href":"https:\/\/superpunch.com\/fr\/wp-json\/wp\/v2\/types\/product"}],"replies":[{"embeddable":true,"href":"https:\/\/superpunch.com\/fr\/wp-json\/wp\/v2\/comments?post=21461"}],"wp:featuredmedia":[{"embeddable":true,"href":"https:\/\/superpunch.com\/fr\/wp-json\/wp\/v2\/media\/17349"}],"wp:attachment":[{"href":"https:\/\/superpunch.com\/fr\/wp-json\/wp\/v2\/media?parent=21461"}],"wp:term":[{"taxonomy":"product_brand","embeddable":true,"href":"https:\/\/superpunch.com\/fr\/wp-json\/wp\/v2\/product_brand?post=21461"},{"taxonomy":"product_cat","embeddable":true,"href":"https:\/\/superpunch.com\/fr\/wp-json\/wp\/v2\/product_cat?post=21461"},{"taxonomy":"product_tag","embeddable":true,"href":"https:\/\/superpunch.com\/fr\/wp-json\/wp\/v2\/product_tag?post=21461"}],"curies":[{"name":"wp","href":"https:\/\/api.w.org\/{rel}","templated":true}]}}