{"id":21462,"date":"2020-10-14T20:18:27","date_gmt":"2020-10-15T00:18:27","guid":{"rendered":"https:\/\/superpunch.com\/shop\/style-l-bobines-magnetiques-magna-glide-pour-machines-industrielles\/"},"modified":"2026-04-06T07:46:29","modified_gmt":"2026-04-06T11:46:29","slug":"style-l-bobines-magnetiques-magna-glide-pour-machines-industrielles","status":"publish","type":"product","link":"https:\/\/superpunch.com\/fr\/produit\/style-l-bobines-magnetiques-magna-glide-pour-machines-industrielles\/","title":{"rendered":"Style L Bobines Magn\u00e9tiques pour Machines Industrielles"},"content":{"rendered":"<div class=\"\" style=\"position: relative;\" data-richtextify-editable=\"true\">\n<h2><strong>Style L Bobines Magn\u00e9tiques:<\/strong><\/h2>\n<p>Pour machines industrielles.<\/p>\n<p>Bataboff:<\/p>\n<ul>\n<li>Fabriqu\u00e9 en Chine<\/li>\n<li>144 bobines par bo\u00eete, 148 verges par bobine.<\/li>\n<li>70D\/2<\/li>\n<\/ul>\n<p>&nbsp;<\/p>\n<p>Magna Glide:<\/p>\n<p>STYLE L &#8211; L&rsquo;authentique, l&rsquo;original et m\u00eame la seule avec le brevet qui peut se vanter d&rsquo;\u00eatre la meilleure bobine de la plan\u00e8te.\u00a0\u00bb<\/p>\n<ul>\n<li>100 bobines par bo\u00eete<\/li>\n<li>135 verges par bobine.<\/li>\n<li>Grosseur: Tex 12, Polyester.<\/li>\n<li>Produit brevet\u00e9 qui permet d&rsquo;obtenir une tension uniforme in\u00e9gal\u00e9e.<\/li>\n<li>Cette bobine va coudre uniform\u00e9ment jusqu&rsquo;au bout, sans gaspillage.<\/li>\n<li>Fabriqu\u00e9 aux USA.<\/li>\n<li>Enlevez le ressort du fond avant usage.<\/li>\n<li>Une <strong>bobine magn\u00e9tique magna glide<\/strong> de haute qualit\u00e9.<\/li>\n<\/ul>\n<\/div>\n<div class=\"\" data-richtextify-editable=\"true\">\n<h4><img decoding=\"async\" class=\"alignnone wp-image-19165 size-full\" src=\"https:\/\/superpunch.com\/wp-content\/uploads\/2020\/10\/alert.png\" alt=\"\" width=\"66\" height=\"60\" \/>SI VOUS POSS\u00c9DEZ UNE PLUS PETITE MACHINE DOMESTIQUE ET AVEZ BESOIN D&rsquo;UNE BOBINE PR\u00c9-ENFIL\u00c9E DE CLASSE 15-A, VEUILLEZ VISITER:<\/h4>\n<h4><\/h4>\n<\/div>\n<p><a href=\"https:\/\/fr.monfil.ca\/product-category\/broderie\/fil-pour-petites-bobines\/classe-15a-machines-domestiques\/\"><span style=\"color: #c31717;\"><u>https:\/\/fr.monfil.ca\/product-category\/broderie\/fil-pour-petites-bobines\/classe-15a-machines-domestiques\/<\/u><\/span><\/a><\/p>\n<p><iframe src=\"https:\/\/www.youtube.com\/embed\/qia38cmQ62k\" width=\"420\" height=\"315\" allowfullscreen=\"allowfullscreen\"><br \/>\n<\/iframe><\/p>\n<p><iframe src=\"https:\/\/www.youtube.com\/embed\/RuZ6Dt42zac\" width=\"420\" height=\"315\" allowfullscreen=\"allowfullscreen\"><br \/>\n<\/iframe><\/p>\n","protected":false},"excerpt":{"rendered":"<div class=\"\" style=\"position: relative;\" data-richtextify-editable=\"true\">\n<p>&nbsp;<\/p>\n<ul>\n<li>Pour machines industrielles.<\/li>\n<\/ul>\n<p>Bataboff:<\/p>\n<ul>\n<li>Fabriqu\u00e9 en Chine<\/li>\n<li>144 bobines par bo\u00eete, 148 verges par bobine.<\/li>\n<li>70D\/2<\/li>\n<\/ul>\n<p>Magna-Glide:<\/p>\n<ul>\n<li>STYLE L &#8211; L&rsquo;authentique, l&rsquo;original et m\u00eame la seule avec le brevet qui peut se vanter d&rsquo;\u00eatre la meilleure bobine de la plan\u00e8te.\u00a0\u00bb<\/li>\n<li>100 bobines par boite<\/li>\n<li>135 verges par bobine.<\/li>\n<li>Grosseur: Tex 12, Polyester.<\/li>\n<li>Produit brevet\u00e9 qui permet d&rsquo;obtenir une tension uniforme in\u00e9gal\u00e9e.<\/li>\n<li>Cette bobine va coudre uniform\u00e9ment jusqu&rsquo;au bout, sans gaspille.<\/li>\n<li>Fabriqu\u00e9 aux USA.<\/li>\n<li>Enlevez le ressort du fond avant usage.<\/li>\n<li>Une <strong>bobine magn\u00e9tique magna glide<\/strong> de haute qualit\u00e9.<\/li>\n<\/ul>\n<\/div>\n","protected":false},"featured_media":17654,"comment_status":"closed","ping_status":"closed","template":"","meta":{"site-sidebar-layout":"default","site-content-layout":"default","ast-site-content-layout":"default","site-content-style":"default","site-sidebar-style":"default","ast-global-header-display":"","ast-banner-title-visibility":"","ast-main-header-display":"","ast-hfb-above-header-display":"","ast-hfb-below-header-display":"","ast-hfb-mobile-header-display":"","site-post-title":"","ast-breadcrumbs-content":"","ast-featured-img":"","footer-sml-layout":"","ast-disable-related-posts":"","theme-transparent-header-meta":"default","adv-header-id-meta":"","stick-header-meta":"","header-above-stick-meta":"","header-main-stick-meta":"","header-below-stick-meta":"","astra-migrate-meta-layouts":"default","ast-page-background-enabled":"default","ast-page-background-meta":{"desktop":{"background-color":"","background-image":"","background-repeat":"repeat","background-position":"center center","background-size":"auto","background-attachment":"scroll","background-type":"","background-media":"","overlay-type":"","overlay-color":"","overlay-opacity":"","overlay-gradient":""},"tablet":{"background-color":"","background-image":"","background-repeat":"repeat","background-position":"center center","background-size":"auto","background-attachment":"scroll","background-type":"","background-media":"","overlay-type":"","overlay-color":"","overlay-opacity":"","overlay-gradient":""},"mobile":{"background-color":"","background-image":"","background-repeat":"repeat","background-position":"center center","background-size":"auto","background-attachment":"scroll","background-type":"","background-media":"","overlay-type":"","overlay-color":"","overlay-opacity":"","overlay-gradient":""}},"ast-content-background-meta":{"desktop":{"background-color":"var(--ast-global-color-5)","background-image":"","background-repeat":"repeat","background-position":"center center","background-size":"auto","background-attachment":"scroll","background-type":"","background-media":"","overlay-type":"","overlay-color":"","overlay-opacity":"","overlay-gradient":""},"tablet":{"background-color":"var(--ast-global-color-5)","background-image":"","background-repeat":"repeat","background-position":"center center","background-size":"auto","background-attachment":"scroll","background-type":"","background-media":"","overlay-type":"","overlay-color":"","overlay-opacity":"","overlay-gradient":""},"mobile":{"background-color":"var(--ast-global-color-5)","background-image":"","background-repeat":"repeat","background-position":"center center","background-size":"auto","background-attachment":"scroll","background-type":"","background-media":"","overlay-type":"","overlay-color":"","overlay-opacity":"","overlay-gradient":""}}},"product_brand":[],"product_cat":[2210,2211],"product_tag":[],"class_list":{"0":"post-21462","1":"product","2":"type-product","3":"status-publish","4":"has-post-thumbnail","6":"product_cat-fil-a-bobine","7":"product_cat-magnetique-magna-glide","8":"desktop-align-center","9":"tablet-align-center","10":"mobile-align-center","12":"first","13":"instock","14":"taxable","15":"shipping-taxable","16":"purchasable","17":"product-type-variable"},"yoast_head":"<!-- This site is optimized with the Yoast SEO plugin v27.3 - https:\/\/yoast.com\/product\/yoast-seo-wordpress\/ -->\n<title>Style L Bobines Magn\u00e9tiques pour Machines Industrielles - Superpunch<\/title>\n<meta name=\"robots\" content=\"index, follow, max-snippet:-1, max-image-preview:large, max-video-preview:-1\" \/>\n<link rel=\"canonical\" href=\"https:\/\/superpunch.com\/fr\/produit\/style-l-bobines-magnetiques-magna-glide-pour-machines-industrielles\/\" \/>\n<meta property=\"og:locale\" content=\"fr_CA\" \/>\n<meta property=\"og:type\" content=\"article\" \/>\n<meta property=\"og:title\" content=\"Style L Bobines Magn\u00e9tiques pour Machines Industrielles - Superpunch\" \/>\n<meta property=\"og:description\" content=\"&nbsp;   Pour machines industrielles.  Bataboff:   Fabriqu\u00e9 en Chine  144 bobines par bo\u00eete, 148 verges par bobine.  70D\/2  Magna-Glide:   STYLE L - L&#039;authentique, l&#039;original et m\u00eame la seule avec le brevet qui peut se vanter d&#039;\u00eatre la meilleure bobine de la plan\u00e8te.&quot;  100 bobines par boite  135 verges par bobine.  Grosseur: Tex 12, Polyester.  Produit brevet\u00e9 qui permet d&#039;obtenir une tension uniforme in\u00e9gal\u00e9e.  Cette bobine va coudre uniform\u00e9ment jusqu&#039;au bout, sans gaspille.  Fabriqu\u00e9 aux USA.  Enlevez le ressort du fond avant usage.  Une bobine magn\u00e9tique magna glide de haute qualit\u00e9.\" \/>\n<meta property=\"og:url\" content=\"https:\/\/superpunch.com\/fr\/produit\/style-l-bobines-magnetiques-magna-glide-pour-machines-industrielles\/\" \/>\n<meta property=\"og:site_name\" content=\"Superpunch\" \/>\n<meta property=\"article:publisher\" content=\"https:\/\/www.facebook.com\/Superpunchembroiderybroderie\" \/>\n<meta property=\"article:modified_time\" content=\"2026-04-06T11:46:29+00:00\" \/>\n<meta property=\"og:image\" content=\"https:\/\/superpunch.com\/wp-content\/uploads\/2020\/10\/style-l-bobines-magnetiques-magna-glide-pour-machines-industrielles.png\" \/>\n\t<meta property=\"og:image:width\" content=\"1200\" \/>\n\t<meta property=\"og:image:height\" content=\"1199\" \/>\n\t<meta property=\"og:image:type\" content=\"image\/png\" \/>\n<meta name=\"twitter:card\" content=\"summary_large_image\" \/>\n<meta name=\"twitter:site\" content=\"@superpunchemb\" \/>\n<meta name=\"twitter:label1\" content=\"Estimation du temps de lecture\" \/>\n\t<meta name=\"twitter:data1\" content=\"1 minute\" \/>\n<script type=\"application\/ld+json\" class=\"yoast-schema-graph\">{\"@context\":\"https:\\\/\\\/schema.org\",\"@graph\":[{\"@type\":\"WebPage\",\"@id\":\"https:\\\/\\\/superpunch.com\\\/fr\\\/produit\\\/style-l-bobines-magnetiques-magna-glide-pour-machines-industrielles\\\/\",\"url\":\"https:\\\/\\\/superpunch.com\\\/fr\\\/produit\\\/style-l-bobines-magnetiques-magna-glide-pour-machines-industrielles\\\/\",\"name\":\"Style L Bobines Magn\u00e9tiques pour Machines Industrielles - Superpunch\",\"isPartOf\":{\"@id\":\"https:\\\/\\\/superpunch.com\\\/fr\\\/#website\"},\"primaryImageOfPage\":{\"@id\":\"https:\\\/\\\/superpunch.com\\\/fr\\\/produit\\\/style-l-bobines-magnetiques-magna-glide-pour-machines-industrielles\\\/#primaryimage\"},\"image\":{\"@id\":\"https:\\\/\\\/superpunch.com\\\/fr\\\/produit\\\/style-l-bobines-magnetiques-magna-glide-pour-machines-industrielles\\\/#primaryimage\"},\"thumbnailUrl\":\"https:\\\/\\\/superpunch.com\\\/wp-content\\\/uploads\\\/2020\\\/10\\\/style-l-bobines-magnetiques-magna-glide-pour-machines-industrielles.png\",\"datePublished\":\"2020-10-15T00:18:27+00:00\",\"dateModified\":\"2026-04-06T11:46:29+00:00\",\"breadcrumb\":{\"@id\":\"https:\\\/\\\/superpunch.com\\\/fr\\\/produit\\\/style-l-bobines-magnetiques-magna-glide-pour-machines-industrielles\\\/#breadcrumb\"},\"inLanguage\":\"fr-CA\",\"potentialAction\":[{\"@type\":\"ReadAction\",\"target\":[\"https:\\\/\\\/superpunch.com\\\/fr\\\/produit\\\/style-l-bobines-magnetiques-magna-glide-pour-machines-industrielles\\\/\"]}]},{\"@type\":\"ImageObject\",\"inLanguage\":\"fr-CA\",\"@id\":\"https:\\\/\\\/superpunch.com\\\/fr\\\/produit\\\/style-l-bobines-magnetiques-magna-glide-pour-machines-industrielles\\\/#primaryimage\",\"url\":\"https:\\\/\\\/superpunch.com\\\/wp-content\\\/uploads\\\/2020\\\/10\\\/style-l-bobines-magnetiques-magna-glide-pour-machines-industrielles.png\",\"contentUrl\":\"https:\\\/\\\/superpunch.com\\\/wp-content\\\/uploads\\\/2020\\\/10\\\/style-l-bobines-magnetiques-magna-glide-pour-machines-industrielles.png\",\"width\":1200,\"height\":1199},{\"@type\":\"BreadcrumbList\",\"@id\":\"https:\\\/\\\/superpunch.com\\\/fr\\\/produit\\\/style-l-bobines-magnetiques-magna-glide-pour-machines-industrielles\\\/#breadcrumb\",\"itemListElement\":[{\"@type\":\"ListItem\",\"position\":1,\"name\":\"Home\",\"item\":\"https:\\\/\\\/superpunch.com\\\/fr\\\/\"},{\"@type\":\"ListItem\",\"position\":2,\"name\":\"Shop\",\"item\":\"https:\\\/\\\/superpunch.com\\\/fr\\\/shop\\\/\"},{\"@type\":\"ListItem\",\"position\":3,\"name\":\"Style L Bobines Magn\u00e9tiques pour Machines Industrielles\"}]},{\"@type\":\"WebSite\",\"@id\":\"https:\\\/\\\/superpunch.com\\\/fr\\\/#website\",\"url\":\"https:\\\/\\\/superpunch.com\\\/fr\\\/\",\"name\":\"Superpunch\",\"description\":\"Superpunch - Embroidery Digitizing, Thread, Machines, Stabilizers And Supplies\",\"publisher\":{\"@id\":\"https:\\\/\\\/superpunch.com\\\/fr\\\/#organization\"},\"potentialAction\":[{\"@type\":\"SearchAction\",\"target\":{\"@type\":\"EntryPoint\",\"urlTemplate\":\"https:\\\/\\\/superpunch.com\\\/fr\\\/?s={search_term_string}\"},\"query-input\":{\"@type\":\"PropertyValueSpecification\",\"valueRequired\":true,\"valueName\":\"search_term_string\"}}],\"inLanguage\":\"fr-CA\"},{\"@type\":\"Organization\",\"@id\":\"https:\\\/\\\/superpunch.com\\\/fr\\\/#organization\",\"name\":\"Superpunch\",\"url\":\"https:\\\/\\\/superpunch.com\\\/fr\\\/\",\"logo\":{\"@type\":\"ImageObject\",\"inLanguage\":\"fr-CA\",\"@id\":\"https:\\\/\\\/superpunch.com\\\/fr\\\/#\\\/schema\\\/logo\\\/image\\\/\",\"url\":\"https:\\\/\\\/superpunch.com\\\/wp-content\\\/uploads\\\/2022\\\/12\\\/superpunch_complet_new_site_on_black-2022.jpg\",\"contentUrl\":\"https:\\\/\\\/superpunch.com\\\/wp-content\\\/uploads\\\/2022\\\/12\\\/superpunch_complet_new_site_on_black-2022.jpg\",\"width\":600,\"height\":174,\"caption\":\"Superpunch\"},\"image\":{\"@id\":\"https:\\\/\\\/superpunch.com\\\/fr\\\/#\\\/schema\\\/logo\\\/image\\\/\"},\"sameAs\":[\"https:\\\/\\\/www.facebook.com\\\/Superpunchembroiderybroderie\",\"https:\\\/\\\/x.com\\\/superpunchemb\",\"https:\\\/\\\/www.instagram.com\\\/superpunchbrand?igsh=YW8xa2ZyZmxkdGNv\",\"https:\\\/\\\/www.youtube.com\\\/channel\\\/UCgt7yq4-pFJgeI_03psdGPQ\",\"https:\\\/\\\/www.pinterest.ca\\\/superpunchemb\"]}]}<\/script>\n<!-- \/ Yoast SEO plugin. -->","yoast_head_json":{"title":"Style L Bobines Magn\u00e9tiques pour Machines Industrielles - Superpunch","robots":{"index":"index","follow":"follow","max-snippet":"max-snippet:-1","max-image-preview":"max-image-preview:large","max-video-preview":"max-video-preview:-1"},"canonical":"https:\/\/superpunch.com\/fr\/produit\/style-l-bobines-magnetiques-magna-glide-pour-machines-industrielles\/","og_locale":"fr_CA","og_type":"article","og_title":"Style L Bobines Magn\u00e9tiques pour Machines Industrielles - Superpunch","og_description":"&nbsp;   Pour machines industrielles.  Bataboff:   Fabriqu\u00e9 en Chine  144 bobines par bo\u00eete, 148 verges par bobine.  70D\/2  Magna-Glide:   STYLE L - L'authentique, l'original et m\u00eame la seule avec le brevet qui peut se vanter d'\u00eatre la meilleure bobine de la plan\u00e8te.\"  100 bobines par boite  135 verges par bobine.  Grosseur: Tex 12, Polyester.  Produit brevet\u00e9 qui permet d'obtenir une tension uniforme in\u00e9gal\u00e9e.  Cette bobine va coudre uniform\u00e9ment jusqu'au bout, sans gaspille.  Fabriqu\u00e9 aux USA.  Enlevez le ressort du fond avant usage.  Une bobine magn\u00e9tique magna glide de haute qualit\u00e9.","og_url":"https:\/\/superpunch.com\/fr\/produit\/style-l-bobines-magnetiques-magna-glide-pour-machines-industrielles\/","og_site_name":"Superpunch","article_publisher":"https:\/\/www.facebook.com\/Superpunchembroiderybroderie","article_modified_time":"2026-04-06T11:46:29+00:00","og_image":[{"width":1200,"height":1199,"url":"https:\/\/superpunch.com\/wp-content\/uploads\/2020\/10\/style-l-bobines-magnetiques-magna-glide-pour-machines-industrielles.png","type":"image\/png"}],"twitter_card":"summary_large_image","twitter_site":"@superpunchemb","twitter_misc":{"Estimation du temps de lecture":"1 minute"},"schema":{"@context":"https:\/\/schema.org","@graph":[{"@type":"WebPage","@id":"https:\/\/superpunch.com\/fr\/produit\/style-l-bobines-magnetiques-magna-glide-pour-machines-industrielles\/","url":"https:\/\/superpunch.com\/fr\/produit\/style-l-bobines-magnetiques-magna-glide-pour-machines-industrielles\/","name":"Style L Bobines Magn\u00e9tiques pour Machines Industrielles - Superpunch","isPartOf":{"@id":"https:\/\/superpunch.com\/fr\/#website"},"primaryImageOfPage":{"@id":"https:\/\/superpunch.com\/fr\/produit\/style-l-bobines-magnetiques-magna-glide-pour-machines-industrielles\/#primaryimage"},"image":{"@id":"https:\/\/superpunch.com\/fr\/produit\/style-l-bobines-magnetiques-magna-glide-pour-machines-industrielles\/#primaryimage"},"thumbnailUrl":"https:\/\/superpunch.com\/wp-content\/uploads\/2020\/10\/style-l-bobines-magnetiques-magna-glide-pour-machines-industrielles.png","datePublished":"2020-10-15T00:18:27+00:00","dateModified":"2026-04-06T11:46:29+00:00","breadcrumb":{"@id":"https:\/\/superpunch.com\/fr\/produit\/style-l-bobines-magnetiques-magna-glide-pour-machines-industrielles\/#breadcrumb"},"inLanguage":"fr-CA","potentialAction":[{"@type":"ReadAction","target":["https:\/\/superpunch.com\/fr\/produit\/style-l-bobines-magnetiques-magna-glide-pour-machines-industrielles\/"]}]},{"@type":"ImageObject","inLanguage":"fr-CA","@id":"https:\/\/superpunch.com\/fr\/produit\/style-l-bobines-magnetiques-magna-glide-pour-machines-industrielles\/#primaryimage","url":"https:\/\/superpunch.com\/wp-content\/uploads\/2020\/10\/style-l-bobines-magnetiques-magna-glide-pour-machines-industrielles.png","contentUrl":"https:\/\/superpunch.com\/wp-content\/uploads\/2020\/10\/style-l-bobines-magnetiques-magna-glide-pour-machines-industrielles.png","width":1200,"height":1199},{"@type":"BreadcrumbList","@id":"https:\/\/superpunch.com\/fr\/produit\/style-l-bobines-magnetiques-magna-glide-pour-machines-industrielles\/#breadcrumb","itemListElement":[{"@type":"ListItem","position":1,"name":"Home","item":"https:\/\/superpunch.com\/fr\/"},{"@type":"ListItem","position":2,"name":"Shop","item":"https:\/\/superpunch.com\/fr\/shop\/"},{"@type":"ListItem","position":3,"name":"Style L Bobines Magn\u00e9tiques pour Machines Industrielles"}]},{"@type":"WebSite","@id":"https:\/\/superpunch.com\/fr\/#website","url":"https:\/\/superpunch.com\/fr\/","name":"Superpunch","description":"Superpunch - Embroidery Digitizing, Thread, Machines, Stabilizers And Supplies","publisher":{"@id":"https:\/\/superpunch.com\/fr\/#organization"},"potentialAction":[{"@type":"SearchAction","target":{"@type":"EntryPoint","urlTemplate":"https:\/\/superpunch.com\/fr\/?s={search_term_string}"},"query-input":{"@type":"PropertyValueSpecification","valueRequired":true,"valueName":"search_term_string"}}],"inLanguage":"fr-CA"},{"@type":"Organization","@id":"https:\/\/superpunch.com\/fr\/#organization","name":"Superpunch","url":"https:\/\/superpunch.com\/fr\/","logo":{"@type":"ImageObject","inLanguage":"fr-CA","@id":"https:\/\/superpunch.com\/fr\/#\/schema\/logo\/image\/","url":"https:\/\/superpunch.com\/wp-content\/uploads\/2022\/12\/superpunch_complet_new_site_on_black-2022.jpg","contentUrl":"https:\/\/superpunch.com\/wp-content\/uploads\/2022\/12\/superpunch_complet_new_site_on_black-2022.jpg","width":600,"height":174,"caption":"Superpunch"},"image":{"@id":"https:\/\/superpunch.com\/fr\/#\/schema\/logo\/image\/"},"sameAs":["https:\/\/www.facebook.com\/Superpunchembroiderybroderie","https:\/\/x.com\/superpunchemb","https:\/\/www.instagram.com\/superpunchbrand?igsh=YW8xa2ZyZmxkdGNv","https:\/\/www.youtube.com\/channel\/UCgt7yq4-pFJgeI_03psdGPQ","https:\/\/www.pinterest.ca\/superpunchemb"]}]}},"_links":{"self":[{"href":"https:\/\/superpunch.com\/fr\/wp-json\/wp\/v2\/product\/21462","targetHints":{"allow":["GET"]}}],"collection":[{"href":"https:\/\/superpunch.com\/fr\/wp-json\/wp\/v2\/product"}],"about":[{"href":"https:\/\/superpunch.com\/fr\/wp-json\/wp\/v2\/types\/product"}],"replies":[{"embeddable":true,"href":"https:\/\/superpunch.com\/fr\/wp-json\/wp\/v2\/comments?post=21462"}],"wp:featuredmedia":[{"embeddable":true,"href":"https:\/\/superpunch.com\/fr\/wp-json\/wp\/v2\/media\/17654"}],"wp:attachment":[{"href":"https:\/\/superpunch.com\/fr\/wp-json\/wp\/v2\/media?parent=21462"}],"wp:term":[{"taxonomy":"product_brand","embeddable":true,"href":"https:\/\/superpunch.com\/fr\/wp-json\/wp\/v2\/product_brand?post=21462"},{"taxonomy":"product_cat","embeddable":true,"href":"https:\/\/superpunch.com\/fr\/wp-json\/wp\/v2\/product_cat?post=21462"},{"taxonomy":"product_tag","embeddable":true,"href":"https:\/\/superpunch.com\/fr\/wp-json\/wp\/v2\/product_tag?post=21462"}],"curies":[{"name":"wp","href":"https:\/\/api.w.org\/{rel}","templated":true}]}}