{"id":23069,"date":"2021-04-21T14:27:55","date_gmt":"2021-04-21T18:27:55","guid":{"rendered":"https:\/\/superpunch.com\/shop\/detachant-pour-broderie-albachem-quilter-1504\/"},"modified":"2025-05-05T20:06:11","modified_gmt":"2025-05-06T00:06:11","slug":"detachant-pour-broderie-albachem-quilter-1504","status":"publish","type":"product","link":"https:\/\/superpunch.com\/fr\/produit\/detachant-pour-broderie-albachem-quilter-1504\/","title":{"rendered":"D\u00e9tachant pour broderie Albachem Quilter 1504"},"content":{"rendered":"<p>Le d\u00e9tachant de broderie AlbaChem Quilter est le choix du ma\u00eetre de la courtepointe de nettoyant pour les taches g\u00eanantes qui se produisent pendant la courtepointe. Le sang des piq\u00fbres d&rsquo;\u00e9pingle, des animaux domestiques, de la nourriture, des boissons, de l&rsquo;encre et d&rsquo;autres taches qui peuvent g\u00e2cher la journ\u00e9e d&rsquo;un quilter sont rapidement \u00e9limin\u00e9s sur place!<\/p>\n<ul>\n<li>\u00c9limine les taches de sang, de lait, de th\u00e9, de caf\u00e9, de soda et autres boissons<\/li>\n<li>\u00c9limine toutes sortes de taches de nourriture<\/li>\n<li>\u00c9limine les taches d&rsquo;animaux, y compris l&rsquo;urine de chien et de chat<\/li>\n<li>\u00c9limine la transpiration, l&rsquo;encre et plus<\/li>\n<li><a href=\"https:\/\/superpunch.com\/wp-content\/uploads\/2021\/03\/made_in_usa_FR-3.jpg\"><img decoding=\"async\" class=\"alignnone wp-image-40958\" src=\"https:\/\/superpunch.com\/wp-content\/uploads\/2021\/03\/made_in_usa_FR-3.jpg\" alt=\"\" width=\"70\" height=\"50\" \/><\/a><\/li>\n<\/ul>\n","protected":false},"excerpt":{"rendered":"<p>Le d\u00e9tachant de broderie AlbaChem Quilter est le choix du ma\u00eetre de la courtepointe de nettoyant pour les taches g\u00eanantes qui se produisent pendant la courtepointe. Le sang des piq\u00fbres d&rsquo;\u00e9pingle, des animaux domestiques, de la nourriture, des boissons, de l&rsquo;encre et d&rsquo;autres taches qui peuvent g\u00e2cher la journ\u00e9e d&rsquo;un quilter sont rapidement \u00e9limin\u00e9s sur place!<\/p>\n<ul>\n<li>\u00c9limine les taches de sang, de lait, de th\u00e9, de caf\u00e9, de soda et autres boissons<\/li>\n<li>\u00c9limine toutes sortes de taches de nourriture<\/li>\n<li>\u00c9limine les taches d&rsquo;animaux, y compris l&rsquo;urine de chien et de chat<\/li>\n<li>\u00c9limine la transpiration, l&rsquo;encre et plus<\/li>\n<li><a href=\"https:\/\/superpunch.com\/wp-content\/uploads\/2021\/03\/made_in_usa_FR-3.jpg\"><img decoding=\"async\" class=\"alignnone wp-image-40958\" src=\"https:\/\/superpunch.com\/wp-content\/uploads\/2021\/03\/made_in_usa_FR-3.jpg\" alt=\"\" width=\"70\" height=\"50\" \/><\/a><\/li>\n<\/ul>\n","protected":false},"featured_media":23066,"comment_status":"open","ping_status":"closed","template":"","meta":{"site-sidebar-layout":"default","site-content-layout":"default","ast-site-content-layout":"default","site-content-style":"default","site-sidebar-style":"default","ast-global-header-display":"","ast-banner-title-visibility":"","ast-main-header-display":"","ast-hfb-above-header-display":"","ast-hfb-below-header-display":"","ast-hfb-mobile-header-display":"","site-post-title":"","ast-breadcrumbs-content":"","ast-featured-img":"","footer-sml-layout":"","ast-disable-related-posts":"","theme-transparent-header-meta":"default","adv-header-id-meta":"","stick-header-meta":"","header-above-stick-meta":"","header-main-stick-meta":"","header-below-stick-meta":"","astra-migrate-meta-layouts":"default","ast-page-background-enabled":"default","ast-page-background-meta":{"desktop":{"background-color":"","background-image":"","background-repeat":"repeat","background-position":"center center","background-size":"auto","background-attachment":"scroll","background-type":"","background-media":"","overlay-type":"","overlay-color":"","overlay-opacity":"","overlay-gradient":""},"tablet":{"background-color":"","background-image":"","background-repeat":"repeat","background-position":"center center","background-size":"auto","background-attachment":"scroll","background-type":"","background-media":"","overlay-type":"","overlay-color":"","overlay-opacity":"","overlay-gradient":""},"mobile":{"background-color":"","background-image":"","background-repeat":"repeat","background-position":"center center","background-size":"auto","background-attachment":"scroll","background-type":"","background-media":"","overlay-type":"","overlay-color":"","overlay-opacity":"","overlay-gradient":""}},"ast-content-background-meta":{"desktop":{"background-color":"var(--ast-global-color-5)","background-image":"","background-repeat":"repeat","background-position":"center center","background-size":"auto","background-attachment":"scroll","background-type":"","background-media":"","overlay-type":"","overlay-color":"","overlay-opacity":"","overlay-gradient":""},"tablet":{"background-color":"var(--ast-global-color-5)","background-image":"","background-repeat":"repeat","background-position":"center center","background-size":"auto","background-attachment":"scroll","background-type":"","background-media":"","overlay-type":"","overlay-color":"","overlay-opacity":"","overlay-gradient":""},"mobile":{"background-color":"var(--ast-global-color-5)","background-image":"","background-repeat":"repeat","background-position":"center center","background-size":"auto","background-attachment":"scroll","background-type":"","background-media":"","overlay-type":"","overlay-color":"","overlay-opacity":"","overlay-gradient":""}}},"product_brand":[],"product_cat":[2597],"product_tag":[],"class_list":{"0":"post-23069","1":"product","2":"type-product","3":"status-publish","4":"has-post-thumbnail","6":"product_cat-aerosol-lubrifiant-et-huile","7":"desktop-align-center","8":"tablet-align-center","9":"mobile-align-center","11":"first","12":"instock","13":"taxable","14":"shipping-taxable","15":"purchasable","16":"product-type-simple"},"yoast_head":"<!-- This site is optimized with the Yoast SEO plugin v27.2 - https:\/\/yoast.com\/product\/yoast-seo-wordpress\/ -->\n<title>D\u00e9tachant pour broderie Albachem Quilter 1504 - Superpunch<\/title>\n<meta name=\"robots\" content=\"index, follow, max-snippet:-1, max-image-preview:large, max-video-preview:-1\" \/>\n<link rel=\"canonical\" href=\"https:\/\/superpunch.com\/fr\/produit\/detachant-pour-broderie-albachem-quilter-1504\/\" \/>\n<meta property=\"og:locale\" content=\"fr_CA\" \/>\n<meta property=\"og:type\" content=\"article\" \/>\n<meta property=\"og:title\" content=\"D\u00e9tachant pour broderie Albachem Quilter 1504 - Superpunch\" \/>\n<meta property=\"og:description\" content=\"Le d\u00e9tachant de broderie AlbaChem Quilter est le choix du ma\u00eetre de la courtepointe de nettoyant pour les taches g\u00eanantes qui se produisent pendant la courtepointe. Le sang des piq\u00fbres d&#039;\u00e9pingle, des animaux domestiques, de la nourriture, des boissons, de l&#039;encre et d&#039;autres taches qui peuvent g\u00e2cher la journ\u00e9e d&#039;un quilter sont rapidement \u00e9limin\u00e9s sur place!   \u00c9limine les taches de sang, de lait, de th\u00e9, de caf\u00e9, de soda et autres boissons  \u00c9limine toutes sortes de taches de nourriture  \u00c9limine les taches d&#039;animaux, y compris l&#039;urine de chien et de chat  \u00c9limine la transpiration, l&#039;encre et plus\" \/>\n<meta property=\"og:url\" content=\"https:\/\/superpunch.com\/fr\/produit\/detachant-pour-broderie-albachem-quilter-1504\/\" \/>\n<meta property=\"og:site_name\" content=\"Superpunch\" \/>\n<meta property=\"article:publisher\" content=\"https:\/\/www.facebook.com\/Superpunchembroiderybroderie\" \/>\n<meta property=\"article:modified_time\" content=\"2025-05-06T00:06:11+00:00\" \/>\n<meta name=\"twitter:card\" content=\"summary_large_image\" \/>\n<meta name=\"twitter:site\" content=\"@superpunchemb\" \/>\n<meta name=\"twitter:label1\" content=\"Estimation du temps de lecture\" \/>\n\t<meta name=\"twitter:data1\" content=\"1 minute\" \/>\n<script type=\"application\/ld+json\" class=\"yoast-schema-graph\">{\"@context\":\"https:\/\/schema.org\",\"@graph\":[{\"@type\":\"WebPage\",\"@id\":\"https:\/\/superpunch.com\/fr\/produit\/detachant-pour-broderie-albachem-quilter-1504\/\",\"url\":\"https:\/\/superpunch.com\/fr\/produit\/detachant-pour-broderie-albachem-quilter-1504\/\",\"name\":\"D\u00e9tachant pour broderie Albachem Quilter 1504 - Superpunch\",\"isPartOf\":{\"@id\":\"https:\/\/superpunch.com\/fr\/#website\"},\"primaryImageOfPage\":{\"@id\":\"https:\/\/superpunch.com\/fr\/produit\/detachant-pour-broderie-albachem-quilter-1504\/#primaryimage\"},\"image\":{\"@id\":\"https:\/\/superpunch.com\/fr\/produit\/detachant-pour-broderie-albachem-quilter-1504\/#primaryimage\"},\"thumbnailUrl\":\"https:\/\/superpunch.com\/wp-content\/uploads\/2021\/04\/albachem-quilters-embroidery-stain-remover-1504-118ml-front.jpg\",\"datePublished\":\"2021-04-21T18:27:55+00:00\",\"dateModified\":\"2025-05-06T00:06:11+00:00\",\"breadcrumb\":{\"@id\":\"https:\/\/superpunch.com\/fr\/produit\/detachant-pour-broderie-albachem-quilter-1504\/#breadcrumb\"},\"inLanguage\":\"fr-CA\",\"potentialAction\":[{\"@type\":\"ReadAction\",\"target\":[\"https:\/\/superpunch.com\/fr\/produit\/detachant-pour-broderie-albachem-quilter-1504\/\"]}]},{\"@type\":\"ImageObject\",\"inLanguage\":\"fr-CA\",\"@id\":\"https:\/\/superpunch.com\/fr\/produit\/detachant-pour-broderie-albachem-quilter-1504\/#primaryimage\",\"url\":\"https:\/\/superpunch.com\/wp-content\/uploads\/2021\/04\/albachem-quilters-embroidery-stain-remover-1504-118ml-front.jpg\",\"contentUrl\":\"https:\/\/superpunch.com\/wp-content\/uploads\/2021\/04\/albachem-quilters-embroidery-stain-remover-1504-118ml-front.jpg\",\"width\":600,\"height\":600},{\"@type\":\"BreadcrumbList\",\"@id\":\"https:\/\/superpunch.com\/fr\/produit\/detachant-pour-broderie-albachem-quilter-1504\/#breadcrumb\",\"itemListElement\":[{\"@type\":\"ListItem\",\"position\":1,\"name\":\"Home\",\"item\":\"https:\/\/superpunch.com\/fr\/\"},{\"@type\":\"ListItem\",\"position\":2,\"name\":\"Shop\",\"item\":\"https:\/\/superpunch.com\/fr\/shop\/\"},{\"@type\":\"ListItem\",\"position\":3,\"name\":\"D\u00e9tachant pour broderie Albachem Quilter 1504\"}]},{\"@type\":\"WebSite\",\"@id\":\"https:\/\/superpunch.com\/fr\/#website\",\"url\":\"https:\/\/superpunch.com\/fr\/\",\"name\":\"Superpunch\",\"description\":\"Superpunch - Embroidery Digitizing, Thread, Machines, Stabilizers And Supplies\",\"publisher\":{\"@id\":\"https:\/\/superpunch.com\/fr\/#organization\"},\"potentialAction\":[{\"@type\":\"SearchAction\",\"target\":{\"@type\":\"EntryPoint\",\"urlTemplate\":\"https:\/\/superpunch.com\/fr\/?s={search_term_string}\"},\"query-input\":{\"@type\":\"PropertyValueSpecification\",\"valueRequired\":true,\"valueName\":\"search_term_string\"}}],\"inLanguage\":\"fr-CA\"},{\"@type\":\"Organization\",\"@id\":\"https:\/\/superpunch.com\/fr\/#organization\",\"name\":\"Superpunch\",\"url\":\"https:\/\/superpunch.com\/fr\/\",\"logo\":{\"@type\":\"ImageObject\",\"inLanguage\":\"fr-CA\",\"@id\":\"https:\/\/superpunch.com\/fr\/#\/schema\/logo\/image\/\",\"url\":\"https:\/\/superpunch.com\/wp-content\/uploads\/2022\/12\/superpunch_complet_new_site_on_black-2022.jpg\",\"contentUrl\":\"https:\/\/superpunch.com\/wp-content\/uploads\/2022\/12\/superpunch_complet_new_site_on_black-2022.jpg\",\"width\":600,\"height\":174,\"caption\":\"Superpunch\"},\"image\":{\"@id\":\"https:\/\/superpunch.com\/fr\/#\/schema\/logo\/image\/\"},\"sameAs\":[\"https:\/\/www.facebook.com\/Superpunchembroiderybroderie\",\"https:\/\/x.com\/superpunchemb\",\"https:\/\/www.instagram.com\/superpunchbrand?igsh=YW8xa2ZyZmxkdGNv\",\"https:\/\/www.youtube.com\/channel\/UCgt7yq4-pFJgeI_03psdGPQ\",\"https:\/\/www.pinterest.ca\/superpunchemb\"]}]}<\/script>\n<!-- \/ Yoast SEO plugin. -->","yoast_head_json":{"title":"D\u00e9tachant pour broderie Albachem Quilter 1504 - Superpunch","robots":{"index":"index","follow":"follow","max-snippet":"max-snippet:-1","max-image-preview":"max-image-preview:large","max-video-preview":"max-video-preview:-1"},"canonical":"https:\/\/superpunch.com\/fr\/produit\/detachant-pour-broderie-albachem-quilter-1504\/","og_locale":"fr_CA","og_type":"article","og_title":"D\u00e9tachant pour broderie Albachem Quilter 1504 - Superpunch","og_description":"Le d\u00e9tachant de broderie AlbaChem Quilter est le choix du ma\u00eetre de la courtepointe de nettoyant pour les taches g\u00eanantes qui se produisent pendant la courtepointe. Le sang des piq\u00fbres d'\u00e9pingle, des animaux domestiques, de la nourriture, des boissons, de l'encre et d'autres taches qui peuvent g\u00e2cher la journ\u00e9e d'un quilter sont rapidement \u00e9limin\u00e9s sur place!   \u00c9limine les taches de sang, de lait, de th\u00e9, de caf\u00e9, de soda et autres boissons  \u00c9limine toutes sortes de taches de nourriture  \u00c9limine les taches d'animaux, y compris l'urine de chien et de chat  \u00c9limine la transpiration, l'encre et plus","og_url":"https:\/\/superpunch.com\/fr\/produit\/detachant-pour-broderie-albachem-quilter-1504\/","og_site_name":"Superpunch","article_publisher":"https:\/\/www.facebook.com\/Superpunchembroiderybroderie","article_modified_time":"2025-05-06T00:06:11+00:00","twitter_card":"summary_large_image","twitter_site":"@superpunchemb","twitter_misc":{"Estimation du temps de lecture":"1 minute"},"schema":{"@context":"https:\/\/schema.org","@graph":[{"@type":"WebPage","@id":"https:\/\/superpunch.com\/fr\/produit\/detachant-pour-broderie-albachem-quilter-1504\/","url":"https:\/\/superpunch.com\/fr\/produit\/detachant-pour-broderie-albachem-quilter-1504\/","name":"D\u00e9tachant pour broderie Albachem Quilter 1504 - Superpunch","isPartOf":{"@id":"https:\/\/superpunch.com\/fr\/#website"},"primaryImageOfPage":{"@id":"https:\/\/superpunch.com\/fr\/produit\/detachant-pour-broderie-albachem-quilter-1504\/#primaryimage"},"image":{"@id":"https:\/\/superpunch.com\/fr\/produit\/detachant-pour-broderie-albachem-quilter-1504\/#primaryimage"},"thumbnailUrl":"https:\/\/superpunch.com\/wp-content\/uploads\/2021\/04\/albachem-quilters-embroidery-stain-remover-1504-118ml-front.jpg","datePublished":"2021-04-21T18:27:55+00:00","dateModified":"2025-05-06T00:06:11+00:00","breadcrumb":{"@id":"https:\/\/superpunch.com\/fr\/produit\/detachant-pour-broderie-albachem-quilter-1504\/#breadcrumb"},"inLanguage":"fr-CA","potentialAction":[{"@type":"ReadAction","target":["https:\/\/superpunch.com\/fr\/produit\/detachant-pour-broderie-albachem-quilter-1504\/"]}]},{"@type":"ImageObject","inLanguage":"fr-CA","@id":"https:\/\/superpunch.com\/fr\/produit\/detachant-pour-broderie-albachem-quilter-1504\/#primaryimage","url":"https:\/\/superpunch.com\/wp-content\/uploads\/2021\/04\/albachem-quilters-embroidery-stain-remover-1504-118ml-front.jpg","contentUrl":"https:\/\/superpunch.com\/wp-content\/uploads\/2021\/04\/albachem-quilters-embroidery-stain-remover-1504-118ml-front.jpg","width":600,"height":600},{"@type":"BreadcrumbList","@id":"https:\/\/superpunch.com\/fr\/produit\/detachant-pour-broderie-albachem-quilter-1504\/#breadcrumb","itemListElement":[{"@type":"ListItem","position":1,"name":"Home","item":"https:\/\/superpunch.com\/fr\/"},{"@type":"ListItem","position":2,"name":"Shop","item":"https:\/\/superpunch.com\/fr\/shop\/"},{"@type":"ListItem","position":3,"name":"D\u00e9tachant pour broderie Albachem Quilter 1504"}]},{"@type":"WebSite","@id":"https:\/\/superpunch.com\/fr\/#website","url":"https:\/\/superpunch.com\/fr\/","name":"Superpunch","description":"Superpunch - Embroidery Digitizing, Thread, Machines, Stabilizers And Supplies","publisher":{"@id":"https:\/\/superpunch.com\/fr\/#organization"},"potentialAction":[{"@type":"SearchAction","target":{"@type":"EntryPoint","urlTemplate":"https:\/\/superpunch.com\/fr\/?s={search_term_string}"},"query-input":{"@type":"PropertyValueSpecification","valueRequired":true,"valueName":"search_term_string"}}],"inLanguage":"fr-CA"},{"@type":"Organization","@id":"https:\/\/superpunch.com\/fr\/#organization","name":"Superpunch","url":"https:\/\/superpunch.com\/fr\/","logo":{"@type":"ImageObject","inLanguage":"fr-CA","@id":"https:\/\/superpunch.com\/fr\/#\/schema\/logo\/image\/","url":"https:\/\/superpunch.com\/wp-content\/uploads\/2022\/12\/superpunch_complet_new_site_on_black-2022.jpg","contentUrl":"https:\/\/superpunch.com\/wp-content\/uploads\/2022\/12\/superpunch_complet_new_site_on_black-2022.jpg","width":600,"height":174,"caption":"Superpunch"},"image":{"@id":"https:\/\/superpunch.com\/fr\/#\/schema\/logo\/image\/"},"sameAs":["https:\/\/www.facebook.com\/Superpunchembroiderybroderie","https:\/\/x.com\/superpunchemb","https:\/\/www.instagram.com\/superpunchbrand?igsh=YW8xa2ZyZmxkdGNv","https:\/\/www.youtube.com\/channel\/UCgt7yq4-pFJgeI_03psdGPQ","https:\/\/www.pinterest.ca\/superpunchemb"]}]}},"_links":{"self":[{"href":"https:\/\/superpunch.com\/fr\/wp-json\/wp\/v2\/product\/23069","targetHints":{"allow":["GET"]}}],"collection":[{"href":"https:\/\/superpunch.com\/fr\/wp-json\/wp\/v2\/product"}],"about":[{"href":"https:\/\/superpunch.com\/fr\/wp-json\/wp\/v2\/types\/product"}],"replies":[{"embeddable":true,"href":"https:\/\/superpunch.com\/fr\/wp-json\/wp\/v2\/comments?post=23069"}],"wp:featuredmedia":[{"embeddable":true,"href":"https:\/\/superpunch.com\/fr\/wp-json\/wp\/v2\/media\/23066"}],"wp:attachment":[{"href":"https:\/\/superpunch.com\/fr\/wp-json\/wp\/v2\/media?parent=23069"}],"wp:term":[{"taxonomy":"product_brand","embeddable":true,"href":"https:\/\/superpunch.com\/fr\/wp-json\/wp\/v2\/product_brand?post=23069"},{"taxonomy":"product_cat","embeddable":true,"href":"https:\/\/superpunch.com\/fr\/wp-json\/wp\/v2\/product_cat?post=23069"},{"taxonomy":"product_tag","embeddable":true,"href":"https:\/\/superpunch.com\/fr\/wp-json\/wp\/v2\/product_tag?post=23069"}],"curies":[{"name":"wp","href":"https:\/\/api.w.org\/{rel}","templated":true}]}}