{"id":23966,"date":"2021-06-03T10:51:04","date_gmt":"2021-06-03T14:51:05","guid":{"rendered":"https:\/\/superpunch.com\/?post_type=product&#038;p=23966"},"modified":"2021-06-04T10:19:38","modified_gmt":"2021-06-04T14:19:38","slug":"fil-a-broder-qui-brille-dans-le-noir-copy","status":"publish","type":"product","link":"https:\/\/superpunch.com\/fr\/produit\/fil-a-broder-qui-brille-dans-le-noir-copy\/","title":{"rendered":"Fil \u00e0 broder qui brille dans le noir (Copy)"},"content":{"rendered":"<div class=\"\" style=\"position: relative;\" data-richtextify-editable=\"true\">\n<h2><strong>Fil Brillant dans le Noir:<\/strong><\/h2>\n<p>Ce <strong>fil brillant dans le noir<\/strong> est un produit de qualit\u00e9 sup\u00e9rieure, fabriqu\u00e9 aux USA en polyester. Ce fil brillera \u00e0 la noirceur. Il est d&rsquo;une grosseur parfaite et aussi d&rsquo;un prix parfait, pouvant accommoder toutes les machines et tous les budgets. Soyez cr\u00e9atif sur votre prochain projet et essayer notre fil sp\u00e9cial qui brille dans le noir pour un effet brillant originale.<\/p>\n<p>Sensible \u00e0 la chaleur, ne pas repasser au fer, ni mettre dans la s\u00e9cheuse ou dans l&rsquo;eau de javel.<\/p>\n<p><iframe src=\"https:\/\/www.youtube.com\/embed\/5ek4E9nIc0w\" width=\"420\" height=\"315\" allowfullscreen=\"allowfullscreen\"><br \/>\n<\/iframe><\/p>\n<\/div>\n","protected":false},"excerpt":{"rendered":"<div class=\"\" style=\"position: relative;\" data-richtextify-editable=\"true\">\n<div class=\"\" style=\"position: relative;\" data-richtextify-editable=\"true\">\n<ul>\n<li>Grandeur 40<\/li>\n<li>700 verges par bobine<\/li>\n<li>Ce fil peut \u00eatre utilis\u00e9 pour la broderie, couture et courtepointe.<\/li>\n<li>Ce <strong>fil brillant dans le noir<\/strong> est un produit de qualit\u00e9 sup\u00e9rieure, fabriqu\u00e9 aux USA en polyester.<\/li>\n<li>Ce fil brillera \u00e0 la noirceur.<\/li>\n<li>Il est d&rsquo;une grosseur parfaite et aussi d&rsquo;un prix parfait, pouvant accommoder toutes les machines et tous les budgets.<\/li>\n<li>Sensible \u00e0 la chaleur, ne pas repasser au fer, ni mettre dans la s\u00e9cheuse ou dans l&rsquo;eau de javel.<\/li>\n<\/ul>\n<p>Soyez cr\u00e9atif sur votre prochain projet et essayer notre fil sp\u00e9cial qui brille dans le noir pour un effet brillant originale.<\/p>\n<\/div>\n<p><a href=\"https:\/\/superpunch.com\/wp-content\/uploads\/2021\/03\/made_in_usa_FR-3.jpg\"><img decoding=\"async\" class=\"alignnone wp-image-40958\" src=\"https:\/\/superpunch.com\/wp-content\/uploads\/2021\/03\/made_in_usa_FR-3.jpg\" alt=\"\" width=\"70\" height=\"50\" \/><\/a><\/p>\n<\/div>\n","protected":false},"featured_media":17908,"comment_status":"open","ping_status":"closed","template":"","meta":{"site-sidebar-layout":"default","site-content-layout":"default","ast-site-content-layout":"default","site-content-style":"default","site-sidebar-style":"default","ast-global-header-display":"","ast-banner-title-visibility":"","ast-main-header-display":"","ast-hfb-above-header-display":"","ast-hfb-below-header-display":"","ast-hfb-mobile-header-display":"","site-post-title":"","ast-breadcrumbs-content":"","ast-featured-img":"","footer-sml-layout":"","ast-disable-related-posts":"","theme-transparent-header-meta":"default","adv-header-id-meta":"","stick-header-meta":"","header-above-stick-meta":"","header-main-stick-meta":"","header-below-stick-meta":"","astra-migrate-meta-layouts":"default","ast-page-background-enabled":"default","ast-page-background-meta":{"desktop":{"background-color":"","background-image":"","background-repeat":"repeat","background-position":"center center","background-size":"auto","background-attachment":"scroll","background-type":"","background-media":"","overlay-type":"","overlay-color":"","overlay-opacity":"","overlay-gradient":""},"tablet":{"background-color":"","background-image":"","background-repeat":"repeat","background-position":"center center","background-size":"auto","background-attachment":"scroll","background-type":"","background-media":"","overlay-type":"","overlay-color":"","overlay-opacity":"","overlay-gradient":""},"mobile":{"background-color":"","background-image":"","background-repeat":"repeat","background-position":"center center","background-size":"auto","background-attachment":"scroll","background-type":"","background-media":"","overlay-type":"","overlay-color":"","overlay-opacity":"","overlay-gradient":""}},"ast-content-background-meta":{"desktop":{"background-color":"var(--ast-global-color-5)","background-image":"","background-repeat":"repeat","background-position":"center center","background-size":"auto","background-attachment":"scroll","background-type":"","background-media":"","overlay-type":"","overlay-color":"","overlay-opacity":"","overlay-gradient":""},"tablet":{"background-color":"var(--ast-global-color-5)","background-image":"","background-repeat":"repeat","background-position":"center center","background-size":"auto","background-attachment":"scroll","background-type":"","background-media":"","overlay-type":"","overlay-color":"","overlay-opacity":"","overlay-gradient":""},"mobile":{"background-color":"var(--ast-global-color-5)","background-image":"","background-repeat":"repeat","background-position":"center center","background-size":"auto","background-attachment":"scroll","background-type":"","background-media":"","overlay-type":"","overlay-color":"","overlay-opacity":"","overlay-gradient":""}}},"product_brand":[],"product_cat":[2241],"product_tag":[],"class_list":{"0":"post-23966","1":"product","2":"type-product","3":"status-publish","4":"has-post-thumbnail","6":"product_cat-fil","7":"desktop-align-center","8":"tablet-align-center","9":"mobile-align-center","11":"first","12":"instock","13":"taxable","14":"shipping-taxable","15":"purchasable","16":"product-type-variable"},"yoast_head":"<!-- This site is optimized with the Yoast SEO plugin v27.2 - https:\/\/yoast.com\/product\/yoast-seo-wordpress\/ -->\n<title>Fil \u00e0 broder qui brille dans le noir (Copy) - Superpunch<\/title>\n<meta name=\"robots\" content=\"index, follow, max-snippet:-1, max-image-preview:large, max-video-preview:-1\" \/>\n<link rel=\"canonical\" href=\"https:\/\/superpunch.com\/fr\/produit\/fil-a-broder-qui-brille-dans-le-noir-copy\/\" \/>\n<meta property=\"og:locale\" content=\"fr_CA\" \/>\n<meta property=\"og:type\" content=\"article\" \/>\n<meta property=\"og:title\" content=\"Fil \u00e0 broder qui brille dans le noir (Copy) - Superpunch\" \/>\n<meta property=\"og:description\" content=\"Grandeur 40  700 verges par bobine  Ce fil peut \u00eatre utilis\u00e9 pour la broderie, couture et courtepointe.  Ce fil brillant dans le noir est un produit de qualit\u00e9 sup\u00e9rieure, fabriqu\u00e9 aux USA en polyester.  Ce fil brillera \u00e0 la noirceur.  Il est d&#039;une grosseur parfaite et aussi d&#039;un prix parfait, pouvant accommoder toutes les machines et tous les budgets.  Sensible \u00e0 la chaleur, ne pas repasser au fer, ni mettre dans la s\u00e9cheuse ou dans l&#039;eau de javel.  Soyez cr\u00e9atif sur votre prochain projet et essayer notre fil sp\u00e9cial qui brille dans le noir pour un effet brillant originale.\" \/>\n<meta property=\"og:url\" content=\"https:\/\/superpunch.com\/fr\/produit\/fil-a-broder-qui-brille-dans-le-noir-copy\/\" \/>\n<meta property=\"og:site_name\" content=\"Superpunch\" \/>\n<meta property=\"article:publisher\" content=\"https:\/\/www.facebook.com\/Superpunchembroiderybroderie\" \/>\n<meta property=\"article:modified_time\" content=\"2021-06-04T14:19:38+00:00\" \/>\n<meta name=\"twitter:card\" content=\"summary_large_image\" \/>\n<meta name=\"twitter:site\" content=\"@superpunchemb\" \/>\n<script type=\"application\/ld+json\" class=\"yoast-schema-graph\">{\"@context\":\"https:\/\/schema.org\",\"@graph\":[{\"@type\":\"WebPage\",\"@id\":\"https:\/\/superpunch.com\/fr\/produit\/fil-a-broder-qui-brille-dans-le-noir-copy\/\",\"url\":\"https:\/\/superpunch.com\/fr\/produit\/fil-a-broder-qui-brille-dans-le-noir-copy\/\",\"name\":\"Fil \u00e0 broder qui brille dans le noir (Copy) - Superpunch\",\"isPartOf\":{\"@id\":\"https:\/\/superpunch.com\/fr\/#website\"},\"primaryImageOfPage\":{\"@id\":\"https:\/\/superpunch.com\/fr\/produit\/fil-a-broder-qui-brille-dans-le-noir-copy\/#primaryimage\"},\"image\":{\"@id\":\"https:\/\/superpunch.com\/fr\/produit\/fil-a-broder-qui-brille-dans-le-noir-copy\/#primaryimage\"},\"thumbnailUrl\":\"https:\/\/superpunch.com\/wp-content\/uploads\/2021\/03\/logo-GLOW-fr-brille-dans-le-noir.jpg\",\"datePublished\":\"2021-06-03T14:51:05+00:00\",\"dateModified\":\"2021-06-04T14:19:38+00:00\",\"breadcrumb\":{\"@id\":\"https:\/\/superpunch.com\/fr\/produit\/fil-a-broder-qui-brille-dans-le-noir-copy\/#breadcrumb\"},\"inLanguage\":\"fr-CA\",\"potentialAction\":[{\"@type\":\"ReadAction\",\"target\":[\"https:\/\/superpunch.com\/fr\/produit\/fil-a-broder-qui-brille-dans-le-noir-copy\/\"]}]},{\"@type\":\"ImageObject\",\"inLanguage\":\"fr-CA\",\"@id\":\"https:\/\/superpunch.com\/fr\/produit\/fil-a-broder-qui-brille-dans-le-noir-copy\/#primaryimage\",\"url\":\"https:\/\/superpunch.com\/wp-content\/uploads\/2021\/03\/logo-GLOW-fr-brille-dans-le-noir.jpg\",\"contentUrl\":\"https:\/\/superpunch.com\/wp-content\/uploads\/2021\/03\/logo-GLOW-fr-brille-dans-le-noir.jpg\",\"width\":600,\"height\":602},{\"@type\":\"BreadcrumbList\",\"@id\":\"https:\/\/superpunch.com\/fr\/produit\/fil-a-broder-qui-brille-dans-le-noir-copy\/#breadcrumb\",\"itemListElement\":[{\"@type\":\"ListItem\",\"position\":1,\"name\":\"Home\",\"item\":\"https:\/\/superpunch.com\/fr\/\"},{\"@type\":\"ListItem\",\"position\":2,\"name\":\"Shop\",\"item\":\"https:\/\/superpunch.com\/fr\/shop\/\"},{\"@type\":\"ListItem\",\"position\":3,\"name\":\"Fil \u00e0 broder qui brille dans le noir (Copy)\"}]},{\"@type\":\"WebSite\",\"@id\":\"https:\/\/superpunch.com\/fr\/#website\",\"url\":\"https:\/\/superpunch.com\/fr\/\",\"name\":\"Superpunch\",\"description\":\"Superpunch - Embroidery Digitizing, Thread, Machines, Stabilizers And Supplies\",\"publisher\":{\"@id\":\"https:\/\/superpunch.com\/fr\/#organization\"},\"potentialAction\":[{\"@type\":\"SearchAction\",\"target\":{\"@type\":\"EntryPoint\",\"urlTemplate\":\"https:\/\/superpunch.com\/fr\/?s={search_term_string}\"},\"query-input\":{\"@type\":\"PropertyValueSpecification\",\"valueRequired\":true,\"valueName\":\"search_term_string\"}}],\"inLanguage\":\"fr-CA\"},{\"@type\":\"Organization\",\"@id\":\"https:\/\/superpunch.com\/fr\/#organization\",\"name\":\"Superpunch\",\"url\":\"https:\/\/superpunch.com\/fr\/\",\"logo\":{\"@type\":\"ImageObject\",\"inLanguage\":\"fr-CA\",\"@id\":\"https:\/\/superpunch.com\/fr\/#\/schema\/logo\/image\/\",\"url\":\"https:\/\/superpunch.com\/wp-content\/uploads\/2022\/12\/superpunch_complet_new_site_on_black-2022.jpg\",\"contentUrl\":\"https:\/\/superpunch.com\/wp-content\/uploads\/2022\/12\/superpunch_complet_new_site_on_black-2022.jpg\",\"width\":600,\"height\":174,\"caption\":\"Superpunch\"},\"image\":{\"@id\":\"https:\/\/superpunch.com\/fr\/#\/schema\/logo\/image\/\"},\"sameAs\":[\"https:\/\/www.facebook.com\/Superpunchembroiderybroderie\",\"https:\/\/x.com\/superpunchemb\",\"https:\/\/www.instagram.com\/superpunchbrand?igsh=YW8xa2ZyZmxkdGNv\",\"https:\/\/www.youtube.com\/channel\/UCgt7yq4-pFJgeI_03psdGPQ\",\"https:\/\/www.pinterest.ca\/superpunchemb\"]}]}<\/script>\n<!-- \/ Yoast SEO plugin. -->","yoast_head_json":{"title":"Fil \u00e0 broder qui brille dans le noir (Copy) - Superpunch","robots":{"index":"index","follow":"follow","max-snippet":"max-snippet:-1","max-image-preview":"max-image-preview:large","max-video-preview":"max-video-preview:-1"},"canonical":"https:\/\/superpunch.com\/fr\/produit\/fil-a-broder-qui-brille-dans-le-noir-copy\/","og_locale":"fr_CA","og_type":"article","og_title":"Fil \u00e0 broder qui brille dans le noir (Copy) - Superpunch","og_description":"Grandeur 40  700 verges par bobine  Ce fil peut \u00eatre utilis\u00e9 pour la broderie, couture et courtepointe.  Ce fil brillant dans le noir est un produit de qualit\u00e9 sup\u00e9rieure, fabriqu\u00e9 aux USA en polyester.  Ce fil brillera \u00e0 la noirceur.  Il est d'une grosseur parfaite et aussi d'un prix parfait, pouvant accommoder toutes les machines et tous les budgets.  Sensible \u00e0 la chaleur, ne pas repasser au fer, ni mettre dans la s\u00e9cheuse ou dans l'eau de javel.  Soyez cr\u00e9atif sur votre prochain projet et essayer notre fil sp\u00e9cial qui brille dans le noir pour un effet brillant originale.","og_url":"https:\/\/superpunch.com\/fr\/produit\/fil-a-broder-qui-brille-dans-le-noir-copy\/","og_site_name":"Superpunch","article_publisher":"https:\/\/www.facebook.com\/Superpunchembroiderybroderie","article_modified_time":"2021-06-04T14:19:38+00:00","twitter_card":"summary_large_image","twitter_site":"@superpunchemb","schema":{"@context":"https:\/\/schema.org","@graph":[{"@type":"WebPage","@id":"https:\/\/superpunch.com\/fr\/produit\/fil-a-broder-qui-brille-dans-le-noir-copy\/","url":"https:\/\/superpunch.com\/fr\/produit\/fil-a-broder-qui-brille-dans-le-noir-copy\/","name":"Fil \u00e0 broder qui brille dans le noir (Copy) - Superpunch","isPartOf":{"@id":"https:\/\/superpunch.com\/fr\/#website"},"primaryImageOfPage":{"@id":"https:\/\/superpunch.com\/fr\/produit\/fil-a-broder-qui-brille-dans-le-noir-copy\/#primaryimage"},"image":{"@id":"https:\/\/superpunch.com\/fr\/produit\/fil-a-broder-qui-brille-dans-le-noir-copy\/#primaryimage"},"thumbnailUrl":"https:\/\/superpunch.com\/wp-content\/uploads\/2021\/03\/logo-GLOW-fr-brille-dans-le-noir.jpg","datePublished":"2021-06-03T14:51:05+00:00","dateModified":"2021-06-04T14:19:38+00:00","breadcrumb":{"@id":"https:\/\/superpunch.com\/fr\/produit\/fil-a-broder-qui-brille-dans-le-noir-copy\/#breadcrumb"},"inLanguage":"fr-CA","potentialAction":[{"@type":"ReadAction","target":["https:\/\/superpunch.com\/fr\/produit\/fil-a-broder-qui-brille-dans-le-noir-copy\/"]}]},{"@type":"ImageObject","inLanguage":"fr-CA","@id":"https:\/\/superpunch.com\/fr\/produit\/fil-a-broder-qui-brille-dans-le-noir-copy\/#primaryimage","url":"https:\/\/superpunch.com\/wp-content\/uploads\/2021\/03\/logo-GLOW-fr-brille-dans-le-noir.jpg","contentUrl":"https:\/\/superpunch.com\/wp-content\/uploads\/2021\/03\/logo-GLOW-fr-brille-dans-le-noir.jpg","width":600,"height":602},{"@type":"BreadcrumbList","@id":"https:\/\/superpunch.com\/fr\/produit\/fil-a-broder-qui-brille-dans-le-noir-copy\/#breadcrumb","itemListElement":[{"@type":"ListItem","position":1,"name":"Home","item":"https:\/\/superpunch.com\/fr\/"},{"@type":"ListItem","position":2,"name":"Shop","item":"https:\/\/superpunch.com\/fr\/shop\/"},{"@type":"ListItem","position":3,"name":"Fil \u00e0 broder qui brille dans le noir (Copy)"}]},{"@type":"WebSite","@id":"https:\/\/superpunch.com\/fr\/#website","url":"https:\/\/superpunch.com\/fr\/","name":"Superpunch","description":"Superpunch - Embroidery Digitizing, Thread, Machines, Stabilizers And Supplies","publisher":{"@id":"https:\/\/superpunch.com\/fr\/#organization"},"potentialAction":[{"@type":"SearchAction","target":{"@type":"EntryPoint","urlTemplate":"https:\/\/superpunch.com\/fr\/?s={search_term_string}"},"query-input":{"@type":"PropertyValueSpecification","valueRequired":true,"valueName":"search_term_string"}}],"inLanguage":"fr-CA"},{"@type":"Organization","@id":"https:\/\/superpunch.com\/fr\/#organization","name":"Superpunch","url":"https:\/\/superpunch.com\/fr\/","logo":{"@type":"ImageObject","inLanguage":"fr-CA","@id":"https:\/\/superpunch.com\/fr\/#\/schema\/logo\/image\/","url":"https:\/\/superpunch.com\/wp-content\/uploads\/2022\/12\/superpunch_complet_new_site_on_black-2022.jpg","contentUrl":"https:\/\/superpunch.com\/wp-content\/uploads\/2022\/12\/superpunch_complet_new_site_on_black-2022.jpg","width":600,"height":174,"caption":"Superpunch"},"image":{"@id":"https:\/\/superpunch.com\/fr\/#\/schema\/logo\/image\/"},"sameAs":["https:\/\/www.facebook.com\/Superpunchembroiderybroderie","https:\/\/x.com\/superpunchemb","https:\/\/www.instagram.com\/superpunchbrand?igsh=YW8xa2ZyZmxkdGNv","https:\/\/www.youtube.com\/channel\/UCgt7yq4-pFJgeI_03psdGPQ","https:\/\/www.pinterest.ca\/superpunchemb"]}]}},"_links":{"self":[{"href":"https:\/\/superpunch.com\/fr\/wp-json\/wp\/v2\/product\/23966","targetHints":{"allow":["GET"]}}],"collection":[{"href":"https:\/\/superpunch.com\/fr\/wp-json\/wp\/v2\/product"}],"about":[{"href":"https:\/\/superpunch.com\/fr\/wp-json\/wp\/v2\/types\/product"}],"replies":[{"embeddable":true,"href":"https:\/\/superpunch.com\/fr\/wp-json\/wp\/v2\/comments?post=23966"}],"wp:featuredmedia":[{"embeddable":true,"href":"https:\/\/superpunch.com\/fr\/wp-json\/wp\/v2\/media\/17908"}],"wp:attachment":[{"href":"https:\/\/superpunch.com\/fr\/wp-json\/wp\/v2\/media?parent=23966"}],"wp:term":[{"taxonomy":"product_brand","embeddable":true,"href":"https:\/\/superpunch.com\/fr\/wp-json\/wp\/v2\/product_brand?post=23966"},{"taxonomy":"product_cat","embeddable":true,"href":"https:\/\/superpunch.com\/fr\/wp-json\/wp\/v2\/product_cat?post=23966"},{"taxonomy":"product_tag","embeddable":true,"href":"https:\/\/superpunch.com\/fr\/wp-json\/wp\/v2\/product_tag?post=23966"}],"curies":[{"name":"wp","href":"https:\/\/api.w.org\/{rel}","templated":true}]}}