{"id":33024,"date":"2023-10-13T11:00:47","date_gmt":"2023-10-13T15:00:47","guid":{"rendered":"https:\/\/superpunch.com\/shop\/adhesif-albachem-eco-mist-1782\/"},"modified":"2026-03-30T20:29:32","modified_gmt":"2026-03-31T00:29:32","slug":"adhesif-albachem-eco-mist-1782","status":"publish","type":"product","link":"https:\/\/superpunch.com\/fr\/produit\/adhesif-albachem-eco-mist-1782\/","title":{"rendered":"Adh\u00e9sif AlbaChem Eco-Mist 1782"},"content":{"rendered":"<p>AlbaChem Eco Mist est un adh\u00e9sif textile tout usage sensible \u00e0 la pression. S\u00e9rigraphie: fournit une liaison temporaire sur les palettes pendant que des t-shirts, des pi\u00e8ces d\u00e9coup\u00e9es et d&rsquo;autres textiles sont imprim\u00e9s; Broderie: maintient les appliques en place avant la couture; Fabrication de v\u00eatements: maintient le papier buvard en place pendant que le tissu est coup\u00e9. \u00ab\u00a0Re-tack\u00a0\u00bb pour couper les tapis.<\/p>\n<p>Palette s\u00e9rigraphi\u00e9e \u00abFlashable\u00bb et adh\u00e9sif \u00e0 broder<br \/>\nId\u00e9al pour couper les tapis<br \/>\nId\u00e9al pour les salles de coupe<br \/>\nSensible \u00e0 la pression. Ne transf\u00e9rera pas<br \/>\nNe contient pas d&rsquo;hexane<br \/>\nPoids net: 12oz \/ 340g<\/p>\n","protected":false},"excerpt":{"rendered":"<p>AlbaChem Eco Mist est un adh\u00e9sif textile tout usage sensible \u00e0 la pression. S\u00e9rigraphie: fournit une liaison temporaire sur les palettes pendant que des t-shirts, des pi\u00e8ces d\u00e9coup\u00e9es et d&rsquo;autres textiles sont imprim\u00e9s; Broderie: maintient les appliques en place avant la couture; Fabrication de v\u00eatements: maintient le papier buvard en place pendant que le tissu est coup\u00e9. \u00ab\u00a0Re-tack\u00a0\u00bb pour couper les tapis.<\/p>\n<p>Palette s\u00e9rigraphi\u00e9e \u00abFlashable\u00bb et adh\u00e9sif \u00e0 broder<br \/>\nId\u00e9al pour couper les tapis<br \/>\nId\u00e9al pour les salles de coupe<br \/>\nSensible \u00e0 la pression. Ne transf\u00e9rera pas<br \/>\nNe contient pas d&rsquo;hexane<br \/>\nPoids net: 12oz \/ 340g<\/p>\n","protected":false},"featured_media":35540,"comment_status":"open","ping_status":"closed","template":"","meta":{"site-sidebar-layout":"default","site-content-layout":"","ast-site-content-layout":"default","site-content-style":"default","site-sidebar-style":"default","ast-global-header-display":"","ast-banner-title-visibility":"","ast-main-header-display":"","ast-hfb-above-header-display":"","ast-hfb-below-header-display":"","ast-hfb-mobile-header-display":"","site-post-title":"","ast-breadcrumbs-content":"","ast-featured-img":"","footer-sml-layout":"","ast-disable-related-posts":"","theme-transparent-header-meta":"default","adv-header-id-meta":"","stick-header-meta":"","header-above-stick-meta":"","header-main-stick-meta":"","header-below-stick-meta":"","astra-migrate-meta-layouts":"default","ast-page-background-enabled":"default","ast-page-background-meta":{"desktop":{"background-color":"","background-image":"","background-repeat":"repeat","background-position":"center center","background-size":"auto","background-attachment":"scroll","background-type":"","background-media":"","overlay-type":"","overlay-color":"","overlay-opacity":"","overlay-gradient":""},"tablet":{"background-color":"","background-image":"","background-repeat":"repeat","background-position":"center center","background-size":"auto","background-attachment":"scroll","background-type":"","background-media":"","overlay-type":"","overlay-color":"","overlay-opacity":"","overlay-gradient":""},"mobile":{"background-color":"","background-image":"","background-repeat":"repeat","background-position":"center center","background-size":"auto","background-attachment":"scroll","background-type":"","background-media":"","overlay-type":"","overlay-color":"","overlay-opacity":"","overlay-gradient":""}},"ast-content-background-meta":{"desktop":{"background-color":"var(--ast-global-color-5)","background-image":"","background-repeat":"repeat","background-position":"center center","background-size":"auto","background-attachment":"scroll","background-type":"","background-media":"","overlay-type":"","overlay-color":"","overlay-opacity":"","overlay-gradient":""},"tablet":{"background-color":"var(--ast-global-color-5)","background-image":"","background-repeat":"repeat","background-position":"center center","background-size":"auto","background-attachment":"scroll","background-type":"","background-media":"","overlay-type":"","overlay-color":"","overlay-opacity":"","overlay-gradient":""},"mobile":{"background-color":"var(--ast-global-color-5)","background-image":"","background-repeat":"repeat","background-position":"center center","background-size":"auto","background-attachment":"scroll","background-type":"","background-media":"","overlay-type":"","overlay-color":"","overlay-opacity":"","overlay-gradient":""}}},"product_brand":[],"product_cat":[2597],"product_tag":[],"class_list":{"0":"post-33024","1":"product","2":"type-product","3":"status-publish","4":"has-post-thumbnail","6":"product_cat-aerosol-lubrifiant-et-huile","7":"desktop-align-center","8":"tablet-align-center","9":"mobile-align-center","11":"first","12":"instock","13":"taxable","14":"shipping-taxable","15":"purchasable","16":"product-type-simple"},"yoast_head":"<!-- This site is optimized with the Yoast SEO plugin v27.3 - https:\/\/yoast.com\/product\/yoast-seo-wordpress\/ -->\n<title>Adh\u00e9sif AlbaChem Eco-Mist 1782 - Superpunch<\/title>\n<meta name=\"robots\" content=\"index, follow, max-snippet:-1, max-image-preview:large, max-video-preview:-1\" \/>\n<link rel=\"canonical\" href=\"https:\/\/superpunch.com\/fr\/produit\/adhesif-albachem-eco-mist-1782\/\" \/>\n<meta property=\"og:locale\" content=\"fr_CA\" \/>\n<meta property=\"og:type\" content=\"article\" \/>\n<meta property=\"og:title\" content=\"Adh\u00e9sif AlbaChem Eco-Mist 1782 - Superpunch\" \/>\n<meta property=\"og:description\" content=\"AlbaChem Eco Mist est un adh\u00e9sif textile tout usage sensible \u00e0 la pression. S\u00e9rigraphie: fournit une liaison temporaire sur les palettes pendant que des t-shirts, des pi\u00e8ces d\u00e9coup\u00e9es et d&#039;autres textiles sont imprim\u00e9s; Broderie: maintient les appliques en place avant la couture; Fabrication de v\u00eatements: maintient le papier buvard en place pendant que le tissu est coup\u00e9. &quot;Re-tack&quot; pour couper les tapis.  Palette s\u00e9rigraphi\u00e9e \u00abFlashable\u00bb et adh\u00e9sif \u00e0 broder Id\u00e9al pour couper les tapis Id\u00e9al pour les salles de coupe Sensible \u00e0 la pression. Ne transf\u00e9rera pas Ne contient pas d&#039;hexane Poids net: 12oz \/ 340g\" \/>\n<meta property=\"og:url\" content=\"https:\/\/superpunch.com\/fr\/produit\/adhesif-albachem-eco-mist-1782\/\" \/>\n<meta property=\"og:site_name\" content=\"Superpunch\" \/>\n<meta property=\"article:publisher\" content=\"https:\/\/www.facebook.com\/Superpunchembroiderybroderie\" \/>\n<meta property=\"article:modified_time\" content=\"2026-03-31T00:29:32+00:00\" \/>\n<meta name=\"twitter:card\" content=\"summary_large_image\" \/>\n<meta name=\"twitter:site\" content=\"@superpunchemb\" \/>\n<meta name=\"twitter:label1\" content=\"Estimation du temps de lecture\" \/>\n\t<meta name=\"twitter:data1\" content=\"1 minute\" \/>\n<script type=\"application\/ld+json\" class=\"yoast-schema-graph\">{\"@context\":\"https:\\\/\\\/schema.org\",\"@graph\":[{\"@type\":\"WebPage\",\"@id\":\"https:\\\/\\\/superpunch.com\\\/fr\\\/produit\\\/adhesif-albachem-eco-mist-1782\\\/\",\"url\":\"https:\\\/\\\/superpunch.com\\\/fr\\\/produit\\\/adhesif-albachem-eco-mist-1782\\\/\",\"name\":\"Adh\u00e9sif AlbaChem Eco-Mist 1782 - Superpunch\",\"isPartOf\":{\"@id\":\"https:\\\/\\\/superpunch.com\\\/fr\\\/#website\"},\"primaryImageOfPage\":{\"@id\":\"https:\\\/\\\/superpunch.com\\\/fr\\\/produit\\\/adhesif-albachem-eco-mist-1782\\\/#primaryimage\"},\"image\":{\"@id\":\"https:\\\/\\\/superpunch.com\\\/fr\\\/produit\\\/adhesif-albachem-eco-mist-1782\\\/#primaryimage\"},\"thumbnailUrl\":\"https:\\\/\\\/superpunch.com\\\/wp-content\\\/uploads\\\/2023\\\/10\\\/eco-mist_adhesive.jpg\",\"datePublished\":\"2023-10-13T15:00:47+00:00\",\"dateModified\":\"2026-03-31T00:29:32+00:00\",\"breadcrumb\":{\"@id\":\"https:\\\/\\\/superpunch.com\\\/fr\\\/produit\\\/adhesif-albachem-eco-mist-1782\\\/#breadcrumb\"},\"inLanguage\":\"fr-CA\",\"potentialAction\":[{\"@type\":\"ReadAction\",\"target\":[\"https:\\\/\\\/superpunch.com\\\/fr\\\/produit\\\/adhesif-albachem-eco-mist-1782\\\/\"]}]},{\"@type\":\"ImageObject\",\"inLanguage\":\"fr-CA\",\"@id\":\"https:\\\/\\\/superpunch.com\\\/fr\\\/produit\\\/adhesif-albachem-eco-mist-1782\\\/#primaryimage\",\"url\":\"https:\\\/\\\/superpunch.com\\\/wp-content\\\/uploads\\\/2023\\\/10\\\/eco-mist_adhesive.jpg\",\"contentUrl\":\"https:\\\/\\\/superpunch.com\\\/wp-content\\\/uploads\\\/2023\\\/10\\\/eco-mist_adhesive.jpg\",\"width\":1000,\"height\":1000},{\"@type\":\"BreadcrumbList\",\"@id\":\"https:\\\/\\\/superpunch.com\\\/fr\\\/produit\\\/adhesif-albachem-eco-mist-1782\\\/#breadcrumb\",\"itemListElement\":[{\"@type\":\"ListItem\",\"position\":1,\"name\":\"Home\",\"item\":\"https:\\\/\\\/superpunch.com\\\/fr\\\/\"},{\"@type\":\"ListItem\",\"position\":2,\"name\":\"Shop\",\"item\":\"https:\\\/\\\/superpunch.com\\\/fr\\\/shop\\\/\"},{\"@type\":\"ListItem\",\"position\":3,\"name\":\"Adh\u00e9sif AlbaChem Eco-Mist 1782\"}]},{\"@type\":\"WebSite\",\"@id\":\"https:\\\/\\\/superpunch.com\\\/fr\\\/#website\",\"url\":\"https:\\\/\\\/superpunch.com\\\/fr\\\/\",\"name\":\"Superpunch\",\"description\":\"Superpunch - Embroidery Digitizing, Thread, Machines, Stabilizers And Supplies\",\"publisher\":{\"@id\":\"https:\\\/\\\/superpunch.com\\\/fr\\\/#organization\"},\"potentialAction\":[{\"@type\":\"SearchAction\",\"target\":{\"@type\":\"EntryPoint\",\"urlTemplate\":\"https:\\\/\\\/superpunch.com\\\/fr\\\/?s={search_term_string}\"},\"query-input\":{\"@type\":\"PropertyValueSpecification\",\"valueRequired\":true,\"valueName\":\"search_term_string\"}}],\"inLanguage\":\"fr-CA\"},{\"@type\":\"Organization\",\"@id\":\"https:\\\/\\\/superpunch.com\\\/fr\\\/#organization\",\"name\":\"Superpunch\",\"url\":\"https:\\\/\\\/superpunch.com\\\/fr\\\/\",\"logo\":{\"@type\":\"ImageObject\",\"inLanguage\":\"fr-CA\",\"@id\":\"https:\\\/\\\/superpunch.com\\\/fr\\\/#\\\/schema\\\/logo\\\/image\\\/\",\"url\":\"https:\\\/\\\/superpunch.com\\\/wp-content\\\/uploads\\\/2022\\\/12\\\/superpunch_complet_new_site_on_black-2022.jpg\",\"contentUrl\":\"https:\\\/\\\/superpunch.com\\\/wp-content\\\/uploads\\\/2022\\\/12\\\/superpunch_complet_new_site_on_black-2022.jpg\",\"width\":600,\"height\":174,\"caption\":\"Superpunch\"},\"image\":{\"@id\":\"https:\\\/\\\/superpunch.com\\\/fr\\\/#\\\/schema\\\/logo\\\/image\\\/\"},\"sameAs\":[\"https:\\\/\\\/www.facebook.com\\\/Superpunchembroiderybroderie\",\"https:\\\/\\\/x.com\\\/superpunchemb\",\"https:\\\/\\\/www.instagram.com\\\/superpunchbrand?igsh=YW8xa2ZyZmxkdGNv\",\"https:\\\/\\\/www.youtube.com\\\/channel\\\/UCgt7yq4-pFJgeI_03psdGPQ\",\"https:\\\/\\\/www.pinterest.ca\\\/superpunchemb\"]}]}<\/script>\n<!-- \/ Yoast SEO plugin. -->","yoast_head_json":{"title":"Adh\u00e9sif AlbaChem Eco-Mist 1782 - Superpunch","robots":{"index":"index","follow":"follow","max-snippet":"max-snippet:-1","max-image-preview":"max-image-preview:large","max-video-preview":"max-video-preview:-1"},"canonical":"https:\/\/superpunch.com\/fr\/produit\/adhesif-albachem-eco-mist-1782\/","og_locale":"fr_CA","og_type":"article","og_title":"Adh\u00e9sif AlbaChem Eco-Mist 1782 - Superpunch","og_description":"AlbaChem Eco Mist est un adh\u00e9sif textile tout usage sensible \u00e0 la pression. S\u00e9rigraphie: fournit une liaison temporaire sur les palettes pendant que des t-shirts, des pi\u00e8ces d\u00e9coup\u00e9es et d'autres textiles sont imprim\u00e9s; Broderie: maintient les appliques en place avant la couture; Fabrication de v\u00eatements: maintient le papier buvard en place pendant que le tissu est coup\u00e9. \"Re-tack\" pour couper les tapis.  Palette s\u00e9rigraphi\u00e9e \u00abFlashable\u00bb et adh\u00e9sif \u00e0 broder Id\u00e9al pour couper les tapis Id\u00e9al pour les salles de coupe Sensible \u00e0 la pression. Ne transf\u00e9rera pas Ne contient pas d'hexane Poids net: 12oz \/ 340g","og_url":"https:\/\/superpunch.com\/fr\/produit\/adhesif-albachem-eco-mist-1782\/","og_site_name":"Superpunch","article_publisher":"https:\/\/www.facebook.com\/Superpunchembroiderybroderie","article_modified_time":"2026-03-31T00:29:32+00:00","twitter_card":"summary_large_image","twitter_site":"@superpunchemb","twitter_misc":{"Estimation du temps de lecture":"1 minute"},"schema":{"@context":"https:\/\/schema.org","@graph":[{"@type":"WebPage","@id":"https:\/\/superpunch.com\/fr\/produit\/adhesif-albachem-eco-mist-1782\/","url":"https:\/\/superpunch.com\/fr\/produit\/adhesif-albachem-eco-mist-1782\/","name":"Adh\u00e9sif AlbaChem Eco-Mist 1782 - Superpunch","isPartOf":{"@id":"https:\/\/superpunch.com\/fr\/#website"},"primaryImageOfPage":{"@id":"https:\/\/superpunch.com\/fr\/produit\/adhesif-albachem-eco-mist-1782\/#primaryimage"},"image":{"@id":"https:\/\/superpunch.com\/fr\/produit\/adhesif-albachem-eco-mist-1782\/#primaryimage"},"thumbnailUrl":"https:\/\/superpunch.com\/wp-content\/uploads\/2023\/10\/eco-mist_adhesive.jpg","datePublished":"2023-10-13T15:00:47+00:00","dateModified":"2026-03-31T00:29:32+00:00","breadcrumb":{"@id":"https:\/\/superpunch.com\/fr\/produit\/adhesif-albachem-eco-mist-1782\/#breadcrumb"},"inLanguage":"fr-CA","potentialAction":[{"@type":"ReadAction","target":["https:\/\/superpunch.com\/fr\/produit\/adhesif-albachem-eco-mist-1782\/"]}]},{"@type":"ImageObject","inLanguage":"fr-CA","@id":"https:\/\/superpunch.com\/fr\/produit\/adhesif-albachem-eco-mist-1782\/#primaryimage","url":"https:\/\/superpunch.com\/wp-content\/uploads\/2023\/10\/eco-mist_adhesive.jpg","contentUrl":"https:\/\/superpunch.com\/wp-content\/uploads\/2023\/10\/eco-mist_adhesive.jpg","width":1000,"height":1000},{"@type":"BreadcrumbList","@id":"https:\/\/superpunch.com\/fr\/produit\/adhesif-albachem-eco-mist-1782\/#breadcrumb","itemListElement":[{"@type":"ListItem","position":1,"name":"Home","item":"https:\/\/superpunch.com\/fr\/"},{"@type":"ListItem","position":2,"name":"Shop","item":"https:\/\/superpunch.com\/fr\/shop\/"},{"@type":"ListItem","position":3,"name":"Adh\u00e9sif AlbaChem Eco-Mist 1782"}]},{"@type":"WebSite","@id":"https:\/\/superpunch.com\/fr\/#website","url":"https:\/\/superpunch.com\/fr\/","name":"Superpunch","description":"Superpunch - Embroidery Digitizing, Thread, Machines, Stabilizers And Supplies","publisher":{"@id":"https:\/\/superpunch.com\/fr\/#organization"},"potentialAction":[{"@type":"SearchAction","target":{"@type":"EntryPoint","urlTemplate":"https:\/\/superpunch.com\/fr\/?s={search_term_string}"},"query-input":{"@type":"PropertyValueSpecification","valueRequired":true,"valueName":"search_term_string"}}],"inLanguage":"fr-CA"},{"@type":"Organization","@id":"https:\/\/superpunch.com\/fr\/#organization","name":"Superpunch","url":"https:\/\/superpunch.com\/fr\/","logo":{"@type":"ImageObject","inLanguage":"fr-CA","@id":"https:\/\/superpunch.com\/fr\/#\/schema\/logo\/image\/","url":"https:\/\/superpunch.com\/wp-content\/uploads\/2022\/12\/superpunch_complet_new_site_on_black-2022.jpg","contentUrl":"https:\/\/superpunch.com\/wp-content\/uploads\/2022\/12\/superpunch_complet_new_site_on_black-2022.jpg","width":600,"height":174,"caption":"Superpunch"},"image":{"@id":"https:\/\/superpunch.com\/fr\/#\/schema\/logo\/image\/"},"sameAs":["https:\/\/www.facebook.com\/Superpunchembroiderybroderie","https:\/\/x.com\/superpunchemb","https:\/\/www.instagram.com\/superpunchbrand?igsh=YW8xa2ZyZmxkdGNv","https:\/\/www.youtube.com\/channel\/UCgt7yq4-pFJgeI_03psdGPQ","https:\/\/www.pinterest.ca\/superpunchemb"]}]}},"_links":{"self":[{"href":"https:\/\/superpunch.com\/fr\/wp-json\/wp\/v2\/product\/33024","targetHints":{"allow":["GET"]}}],"collection":[{"href":"https:\/\/superpunch.com\/fr\/wp-json\/wp\/v2\/product"}],"about":[{"href":"https:\/\/superpunch.com\/fr\/wp-json\/wp\/v2\/types\/product"}],"replies":[{"embeddable":true,"href":"https:\/\/superpunch.com\/fr\/wp-json\/wp\/v2\/comments?post=33024"}],"wp:featuredmedia":[{"embeddable":true,"href":"https:\/\/superpunch.com\/fr\/wp-json\/wp\/v2\/media\/35540"}],"wp:attachment":[{"href":"https:\/\/superpunch.com\/fr\/wp-json\/wp\/v2\/media?parent=33024"}],"wp:term":[{"taxonomy":"product_brand","embeddable":true,"href":"https:\/\/superpunch.com\/fr\/wp-json\/wp\/v2\/product_brand?post=33024"},{"taxonomy":"product_cat","embeddable":true,"href":"https:\/\/superpunch.com\/fr\/wp-json\/wp\/v2\/product_cat?post=33024"},{"taxonomy":"product_tag","embeddable":true,"href":"https:\/\/superpunch.com\/fr\/wp-json\/wp\/v2\/product_tag?post=33024"}],"curies":[{"name":"wp","href":"https:\/\/api.w.org\/{rel}","templated":true}]}}