{"id":40753,"date":"2026-03-18T12:14:27","date_gmt":"2026-03-18T16:14:27","guid":{"rendered":"https:\/\/superpunch.com\/shop\/albachem-silicone-sec-11oz\/"},"modified":"2026-03-18T12:14:27","modified_gmt":"2026-03-18T16:14:27","slug":"albachem-silicone-sec-11oz","status":"publish","type":"product","link":"https:\/\/superpunch.com\/fr\/produit\/albachem-silicone-sec-11oz\/","title":{"rendered":"AlbaChem Silicone Sec 11oz"},"content":{"rendered":"<p class=\"gt-block\"><strong>Textile<\/strong>\u00a0&#8211; Le spray non tachant lubrifie toutes les machines textiles. Arr\u00eate la friction et la tra\u00een\u00e9e de mat\u00e9riau. Id\u00e9al pour les mangeoires, les accessoires, les tables de coupe, les lames et autres \u00e9quipements qui entrent en contact avec le tissu.<\/p>\n<p>&nbsp;<\/p>\n<p class=\"gt-block\"><strong>Mobilier<\/strong>\u00a0&#8211; Lubrifie les pi\u00e8ces m\u00e9talliques sans les tacher. Id\u00e9al pour les serrures et les joints de portes coulissantes. Emp\u00eache l&rsquo;adh\u00e9rence du support en mousse, du caoutchouc mousse et d&rsquo;autres mat\u00e9riaux en bois m\u00e9tallique et autres surfaces dures.<\/p>\n<p>&nbsp;<\/p>\n<p class=\"gt-block\"><strong>Automobile<\/strong>\u00a0&#8211; Lubrifie les coupe-froid, les moulures, les canaux, les portes, les serrures et le m\u00e9canisme de r\u00e9glage des si\u00e8ges d&rsquo;auto. Facilite le glissement des joints en caoutchouc et des joints sur les pi\u00e8ces m\u00e9talliques.<\/p>\n<p>&nbsp;<\/p>\n<p class=\"gt-block\"><strong>Papier et convertisseurs<\/strong>\u00a0&#8211; Pulv\u00e9riser sur les coupe-papier, les lames, les perceuses, les matrices, les scies et plus encore. Lubrifiera pour \u00e9viter les frottements et les taches. Emp\u00eache la colle d&rsquo;adh\u00e9rer \u00e0 l&rsquo;\u00e9quipement. Moule<\/p>\n<p>&nbsp;<\/p>\n<p class=\"gt-block\"><strong>Agent de lib\u00e9ration<\/strong>&#8211; Vaporiser dans les moules pour arr\u00eater de coller. Permet au plastique de sortir plus propre.<\/p>\n<div class=\"ast-oembed-container \" style=\"height: 100%;\"><iframe title=\"AlbaChem Dry Silicone\" width=\"500\" height=\"281\" src=\"https:\/\/www.youtube.com\/embed\/b6bZMxaP2-U?start=9&#038;feature=oembed&#038;enablejsapi=1&#038;origin=https:\/\/superpunch.com\" frameborder=\"0\" allow=\"accelerometer; autoplay; clipboard-write; encrypted-media; gyroscope; picture-in-picture; web-share\" referrerpolicy=\"strict-origin-when-cross-origin\" allowfullscreen><\/iframe><\/div>\n","protected":false},"excerpt":{"rendered":"<ul id=\"product-info\">\n<li>Lubrification longue dur\u00e9e<\/li>\n<li>N&rsquo;attire pas la poussi\u00e8re et la salet\u00e9<\/li>\n<li>Garanti de ne pas tacher les tissus<\/li>\n<li>Emp\u00eache les frottements et l&rsquo;accumulation de chaleur<\/li>\n<li>Ne contient pas d&rsquo;ac\u00e9tone<\/li>\n<li>11 0z<\/li>\n<\/ul>\n","protected":false},"featured_media":40750,"comment_status":"open","ping_status":"closed","template":"","meta":{"site-sidebar-layout":"default","site-content-layout":"","ast-site-content-layout":"default","site-content-style":"default","site-sidebar-style":"default","ast-global-header-display":"","ast-banner-title-visibility":"","ast-main-header-display":"","ast-hfb-above-header-display":"","ast-hfb-below-header-display":"","ast-hfb-mobile-header-display":"","site-post-title":"","ast-breadcrumbs-content":"","ast-featured-img":"","footer-sml-layout":"","ast-disable-related-posts":"","theme-transparent-header-meta":"default","adv-header-id-meta":"","stick-header-meta":"","header-above-stick-meta":"","header-main-stick-meta":"","header-below-stick-meta":"","astra-migrate-meta-layouts":"default","ast-page-background-enabled":"default","ast-page-background-meta":{"desktop":{"background-color":"","background-image":"","background-repeat":"repeat","background-position":"center center","background-size":"auto","background-attachment":"scroll","background-type":"","background-media":"","overlay-type":"","overlay-color":"","overlay-opacity":"","overlay-gradient":""},"tablet":{"background-color":"","background-image":"","background-repeat":"repeat","background-position":"center center","background-size":"auto","background-attachment":"scroll","background-type":"","background-media":"","overlay-type":"","overlay-color":"","overlay-opacity":"","overlay-gradient":""},"mobile":{"background-color":"","background-image":"","background-repeat":"repeat","background-position":"center center","background-size":"auto","background-attachment":"scroll","background-type":"","background-media":"","overlay-type":"","overlay-color":"","overlay-opacity":"","overlay-gradient":""}},"ast-content-background-meta":{"desktop":{"background-color":"var(--ast-global-color-5)","background-image":"","background-repeat":"repeat","background-position":"center center","background-size":"auto","background-attachment":"scroll","background-type":"","background-media":"","overlay-type":"","overlay-color":"","overlay-opacity":"","overlay-gradient":""},"tablet":{"background-color":"var(--ast-global-color-5)","background-image":"","background-repeat":"repeat","background-position":"center center","background-size":"auto","background-attachment":"scroll","background-type":"","background-media":"","overlay-type":"","overlay-color":"","overlay-opacity":"","overlay-gradient":""},"mobile":{"background-color":"var(--ast-global-color-5)","background-image":"","background-repeat":"repeat","background-position":"center center","background-size":"auto","background-attachment":"scroll","background-type":"","background-media":"","overlay-type":"","overlay-color":"","overlay-opacity":"","overlay-gradient":""}}},"product_brand":[],"product_cat":[2597],"product_tag":[],"class_list":{"0":"post-40753","1":"product","2":"type-product","3":"status-publish","4":"has-post-thumbnail","6":"product_cat-aerosol-lubrifiant-et-huile","7":"desktop-align-center","8":"tablet-align-center","9":"mobile-align-center","11":"first","12":"instock","13":"taxable","14":"shipping-taxable","15":"purchasable","16":"product-type-simple"},"yoast_head":"<!-- This site is optimized with the Yoast SEO plugin v27.3 - https:\/\/yoast.com\/product\/yoast-seo-wordpress\/ -->\n<title>AlbaChem Silicone Sec 11oz - Superpunch<\/title>\n<meta name=\"robots\" content=\"index, follow, max-snippet:-1, max-image-preview:large, max-video-preview:-1\" \/>\n<link rel=\"canonical\" href=\"https:\/\/superpunch.com\/fr\/produit\/albachem-silicone-sec-11oz\/\" \/>\n<meta property=\"og:locale\" content=\"fr_CA\" \/>\n<meta property=\"og:type\" content=\"article\" \/>\n<meta property=\"og:title\" content=\"AlbaChem Silicone Sec 11oz - Superpunch\" \/>\n<meta property=\"og:description\" content=\"Lubrification longue dur\u00e9e  N&#039;attire pas la poussi\u00e8re et la salet\u00e9  Garanti de ne pas tacher les tissus  Emp\u00eache les frottements et l&#039;accumulation de chaleur  Ne contient pas d&#039;ac\u00e9tone  11 0z\" \/>\n<meta property=\"og:url\" content=\"https:\/\/superpunch.com\/fr\/produit\/albachem-silicone-sec-11oz\/\" \/>\n<meta property=\"og:site_name\" content=\"Superpunch\" \/>\n<meta property=\"article:publisher\" content=\"https:\/\/www.facebook.com\/Superpunchembroiderybroderie\" \/>\n<meta name=\"twitter:card\" content=\"summary_large_image\" \/>\n<meta name=\"twitter:site\" content=\"@superpunchemb\" \/>\n<meta name=\"twitter:label1\" content=\"Estimation du temps de lecture\" \/>\n\t<meta name=\"twitter:data1\" content=\"1 minute\" \/>\n<script type=\"application\/ld+json\" class=\"yoast-schema-graph\">{\"@context\":\"https:\\\/\\\/schema.org\",\"@graph\":[{\"@type\":\"WebPage\",\"@id\":\"https:\\\/\\\/superpunch.com\\\/fr\\\/produit\\\/albachem-silicone-sec-11oz\\\/\",\"url\":\"https:\\\/\\\/superpunch.com\\\/fr\\\/produit\\\/albachem-silicone-sec-11oz\\\/\",\"name\":\"AlbaChem Silicone Sec 11oz - Superpunch\",\"isPartOf\":{\"@id\":\"https:\\\/\\\/superpunch.com\\\/fr\\\/#website\"},\"primaryImageOfPage\":{\"@id\":\"https:\\\/\\\/superpunch.com\\\/fr\\\/produit\\\/albachem-silicone-sec-11oz\\\/#primaryimage\"},\"image\":{\"@id\":\"https:\\\/\\\/superpunch.com\\\/fr\\\/produit\\\/albachem-silicone-sec-11oz\\\/#primaryimage\"},\"thumbnailUrl\":\"https:\\\/\\\/superpunch.com\\\/wp-content\\\/uploads\\\/2026\\\/03\\\/18.03.2026_12.09.11_REC.png\",\"datePublished\":\"2026-03-18T16:14:27+00:00\",\"breadcrumb\":{\"@id\":\"https:\\\/\\\/superpunch.com\\\/fr\\\/produit\\\/albachem-silicone-sec-11oz\\\/#breadcrumb\"},\"inLanguage\":\"fr-CA\",\"potentialAction\":[{\"@type\":\"ReadAction\",\"target\":[\"https:\\\/\\\/superpunch.com\\\/fr\\\/produit\\\/albachem-silicone-sec-11oz\\\/\"]}]},{\"@type\":\"ImageObject\",\"inLanguage\":\"fr-CA\",\"@id\":\"https:\\\/\\\/superpunch.com\\\/fr\\\/produit\\\/albachem-silicone-sec-11oz\\\/#primaryimage\",\"url\":\"https:\\\/\\\/superpunch.com\\\/wp-content\\\/uploads\\\/2026\\\/03\\\/18.03.2026_12.09.11_REC.png\",\"contentUrl\":\"https:\\\/\\\/superpunch.com\\\/wp-content\\\/uploads\\\/2026\\\/03\\\/18.03.2026_12.09.11_REC.png\",\"width\":272,\"height\":523},{\"@type\":\"BreadcrumbList\",\"@id\":\"https:\\\/\\\/superpunch.com\\\/fr\\\/produit\\\/albachem-silicone-sec-11oz\\\/#breadcrumb\",\"itemListElement\":[{\"@type\":\"ListItem\",\"position\":1,\"name\":\"Home\",\"item\":\"https:\\\/\\\/superpunch.com\\\/fr\\\/\"},{\"@type\":\"ListItem\",\"position\":2,\"name\":\"Shop\",\"item\":\"https:\\\/\\\/superpunch.com\\\/fr\\\/shop\\\/\"},{\"@type\":\"ListItem\",\"position\":3,\"name\":\"AlbaChem Silicone Sec 11oz\"}]},{\"@type\":\"WebSite\",\"@id\":\"https:\\\/\\\/superpunch.com\\\/fr\\\/#website\",\"url\":\"https:\\\/\\\/superpunch.com\\\/fr\\\/\",\"name\":\"Superpunch\",\"description\":\"Superpunch - Embroidery Digitizing, Thread, Machines, Stabilizers And Supplies\",\"publisher\":{\"@id\":\"https:\\\/\\\/superpunch.com\\\/fr\\\/#organization\"},\"potentialAction\":[{\"@type\":\"SearchAction\",\"target\":{\"@type\":\"EntryPoint\",\"urlTemplate\":\"https:\\\/\\\/superpunch.com\\\/fr\\\/?s={search_term_string}\"},\"query-input\":{\"@type\":\"PropertyValueSpecification\",\"valueRequired\":true,\"valueName\":\"search_term_string\"}}],\"inLanguage\":\"fr-CA\"},{\"@type\":\"Organization\",\"@id\":\"https:\\\/\\\/superpunch.com\\\/fr\\\/#organization\",\"name\":\"Superpunch\",\"url\":\"https:\\\/\\\/superpunch.com\\\/fr\\\/\",\"logo\":{\"@type\":\"ImageObject\",\"inLanguage\":\"fr-CA\",\"@id\":\"https:\\\/\\\/superpunch.com\\\/fr\\\/#\\\/schema\\\/logo\\\/image\\\/\",\"url\":\"https:\\\/\\\/superpunch.com\\\/wp-content\\\/uploads\\\/2022\\\/12\\\/superpunch_complet_new_site_on_black-2022.jpg\",\"contentUrl\":\"https:\\\/\\\/superpunch.com\\\/wp-content\\\/uploads\\\/2022\\\/12\\\/superpunch_complet_new_site_on_black-2022.jpg\",\"width\":600,\"height\":174,\"caption\":\"Superpunch\"},\"image\":{\"@id\":\"https:\\\/\\\/superpunch.com\\\/fr\\\/#\\\/schema\\\/logo\\\/image\\\/\"},\"sameAs\":[\"https:\\\/\\\/www.facebook.com\\\/Superpunchembroiderybroderie\",\"https:\\\/\\\/x.com\\\/superpunchemb\",\"https:\\\/\\\/www.instagram.com\\\/superpunchbrand?igsh=YW8xa2ZyZmxkdGNv\",\"https:\\\/\\\/www.youtube.com\\\/channel\\\/UCgt7yq4-pFJgeI_03psdGPQ\",\"https:\\\/\\\/www.pinterest.ca\\\/superpunchemb\"]}]}<\/script>\n<!-- \/ Yoast SEO plugin. -->","yoast_head_json":{"title":"AlbaChem Silicone Sec 11oz - Superpunch","robots":{"index":"index","follow":"follow","max-snippet":"max-snippet:-1","max-image-preview":"max-image-preview:large","max-video-preview":"max-video-preview:-1"},"canonical":"https:\/\/superpunch.com\/fr\/produit\/albachem-silicone-sec-11oz\/","og_locale":"fr_CA","og_type":"article","og_title":"AlbaChem Silicone Sec 11oz - Superpunch","og_description":"Lubrification longue dur\u00e9e  N'attire pas la poussi\u00e8re et la salet\u00e9  Garanti de ne pas tacher les tissus  Emp\u00eache les frottements et l'accumulation de chaleur  Ne contient pas d'ac\u00e9tone  11 0z","og_url":"https:\/\/superpunch.com\/fr\/produit\/albachem-silicone-sec-11oz\/","og_site_name":"Superpunch","article_publisher":"https:\/\/www.facebook.com\/Superpunchembroiderybroderie","twitter_card":"summary_large_image","twitter_site":"@superpunchemb","twitter_misc":{"Estimation du temps de lecture":"1 minute"},"schema":{"@context":"https:\/\/schema.org","@graph":[{"@type":"WebPage","@id":"https:\/\/superpunch.com\/fr\/produit\/albachem-silicone-sec-11oz\/","url":"https:\/\/superpunch.com\/fr\/produit\/albachem-silicone-sec-11oz\/","name":"AlbaChem Silicone Sec 11oz - Superpunch","isPartOf":{"@id":"https:\/\/superpunch.com\/fr\/#website"},"primaryImageOfPage":{"@id":"https:\/\/superpunch.com\/fr\/produit\/albachem-silicone-sec-11oz\/#primaryimage"},"image":{"@id":"https:\/\/superpunch.com\/fr\/produit\/albachem-silicone-sec-11oz\/#primaryimage"},"thumbnailUrl":"https:\/\/superpunch.com\/wp-content\/uploads\/2026\/03\/18.03.2026_12.09.11_REC.png","datePublished":"2026-03-18T16:14:27+00:00","breadcrumb":{"@id":"https:\/\/superpunch.com\/fr\/produit\/albachem-silicone-sec-11oz\/#breadcrumb"},"inLanguage":"fr-CA","potentialAction":[{"@type":"ReadAction","target":["https:\/\/superpunch.com\/fr\/produit\/albachem-silicone-sec-11oz\/"]}]},{"@type":"ImageObject","inLanguage":"fr-CA","@id":"https:\/\/superpunch.com\/fr\/produit\/albachem-silicone-sec-11oz\/#primaryimage","url":"https:\/\/superpunch.com\/wp-content\/uploads\/2026\/03\/18.03.2026_12.09.11_REC.png","contentUrl":"https:\/\/superpunch.com\/wp-content\/uploads\/2026\/03\/18.03.2026_12.09.11_REC.png","width":272,"height":523},{"@type":"BreadcrumbList","@id":"https:\/\/superpunch.com\/fr\/produit\/albachem-silicone-sec-11oz\/#breadcrumb","itemListElement":[{"@type":"ListItem","position":1,"name":"Home","item":"https:\/\/superpunch.com\/fr\/"},{"@type":"ListItem","position":2,"name":"Shop","item":"https:\/\/superpunch.com\/fr\/shop\/"},{"@type":"ListItem","position":3,"name":"AlbaChem Silicone Sec 11oz"}]},{"@type":"WebSite","@id":"https:\/\/superpunch.com\/fr\/#website","url":"https:\/\/superpunch.com\/fr\/","name":"Superpunch","description":"Superpunch - Embroidery Digitizing, Thread, Machines, Stabilizers And Supplies","publisher":{"@id":"https:\/\/superpunch.com\/fr\/#organization"},"potentialAction":[{"@type":"SearchAction","target":{"@type":"EntryPoint","urlTemplate":"https:\/\/superpunch.com\/fr\/?s={search_term_string}"},"query-input":{"@type":"PropertyValueSpecification","valueRequired":true,"valueName":"search_term_string"}}],"inLanguage":"fr-CA"},{"@type":"Organization","@id":"https:\/\/superpunch.com\/fr\/#organization","name":"Superpunch","url":"https:\/\/superpunch.com\/fr\/","logo":{"@type":"ImageObject","inLanguage":"fr-CA","@id":"https:\/\/superpunch.com\/fr\/#\/schema\/logo\/image\/","url":"https:\/\/superpunch.com\/wp-content\/uploads\/2022\/12\/superpunch_complet_new_site_on_black-2022.jpg","contentUrl":"https:\/\/superpunch.com\/wp-content\/uploads\/2022\/12\/superpunch_complet_new_site_on_black-2022.jpg","width":600,"height":174,"caption":"Superpunch"},"image":{"@id":"https:\/\/superpunch.com\/fr\/#\/schema\/logo\/image\/"},"sameAs":["https:\/\/www.facebook.com\/Superpunchembroiderybroderie","https:\/\/x.com\/superpunchemb","https:\/\/www.instagram.com\/superpunchbrand?igsh=YW8xa2ZyZmxkdGNv","https:\/\/www.youtube.com\/channel\/UCgt7yq4-pFJgeI_03psdGPQ","https:\/\/www.pinterest.ca\/superpunchemb"]}]}},"_links":{"self":[{"href":"https:\/\/superpunch.com\/fr\/wp-json\/wp\/v2\/product\/40753","targetHints":{"allow":["GET"]}}],"collection":[{"href":"https:\/\/superpunch.com\/fr\/wp-json\/wp\/v2\/product"}],"about":[{"href":"https:\/\/superpunch.com\/fr\/wp-json\/wp\/v2\/types\/product"}],"replies":[{"embeddable":true,"href":"https:\/\/superpunch.com\/fr\/wp-json\/wp\/v2\/comments?post=40753"}],"wp:featuredmedia":[{"embeddable":true,"href":"https:\/\/superpunch.com\/fr\/wp-json\/wp\/v2\/media\/40750"}],"wp:attachment":[{"href":"https:\/\/superpunch.com\/fr\/wp-json\/wp\/v2\/media?parent=40753"}],"wp:term":[{"taxonomy":"product_brand","embeddable":true,"href":"https:\/\/superpunch.com\/fr\/wp-json\/wp\/v2\/product_brand?post=40753"},{"taxonomy":"product_cat","embeddable":true,"href":"https:\/\/superpunch.com\/fr\/wp-json\/wp\/v2\/product_cat?post=40753"},{"taxonomy":"product_tag","embeddable":true,"href":"https:\/\/superpunch.com\/fr\/wp-json\/wp\/v2\/product_tag?post=40753"}],"curies":[{"name":"wp","href":"https:\/\/api.w.org\/{rel}","templated":true}]}}