{"id":40887,"date":"2026-04-08T12:34:02","date_gmt":"2026-04-08T16:34:02","guid":{"rendered":"https:\/\/superpunch.com\/shop\/albachem-dfr-decapant-direct-pour-film\/"},"modified":"2026-04-08T12:36:58","modified_gmt":"2026-04-08T16:36:58","slug":"albachem-dfr-decapant-direct-pour-film","status":"publish","type":"product","link":"https:\/\/superpunch.com\/fr\/produit\/albachem-dfr-decapant-direct-pour-film\/","title":{"rendered":"AlbaChem DFR D\u00e9capant direct pour film"},"content":{"rendered":"<p data-start=\"229\" data-end=\"496\">AlbaChem Le DFR est une solution puissante formul\u00e9e pour retirer en toute s\u00e9curit\u00e9 les graphismes DTF (Direct to Film) des v\u00eatements sans endommager le tissu. Son puissant m\u00e9lange de solvants \u00e0 faible odeur d\u00e9compose le liant DTF, permettant ainsi un retrait rapide et propre du transfert.<\/p>\n<p data-start=\"229\" data-end=\"496\">\n<p data-start=\"498\" data-end=\"809\">Qu&rsquo;il s&rsquo;agisse d&rsquo;une erreur d&rsquo;impression, d&rsquo;un alignement incorrect ou d&rsquo;un transfert d\u00e9centr\u00e9, AlbaChem Le DFR vous permet de r\u00e9cup\u00e9rer des v\u00eatements qui seraient autrement jet\u00e9s. Gr\u00e2ce \u00e0 sa formule hydrosoluble, il se rince facilement et ne laisse aucun effet nocif sur le tissu, vous permettant ainsi de r\u00e9aliser des \u00e9conomies, de r\u00e9duire les d\u00e9chets et de maintenir la production.<\/p>\n<div class=\"ast-oembed-container \" style=\"height: 100%;\"><iframe title=\"AlbaChem DFR Direct to Film Remover quick look\" width=\"500\" height=\"281\" src=\"https:\/\/www.youtube.com\/embed\/TvprHlCWP2w?feature=oembed&#038;enablejsapi=1&#038;origin=https:\/\/superpunch.com\" frameborder=\"0\" allow=\"accelerometer; autoplay; clipboard-write; encrypted-media; gyroscope; picture-in-picture; web-share\" referrerpolicy=\"strict-origin-when-cross-origin\" allowfullscreen><\/iframe><\/div>\n<p data-start=\"498\" data-end=\"809\">\n","protected":false},"excerpt":{"rendered":"<ul id=\"product-info\">\n<li data-end=\"922\" data-start=\"837\">\n<p class=\"gt-block\" data-end=\"922\" data-start=\"839\"><strong data-end=\"896\" data-start=\"839\">Corrige les transferts mal align\u00e9s, tordus ou mal imprim\u00e9s<\/strong>\u00a0en les retirant en toute s\u00e9curit\u00e9<\/p>\n<\/li>\n<li data-end=\"999\" data-start=\"923\">\n<p class=\"gt-block\" data-end=\"999\" data-start=\"925\"><strong data-end=\"956\" data-start=\"925\">\u00c9conomisez de l&rsquo;argent et r\u00e9duisez les d\u00e9chets<\/strong>\u00a0\u2014 r\u00e9cup\u00e9rer les v\u00eatements au lieu de les jeter<\/p>\n<\/li>\n<li data-end=\"1068\" data-start=\"1000\">\n<p class=\"gt-block\" data-end=\"1068\" data-start=\"1002\"><strong data-end=\"1026\" data-start=\"1002\">Sans danger sur tous les textiles<\/strong>\u00a0\u2014 aucun dommage ni d\u00e9coloration des tissus<\/p>\n<\/li>\n<li data-end=\"1155\" data-start=\"1069\">\n<p class=\"gt-block\" data-end=\"1155\" data-start=\"1071\"><strong data-end=\"1106\" data-start=\"1071\">Formule hydrosoluble \u00e0 faible odeur<\/strong>\u00a0pour un nettoyage facile et un meilleur environnement de travail<\/p>\n<\/li>\n<li data-end=\"1236\" data-start=\"1156\">\n<p class=\"gt-block\" data-end=\"1236\" data-start=\"1158\"><strong data-end=\"1187\" data-start=\"1158\">M\u00e9lange de solvants \u00e0 action rapide<\/strong>\u00a0d\u00e9compose le liant DTF rapidement et efficacement<\/p>\n<\/li>\n<li data-end=\"1307\" data-start=\"1237\">\n<p class=\"gt-block\" data-end=\"1307\" data-start=\"1239\"><strong data-end=\"1265\" data-start=\"1239\">Fonctionne sur tous les mat\u00e9riaux<\/strong>\u00a0y compris le coton, le polyester et les m\u00e9langes<\/p>\n<\/li>\n<\/ul>\n","protected":false},"featured_media":40883,"comment_status":"open","ping_status":"closed","template":"","meta":{"site-sidebar-layout":"default","site-content-layout":"","ast-site-content-layout":"default","site-content-style":"default","site-sidebar-style":"default","ast-global-header-display":"","ast-banner-title-visibility":"","ast-main-header-display":"","ast-hfb-above-header-display":"","ast-hfb-below-header-display":"","ast-hfb-mobile-header-display":"","site-post-title":"","ast-breadcrumbs-content":"","ast-featured-img":"","footer-sml-layout":"","ast-disable-related-posts":"","theme-transparent-header-meta":"default","adv-header-id-meta":"","stick-header-meta":"","header-above-stick-meta":"","header-main-stick-meta":"","header-below-stick-meta":"","astra-migrate-meta-layouts":"default","ast-page-background-enabled":"default","ast-page-background-meta":{"desktop":{"background-color":"","background-image":"","background-repeat":"repeat","background-position":"center center","background-size":"auto","background-attachment":"scroll","background-type":"","background-media":"","overlay-type":"","overlay-color":"","overlay-opacity":"","overlay-gradient":""},"tablet":{"background-color":"","background-image":"","background-repeat":"repeat","background-position":"center center","background-size":"auto","background-attachment":"scroll","background-type":"","background-media":"","overlay-type":"","overlay-color":"","overlay-opacity":"","overlay-gradient":""},"mobile":{"background-color":"","background-image":"","background-repeat":"repeat","background-position":"center center","background-size":"auto","background-attachment":"scroll","background-type":"","background-media":"","overlay-type":"","overlay-color":"","overlay-opacity":"","overlay-gradient":""}},"ast-content-background-meta":{"desktop":{"background-color":"var(--ast-global-color-5)","background-image":"","background-repeat":"repeat","background-position":"center center","background-size":"auto","background-attachment":"scroll","background-type":"","background-media":"","overlay-type":"","overlay-color":"","overlay-opacity":"","overlay-gradient":""},"tablet":{"background-color":"var(--ast-global-color-5)","background-image":"","background-repeat":"repeat","background-position":"center center","background-size":"auto","background-attachment":"scroll","background-type":"","background-media":"","overlay-type":"","overlay-color":"","overlay-opacity":"","overlay-gradient":""},"mobile":{"background-color":"var(--ast-global-color-5)","background-image":"","background-repeat":"repeat","background-position":"center center","background-size":"auto","background-attachment":"scroll","background-type":"","background-media":"","overlay-type":"","overlay-color":"","overlay-opacity":"","overlay-gradient":""}}},"product_brand":[],"product_cat":[2597],"product_tag":[],"class_list":{"0":"post-40887","1":"product","2":"type-product","3":"status-publish","4":"has-post-thumbnail","6":"product_cat-aerosol-lubrifiant-et-huile","7":"desktop-align-center","8":"tablet-align-center","9":"mobile-align-center","11":"first","12":"instock","13":"taxable","14":"shipping-taxable","15":"purchasable","16":"product-type-simple"},"yoast_head":"<!-- This site is optimized with the Yoast SEO plugin v27.3 - https:\/\/yoast.com\/product\/yoast-seo-wordpress\/ -->\n<title>AlbaChem DFR D\u00e9capant direct pour film - Superpunch<\/title>\n<meta name=\"robots\" content=\"index, follow, max-snippet:-1, max-image-preview:large, max-video-preview:-1\" \/>\n<link rel=\"canonical\" href=\"https:\/\/superpunch.com\/fr\/produit\/albachem-dfr-decapant-direct-pour-film\/\" \/>\n<meta property=\"og:locale\" content=\"fr_CA\" \/>\n<meta property=\"og:type\" content=\"article\" \/>\n<meta property=\"og:title\" content=\"AlbaChem DFR D\u00e9capant direct pour film - Superpunch\" \/>\n<meta property=\"og:description\" content=\"Corrige les transferts mal align\u00e9s, tordus ou mal imprim\u00e9s\u00a0en les retirant en toute s\u00e9curit\u00e9    \u00c9conomisez de l&#039;argent et r\u00e9duisez les d\u00e9chets\u00a0\u2014 r\u00e9cup\u00e9rer les v\u00eatements au lieu de les jeter    Sans danger sur tous les textiles\u00a0\u2014 aucun dommage ni d\u00e9coloration des tissus    Formule hydrosoluble \u00e0 faible odeur\u00a0pour un nettoyage facile et un meilleur environnement de travail    M\u00e9lange de solvants \u00e0 action rapide\u00a0d\u00e9compose le liant DTF rapidement et efficacement    Fonctionne sur tous les mat\u00e9riaux\u00a0y compris le coton, le polyester et les m\u00e9langes\" \/>\n<meta property=\"og:url\" content=\"https:\/\/superpunch.com\/fr\/produit\/albachem-dfr-decapant-direct-pour-film\/\" \/>\n<meta property=\"og:site_name\" content=\"Superpunch\" \/>\n<meta property=\"article:publisher\" content=\"https:\/\/www.facebook.com\/Superpunchembroiderybroderie\" \/>\n<meta property=\"article:modified_time\" content=\"2026-04-08T16:36:58+00:00\" \/>\n<meta name=\"twitter:card\" content=\"summary_large_image\" \/>\n<meta name=\"twitter:site\" content=\"@superpunchemb\" \/>\n<meta name=\"twitter:label1\" content=\"Estimation du temps de lecture\" \/>\n\t<meta name=\"twitter:data1\" content=\"1 minute\" \/>\n<script type=\"application\/ld+json\" class=\"yoast-schema-graph\">{\"@context\":\"https:\\\/\\\/schema.org\",\"@graph\":[{\"@type\":\"WebPage\",\"@id\":\"https:\\\/\\\/superpunch.com\\\/fr\\\/produit\\\/albachem-dfr-decapant-direct-pour-film\\\/\",\"url\":\"https:\\\/\\\/superpunch.com\\\/fr\\\/produit\\\/albachem-dfr-decapant-direct-pour-film\\\/\",\"name\":\"AlbaChem DFR D\u00e9capant direct pour film - Superpunch\",\"isPartOf\":{\"@id\":\"https:\\\/\\\/superpunch.com\\\/fr\\\/#website\"},\"primaryImageOfPage\":{\"@id\":\"https:\\\/\\\/superpunch.com\\\/fr\\\/produit\\\/albachem-dfr-decapant-direct-pour-film\\\/#primaryimage\"},\"image\":{\"@id\":\"https:\\\/\\\/superpunch.com\\\/fr\\\/produit\\\/albachem-dfr-decapant-direct-pour-film\\\/#primaryimage\"},\"thumbnailUrl\":\"https:\\\/\\\/superpunch.com\\\/wp-content\\\/uploads\\\/2026\\\/04\\\/08.04.2026_12.32.59_REC.png\",\"datePublished\":\"2026-04-08T16:34:02+00:00\",\"dateModified\":\"2026-04-08T16:36:58+00:00\",\"breadcrumb\":{\"@id\":\"https:\\\/\\\/superpunch.com\\\/fr\\\/produit\\\/albachem-dfr-decapant-direct-pour-film\\\/#breadcrumb\"},\"inLanguage\":\"fr-CA\",\"potentialAction\":[{\"@type\":\"ReadAction\",\"target\":[\"https:\\\/\\\/superpunch.com\\\/fr\\\/produit\\\/albachem-dfr-decapant-direct-pour-film\\\/\"]}]},{\"@type\":\"ImageObject\",\"inLanguage\":\"fr-CA\",\"@id\":\"https:\\\/\\\/superpunch.com\\\/fr\\\/produit\\\/albachem-dfr-decapant-direct-pour-film\\\/#primaryimage\",\"url\":\"https:\\\/\\\/superpunch.com\\\/wp-content\\\/uploads\\\/2026\\\/04\\\/08.04.2026_12.32.59_REC.png\",\"contentUrl\":\"https:\\\/\\\/superpunch.com\\\/wp-content\\\/uploads\\\/2026\\\/04\\\/08.04.2026_12.32.59_REC.png\",\"width\":532,\"height\":536},{\"@type\":\"BreadcrumbList\",\"@id\":\"https:\\\/\\\/superpunch.com\\\/fr\\\/produit\\\/albachem-dfr-decapant-direct-pour-film\\\/#breadcrumb\",\"itemListElement\":[{\"@type\":\"ListItem\",\"position\":1,\"name\":\"Home\",\"item\":\"https:\\\/\\\/superpunch.com\\\/fr\\\/\"},{\"@type\":\"ListItem\",\"position\":2,\"name\":\"Shop\",\"item\":\"https:\\\/\\\/superpunch.com\\\/fr\\\/shop\\\/\"},{\"@type\":\"ListItem\",\"position\":3,\"name\":\"AlbaChem DFR D\u00e9capant direct pour film\"}]},{\"@type\":\"WebSite\",\"@id\":\"https:\\\/\\\/superpunch.com\\\/fr\\\/#website\",\"url\":\"https:\\\/\\\/superpunch.com\\\/fr\\\/\",\"name\":\"Superpunch\",\"description\":\"Superpunch - Embroidery Digitizing, Thread, Machines, Stabilizers And Supplies\",\"publisher\":{\"@id\":\"https:\\\/\\\/superpunch.com\\\/fr\\\/#organization\"},\"potentialAction\":[{\"@type\":\"SearchAction\",\"target\":{\"@type\":\"EntryPoint\",\"urlTemplate\":\"https:\\\/\\\/superpunch.com\\\/fr\\\/?s={search_term_string}\"},\"query-input\":{\"@type\":\"PropertyValueSpecification\",\"valueRequired\":true,\"valueName\":\"search_term_string\"}}],\"inLanguage\":\"fr-CA\"},{\"@type\":\"Organization\",\"@id\":\"https:\\\/\\\/superpunch.com\\\/fr\\\/#organization\",\"name\":\"Superpunch\",\"url\":\"https:\\\/\\\/superpunch.com\\\/fr\\\/\",\"logo\":{\"@type\":\"ImageObject\",\"inLanguage\":\"fr-CA\",\"@id\":\"https:\\\/\\\/superpunch.com\\\/fr\\\/#\\\/schema\\\/logo\\\/image\\\/\",\"url\":\"https:\\\/\\\/superpunch.com\\\/wp-content\\\/uploads\\\/2022\\\/12\\\/superpunch_complet_new_site_on_black-2022.jpg\",\"contentUrl\":\"https:\\\/\\\/superpunch.com\\\/wp-content\\\/uploads\\\/2022\\\/12\\\/superpunch_complet_new_site_on_black-2022.jpg\",\"width\":600,\"height\":174,\"caption\":\"Superpunch\"},\"image\":{\"@id\":\"https:\\\/\\\/superpunch.com\\\/fr\\\/#\\\/schema\\\/logo\\\/image\\\/\"},\"sameAs\":[\"https:\\\/\\\/www.facebook.com\\\/Superpunchembroiderybroderie\",\"https:\\\/\\\/x.com\\\/superpunchemb\",\"https:\\\/\\\/www.instagram.com\\\/superpunchbrand?igsh=YW8xa2ZyZmxkdGNv\",\"https:\\\/\\\/www.youtube.com\\\/channel\\\/UCgt7yq4-pFJgeI_03psdGPQ\",\"https:\\\/\\\/www.pinterest.ca\\\/superpunchemb\"]}]}<\/script>\n<!-- \/ Yoast SEO plugin. -->","yoast_head_json":{"title":"AlbaChem DFR D\u00e9capant direct pour film - Superpunch","robots":{"index":"index","follow":"follow","max-snippet":"max-snippet:-1","max-image-preview":"max-image-preview:large","max-video-preview":"max-video-preview:-1"},"canonical":"https:\/\/superpunch.com\/fr\/produit\/albachem-dfr-decapant-direct-pour-film\/","og_locale":"fr_CA","og_type":"article","og_title":"AlbaChem DFR D\u00e9capant direct pour film - Superpunch","og_description":"Corrige les transferts mal align\u00e9s, tordus ou mal imprim\u00e9s\u00a0en les retirant en toute s\u00e9curit\u00e9    \u00c9conomisez de l'argent et r\u00e9duisez les d\u00e9chets\u00a0\u2014 r\u00e9cup\u00e9rer les v\u00eatements au lieu de les jeter    Sans danger sur tous les textiles\u00a0\u2014 aucun dommage ni d\u00e9coloration des tissus    Formule hydrosoluble \u00e0 faible odeur\u00a0pour un nettoyage facile et un meilleur environnement de travail    M\u00e9lange de solvants \u00e0 action rapide\u00a0d\u00e9compose le liant DTF rapidement et efficacement    Fonctionne sur tous les mat\u00e9riaux\u00a0y compris le coton, le polyester et les m\u00e9langes","og_url":"https:\/\/superpunch.com\/fr\/produit\/albachem-dfr-decapant-direct-pour-film\/","og_site_name":"Superpunch","article_publisher":"https:\/\/www.facebook.com\/Superpunchembroiderybroderie","article_modified_time":"2026-04-08T16:36:58+00:00","twitter_card":"summary_large_image","twitter_site":"@superpunchemb","twitter_misc":{"Estimation du temps de lecture":"1 minute"},"schema":{"@context":"https:\/\/schema.org","@graph":[{"@type":"WebPage","@id":"https:\/\/superpunch.com\/fr\/produit\/albachem-dfr-decapant-direct-pour-film\/","url":"https:\/\/superpunch.com\/fr\/produit\/albachem-dfr-decapant-direct-pour-film\/","name":"AlbaChem DFR D\u00e9capant direct pour film - Superpunch","isPartOf":{"@id":"https:\/\/superpunch.com\/fr\/#website"},"primaryImageOfPage":{"@id":"https:\/\/superpunch.com\/fr\/produit\/albachem-dfr-decapant-direct-pour-film\/#primaryimage"},"image":{"@id":"https:\/\/superpunch.com\/fr\/produit\/albachem-dfr-decapant-direct-pour-film\/#primaryimage"},"thumbnailUrl":"https:\/\/superpunch.com\/wp-content\/uploads\/2026\/04\/08.04.2026_12.32.59_REC.png","datePublished":"2026-04-08T16:34:02+00:00","dateModified":"2026-04-08T16:36:58+00:00","breadcrumb":{"@id":"https:\/\/superpunch.com\/fr\/produit\/albachem-dfr-decapant-direct-pour-film\/#breadcrumb"},"inLanguage":"fr-CA","potentialAction":[{"@type":"ReadAction","target":["https:\/\/superpunch.com\/fr\/produit\/albachem-dfr-decapant-direct-pour-film\/"]}]},{"@type":"ImageObject","inLanguage":"fr-CA","@id":"https:\/\/superpunch.com\/fr\/produit\/albachem-dfr-decapant-direct-pour-film\/#primaryimage","url":"https:\/\/superpunch.com\/wp-content\/uploads\/2026\/04\/08.04.2026_12.32.59_REC.png","contentUrl":"https:\/\/superpunch.com\/wp-content\/uploads\/2026\/04\/08.04.2026_12.32.59_REC.png","width":532,"height":536},{"@type":"BreadcrumbList","@id":"https:\/\/superpunch.com\/fr\/produit\/albachem-dfr-decapant-direct-pour-film\/#breadcrumb","itemListElement":[{"@type":"ListItem","position":1,"name":"Home","item":"https:\/\/superpunch.com\/fr\/"},{"@type":"ListItem","position":2,"name":"Shop","item":"https:\/\/superpunch.com\/fr\/shop\/"},{"@type":"ListItem","position":3,"name":"AlbaChem DFR D\u00e9capant direct pour film"}]},{"@type":"WebSite","@id":"https:\/\/superpunch.com\/fr\/#website","url":"https:\/\/superpunch.com\/fr\/","name":"Superpunch","description":"Superpunch - Embroidery Digitizing, Thread, Machines, Stabilizers And Supplies","publisher":{"@id":"https:\/\/superpunch.com\/fr\/#organization"},"potentialAction":[{"@type":"SearchAction","target":{"@type":"EntryPoint","urlTemplate":"https:\/\/superpunch.com\/fr\/?s={search_term_string}"},"query-input":{"@type":"PropertyValueSpecification","valueRequired":true,"valueName":"search_term_string"}}],"inLanguage":"fr-CA"},{"@type":"Organization","@id":"https:\/\/superpunch.com\/fr\/#organization","name":"Superpunch","url":"https:\/\/superpunch.com\/fr\/","logo":{"@type":"ImageObject","inLanguage":"fr-CA","@id":"https:\/\/superpunch.com\/fr\/#\/schema\/logo\/image\/","url":"https:\/\/superpunch.com\/wp-content\/uploads\/2022\/12\/superpunch_complet_new_site_on_black-2022.jpg","contentUrl":"https:\/\/superpunch.com\/wp-content\/uploads\/2022\/12\/superpunch_complet_new_site_on_black-2022.jpg","width":600,"height":174,"caption":"Superpunch"},"image":{"@id":"https:\/\/superpunch.com\/fr\/#\/schema\/logo\/image\/"},"sameAs":["https:\/\/www.facebook.com\/Superpunchembroiderybroderie","https:\/\/x.com\/superpunchemb","https:\/\/www.instagram.com\/superpunchbrand?igsh=YW8xa2ZyZmxkdGNv","https:\/\/www.youtube.com\/channel\/UCgt7yq4-pFJgeI_03psdGPQ","https:\/\/www.pinterest.ca\/superpunchemb"]}]}},"_links":{"self":[{"href":"https:\/\/superpunch.com\/fr\/wp-json\/wp\/v2\/product\/40887","targetHints":{"allow":["GET"]}}],"collection":[{"href":"https:\/\/superpunch.com\/fr\/wp-json\/wp\/v2\/product"}],"about":[{"href":"https:\/\/superpunch.com\/fr\/wp-json\/wp\/v2\/types\/product"}],"replies":[{"embeddable":true,"href":"https:\/\/superpunch.com\/fr\/wp-json\/wp\/v2\/comments?post=40887"}],"wp:featuredmedia":[{"embeddable":true,"href":"https:\/\/superpunch.com\/fr\/wp-json\/wp\/v2\/media\/40883"}],"wp:attachment":[{"href":"https:\/\/superpunch.com\/fr\/wp-json\/wp\/v2\/media?parent=40887"}],"wp:term":[{"taxonomy":"product_brand","embeddable":true,"href":"https:\/\/superpunch.com\/fr\/wp-json\/wp\/v2\/product_brand?post=40887"},{"taxonomy":"product_cat","embeddable":true,"href":"https:\/\/superpunch.com\/fr\/wp-json\/wp\/v2\/product_cat?post=40887"},{"taxonomy":"product_tag","embeddable":true,"href":"https:\/\/superpunch.com\/fr\/wp-json\/wp\/v2\/product_tag?post=40887"}],"curies":[{"name":"wp","href":"https:\/\/api.w.org\/{rel}","templated":true}]}}